{"id":14227,"date":"2016-06-22T09:48:38","date_gmt":"2016-06-22T14:48:38","guid":{"rendered":"http:\/\/portal.compraspublicas.gob.ec\/sercop\/?page_id=14227"},"modified":"2016-06-22T10:08:03","modified_gmt":"2016-06-22T15:08:03","slug":"alimentacion-permanente-por-grupos-etarios","status":"publish","type":"page","link":"https:\/\/portal.compraspublicas.gob.ec\/sercop\/alimentacion-permanente-por-grupos-etarios\/","title":{"rendered":"ALIMENTACI\u00d3N PERMANENTE POR GRUPOS ETARIOS"},"content":{"rendered":"<p><img loading=\"lazy\" class=\"alignnone aligncenter\" src=\"http:\/\/portal.compraspublicas.gob.ec\/sercop\/wp-content\/uploads\/2016\/04\/almuerzos_escolares-barrio_el_nevado-fa-f007.png\" alt=\"\" width=\"645\" height=\"262\" \/><\/p>\n<p style=\"text-align: justify;\">Con el objetivo de adquirir \u201cSERVICIOS DE ALIMENTACI\u00d3N PERMANENTE POR GRUPOS ETARIOS\u201d a los actores de la econom\u00eda popular y solidaria y artesanos, se desarroll\u00f3 el Cat\u00e1logo Inclusivo que agrupa este tipo de servicio, con este antecedente se presenta la incorporaci\u00f3n de nuevos productos al presente cat\u00e1logo.<\/p>\n<p style=\"text-align: justify;\">Si\u00a0 te interesa participar en el Cat\u00e1logo Inclusivo \u201cSERVICIOS DE ALIMENTACI\u00d3N PERMANENTE POR GRUPOS ETARIOS\u201d, publicado mediante <span style=\"color: #0000ff;\"><a style=\"color: #0000ff;\" href=\"http:\/\/portal.compraspublicas.gob.ec\/sercop\/wp-content\/uploads\/2016\/06\/OFICIO-CIRCULAR1.pdf\">Oficio Circular<\/a><\/span> adjunto, debes catalogarte en el procedimiento CDI-SERCOP-007-2016<em>,<\/em> por favor revisa los requisitos m\u00ednimos de participaci\u00f3n de las siguientes fichas t\u00e9cnicas:<\/p>\n<p style=\"padding-left: 60px;\"><span style=\"color: #0000ff;\"><strong><a style=\"color: #0000ff;\" href=\"http:\/\/portal.compraspublicas.gob.ec\/sercop\/wp-content\/uploads\/2016\/06\/SERVICIO-DE-ALIMENTACI\u00d3N-PERMANENTE-1-INGESTA-final.pdf\">-SERVICIO DE ALIMENTACI\u00d3N PERMANENTE PARA NI\u00d1OS, NI\u00d1AS Y ADOLESCENTES \u2013 Grupos Etarios A, B, C, D (1 INGESTA)<\/a><\/strong><\/span><\/p>\n<p style=\"padding-left: 60px;\"><span style=\"color: #0000ff;\"><strong><a style=\"color: #0000ff;\" href=\"http:\/\/portal.compraspublicas.gob.ec\/sercop\/wp-content\/uploads\/2016\/06\/SERVICIO-DE-ALIMENTACI\u00d3N-PERMANENTE-2-INGESTAS-final.pdf\">-SERVICIO DE ALIMENTACI\u00d3N PERMANENTE PARA NI\u00d1OS, NI\u00d1AS Y ADOLESCENTES \u2013 Grupos Etarios C, D (2 INGESTAS)<\/a><\/strong><\/span><\/p>\n<p>Los proveedores catalogados al procedimiento CDI-SERCOP-007-2016, deben presentar:<\/p>\n<ol>\n<li><span style=\"color: #0000ff;\"><a style=\"color: #0000ff;\" href=\"http:\/\/portal.compraspublicas.gob.ec\/sercop\/wp-content\/uploads\/2016\/06\/MANIFESTACI\u00d3N-DE-INTER\u00c9S-final.docx\">Manifestaci\u00f3n de Inter\u00e9s<\/a><\/span><\/li>\n<li>Presentar el formulario de Maquinaria de acuerdo a la <span style=\"color: #0000ff;\"><a style=\"color: #0000ff;\" href=\"http:\/\/portal.compraspublicas.gob.ec\/sercop\/wp-content\/uploads\/2016\/06\/TABLA-DE-MAQUINARIA-M\u00cdNIMA.docx\">tabla de equipamiento y m\u00e1quinas<\/a><\/span><\/li>\n<\/ol>\n<p><strong>INCORPORACI\u00d3N NUEVOS PROVEEDORES<\/strong><\/p>\n<ol>\n<li>Lee y analiza el <span style=\"color: #0000ff;\"><a style=\"color: #0000ff;\" href=\"http:\/\/portal.compraspublicas.gob.ec\/sercop\/wp-content\/uploads\/2016\/06\/PLIEGOS.docx\"><em>pliego<\/em><\/a><\/span> detenidamente para que conozcas acerca del proceso de confecci\u00f3n textil.<\/li>\n<li>Llena los formularios y requisitos de <span style=\"color: #0000ff;\"><a style=\"color: #0000ff;\" href=\"http:\/\/portal.compraspublicas.gob.ec\/sercop\/wp-content\/uploads\/2016\/06\/TABLA-DE-MAQUINARIA-M\u00cdNIMA.docx\">equipamiento y herramientas <\/a><\/span>por producto que se solicitan en los pliegos. Recuerda que los formularios y los requisitos deben estar sumillados y numerados.<\/li>\n<li>Elabora un oficio dirigido al Econ. Santiago V\u00e1squez, Director General del SERCOP, solicitando tu incorporaci\u00f3n al Cat\u00e1logo Din\u00e1mico Inclusivo <em>(<span style=\"color: #0000ff;\"><a style=\"color: #0000ff;\" href=\"http:\/\/portal.compraspublicas.gob.ec\/sercop\/wp-content\/uploads\/2016\/06\/modelo-oficio-de-solicitud3.docx\">Descarga modelo de oficio<\/a><\/span>)<\/em>.<\/li>\n<\/ol>\n<p>Entrega los documentos en un sobre cerrado en la ventanilla del SERCOP m\u00e1s cercana. <span style=\"color: #0000ff;\"><a style=\"color: #0000ff;\" href=\"http:\/\/portal.compraspublicas.gob.ec\/sercop\/contacto\/\"><em>Conoce d\u00f3nde estamos ubicados<\/em><\/a><\/span><\/p>\n","protected":false},"excerpt":{"rendered":"<p class=\"excerpt\">Con el objetivo de adquirir \u201cSERVICIOS DE ALIMENTACI\u00d3N PERMANENTE POR GRUPOS ETARIOS\u201d a los actores de la econom\u00eda popular y solidaria y artesanos, se desarroll\u00f3 el Cat\u00e1logo Inclusivo que agrupa este tipo de servicio, con este antecedente se presenta la incorporaci\u00f3n de nuevos productos al presente cat\u00e1logo. Si\u00a0 te interesa participar en el Cat\u00e1logo Inclusivo \u201cSERVICIOS DE ALIMENTACI\u00d3N PERMANENTE POR&hellip; <a href=\"https:\/\/portal.compraspublicas.gob.ec\/sercop\/alimentacion-permanente-por-grupos-etarios\/\">Read more &rarr;<\/a><\/p>\n","protected":false},"author":1,"featured_media":0,"parent":0,"menu_order":0,"comment_status":"closed","ping_status":"closed","template":"catalogo.php","meta":[],"_links":{"self":[{"href":"https:\/\/portal.compraspublicas.gob.ec\/sercop\/wp-json\/wp\/v2\/pages\/14227"}],"collection":[{"href":"https:\/\/portal.compraspublicas.gob.ec\/sercop\/wp-json\/wp\/v2\/pages"}],"about":[{"href":"https:\/\/portal.compraspublicas.gob.ec\/sercop\/wp-json\/wp\/v2\/types\/page"}],"author":[{"embeddable":true,"href":"https:\/\/portal.compraspublicas.gob.ec\/sercop\/wp-json\/wp\/v2\/users\/1"}],"replies":[{"embeddable":true,"href":"https:\/\/portal.compraspublicas.gob.ec\/sercop\/wp-json\/wp\/v2\/comments?post=14227"}],"version-history":[{"count":0,"href":"https:\/\/portal.compraspublicas.gob.ec\/sercop\/wp-json\/wp\/v2\/pages\/14227\/revisions"}],"wp:attachment":[{"href":"https:\/\/portal.compraspublicas.gob.ec\/sercop\/wp-json\/wp\/v2\/media?parent=14227"}],"curies":[{"name":"wp","href":"https:\/\/api.w.org\/{rel}","templated":true}]}}