{"id":14349,"date":"2016-06-27T12:02:30","date_gmt":"2016-06-27T17:02:30","guid":{"rendered":"http:\/\/portal.compraspublicas.gob.ec\/sercop\/?page_id=14349"},"modified":"2025-03-12T09:28:17","modified_gmt":"2025-03-12T14:28:17","slug":"boletines-institucionales","status":"publish","type":"page","link":"https:\/\/portal.compraspublicas.gob.ec\/sercop\/boletines-institucionales\/","title":{"rendered":"Boletines Institucionales"},"content":{"rendered":"<table width=\"778\">\n<tbody>\n<tr>\n<td style=\"text-align: center;\" width=\"778\">\n<h3><strong>SECTORIALES<\/strong><\/h3>\n<\/td>\n<\/tr>\n<tr>\n<td>Fecha: 2 de junio de 2016<\/td>\n<\/tr>\n<tr>\n<td>Tema: J\u00f3venes y la compra p\u00fablica<\/td>\n<\/tr>\n<tr>\n<td>\n<h4><span style=\"color: #0000ff;\"><a style=\"color: #0000ff;\" href=\"https:\/\/portal.compraspublicas.gob.ec\/sercop\/jovenes-transparencia-y-compra-publica\/\">J\u00f3venes, transparencia y compra p\u00fablica<\/a><\/span><\/h4>\n<\/td>\n<\/tr>\n<tr>\n<td><\/td>\n<\/tr>\n<tr>\n<td>Fecha: 1 de junio de 2016<\/td>\n<\/tr>\n<tr>\n<td>Tema: Medicamentos<\/td>\n<\/tr>\n<tr>\n<td>\n<h4><span style=\"color: #0000ff;\"><a style=\"color: #0000ff;\" href=\"https:\/\/portal.compraspublicas.gob.ec\/sercop\/sistema-de-alertas-sobre-la-calidad-de-medicamentos-subastados-se-socializa-a-la-ciudadania-a-traves-de-consejos-consultivos\/\">Sistema de alertas sobre la calidad de medicamentos subastados se socializa a la ciudadan\u00eda a trav\u00e9s de Consejos Consultivos<\/a><\/span><\/h4>\n<\/td>\n<\/tr>\n<tr>\n<td><\/td>\n<\/tr>\n<tr>\n<td>Fecha: 23 de octubre de 2015<\/td>\n<\/tr>\n<tr>\n<td>Tema: Medicamentos<\/td>\n<\/tr>\n<tr>\n<td>\n<h4><span style=\"color: #0000ff;\"><a style=\"color: #0000ff;\" href=\"https:\/\/portal.compraspublicas.gob.ec\/sercop\/se-garantiza-la-etica-y-la-participacion-ciudadana-en-la-subasta-inversa-corporativa-de-medicamentos-2\/\">Se garantiza la \u00e9tica y la participaci\u00f3n ciudadana en la Subasta Inversa Corporativa de Medicamentos<\/a><\/span><\/h4>\n<\/td>\n<\/tr>\n<tr>\n<td><\/td>\n<\/tr>\n<tr>\n<td>Fecha: 22 de octubre de 2015<\/td>\n<\/tr>\n<tr>\n<td>Tema: Medicamentos<\/td>\n<\/tr>\n<tr>\n<td>\n<h4><span style=\"color: #0000ff;\"><a style=\"color: #0000ff;\" href=\"https:\/\/portal.compraspublicas.gob.ec\/sercop\/politicas-publicas-de-acceso-a-medicamentos-de-calidad-se-debaten-en-seminario-internacional\/\">Pol\u00edticas p\u00fablicas de acceso a medicamentos de calidad se debaten en seminario internacional<\/a><\/span><\/h4>\n<\/td>\n<\/tr>\n<tr>\n<td><\/td>\n<\/tr>\n<tr>\n<td>Fecha: 1 de octubre de 2015<\/td>\n<\/tr>\n<tr>\n<td>Tema: Medicamentos<\/td>\n<\/tr>\n<tr>\n<td>\n<h4><span style=\"color: #0000ff;\"><a style=\"color: #0000ff;\" href=\"https:\/\/portal.compraspublicas.gob.ec\/sercop\/el-control-participativo-perfecciona-la-subasta-inversa-corporativa-de-medicamentos-2015-2\/\">El control participativo perfecciona la Subasta Inversa Corporativa de Medicamentos 2015<\/a><\/span><\/h4>\n<\/td>\n<\/tr>\n<tr>\n<td><\/td>\n<\/tr>\n<tr>\n<td>Fecha: 26 de agosto de 2015<\/td>\n<\/tr>\n<tr>\n<td>Tema: Entidades<\/td>\n<\/tr>\n<tr>\n<td>\n<h4><span style=\"color: #0000ff;\"><a style=\"color: #0000ff;\" href=\"https:\/\/portal.compraspublicas.gob.ec\/sercop\/dialogo-con-entidades-contratantes-permite-mejorar-las-herramientas-de-contratacion-publica-3\/\">Di\u00e1logo con entidades contratantes permite mejorar las herramientas de contrataci\u00f3n p\u00fablica<\/a><\/span><\/h4>\n<\/td>\n<\/tr>\n<tr>\n<td><\/td>\n<\/tr>\n<tr>\n<td>Fecha: 20 de agosto de 2015<\/td>\n<\/tr>\n<tr>\n<td>Tema: Medicamentos<\/td>\n<\/tr>\n<tr>\n<td>\n<h4><span style=\"color: #0000ff;\"><a style=\"color: #0000ff;\" href=\"https:\/\/portal.compraspublicas.gob.ec\/sercop\/ecuador-se-alista-para-comprar-medicamentos-a-proveedores-nacionales-e-internacionales-2\/\">Ecuador se alista para comprar medicamentos a proveedores nacionales e internacionales<\/a><\/span><\/h4>\n<\/td>\n<\/tr>\n<tr>\n<td><\/td>\n<\/tr>\n<tr>\n<td>Fecha: 31 de julio de 2015<\/td>\n<\/tr>\n<tr>\n<td>Tema: Fedimetal<\/td>\n<\/tr>\n<tr>\n<td>\n<h4><span style=\"color: #0000ff;\"><a style=\"color: #0000ff;\" href=\"https:\/\/portal.compraspublicas.gob.ec\/sercop\/dialogo-con-fedimetal-marca-hoja-de-ruta-para-impulsar-la-industria-metalmecanica-3\/\">Di\u00e1logo con FEDIMETAL marca hoja de ruta para impulsar la industria metalmec\u00e1nica<\/a><\/span><\/h4>\n<\/td>\n<\/tr>\n<tr>\n<td><\/td>\n<\/tr>\n<tr>\n<td>Fecha: 24 de junio de 2015<\/td>\n<\/tr>\n<tr>\n<td>Tema: Igualdad<\/td>\n<\/tr>\n<tr>\n<td>\n<h4><span style=\"color: #0000ff;\"><a style=\"color: #0000ff;\" href=\"https:\/\/portal.compraspublicas.gob.ec\/sercop\/consejo-consultivo-por-la-igualdad-recogio-propuestas-ciudadanas-para-el-desarrollo-de-compras-publicas-2\/\">Consejo Consultivo por la Igualdad recogi\u00f3 propuestas ciudadanas para el desarrollo de compras p\u00fablicas<\/a><\/span><\/h4>\n<\/td>\n<\/tr>\n<tr>\n<td><\/td>\n<\/tr>\n<tr>\n<td>Fecha: 20 de junio de 2015<\/td>\n<\/tr>\n<tr>\n<td>Tema: Alimentos<\/td>\n<\/tr>\n<tr>\n<td>\n<h4><span style=\"color: #0000ff;\"><a style=\"color: #0000ff;\" href=\"https:\/\/portal.compraspublicas.gob.ec\/sercop\/productores-ecuatorianos-de-alimentos-interesados-en-crecer-a-traves-de-las-compras-publicas-2\/\">Productores ecuatorianos de alimentos interesados en crecer a trav\u00e9s de las compras p\u00fablicas<\/a><\/span><\/h4>\n<\/td>\n<\/tr>\n<tr>\n<td><\/td>\n<\/tr>\n<tr>\n<td>Fecha: 28 de mayo de 2015<\/td>\n<\/tr>\n<tr>\n<td>Tema: Nacional<\/td>\n<\/tr>\n<tr>\n<td>\n<h4><span style=\"color: #0000ff;\"><a style=\"color: #0000ff;\" href=\"https:\/\/portal.compraspublicas.gob.ec\/sercop\/representantes-de-artesanos-pymes-y-aeps-delinearon-estrategias-para-mejorar-la-contratacion-publica-2\/\">Representantes de artesanos, PYMES Y AEPS delinearon estrategias para mejorar la contrataci\u00f3n p\u00fablica<\/a><\/span><\/h4>\n<\/td>\n<\/tr>\n<tr>\n<td><\/td>\n<\/tr>\n<tr>\n<td><\/td>\n<\/tr>\n<tr>\n<td style=\"text-align: center;\">\n<h3><strong>TERRITORIAL<\/strong><\/h3>\n<\/td>\n<\/tr>\n<tr>\n<td><\/td>\n<\/tr>\n<tr>\n<td>Fecha: 24 de junio de 2016<\/td>\n<\/tr>\n<tr>\n<td>Lugar: Cayambe<\/td>\n<\/tr>\n<tr>\n<td>\n<h4><span style=\"color: #0000ff;\"><a style=\"color: #0000ff;\" href=\"https:\/\/portal.compraspublicas.gob.ec\/sercop\/con-gran-expectativa-se-desarrollo-el-primer-consejo-consultivo-en-cayambe\/\">Con gran expectativa se desarroll\u00f3 el primer Consejo Consultivo en Cayambe<\/a><\/span><\/h4>\n<\/td>\n<\/tr>\n<tr>\n<td><\/td>\n<\/tr>\n<tr>\n<td>Fecha: 13 de abril de 2016<\/td>\n<\/tr>\n<tr>\n<td>Lugar: Riobamba<\/td>\n<\/tr>\n<tr>\n<td>\n<h4><span style=\"color: #0000ff;\"><a style=\"color: #0000ff;\" href=\"https:\/\/portal.compraspublicas.gob.ec\/sercop\/boletines-territoriales\/\">Emprendedores de Chimborazo asumen compromiso de participaci\u00f3n activa en la contrataci\u00f3n p\u00fablica<\/a><\/span><\/h4>\n<\/td>\n<\/tr>\n<tr>\n<td><\/td>\n<\/tr>\n<tr>\n<td>Fecha: 8 de abril de 2016<\/td>\n<\/tr>\n<tr>\n<td>Lugar: Loja<\/td>\n<\/tr>\n<tr>\n<td>\n<h4><span style=\"color: #0000ff;\"><a style=\"color: #0000ff;\" href=\"https:\/\/portal.compraspublicas.gob.ec\/sercop\/boletines-territoriales\/\">Loja se apropia de la compra p\u00fablica y conforma Consejo Consultivo<\/a><\/span><\/h4>\n<\/td>\n<\/tr>\n<tr>\n<td><\/td>\n<\/tr>\n<tr>\n<td>Fecha: 22 de enero de 2016<\/td>\n<\/tr>\n<tr>\n<td>Lugar: Ba\u00f1os<\/td>\n<\/tr>\n<tr>\n<td>\n<h4><span style=\"color: #0000ff;\"><a style=\"color: #0000ff;\" href=\"https:\/\/portal.compraspublicas.gob.ec\/sercop\/boletines-territoriales\/\">Consejo Consultivo en Ba\u00f1os establece un pacto de desarrollo econ\u00f3mico con productores<\/a><\/span><\/h4>\n<\/td>\n<\/tr>\n<tr>\n<td><\/td>\n<\/tr>\n<tr>\n<td>Fecha: 19 de octubre de 2015<\/td>\n<\/tr>\n<tr>\n<td>Lugar: Ambato<\/td>\n<\/tr>\n<tr>\n<td>\n<h4><span style=\"color: #0000ff;\"><a style=\"color: #0000ff;\" href=\"https:\/\/portal.compraspublicas.gob.ec\/sercop\/boletines-territoriales\/\">SERCOP capacita sobre Cat\u00e1logos Inclusivos en Ambato<\/a><\/span><\/h4>\n<\/td>\n<\/tr>\n<tr>\n<td><\/td>\n<\/tr>\n<tr>\n<td>Fecha: 27 de agosto de 2015<\/td>\n<\/tr>\n<tr>\n<td>Lugar: Cuenca<\/td>\n<\/tr>\n<tr>\n<td>\n<h4><span style=\"color: #0000ff;\"><a style=\"color: #0000ff;\" href=\"https:\/\/portal.compraspublicas.gob.ec\/sercop\/artesanos-y-actores-de-la-economia-popular-y-solidaria-marcan-hoja-de-ruta-para-la-contratacion-publica-en-el-austro\/\">Artesanos y actores de la Econom\u00eda Popular y Solidaria marcan hoja de ruta para la contrataci\u00f3n p\u00fablica en el Austro<\/a><\/span><\/h4>\n<\/td>\n<\/tr>\n<tr>\n<td><\/td>\n<\/tr>\n<tr>\n<td>Fecha: 14 de agosto de 2015<\/td>\n<\/tr>\n<tr>\n<td>Lugar: Milagro<\/td>\n<\/tr>\n<tr>\n<td>\n<h4><span style=\"color: #0000ff;\"><a style=\"color: #0000ff;\" href=\"https:\/\/portal.compraspublicas.gob.ec\/sercop\/sercop-impulsa-el-dialogo-ciudadano-con-artesanos-y-actores-de-la-economia-popular-y-solidaria\/\">SERCOP impulsa el di\u00e1logo ciudadano con artesanos y actores de la Econom\u00eda Popular y Solidaria<\/a><\/span><\/h4>\n<\/td>\n<\/tr>\n<tr>\n<td><\/td>\n<\/tr>\n<tr>\n<td>Fecha: 31 de julio de 2015<\/td>\n<\/tr>\n<tr>\n<td>Lugar: Austro<\/td>\n<\/tr>\n<tr>\n<td>\n<h4><span style=\"color: #0000ff;\"><a style=\"color: #0000ff;\" href=\"https:\/\/portal.compraspublicas.gob.ec\/sercop\/boletines-territoriales\/\">Artesanos y emprendedores del Austro conforman Consejo Consultivo Territorial<\/a><\/span><\/h4>\n<\/td>\n<\/tr>\n<tr>\n<td><\/td>\n<\/tr>\n<tr>\n<td>Fecha: 21 de julio de 2015<\/td>\n<\/tr>\n<tr>\n<td>Lugar: Guayaquil<\/td>\n<\/tr>\n<tr>\n<td>\n<h4><span style=\"color: #0000ff;\"><a style=\"color: #0000ff;\" href=\"https:\/\/portal.compraspublicas.gob.ec\/sercop\/formulario-electronico-para-reclamos-y-denuncias-se-presento-a-proveedores-en-consejo-consultivo-de-guayaquil\/\">Formulario electr\u00f3nico para reclamos y denuncias se present\u00f3 a proveedores en Consejo Consultivo de Guayaquil<\/a><\/span><\/h4>\n<\/td>\n<\/tr>\n<tr>\n<td><\/td>\n<\/tr>\n<tr>\n<td>Fecha: 10 de julio de 2015<\/td>\n<\/tr>\n<tr>\n<td>Lugar: Esmeraldas<\/td>\n<\/tr>\n<tr>\n<td>\n<h4><span style=\"color: #0000ff;\"><a style=\"color: #0000ff;\" href=\"https:\/\/portal.compraspublicas.gob.ec\/sercop\/se-desarrollo-segundo-momento-del-consejo-territorial-del-sercop-en-esmeraldas\/\">Se desarroll\u00f3 segundo momento del Consejo Territorial del SERCOP en Esmeraldas<\/a><\/span><\/h4>\n<\/td>\n<\/tr>\n<tr>\n<td><\/td>\n<\/tr>\n<tr>\n<td>Fecha: 23 de junio de 2015<\/td>\n<\/tr>\n<tr>\n<td>Lugar: El Oro<\/td>\n<\/tr>\n<tr>\n<td>\n<h4><span style=\"color: #0000ff;\"><a style=\"color: #0000ff;\" href=\"https:\/\/portal.compraspublicas.gob.ec\/sercop\/se-fortalecera-a-traves-de-la-inclusion-la-contratacion-publica-en-el-oro\/\">A trav\u00e9s de la inclusi\u00f3n se fortalecer\u00e1 la contrataci\u00f3n p\u00fablica en El Oro<\/a><\/span><\/h4>\n<\/td>\n<\/tr>\n<tr>\n<td><\/td>\n<\/tr>\n<tr>\n<td>Fecha: 5 de junio de 2015<\/td>\n<\/tr>\n<tr>\n<td>Lugar: Esmeraldas<\/td>\n<\/tr>\n<tr>\n<td>\n<h4><span style=\"color: #0000ff;\"><a style=\"color: #0000ff;\" href=\"https:\/\/portal.compraspublicas.gob.ec\/sercop\/masiva-asistencia-al-consejo-consultivo-de-contratacion-publica-en-esmeraldas\/\">Masiva asistencia al Consejo Consultivo de contrataci\u00f3n p\u00fablica en Esmeraldas<\/a><\/span><\/h4>\n<\/td>\n<\/tr>\n<tr>\n<td><\/td>\n<\/tr>\n<tr>\n<td>Fecha: 21 de mayo de 2015<\/td>\n<\/tr>\n<tr>\n<td>Lugar: Los R\u00edos<\/td>\n<\/tr>\n<tr>\n<td>\n<h4><span style=\"color: #0000ff;\"><a style=\"color: #0000ff;\" href=\"https:\/\/portal.compraspublicas.gob.ec\/sercop\/sercop-impulsa-la-contratacion-publica-inclusiva-en-los-rios\/\">SERCOP impulsa la contrataci\u00f3n p\u00fablica inclusiva en Los R\u00edos<\/a><\/span><\/h4>\n<\/td>\n<\/tr>\n<tr>\n<td><\/td>\n<\/tr>\n<tr>\n<td>Fecha: 27 de abril de 2015<\/td>\n<\/tr>\n<tr>\n<td>Lugar: Los R\u00edos<\/td>\n<\/tr>\n<tr>\n<td>\n<h4><span style=\"color: #0000ff;\"><a style=\"color: #0000ff;\" href=\"https:\/\/portal.compraspublicas.gob.ec\/sercop\/sercop-desarrollo-consejo-sectorial-territorial-en-la-provincia-de-los-rios\/\">SERCOP desarroll\u00f3 Consejo Sectorial Territorial en la provincia de Los R\u00edos<\/a><\/span><\/h4>\n<\/td>\n<\/tr>\n<tr>\n<td><\/td>\n<\/tr>\n<tr>\n<td>Fecha: 10 de abril de 2015<\/td>\n<\/tr>\n<tr>\n<td>Lugar: Santa Elena<\/td>\n<\/tr>\n<tr>\n<td>\n<h4><span style=\"color: #0000ff;\"><a style=\"color: #0000ff;\" href=\"https:\/\/portal.compraspublicas.gob.ec\/sercop\/sercop-impulso-consejo-de-participacion-ciudadana-para-mejorar-la-contratacion-publica-en-santa-elena\/\">SERCOP impuls\u00f3 Consejo de Participaci\u00f3n Ciudadana para mejorar la contrataci\u00f3n p\u00fablica en Santa Elena<\/a><\/span><\/h4>\n<\/td>\n<\/tr>\n<tr>\n<td><\/td>\n<\/tr>\n<tr>\n<td>Fecha: 17 de marzo de 2015<\/td>\n<\/tr>\n<tr>\n<td>Lugar: Manab\u00ed<\/td>\n<\/tr>\n<tr>\n<td>\n<h4><span style=\"color: #0000ff;\"><a style=\"color: #0000ff;\" href=\"https:\/\/portal.compraspublicas.gob.ec\/sercop\/sercop-impulsa-consejo-de-participacion-ciudadana-para-mejorar-la-contratacion-publica-en-manabi\/\">SERCOP impulsa consejo de participaci\u00f3n ciudadana para mejorar la contrataci\u00f3n p\u00fablica en Manab\u00ed<\/a><\/span><\/h4>\n<\/td>\n<\/tr>\n<\/tbody>\n<\/table>\n<p>&nbsp;<\/p>\n","protected":false},"excerpt":{"rendered":"<p class=\"excerpt\">SECTORIALES Fecha: 2 de junio de 2016 Tema: J\u00f3venes y la compra p\u00fablica J\u00f3venes, transparencia y compra p\u00fablica Fecha: 1 de junio de 2016 Tema: Medicamentos Sistema de alertas sobre la calidad de medicamentos subastados se socializa a la ciudadan\u00eda a trav\u00e9s de Consejos Consultivos Fecha: 23 de octubre de 2015 Tema: Medicamentos Se garantiza la \u00e9tica y la participaci\u00f3n&hellip; <a href=\"https:\/\/portal.compraspublicas.gob.ec\/sercop\/boletines-institucionales\/\">Read more &rarr;<\/a><\/p>\n","protected":false},"author":1,"featured_media":0,"parent":0,"menu_order":0,"comment_status":"closed","ping_status":"closed","template":"menugenerico.php","meta":[],"_links":{"self":[{"href":"https:\/\/portal.compraspublicas.gob.ec\/sercop\/wp-json\/wp\/v2\/pages\/14349"}],"collection":[{"href":"https:\/\/portal.compraspublicas.gob.ec\/sercop\/wp-json\/wp\/v2\/pages"}],"about":[{"href":"https:\/\/portal.compraspublicas.gob.ec\/sercop\/wp-json\/wp\/v2\/types\/page"}],"author":[{"embeddable":true,"href":"https:\/\/portal.compraspublicas.gob.ec\/sercop\/wp-json\/wp\/v2\/users\/1"}],"replies":[{"embeddable":true,"href":"https:\/\/portal.compraspublicas.gob.ec\/sercop\/wp-json\/wp\/v2\/comments?post=14349"}],"version-history":[{"count":6,"href":"https:\/\/portal.compraspublicas.gob.ec\/sercop\/wp-json\/wp\/v2\/pages\/14349\/revisions"}],"predecessor-version":[{"id":61238,"href":"https:\/\/portal.compraspublicas.gob.ec\/sercop\/wp-json\/wp\/v2\/pages\/14349\/revisions\/61238"}],"wp:attachment":[{"href":"https:\/\/portal.compraspublicas.gob.ec\/sercop\/wp-json\/wp\/v2\/media?parent=14349"}],"curies":[{"name":"wp","href":"https:\/\/api.w.org\/{rel}","templated":true}]}}