{"id":14519,"date":"2016-07-04T10:03:19","date_gmt":"2016-07-04T15:03:19","guid":{"rendered":"http:\/\/portal.compraspublicas.gob.ec\/sercop\/?page_id=14519"},"modified":"2016-12-05T16:40:25","modified_gmt":"2016-12-05T21:40:25","slug":"confeccion-uniformes-institucionales","status":"publish","type":"page","link":"https:\/\/portal.compraspublicas.gob.ec\/sercop\/confeccion-uniformes-institucionales\/","title":{"rendered":"Confecci\u00f3n uniformes institucionales"},"content":{"rendered":"<p style=\"text-align: center;\"><a href=\"http:\/\/portal.compraspublicas.gob.ec\/sercop\/wp-content\/uploads\/2016\/07\/institucional.jpg\"><img loading=\"lazy\" class=\"aligncenter  wp-image-14535\" src=\"http:\/\/portal.compraspublicas.gob.ec\/sercop\/wp-content\/uploads\/2016\/07\/institucional.jpg\" alt=\"institucional\" width=\"753\" height=\"361\" \/><\/a><\/p>\n<p style=\"text-align: center;\">INCORPORACI\u00d3N PRODUCTOS MES DE DICIEMBRE<\/p>\n<p style=\"text-align: justify;\">Si\u00a0 te interesa participar en el Cat\u00e1logo Inclusivo \u201cCONFECCI\u00d3N TEXTIL\u201d en \u201cCONFECCI\u00d3N UNIFORMES INSTITUCIONALES\u201d, publicado mediante <span style=\"color: #0000ff;\"><a style=\"color: #0000ff;\" href=\"http:\/\/portal.compraspublicas.gob.ec\/sercop\/wp-content\/uploads\/2016\/12\/Oficio-Circular.pdf\">Oficio Circular<\/a><\/span> adjunto, debes catalogarte en el procedimiento CDI-SERCOP-001-2016, por favor revisa los requisitos m\u00ednimos de participaci\u00f3n de las siguientes fichas t\u00e9cnicas:<\/p>\n<p style=\"text-align: justify;\"><span style=\"color: #0000ff;\"><a style=\"color: #0000ff;\" href=\"http:\/\/portal.compraspublicas.gob.ec\/sercop\/wp-content\/uploads\/2016\/12\/Ficha-CHAQUETA-DE-TERNO-PARADA-PARA-HOMBRE.pdf\">1. Chaqueta de terno parada para hombre<\/a><\/span><br \/>\n<span style=\"color: #0000ff;\"><a style=\"color: #0000ff;\" href=\"http:\/\/portal.compraspublicas.gob.ec\/sercop\/wp-content\/uploads\/2016\/12\/Ficha-CHAQUETA-DE-TERNO-PARADA-PARA-MUJER.pdf\">2. Chaqueta de terno parada para mujer<\/a><\/span><br \/>\n<span style=\"color: #0000ff;\"><a style=\"color: #0000ff;\" href=\"http:\/\/portal.compraspublicas.gob.ec\/sercop\/wp-content\/uploads\/2016\/12\/Ficha-PANTAL\u00d3N-DE-TERNO-PARADA-PARA-HOMBRE.pdf\">3. Pantal\u00f3n de terno parada para hombre<\/a><\/span><br \/>\n<span style=\"color: #0000ff;\"><a style=\"color: #0000ff;\" href=\"http:\/\/portal.compraspublicas.gob.ec\/sercop\/wp-content\/uploads\/2016\/12\/Ficha-CHAQUETA-DE-TERNO-PARADA-PARA-MUJER.pdf\">4. Pantal\u00f3n de terno parada para mujer<\/a><\/span><br \/>\n<span style=\"color: #0000ff;\"><a style=\"color: #0000ff;\" href=\"http:\/\/portal.compraspublicas.gob.ec\/sercop\/wp-content\/uploads\/2016\/12\/Ficha-PANTAL\u00d3N-CL\u00c1SICO-DE-MONTAR-UNISEX.pdf\">5. Pantal\u00f3n cl\u00e1sico de montar unisex<\/a><\/span><br \/>\n<span style=\"color: #0000ff;\"><a style=\"color: #0000ff;\" href=\"http:\/\/portal.compraspublicas.gob.ec\/sercop\/wp-content\/uploads\/2016\/12\/Ficha-PANTAL\u00d3N-DE-MONTAR-T\u00c1CTICO-PARA-HOMBRE.pdf\">6. Pantal\u00f3n de montar t\u00e1ctico para hombre<\/a><\/span><br \/>\n<span style=\"color: #0000ff;\"><a style=\"color: #0000ff;\" href=\"http:\/\/portal.compraspublicas.gob.ec\/sercop\/wp-content\/uploads\/2016\/12\/Ficha-PANTAL\u00d3N-DE-MONTAR-T\u00c1CTICO-PARA-MUJER1.pdf\">7. Pantal\u00f3n de montar t\u00e1ctico para mujer<\/a><\/span><br \/>\n<span style=\"color: #0000ff;\"> <a style=\"color: #0000ff;\" href=\"http:\/\/portal.compraspublicas.gob.ec\/sercop\/wp-content\/uploads\/2016\/12\/Ficha-PANTAL\u00d3N-T\u00c1CTICO-PARA-HOMBRE1.pdf\">8. Pantal\u00f3n t\u00e1ctico para hombre<\/a><\/span><br \/>\n<span style=\"color: #0000ff;\"><a style=\"color: #0000ff;\" href=\"http:\/\/portal.compraspublicas.gob.ec\/sercop\/wp-content\/uploads\/2016\/12\/Ficha-PANTAL\u00d3N-T\u00c1CTICO-PARA-MUJER.pdf\">9. Pantal\u00f3n t\u00e1ctico para mujer<\/a><\/span><br \/>\n<span style=\"color: #0000ff;\"><a style=\"color: #0000ff;\" href=\"http:\/\/portal.compraspublicas.gob.ec\/sercop\/wp-content\/uploads\/2016\/12\/Ficha-CAMISA-T\u00c1CTICA-PARA-HOMBRE1.pdf\">10. Camisa t\u00e1ctica para hombre<\/a><\/span><br \/>\n<span style=\"color: #0000ff;\"><a style=\"color: #0000ff;\" href=\"http:\/\/portal.compraspublicas.gob.ec\/sercop\/wp-content\/uploads\/2016\/12\/Ficha-CAMISA-T\u00c1CTICA-PARA-MUJER.pdf\">11. Camisa t\u00e1ctica para mujer<\/a><\/span><br \/>\n<span style=\"color: #0000ff;\"><a style=\"color: #0000ff;\" href=\"http:\/\/portal.compraspublicas.gob.ec\/sercop\/wp-content\/uploads\/2016\/12\/Ficha-CHOMPA-UNIFORME-T\u00c1CTICO-UNISEX.pdf\">12. Chompa uniforme t\u00e1ctico unisex<\/a><\/span><br \/>\n<span style=\"color: #0000ff;\"><a style=\"color: #0000ff;\" href=\"http:\/\/portal.compraspublicas.gob.ec\/sercop\/wp-content\/uploads\/2016\/12\/Ficha-CORBATA-HOMBRE.pdf\">13. Corbata hombre<\/a><\/span><br \/>\n<span style=\"color: #0000ff;\"><a style=\"color: #0000ff;\" href=\"http:\/\/portal.compraspublicas.gob.ec\/sercop\/wp-content\/uploads\/2016\/12\/Ficha-CORBATIN-DOBLE-PUNTA-PARA-MUJER.pdf\">14. Corbat\u00edn doble punta para mujer<\/a><\/span><br \/>\n<span style=\"color: #0000ff;\"><a style=\"color: #0000ff;\" href=\"http:\/\/portal.compraspublicas.gob.ec\/sercop\/wp-content\/uploads\/2016\/12\/Ficha-GORRA-TIPO-SAFARI.pdf\">15. Gorra tipo safari<\/a><\/span><br \/>\n<span style=\"color: #0000ff;\"><a style=\"color: #0000ff;\" href=\"http:\/\/portal.compraspublicas.gob.ec\/sercop\/wp-content\/uploads\/2016\/12\/Ficha-GORRA-PARA-HOMBRE-UNIFORME.pdf\">16. Gorra para hombre uniforme<\/a><\/span><br \/>\n<span style=\"color: #0000ff;\"><a style=\"color: #0000ff;\" href=\"http:\/\/portal.compraspublicas.gob.ec\/sercop\/wp-content\/uploads\/2016\/12\/Ficha-JOCKEY-TIPO-MILITAR-UNISEX.pdf\">17. Jockey tipo militar unisex<\/a><\/span><br \/>\n<span style=\"color: #0000ff;\"><a style=\"color: #0000ff;\" href=\"http:\/\/portal.compraspublicas.gob.ec\/sercop\/wp-content\/uploads\/2016\/12\/Ficha-KEPING-PARA-MUJER-UNIFORME.pdf\">18. Keping para mujer uniforme<\/a><\/span><br \/>\n<span style=\"color: #0000ff;\"><a style=\"color: #0000ff;\" href=\"http:\/\/portal.compraspublicas.gob.ec\/sercop\/wp-content\/uploads\/2016\/12\/Ficha-MEDIAS-DEPORTIVAS.pdf\">19. Medias deportivas<\/a><\/span><\/p>\n<p style=\"text-align: justify;\">Los proveedores catalogados al procedimiento CDI-SERCOP-001-2016, deben presentar:<\/p>\n<p style=\"text-align: justify;\"><span style=\"color: #0000ff;\"><a style=\"color: #0000ff;\" href=\"http:\/\/portal.compraspublicas.gob.ec\/sercop\/wp-content\/uploads\/2016\/12\/Manifestaci\u00f3n-de-inter\u00e9s.doc\">1. Manifestaci\u00f3n de Inter\u00e9s.<\/a><\/span><br \/>\n2.\u00a0\u00a0\u00a0 Presentar el formulario de Maquinaria de acuerdo a la<span style=\"color: #0000ff;\"><a style=\"color: #0000ff;\" href=\"http:\/\/portal.compraspublicas.gob.ec\/sercop\/wp-content\/uploads\/2016\/12\/Tabla-maquinaria-y-equipos.docx\"> tabla de equipamiento y herramientas <\/a><\/span><br \/>\n3.\u00a0\u00a0\u00a0 El formulario de Maquinaria deber\u00e1 se llenado de acuerdo al <span style=\"color: #0000ff;\"><a style=\"color: #0000ff;\" href=\"http:\/\/portal.compraspublicas.gob.ec\/sercop\/wp-content\/uploads\/2016\/12\/Tabla-maquinaria-y-equipos.docx\">Cuadro de maquinaria<\/a><\/span> por producto<\/p>\n<p style=\"text-align: justify;\">&#8212;&#8212;&#8212;&#8212;&#8212;&#8212;&#8212;&#8212;&#8212;&#8212;&#8212;&#8212;&#8212;&#8212;&#8212;&#8212;&#8212;&#8212;&#8212;&#8212;&#8212;&#8212;&#8212;&#8212;&#8212;&#8212;&#8212;&#8212;&#8212;&#8212;&#8212;&#8212;&#8212;&#8212;&#8212;&#8212;&#8212;&#8212;&#8212;&#8212;&#8212;&#8212;&#8211;<\/p>\n<p style=\"text-align: justify;\">Con el objetivo de adquirir \u201cPRODUCTOS DE CONFECCI\u00d3N DE UNIFORMES INSTITUCIONES\u201d a los actores de la econom\u00eda popular y solidaria y artesanos, se desarroll\u00f3 el Cat\u00e1logo Inclusivo que agrupa este tipo de servicio, con este antecedente se presenta la incorporaci\u00f3n de nuevos productos al presente cat\u00e1logo.<\/p>\n<p style=\"text-align: justify;\">Si\u00a0 te interesa participar en el Cat\u00e1logo Inclusivo \u201cPRODUCTOS DE CONFECCI\u00d3N DE UNIFORMES INSTITUCIONALES\u201d, publicado mediante <span style=\"color: #0000ff;\"><a style=\"color: #0000ff;\" href=\"http:\/\/portal.compraspublicas.gob.ec\/sercop\/wp-content\/uploads\/2016\/07\/Oficio-Circular-2.pdf\">Oficio Circular<\/a><\/span> adjunto, debes catalogarte en el procedimiento CDI-SERCOP-001-2016<em>,<\/em> por favor revisa los requisitos m\u00ednimos de participaci\u00f3n de las siguientes fichas t\u00e9cnicas:<\/p>\n<p style=\"text-align: justify;\"><span style=\"color: #0000ff;\"><a style=\"color: #0000ff;\" href=\"http:\/\/portal.compraspublicas.gob.ec\/sercop\/wp-content\/uploads\/2016\/07\/Blusas.pdf\">&#8211; Blusa estilo ejecutivo<\/a><\/span><br \/>\n<span style=\"color: #0000ff;\"> <a style=\"color: #0000ff;\" href=\"http:\/\/portal.compraspublicas.gob.ec\/sercop\/wp-content\/uploads\/2016\/07\/Camisas1.pdf\">&#8211; Camisa estilo ejecutivo<\/a><\/span><br \/>\n<span style=\"color: #0000ff;\"> <a style=\"color: #0000ff;\" href=\"http:\/\/portal.compraspublicas.gob.ec\/sercop\/wp-content\/uploads\/2016\/07\/Chaqueta-hombre1.pdf\">&#8211; Chaqueta casimir para hombre<\/a><\/span><br \/>\n<span style=\"color: #0000ff;\"> <a style=\"color: #0000ff;\" href=\"http:\/\/portal.compraspublicas.gob.ec\/sercop\/wp-content\/uploads\/2016\/07\/Chaqueta-mujer1.pdf\">&#8211; Chaqueta casimir para mujer<\/a><\/span><br \/>\n<span style=\"color: #0000ff;\"> <a style=\"color: #0000ff;\" href=\"http:\/\/portal.compraspublicas.gob.ec\/sercop\/wp-content\/uploads\/2016\/07\/Falda-casimir1.pdf\">&#8211; Falda casimir<\/a><\/span><br \/>\n<span style=\"color: #0000ff;\"> <a style=\"color: #0000ff;\" href=\"http:\/\/portal.compraspublicas.gob.ec\/sercop\/wp-content\/uploads\/2016\/07\/Pantal\u00f3n-hombre.pdf\">&#8211; Pantal\u00f3n Casimir para hombre<\/a><\/span><br \/>\n<span style=\"color: #0000ff;\"> <a style=\"color: #0000ff;\" href=\"http:\/\/portal.compraspublicas.gob.ec\/sercop\/wp-content\/uploads\/2016\/07\/Pantal\u00f3n-mujer.pdf\">&#8211; Pantal\u00f3n Casimir para mujer<\/a><\/span><\/p>\n<p style=\"text-align: justify;\">Los proveedores catalogados al procedimiento CDI-SERCOP-001-2016, deben presentar:<\/p>\n<ol style=\"text-align: justify;\">\n<ol style=\"text-align: justify;\">\n<li><span style=\"color: #0000ff;\"><a style=\"color: #0000ff;\" href=\"http:\/\/portal.compraspublicas.gob.ec\/sercop\/wp-content\/uploads\/2016\/07\/manifestacion-de-interes.docx\">Manifestaci\u00f3n de Inter\u00e9s<\/a><\/span><\/li>\n<li>Presentar el formulario de Maquinaria de acuerdo a la <span style=\"color: #0000ff;\"><a style=\"color: #0000ff;\" href=\"http:\/\/portal.compraspublicas.gob.ec\/sercop\/wp-content\/uploads\/2016\/07\/TABLA-DE-EQUIPAMIENTO-Y-MAQUINAS.docx\">tabla de equipamiento y m\u00e1quinas<\/a><\/span><\/li>\n<li>El formulario de Maquinaria deber\u00e1 ser llenado de acuerdo al <span style=\"color: #0000ff;\"><a style=\"color: #0000ff;\" href=\"http:\/\/portal.compraspublicas.gob.ec\/sercop\/wp-content\/uploads\/2016\/07\/CUADRO-DE-MAQUINARIA-M\u00cdNIMA-POR-PRODUCTO.docx\">Cuadro de maquinaria por producto<\/a><\/span><\/li>\n<\/ol>\n<\/ol>\n<p style=\"text-align: justify;\"><strong>INCORPORACI\u00d3N NUEVOS PROVEEDORES<\/strong><\/p>\n<ol style=\"text-align: justify;\">\n<li>Lee y analiza el <span style=\"color: #0000ff;\"><em><a style=\"color: #0000ff;\" href=\"http:\/\/portal.compraspublicas.gob.ec\/sercop\/wp-content\/uploads\/2016\/07\/PLIEGO-CONFECCION-TEXTIL.docx\">pliego<\/a><\/em><\/span> detenidamente para que conozcas acerca del proceso de confecci\u00f3n textil.<\/li>\n<li>Llena los <span style=\"color: #0000ff;\"><a style=\"color: #0000ff;\" href=\"http:\/\/portal.compraspublicas.gob.ec\/sercop\/wp-content\/uploads\/2016\/07\/FORMULARIO-DE-LA-OFERTA.docx\">formularios<\/a> <\/span>y requisitos de<span style=\"color: #0000ff;\"><a style=\"color: #0000ff;\" href=\"http:\/\/portal.compraspublicas.gob.ec\/sercop\/wp-content\/uploads\/2016\/07\/TABLA-DE-EQUIPAMIENTO-Y-MAQUINAS.docx\"> equipamiento y herramientas<\/a> <\/span>por producto que se solicitan en los pliegos. Recuerda que los formularios y los requisitos deben estar sumillados y numerados.<\/li>\n<li>Elabora un oficio dirigido al Econ. Santiago V\u00e1squez, Director General del SERCOP, solicitando tu incorporaci\u00f3n al Cat\u00e1logo Din\u00e1mico Inclusivo <em>(<span style=\"color: #0000ff;\"><a style=\"color: #0000ff;\" href=\"http:\/\/portal.compraspublicas.gob.ec\/sercop\/wp-content\/uploads\/2016\/07\/modelo-oficio-de-solicitud1.docx\">Descarga modelo de oficio<\/a><\/span>)<\/em>.<\/li>\n<\/ol>\n<p style=\"text-align: justify;\">Entrega los documentos en un sobre cerrado en la ventanilla del SERCOP m\u00e1s cercana. <span style=\"color: #0000ff;\"><a style=\"color: #0000ff;\" href=\"http:\/\/portal.compraspublicas.gob.ec\/sercop\/contacto\/\"><em>Conoce d\u00f3nde estamos ubicados<\/em><\/a><\/span><\/p>\n","protected":false},"excerpt":{"rendered":"<p class=\"excerpt\">INCORPORACI\u00d3N PRODUCTOS MES DE DICIEMBRE Si\u00a0 te interesa participar en el Cat\u00e1logo Inclusivo \u201cCONFECCI\u00d3N TEXTIL\u201d en \u201cCONFECCI\u00d3N UNIFORMES INSTITUCIONALES\u201d, publicado mediante Oficio Circular adjunto, debes catalogarte en el procedimiento CDI-SERCOP-001-2016, por favor revisa los requisitos m\u00ednimos de participaci\u00f3n de las siguientes fichas t\u00e9cnicas: 1. Chaqueta de terno parada para hombre 2. Chaqueta de terno parada para mujer 3. Pantal\u00f3n de&hellip; <a href=\"https:\/\/portal.compraspublicas.gob.ec\/sercop\/confeccion-uniformes-institucionales\/\">Read more &rarr;<\/a><\/p>\n","protected":false},"author":1,"featured_media":0,"parent":0,"menu_order":0,"comment_status":"closed","ping_status":"closed","template":"catalogo.php","meta":[],"_links":{"self":[{"href":"https:\/\/portal.compraspublicas.gob.ec\/sercop\/wp-json\/wp\/v2\/pages\/14519"}],"collection":[{"href":"https:\/\/portal.compraspublicas.gob.ec\/sercop\/wp-json\/wp\/v2\/pages"}],"about":[{"href":"https:\/\/portal.compraspublicas.gob.ec\/sercop\/wp-json\/wp\/v2\/types\/page"}],"author":[{"embeddable":true,"href":"https:\/\/portal.compraspublicas.gob.ec\/sercop\/wp-json\/wp\/v2\/users\/1"}],"replies":[{"embeddable":true,"href":"https:\/\/portal.compraspublicas.gob.ec\/sercop\/wp-json\/wp\/v2\/comments?post=14519"}],"version-history":[{"count":0,"href":"https:\/\/portal.compraspublicas.gob.ec\/sercop\/wp-json\/wp\/v2\/pages\/14519\/revisions"}],"wp:attachment":[{"href":"https:\/\/portal.compraspublicas.gob.ec\/sercop\/wp-json\/wp\/v2\/media?parent=14519"}],"curies":[{"name":"wp","href":"https:\/\/api.w.org\/{rel}","templated":true}]}}