{"id":14578,"date":"2016-07-04T15:54:13","date_gmt":"2016-07-04T20:54:13","guid":{"rendered":"http:\/\/portal.compraspublicas.gob.ec\/sercop\/?page_id=14578"},"modified":"2016-07-05T15:28:02","modified_gmt":"2016-07-05T20:28:02","slug":"cortes-y-reconexion-de-energia-electrica-tipo-i","status":"publish","type":"page","link":"https:\/\/portal.compraspublicas.gob.ec\/sercop\/cortes-y-reconexion-de-energia-electrica-tipo-i\/","title":{"rendered":"Cortes y reconexi\u00f3n de energ\u00eda el\u00e9ctrica (tipo I)"},"content":{"rendered":"<p><a href=\"http:\/\/portal.compraspublicas.gob.ec\/sercop\/wp-content\/uploads\/2016\/07\/corte.jpg\"><img loading=\"lazy\" class=\"aligncenter  wp-image-14588\" src=\"http:\/\/portal.compraspublicas.gob.ec\/sercop\/wp-content\/uploads\/2016\/07\/corte.jpg\" alt=\"corte\" width=\"629\" height=\"293\" srcset=\"https:\/\/portal.compraspublicas.gob.ec\/sercop\/wp-content\/uploads\/2016\/07\/corte.jpg 743w, https:\/\/portal.compraspublicas.gob.ec\/sercop\/wp-content\/uploads\/2016\/07\/corte-300x140.jpg 300w\" sizes=\"(max-width: 629px) 100vw, 629px\" \/><\/a><\/p>\n<p>Con el objetivo de adquirir \u201cSERVICIOS DE CORTE Y RECONEXI\u00d3N\u201d a los actores de la econom\u00eda popular y solidaria y artesanos, se desarroll\u00f3 el Cat\u00e1logo Inclusivo que agrupa este tipo de servicio, con este antecedente se presenta la incorporaci\u00f3n de nuevos productos al presente cat\u00e1logo.<\/p>\n<p>Si\u00a0 te interesa participar en el Cat\u00e1logo Inclusivo \u201cSERVICIOS DE CORTE Y RECONEXI\u00d3N\u201d, publicado mediante <span style=\"color: #0000ff;\"><a style=\"color: #0000ff;\" href=\"http:\/\/portal.compraspublicas.gob.ec\/sercop\/wp-content\/uploads\/2016\/07\/OFICIO-CIRCULAR.pdf\">Oficio Circular<\/a><\/span> adjunto, debes catalogarte en el procedimiento CDI-SERCOP-003-2016<em>,<\/em> por favor revisa los requisitos m\u00ednimos de participaci\u00f3n de las siguientes fichas t\u00e9cnicas:<\/p>\n<p><span style=\"color: #0000ff;\"><a style=\"color: #0000ff;\" href=\"http:\/\/portal.compraspublicas.gob.ec\/sercop\/wp-content\/uploads\/2016\/07\/Corte-y-Reconexiones-URBANO-05-07-2016.pdf\">&#8211; CORTE Y RECONEXIONES DE SERVICIO DE ELECTRICIDAD URBANO TIPO I<\/a><\/span><br \/>\n<span style=\"color: #0000ff;\"> <a style=\"color: #0000ff;\" href=\"http:\/\/portal.compraspublicas.gob.ec\/sercop\/wp-content\/uploads\/2016\/07\/Corte-y-Reconexiones-RURAL-05-07-2016.pdf\">&#8211; CORTE Y RECONEXIONES DE SERVICIO DE ELECTRICIDAD RURAL TIPO I<\/a><\/span><br \/>\n<span style=\"color: #0000ff;\"> <a style=\"color: #0000ff;\" href=\"http:\/\/portal.compraspublicas.gob.ec\/sercop\/wp-content\/uploads\/2016\/07\/Corte-y-Reconexiones-RURAL-ALEJADA-05-07-2016.pdf\">&#8211; CORTE Y RECONEXIONES DE SERVICIO DE ELECTRICIDAD RURAL ALEJADA TIPO I<\/a><\/span><\/p>\n<p>Los proveedores catalogados al procedimiento CDI-SERCOP-003-2016, deben presentar:<\/p>\n<ol>\n<li><span style=\"color: #0000ff;\"><a style=\"color: #0000ff;\" href=\"http:\/\/portal.compraspublicas.gob.ec\/sercop\/wp-content\/uploads\/2016\/07\/MANIFESTACI\u00d3N-DE-INTER\u00c9S-05-07-2016.docx\">Manifestaci\u00f3n de Inter\u00e9s<\/a><\/span><\/li>\n<li>Presentar el formulario de Maquinaria de acuerdo a la<span style=\"color: #0000ff;\"> <a style=\"color: #0000ff;\" href=\"http:\/\/portal.compraspublicas.gob.ec\/sercop\/wp-content\/uploads\/2016\/07\/Tabla-de-Equipamiento-y-Maquinaria.docx\">tabla de equipamiento y m\u00e1quinas<\/a><\/span><\/li>\n<\/ol>\n<p><strong>INCORPORACI\u00d3N NUEVOS PROVEEDORES<\/strong><\/p>\n<ol>\n<li>Lee y analiza el <span style=\"color: #0000ff;\"><em><a style=\"color: #0000ff;\" href=\"http:\/\/portal.compraspublicas.gob.ec\/sercop\/wp-content\/uploads\/2016\/07\/PLIEGO-CDI-SERCOP-003-2016.docx\">pliego<\/a><\/em><\/span> detenidamente para que conozcas acerca del proceso de catalogaci\u00f3n de servicios asociados a un sistema de medici\u00f3n y control.<\/li>\n<li>Llena los formularios y requisitos de<span style=\"color: #0000ff;\"> <a style=\"color: #0000ff;\" href=\"http:\/\/portal.compraspublicas.gob.ec\/sercop\/wp-content\/uploads\/2016\/07\/Tabla-de-Equipamiento-y-Maquinaria.docx\">equipamiento y herramientas<\/a><\/span> por producto que se solicitan en los pliegos. Recuerda que los formularios y los requisitos deben estar sumillados y numerados.<\/li>\n<li>Elabora un oficio dirigido al Econ. Santiago V\u00e1squez, Director General del SERCOP, solicitando tu incorporaci\u00f3n al Cat\u00e1logo Din\u00e1mico Inclusivo <em>(<span style=\"color: #0000ff;\"><a style=\"color: #0000ff;\" href=\"http:\/\/portal.compraspublicas.gob.ec\/sercop\/wp-content\/uploads\/2016\/07\/modelo-oficio-de-solicitud3.docx\">Descarga modelo de oficio<\/a><\/span>)<\/em>.<\/li>\n<\/ol>\n<p>Entrega los documentos en un sobre cerrado en la ventanilla del SERCOP m\u00e1s cercana.<span style=\"color: #0000ff;\"> <a style=\"color: #0000ff;\" href=\"http:\/\/portal.compraspublicas.gob.ec\/sercop\/contacto\/\"><em>Conoce d\u00f3nde estamos ubicados<\/em><\/a><\/span><\/p>\n","protected":false},"excerpt":{"rendered":"<p class=\"excerpt\">Con el objetivo de adquirir \u201cSERVICIOS DE CORTE Y RECONEXI\u00d3N\u201d a los actores de la econom\u00eda popular y solidaria y artesanos, se desarroll\u00f3 el Cat\u00e1logo Inclusivo que agrupa este tipo de servicio, con este antecedente se presenta la incorporaci\u00f3n de nuevos productos al presente cat\u00e1logo. Si\u00a0 te interesa participar en el Cat\u00e1logo Inclusivo \u201cSERVICIOS DE CORTE Y RECONEXI\u00d3N\u201d, publicado mediante&hellip; <a href=\"https:\/\/portal.compraspublicas.gob.ec\/sercop\/cortes-y-reconexion-de-energia-electrica-tipo-i\/\">Read more &rarr;<\/a><\/p>\n","protected":false},"author":1,"featured_media":0,"parent":0,"menu_order":0,"comment_status":"closed","ping_status":"closed","template":"catalogo.php","meta":[],"_links":{"self":[{"href":"https:\/\/portal.compraspublicas.gob.ec\/sercop\/wp-json\/wp\/v2\/pages\/14578"}],"collection":[{"href":"https:\/\/portal.compraspublicas.gob.ec\/sercop\/wp-json\/wp\/v2\/pages"}],"about":[{"href":"https:\/\/portal.compraspublicas.gob.ec\/sercop\/wp-json\/wp\/v2\/types\/page"}],"author":[{"embeddable":true,"href":"https:\/\/portal.compraspublicas.gob.ec\/sercop\/wp-json\/wp\/v2\/users\/1"}],"replies":[{"embeddable":true,"href":"https:\/\/portal.compraspublicas.gob.ec\/sercop\/wp-json\/wp\/v2\/comments?post=14578"}],"version-history":[{"count":0,"href":"https:\/\/portal.compraspublicas.gob.ec\/sercop\/wp-json\/wp\/v2\/pages\/14578\/revisions"}],"wp:attachment":[{"href":"https:\/\/portal.compraspublicas.gob.ec\/sercop\/wp-json\/wp\/v2\/media?parent=14578"}],"curies":[{"name":"wp","href":"https:\/\/api.w.org\/{rel}","templated":true}]}}