{"id":14820,"date":"2016-07-18T10:09:38","date_gmt":"2016-07-18T15:09:38","guid":{"rendered":"http:\/\/portal.compraspublicas.gob.ec\/sercop\/?page_id=14820"},"modified":"2016-08-16T12:35:01","modified_gmt":"2016-08-16T17:35:01","slug":"servicio-de-transporte-de-agua-con-tanqueros","status":"publish","type":"page","link":"https:\/\/portal.compraspublicas.gob.ec\/sercop\/servicio-de-transporte-de-agua-con-tanqueros\/","title":{"rendered":"Servicio de transporte de agua con tanqueros"},"content":{"rendered":"<p><img loading=\"lazy\" class=\"alignnone\" src=\"http:\/\/portal.compraspublicas.gob.ec\/sercop\/wp-content\/uploads\/2016\/07\/imagen.png\" alt=\"\" width=\"651\" height=\"282\" \/><\/p>\n<p>Con el objetivo de adquirir \u201cSERVICIOS DE TRANSPORTE DE AGUA CON TANQUEROS\u201d a los actores de la econom\u00eda popular y solidaria y artesanos, se desarroll\u00f3 el Cat\u00e1logo Inclusivo que agrupa este tipo de servicio, con este antecedente se presenta la incorporaci\u00f3n de nuevos productos al presente cat\u00e1logo.<\/p>\n<p>Si\u00a0 te interesa participar en el Cat\u00e1logo Inclusivo \u201cSERVICIOS DE TRANSPORTE DE AGUA CON TANQUEROS\u201d, publicado mediante <a href=\"http:\/\/portal.compraspublicas.gob.ec\/sercop\/wp-content\/uploads\/2016\/07\/oficio-circular.pdf\"><span style=\"color: #0000ff;\">Oficio Circular<\/span> <\/a>adjunto, debes catalogarte en el procedimiento CDI-SERCOP-007-2015<em>,<\/em> por favor revisa los requisitos m\u00ednimos de participaci\u00f3n de las siguientes fichas t\u00e9cnicas:<\/p>\n<p><span style=\"color: #0000ff;\"><a style=\"color: #0000ff;\" href=\"http:\/\/portal.compraspublicas.gob.ec\/sercop\/wp-content\/uploads\/2016\/07\/fichas-de-tanqueros-diaria-3000-13-07-2016.pdf\">\u00b7 SERVICIO DE TRANSPORTE DE AGUA CON TANQUEROS DE HASTA 3000 GALONES, DIARIO<\/a><\/span><\/p>\n<p><span style=\"color: #0000ff;\"><a style=\"color: #0000ff;\" href=\"http:\/\/portal.compraspublicas.gob.ec\/sercop\/wp-content\/uploads\/2016\/07\/fichas-de-tanqueros-diaria-3000-4000-13-07-2016.pdf\">\u00b7 SERVICIO DE TRANSPORTE DE AGUA CON TANQUEROS DE 3000 GALONES HASTA 4000 GALONES, DIARIO<\/a><\/span><\/p>\n<p><span style=\"color: #0000ff;\"><a style=\"color: #0000ff;\" href=\"http:\/\/portal.compraspublicas.gob.ec\/sercop\/wp-content\/uploads\/2016\/07\/fichas-de-tanqueros-diaria-4000-5000-13-07-2016.pdf\">\u00b7 SERVICIO DE TRANSPORTE DE AGUA CON TANQUEROS DE 4000 GALONES HASTA 5000 GALONES, DIARIO<\/a><\/span><\/p>\n<p><span style=\"color: #0000ff;\"><a style=\"color: #0000ff;\" href=\"http:\/\/portal.compraspublicas.gob.ec\/sercop\/wp-content\/uploads\/2016\/07\/fichas-de-tanqueros-horas-3000-13-07-2016.pdf\">\u00b7 SERVICIO DE TRANSPORTE DE AGUA CON TANQUEROS DE HASTA 3000 GALONES, HORA<\/a><\/span><\/p>\n<p><span style=\"color: #0000ff;\"><a style=\"color: #0000ff;\" href=\"http:\/\/portal.compraspublicas.gob.ec\/sercop\/wp-content\/uploads\/2016\/07\/fichas-de-tanqueros-horas-3000-4000-13-07-2016.pdf\">\u00b7 SERVICIO DE TRANSPORTE DE AGUA CON TANQUEROS DE 3000 GALONES HASTA 4000 GALONES, HORA<\/a><\/span><\/p>\n<p><span style=\"color: #0000ff;\"><a style=\"color: #0000ff;\" href=\"http:\/\/portal.compraspublicas.gob.ec\/sercop\/wp-content\/uploads\/2016\/07\/fichas-de-tanqueros-horas-4000-5000-13-07-2016.pdf\">\u00b7 SERVICIO DE TRANSPORTE DE AGUA CON TANQUEROS DE 4000 GALONES HASTA 5000 GALONES, HORA<\/a><\/span><\/p>\n<p>Los proveedores catalogados al procedimiento CDI-SERCOP-007-2015, deben presentar:<\/p>\n<p><span style=\"color: #0000ff;\"><a style=\"color: #0000ff;\" href=\"http:\/\/portal.compraspublicas.gob.ec\/sercop\/wp-content\/uploads\/2016\/07\/MANIFESTACI\u00d3N-DE-INTER\u00c9S-TANQUERO.docx\">1. Manifestaci\u00f3n de Inter\u00e9s<\/a><\/span><\/p>\n<p>2. Presentar el formulario de Maquinaria de acuerdo a la<span style=\"color: #0000ff;\"> <a style=\"color: #0000ff;\" href=\"http:\/\/portal.compraspublicas.gob.ec\/sercop\/wp-content\/uploads\/2016\/07\/TABLA-DE-EQUIPAMIENTO-Y-MATERIALES.docx\">tabla de equipamiento y m\u00e1quinas adjunto<\/a><\/span>.<\/p>\n<p><strong>INCORPORACI\u00d3N NUEVOS PROVEEDORES<\/strong><\/p>\n<ol>\n<li>Lee y analiza el <span style=\"color: #0000ff;\"><em><a style=\"color: #0000ff;\" href=\"http:\/\/portal.compraspublicas.gob.ec\/sercop\/wp-content\/uploads\/2016\/07\/pliego.doc\">pliego<\/a><\/em><\/span> detenidamente para que conozcas acerca del proceso de catalogaci\u00f3n de servicios asociados a un sistema de medici\u00f3n y control.<\/li>\n<li>Llena los formularios y requisitos de equipamiento y herramientas por producto que se solicitan en los pliegos. Recuerda que los formularios y los requisitos deben estar sumillados y numerados.<\/li>\n<li>Elabora un oficio dirigido al Econ. Santiago V\u00e1squez, Director General del SERCOP, solicitando tu incorporaci\u00f3n al Cat\u00e1logo Din\u00e1mico Inclusivo <em>(<span style=\"color: #0000ff;\"><a style=\"color: #0000ff;\" href=\"http:\/\/portal.compraspublicas.gob.ec\/sercop\/wp-content\/uploads\/2016\/07\/modelo-de-oficio-111.docx\">Descarga modelo de oficio<\/a><\/span>)<\/em>.<\/li>\n<\/ol>\n<p><span style=\"color: #0000ff;\"><a style=\"color: #0000ff;\" href=\"http:\/\/portal.compraspublicas.gob.ec\/sercop\/wp-content\/uploads\/2016\/08\/OFICIO-CIRCULAR-No.-CDI-2016-0061.pdf\">OFICIO CIRCULAR DE ACLARACI\u00d3N SERCOP-CDI-2016-0061.<\/a><\/span><\/p>\n<p>Entrega los documentos en un sobre cerrado en la ventanilla del SERCOP m\u00e1s cercana.<span style=\"color: #0000ff;\"> <a style=\"color: #0000ff;\" href=\"http:\/\/portal.compraspublicas.gob.ec\/sercop\/contacto\/\"><em>Conoce d\u00f3nde estamos ubicados<\/em><\/a><\/span><\/p>\n<p>&nbsp;<\/p>\n","protected":false},"excerpt":{"rendered":"<p class=\"excerpt\">Con el objetivo de adquirir \u201cSERVICIOS DE TRANSPORTE DE AGUA CON TANQUEROS\u201d a los actores de la econom\u00eda popular y solidaria y artesanos, se desarroll\u00f3 el Cat\u00e1logo Inclusivo que agrupa este tipo de servicio, con este antecedente se presenta la incorporaci\u00f3n de nuevos productos al presente cat\u00e1logo. Si\u00a0 te interesa participar en el Cat\u00e1logo Inclusivo \u201cSERVICIOS DE TRANSPORTE DE AGUA&hellip; <a href=\"https:\/\/portal.compraspublicas.gob.ec\/sercop\/servicio-de-transporte-de-agua-con-tanqueros\/\">Read more &rarr;<\/a><\/p>\n","protected":false},"author":1,"featured_media":0,"parent":0,"menu_order":0,"comment_status":"closed","ping_status":"closed","template":"catalogo.php","meta":[],"_links":{"self":[{"href":"https:\/\/portal.compraspublicas.gob.ec\/sercop\/wp-json\/wp\/v2\/pages\/14820"}],"collection":[{"href":"https:\/\/portal.compraspublicas.gob.ec\/sercop\/wp-json\/wp\/v2\/pages"}],"about":[{"href":"https:\/\/portal.compraspublicas.gob.ec\/sercop\/wp-json\/wp\/v2\/types\/page"}],"author":[{"embeddable":true,"href":"https:\/\/portal.compraspublicas.gob.ec\/sercop\/wp-json\/wp\/v2\/users\/1"}],"replies":[{"embeddable":true,"href":"https:\/\/portal.compraspublicas.gob.ec\/sercop\/wp-json\/wp\/v2\/comments?post=14820"}],"version-history":[{"count":0,"href":"https:\/\/portal.compraspublicas.gob.ec\/sercop\/wp-json\/wp\/v2\/pages\/14820\/revisions"}],"wp:attachment":[{"href":"https:\/\/portal.compraspublicas.gob.ec\/sercop\/wp-json\/wp\/v2\/media?parent=14820"}],"curies":[{"name":"wp","href":"https:\/\/api.w.org\/{rel}","templated":true}]}}