{"id":15073,"date":"2016-08-01T17:52:49","date_gmt":"2016-08-01T22:52:49","guid":{"rendered":"http:\/\/portal.compraspublicas.gob.ec\/sercop\/?page_id=15073"},"modified":"2016-08-01T17:54:23","modified_gmt":"2016-08-01T22:54:23","slug":"15073-2","status":"publish","type":"page","link":"https:\/\/portal.compraspublicas.gob.ec\/sercop\/15073-2\/","title":{"rendered":"Cronograma Evaluaci\u00f3nes T\u00e9cnicas y Psicom\u00e9tricas"},"content":{"rendered":"<h3 style=\"text-align: center;\"><a>7ta. Convocatoria Experto\/a de Administraci\u00f3n de Recursos Humanos<\/a><\/h3>\n<h3 style=\"text-align: center;\">Cronograma Evaluaci\u00f3nes T\u00e9cnicas y Psicom\u00e9tricas<\/h3>\n<p><strong>ETAPA:<\/strong> \u00a0Evaluaci\u00f3n \u00a0T\u00e9cnica \u00a0y \u00a0Psicom\u00e9trica<br \/>\n<strong>LUGAR:<\/strong> \u00a0AV. JORGE \u00a0WASHINGTON \u00a0E4-53 \u00a0Y \u00a0AV. AMAZONAS, \u00a0EDIFICIO \u00a0ROCAFUERTE<br \/>\n<strong>FECHAS Y HORARIOS:<\/strong> \u00a0Ver detalle por grupo<\/p>\n<p>&nbsp;<\/p>\n<p><strong>ESTIMAD@S POSTULANTES:<\/strong> Conforme lo estipulado en el Art\u00edculo 25 de la Norma T\u00e9cnica del Subsistema de Selecci\u00f3n de Personal, las pruebas de conocimientos t\u00e9cnicos y psicom\u00e9tricas ser\u00e1n aplicadas de manera simult\u00e1nea, para lo cual los y las postulantes, obligatoriamente, deber\u00e1n: Presentarse al menos 15 minutos antes de la hora de inicio de la prueba (VERIFICAR CRONOGRAMA POR GRUPO); Presentar su documento original de identificaci\u00f3n: c\u00e9dula de ciudadan\u00eda, identidad, licencia de conducir con fotograf\u00eda o pasaporte. NOTA IMPORTANTE: Los y las postulantes deben llevar calculadora, l\u00e1piz y borrador, no se permitir\u00e1 el uso de dispositivos electr\u00f3nicos: celulares, tablets, aud\u00edfonos, pendrive, laptops, etc.<\/p>\n<p>&nbsp;<\/p>\n<h3 style=\"text-align: center;\"><a href=\"http:\/\/portal.compraspublicas.gob.ec\/sercop\/wp-content\/uploads\/2016\/08\/CRONOGRAMA_PRUEBAS.pdf\"><span style=\"color: #0000ff;\">DESCARGAR CRONOGRAMA<\/span> <\/a><\/h3>\n","protected":false},"excerpt":{"rendered":"<p class=\"excerpt\">7ta. Convocatoria Experto\/a de Administraci\u00f3n de Recursos Humanos Cronograma Evaluaci\u00f3nes T\u00e9cnicas y Psicom\u00e9tricas ETAPA: \u00a0Evaluaci\u00f3n \u00a0T\u00e9cnica \u00a0y \u00a0Psicom\u00e9trica LUGAR: \u00a0AV. JORGE \u00a0WASHINGTON \u00a0E4-53 \u00a0Y \u00a0AV. AMAZONAS, \u00a0EDIFICIO \u00a0ROCAFUERTE FECHAS Y HORARIOS: \u00a0Ver detalle por grupo &nbsp; ESTIMAD@S POSTULANTES: Conforme lo estipulado en el Art\u00edculo 25 de la Norma T\u00e9cnica del Subsistema de Selecci\u00f3n de Personal, las pruebas de conocimientos t\u00e9cnicos&hellip; <a href=\"https:\/\/portal.compraspublicas.gob.ec\/sercop\/15073-2\/\">Read more &rarr;<\/a><\/p>\n","protected":false},"author":1,"featured_media":0,"parent":0,"menu_order":0,"comment_status":"closed","ping_status":"closed","template":"meritos.php","meta":[],"_links":{"self":[{"href":"https:\/\/portal.compraspublicas.gob.ec\/sercop\/wp-json\/wp\/v2\/pages\/15073"}],"collection":[{"href":"https:\/\/portal.compraspublicas.gob.ec\/sercop\/wp-json\/wp\/v2\/pages"}],"about":[{"href":"https:\/\/portal.compraspublicas.gob.ec\/sercop\/wp-json\/wp\/v2\/types\/page"}],"author":[{"embeddable":true,"href":"https:\/\/portal.compraspublicas.gob.ec\/sercop\/wp-json\/wp\/v2\/users\/1"}],"replies":[{"embeddable":true,"href":"https:\/\/portal.compraspublicas.gob.ec\/sercop\/wp-json\/wp\/v2\/comments?post=15073"}],"version-history":[{"count":0,"href":"https:\/\/portal.compraspublicas.gob.ec\/sercop\/wp-json\/wp\/v2\/pages\/15073\/revisions"}],"wp:attachment":[{"href":"https:\/\/portal.compraspublicas.gob.ec\/sercop\/wp-json\/wp\/v2\/media?parent=15073"}],"curies":[{"name":"wp","href":"https:\/\/api.w.org\/{rel}","templated":true}]}}