{"id":15112,"date":"2016-08-04T14:31:09","date_gmt":"2016-08-04T19:31:09","guid":{"rendered":"http:\/\/portal.compraspublicas.gob.ec\/sercop\/?page_id=15112"},"modified":"2016-09-20T09:10:52","modified_gmt":"2016-09-20T14:10:52","slug":"canasta-de-verduras-y-almidones","status":"publish","type":"page","link":"https:\/\/portal.compraspublicas.gob.ec\/sercop\/canasta-de-verduras-y-almidones\/","title":{"rendered":"Canasta de verduras y almidones"},"content":{"rendered":"<p style=\"text-align: justify;\"><a href=\"http:\/\/portal.compraspublicas.gob.ec\/sercop\/wp-content\/uploads\/2016\/08\/86529708_0.png\"><img loading=\"lazy\" class=\"aligncenter wp-image-15122 \" src=\"http:\/\/portal.compraspublicas.gob.ec\/sercop\/wp-content\/uploads\/2016\/08\/86529708_0-e1470340122892.png\" alt=\"86529708_0\" width=\"743\" height=\"299\" \/><\/a><\/p>\n<p style=\"text-align: justify;\">Con el objetivo de adquirir los bienes \u201cPRODUCTOS ALIMENTICIOS\u201d CANASTA DE LEGUMBRES, VERDURAS Y HORTALIZAS FRESCAS y CANASTA DE ALMIDONES (CEREALES, GRANOS SECOS, HARINAS Y TUB\u00c9RCULOS)\u201d a los actores de la econom\u00eda popular y solidaria y artesanos, se desarroll\u00f3 el Cat\u00e1logo Inclusivo que agrupa este tipo de bien, con este antecedente se presenta la incorporaci\u00f3n de nuevos productos al presente cat\u00e1logo.<\/p>\n<p style=\"text-align: justify;\">Si\u00a0 te interesa participar en el Cat\u00e1logo Inclusivo \u201cCANASTA DE LEGUMBRES, VERDURAS Y HORTALIZAS FRESCAS y CANASTA DE ALMIDONES (CEREALES, GRANOS SECOS, HARINAS Y TUB\u00c9RCULOS)\u201d, publicado mediante <span style=\"color: #0000ff;\"><a style=\"color: #0000ff;\" href=\"http:\/\/portal.compraspublicas.gob.ec\/sercop\/wp-content\/uploads\/2016\/08\/oficio_circularNo.-SERCOP-CDI-2016-063.pdf\">Oficio Circular<\/a><\/span> adjunto, debes catalogarte en el procedimiento CDI-SERCOP-008-2016, por favor revisa los requisitos m\u00ednimos de participaci\u00f3n de la siguiente ficha t\u00e9cnica:<\/p>\n<p style=\"text-align: justify; padding-left: 30px;\"><span style=\"color: #0000ff;\"><a style=\"color: #0000ff;\" href=\"http:\/\/portal.compraspublicas.gob.ec\/sercop\/wp-content\/uploads\/2016\/08\/FICHA__Verduras_Legumbres_Hortalizas.pdf\">\u2022CANASTA DE LEGUMBRES, VERDURAS Y HORTALIZAS FRESCAS<\/a><\/span><br \/>\n<span style=\"color: #0000ff;\"><a style=\"color: #0000ff;\" href=\"http:\/\/portal.compraspublicas.gob.ec\/sercop\/wp-content\/uploads\/2016\/08\/FICHA__Almidones_cereales_granos_secos_harinas_tuberculos.pdf\">\u2022CANASTA DE ALMIDONES (CEREALES, GRANOS SECOS, HARINAS Y TUB\u00c9RCULOS)<\/a><\/span><\/p>\n<p style=\"text-align: justify;\">Los proveedores catalogados al procedimiento CDI-SERCOP-008-2016, deben presentar:<br \/>\n<span style=\"color: #0000ff;\"><a style=\"color: #0000ff;\" href=\"http:\/\/portal.compraspublicas.gob.ec\/sercop\/wp-content\/uploads\/2016\/09\/MANIFESTACIoN_DE_INTEReS_Verd_almi.docx\">1. Manifestaci\u00f3n de Inter\u00e9s.<\/a><\/span><\/p>\n<p style=\"text-align: justify;\">INCORPORACI\u00d3N NUEVOS PROVEEDORES<br \/>\n1.\u00a0\u00a0 \u00a0Lee y analiza el<span style=\"color: #0000ff;\"><a style=\"color: #0000ff;\" href=\"http:\/\/portal.compraspublicas.gob.ec\/sercop\/wp-content\/uploads\/2016\/08\/pliegoProvisiondeAlimentos.pdf\"> pliego<\/a><\/span> detenidamente para que conozcas acerca del proceso de catalogaci\u00f3n de productos alimenticios.<\/p>\n<p style=\"text-align: justify;\">2.\u00a0 Llena los <span style=\"color: #0000ff;\"><a style=\"color: #0000ff;\" href=\"http:\/\/portal.compraspublicas.gob.ec\/sercop\/wp-content\/uploads\/2016\/09\/FORMULARIO_NUEVOS_PROVEEDORES_CANASTAS.docx\">formularios<\/a><\/span>\u00a0 y requisitos que se solicitan en los pliegos. Recuerda que los formularios y los requisitos deben estar sumillados y numerados.<br \/>\n3.\u00a0\u00a0 \u00a0Elabora un oficio dirigido al Econ. Santiago V\u00e1squez, Director General del SERCOP, solicitando tu incorporaci\u00f3n al Cat\u00e1logo Din\u00e1mico Inclusivo (<span style=\"color: #0000ff;\"><a style=\"color: #0000ff;\" href=\"http:\/\/portal.compraspublicas.gob.ec\/sercop\/wp-content\/uploads\/2016\/08\/modelo-de-oficio-11.docx\">Descarga modelo de oficio<\/a><\/span>).<\/p>\n<p style=\"text-align: justify;\">Entrega los documentos en un sobre cerrado en la ventanilla del SERCOP m\u00e1s cercana.<span style=\"color: #0000ff;\"> <a style=\"color: #0000ff;\" href=\"http:\/\/portal.compraspublicas.gob.ec\/sercop\/contacto\/\"><em>Conoce d\u00f3nde estamos ubicados<\/em><\/a><\/span><\/p>\n<p style=\"text-align: justify;\">\n","protected":false},"excerpt":{"rendered":"<p class=\"excerpt\">Con el objetivo de adquirir los bienes \u201cPRODUCTOS ALIMENTICIOS\u201d CANASTA DE LEGUMBRES, VERDURAS Y HORTALIZAS FRESCAS y CANASTA DE ALMIDONES (CEREALES, GRANOS SECOS, HARINAS Y TUB\u00c9RCULOS)\u201d a los actores de la econom\u00eda popular y solidaria y artesanos, se desarroll\u00f3 el Cat\u00e1logo Inclusivo que agrupa este tipo de bien, con este antecedente se presenta la incorporaci\u00f3n de nuevos productos al presente&hellip; <a href=\"https:\/\/portal.compraspublicas.gob.ec\/sercop\/canasta-de-verduras-y-almidones\/\">Read more &rarr;<\/a><\/p>\n","protected":false},"author":1,"featured_media":0,"parent":0,"menu_order":0,"comment_status":"closed","ping_status":"closed","template":"catalogo.php","meta":[],"_links":{"self":[{"href":"https:\/\/portal.compraspublicas.gob.ec\/sercop\/wp-json\/wp\/v2\/pages\/15112"}],"collection":[{"href":"https:\/\/portal.compraspublicas.gob.ec\/sercop\/wp-json\/wp\/v2\/pages"}],"about":[{"href":"https:\/\/portal.compraspublicas.gob.ec\/sercop\/wp-json\/wp\/v2\/types\/page"}],"author":[{"embeddable":true,"href":"https:\/\/portal.compraspublicas.gob.ec\/sercop\/wp-json\/wp\/v2\/users\/1"}],"replies":[{"embeddable":true,"href":"https:\/\/portal.compraspublicas.gob.ec\/sercop\/wp-json\/wp\/v2\/comments?post=15112"}],"version-history":[{"count":0,"href":"https:\/\/portal.compraspublicas.gob.ec\/sercop\/wp-json\/wp\/v2\/pages\/15112\/revisions"}],"wp:attachment":[{"href":"https:\/\/portal.compraspublicas.gob.ec\/sercop\/wp-json\/wp\/v2\/media?parent=15112"}],"curies":[{"name":"wp","href":"https:\/\/api.w.org\/{rel}","templated":true}]}}