{"id":15365,"date":"2016-08-17T09:26:15","date_gmt":"2016-08-17T14:26:15","guid":{"rendered":"http:\/\/portal.compraspublicas.gob.ec\/sercop\/?page_id=15365"},"modified":"2016-08-17T17:04:57","modified_gmt":"2016-08-17T22:04:57","slug":"medicamentos-de-calidad","status":"publish","type":"page","link":"https:\/\/portal.compraspublicas.gob.ec\/sercop\/medicamentos-de-calidad\/","title":{"rendered":"Medicamentos de calidad"},"content":{"rendered":"<p style=\"text-align: center;\"><strong>Medicamentos de calidad y a precio justo para los centros p\u00fablicos de salud del pa\u00eds<\/strong><\/p>\n<p style=\"text-align: justify;\">La Subasta Inversa Corporativa de Medicamentos es una iniciativa que se implementa en cumplimiento de lo que establece la Constituci\u00f3n del Ecuador:<\/p>\n<ul style=\"text-align: justify;\">\n<li>Universalizar la atenci\u00f3n en salud, mejorar permanentemente la calidad y ampliar la cobertura.<\/li>\n<li>Garantizar la disponibilidad y acceso a medicamentos de calidad, seguros y eficaces, regular su comercializaci\u00f3n y promover la producci\u00f3n nacional y la utilizaci\u00f3n de medicamentos.<\/li>\n<li>En el acceso a medicamentos, los intereses de la salud p\u00fablica prevalecer\u00e1n sobre los econ\u00f3micos y comerciales.<\/li>\n<\/ul>\n<p style=\"text-align: justify;\">La Subasta Inversa Corporativa es el procedimiento mediante el cual se identificaron y seleccionaron empresas \u00a0nacionales e internacionales, para la provisi\u00f3n de medicamentos de uso y consumo humano para la Red P\u00fablica Integral de Salud (RPIS), conformada por los centros de salud del Instituto Ecuatoriano de Seguridad Social (IESS), del Instituto de Seguridad Social de las Fuerzas Armadas (ISSFA), del Instituto de Seguridad Social de la Polic\u00eda (ISSPOL) y del Ministerio de Salud P\u00fablica del Ecuador (MSP).<\/p>\n<p style=\"text-align: justify;\">El procedimiento de compra de medicamentos inici\u00f3 con la fase Preparatoria en agosto de 2015 y concluy\u00f3 con la ejecuci\u00f3n de la etapa Contractual en julio de 2016.<\/p>\n<p style=\"text-align: justify;\"><strong>\u00bfC\u00f3mo se determin\u00f3 qu\u00e9 medicamentos comprar?<\/strong><\/p>\n<p style=\"text-align: justify;\">El SERCOP implement\u00f3 la Subasta Inversa Corporativa de Medicamentos a partir de los lineamientos establecidos por la Red P\u00fablica Integral de Salud conformada por el Ministerio de Salud P\u00fablica, IESS, ISSFA e ISSPOL.<\/p>\n<p style=\"text-align: justify;\">Estas entidades identificaron las necesidades de medicamentos para los siguientes dos a\u00f1os y, para ello expertos en la materia, aplicaron una metodolog\u00eda y criterios como:<\/p>\n<ul style=\"text-align: justify;\">\n<li>Perfil epidemiol\u00f3gico de la poblaci\u00f3n<\/li>\n<li>Cobertura de los servicios de salud y nivel de atenci\u00f3n<\/li>\n<li>Ingresos, egresos de medicinas y saldos proyectados<\/li>\n<li>Actividades de prevenci\u00f3n y recuperaci\u00f3n, entre otras variables.<\/li>\n<\/ul>\n<p style=\"text-align: justify;\">Con este antecedente, el Estado mediante la Subasta Inversa Corporativa de Medicamentos adquiri\u00f3 adquiriendo, los siguientes elementos:<\/p>\n<ol style=\"text-align: justify;\">\n<li>Principios activos (mol\u00e9culas)<\/li>\n<li>Concentraci\u00f3n<\/li>\n<li>Presentaci\u00f3n<\/li>\n<li>Forma farmac\u00e9utica<strong><br \/>\n<\/strong><\/li>\n<\/ol>\n<p style=\"text-align: justify;\"><strong>Centros de Salud P\u00fablica se abastecer\u00e1n de medicamentos para <\/strong><\/p>\n<p style=\"text-align: justify;\"><strong>tratar m\u00faltiples enfermedades<\/strong><\/p>\n<p style=\"text-align: justify;\">La Subasta Inversa Corporativa de Medicamentos es de mucha importancia para el pa\u00eds, puesto que m\u00e1s de 6000 mil centros de salud p\u00fablica del pa\u00eds, recibir\u00e1n medicinas para tratar m\u00faltiples enfermedades, aquellas que m\u00e1s afectan a la poblaci\u00f3n ecuatoriana, como son:<\/p>\n<ul>\n<li style=\"text-align: justify;\"><strong>TRACTO ALIMENTARIO:<\/strong> intoxicaciones alimentarias, parasitosis, \u00falcera, gastritis, vitaminas.<\/li>\n<li style=\"text-align: justify;\"><strong>METABOLISMO:<\/strong> diabetes, reductores de colesterol y triglic\u00e9ridos.<\/li>\n<li style=\"text-align: justify;\"><strong>SANGRE Y \u00d3RGANOS FORMADORES DE SANGRE<\/strong>: antihemorr\u00e1gicos, antian\u00e9micos.<\/li>\n<li style=\"text-align: justify;\"><strong>SISTEMA CARDIOVASCULAR:<\/strong> arritmia card\u00edaca, insuficiencia card\u00edaca, hipertensi\u00f3n arterial.<\/li>\n<li style=\"text-align: justify;\"><strong>DERMATOL\u00d3GICOS:<\/strong> alergias, acn\u00e9, antif\u00fangicos, psoriasis, infecciones de la piel.<\/li>\n<li style=\"text-align: justify;\"><strong>SISTEMA G\u00c9NITO- URINARIO:<\/strong> hemorragia post parto, infecciones vaginales, anticonceptivos, v\u00edas urinarias.<\/li>\n<li style=\"text-align: justify;\"><strong>RESPIRATORIAS:<\/strong> neumon\u00eda, asma.<\/li>\n<li style=\"text-align: justify;\"><strong>SISTEMA NERVIOSO:<\/strong> epilepsia, parkinson, psicosis, ansiedad.<\/li>\n<li style=\"text-align: justify;\"><strong>CATASTR\u00d3FICAS<\/strong>: c\u00e1ncer, insuficiencia renal, tumor cerebral.<\/li>\n<li style=\"text-align: justify;\"><strong>OTRAS:<\/strong> VIH, hipertiroidismo, anti infecciosos, antivirales, vacunas, analg\u00e9sicos, anest\u00e9sicos<\/li>\n<\/ul>\n<p>&nbsp;<\/p>\n<p><center><a href=\"http:\/\/portal.compraspublicas.gob.ec\/sercop\/wp-content\/uploads\/2016\/08\/sicm_seccion_agosto.jpg\"> <img loading=\"lazy\" class=\"aligncenter size-full wp-image-15364\" src=\"http:\/\/portal.compraspublicas.gob.ec\/sercop\/wp-content\/uploads\/2016\/08\/sicm_seccion_agosto.jpg\" alt=\"sicm_seccion_agosto\" width=\"591\" height=\"331\" srcset=\"https:\/\/portal.compraspublicas.gob.ec\/sercop\/wp-content\/uploads\/2016\/08\/sicm_seccion_agosto.jpg 591w, https:\/\/portal.compraspublicas.gob.ec\/sercop\/wp-content\/uploads\/2016\/08\/sicm_seccion_agosto-300x168.jpg 300w\" sizes=\"(max-width: 591px) 100vw, 591px\" \/><\/a><\/center><\/p>\n","protected":false},"excerpt":{"rendered":"<p class=\"excerpt\">Medicamentos de calidad y a precio justo para los centros p\u00fablicos de salud del pa\u00eds La Subasta Inversa Corporativa de Medicamentos es una iniciativa que se implementa en cumplimiento de lo que establece la Constituci\u00f3n del Ecuador: Universalizar la atenci\u00f3n en salud, mejorar permanentemente la calidad y ampliar la cobertura. Garantizar la disponibilidad y acceso a medicamentos de calidad, seguros&hellip; <a href=\"https:\/\/portal.compraspublicas.gob.ec\/sercop\/medicamentos-de-calidad\/\">Read more &rarr;<\/a><\/p>\n","protected":false},"author":1,"featured_media":0,"parent":0,"menu_order":0,"comment_status":"closed","ping_status":"closed","template":"medicamentos.php","meta":[],"_links":{"self":[{"href":"https:\/\/portal.compraspublicas.gob.ec\/sercop\/wp-json\/wp\/v2\/pages\/15365"}],"collection":[{"href":"https:\/\/portal.compraspublicas.gob.ec\/sercop\/wp-json\/wp\/v2\/pages"}],"about":[{"href":"https:\/\/portal.compraspublicas.gob.ec\/sercop\/wp-json\/wp\/v2\/types\/page"}],"author":[{"embeddable":true,"href":"https:\/\/portal.compraspublicas.gob.ec\/sercop\/wp-json\/wp\/v2\/users\/1"}],"replies":[{"embeddable":true,"href":"https:\/\/portal.compraspublicas.gob.ec\/sercop\/wp-json\/wp\/v2\/comments?post=15365"}],"version-history":[{"count":0,"href":"https:\/\/portal.compraspublicas.gob.ec\/sercop\/wp-json\/wp\/v2\/pages\/15365\/revisions"}],"wp:attachment":[{"href":"https:\/\/portal.compraspublicas.gob.ec\/sercop\/wp-json\/wp\/v2\/media?parent=15365"}],"curies":[{"name":"wp","href":"https:\/\/api.w.org\/{rel}","templated":true}]}}