{"id":15442,"date":"2016-08-18T12:41:25","date_gmt":"2016-08-18T17:41:25","guid":{"rendered":"http:\/\/portal.compraspublicas.gob.ec\/sercop\/?page_id=15442"},"modified":"2016-08-18T12:51:59","modified_gmt":"2016-08-18T17:51:59","slug":"repertorio-de-medicamentos","status":"publish","type":"page","link":"https:\/\/portal.compraspublicas.gob.ec\/sercop\/repertorio-de-medicamentos\/","title":{"rendered":"Repertorio de Medicamentos"},"content":{"rendered":"<p style=\"text-align: center;\"><strong>Conoce c\u00f3mo funciona la plataforma a trav\u00e9s de la cual los Centros de Salud del pa\u00eds adquieren medicamentos<\/strong><\/p>\n<p style=\"text-align: justify;\">El Cat\u00e1logo Electr\u00f3nico de Medicamentos tambi\u00e9n conocido como <strong>Repertorio de Medicamentos<\/strong> es parte de la plataforma electr\u00f3nica de compra p\u00fablica del Ecuador <span style=\"color: #0000ff;\"><a style=\"color: #0000ff;\" href=\"https:\/\/catalogo.compraspublicas.gob.ec\/categoria\/3\"><strong>catalogo.compraspublicas.gob.ec<\/strong><\/a><\/span><\/p>\n<p style=\"text-align: justify;\">Si una unidad de salud tiene necesidad de adquirir medicamentos lo hace a trav\u00e9s de dicha plataforma.\u00a0 De manera \u00e1gil, eficiente, cero papeles y, a tan solo un clic hace su pedido de medicamentos. Autom\u00e1ticamente la empresa farmac\u00e9utica que fue adjudicada en la Subasta Inversa Corporativa, recibe una orden de compra y tienen 15 d\u00edas de plazo para entregar el producto en la puerta del centro de salud, en cualquier cant\u00f3n, provincia, regi\u00f3n.<\/p>\n<p style=\"text-align: justify;\">Esta plataforma, por su f\u00e1cil acceso, permite que la ciudadan\u00eda conozca qu\u00e9 centros de salud est\u00e1n comprando medicamentos, a qu\u00e9 precio y en qu\u00e9 cantidad. De esta manera se verifica que exista un abastecimiento oportuno en los centros de salud y, sobre todo, la ciudadan\u00eda obtiene informaci\u00f3n para exigir la entrega de medicamentos en los centros de salud, caso contrario, alertar al SERCOP y a la Red P\u00fablica Integral de Salud.<\/p>\n<p>\u00a0<span style=\"color: #0000ff;\"><a style=\"color: #0000ff;\" href=\"http:\/\/portal.compraspublicas.gob.ec\/sercop\/wp-content\/uploads\/2016\/08\/tutorial_compra_medicamentos.pdf\"><strong>Ver tutorial de adquisici\u00f3n de medicamentos mediante portal de compras p\u00fablicas<\/strong><\/a><\/span><\/p>\n<p><span style=\"color: #0000ff;\"><a style=\"color: #0000ff;\" href=\"https:\/\/catalogo.compraspublicas.gob.ec\/\"><strong>Ir a cat\u00e1logo electr\u00f3nico de repertorio de medicamentos<\/strong><\/a><\/span><\/p>\n","protected":false},"excerpt":{"rendered":"<p class=\"excerpt\">Conoce c\u00f3mo funciona la plataforma a trav\u00e9s de la cual los Centros de Salud del pa\u00eds adquieren medicamentos El Cat\u00e1logo Electr\u00f3nico de Medicamentos tambi\u00e9n conocido como Repertorio de Medicamentos es parte de la plataforma electr\u00f3nica de compra p\u00fablica del Ecuador catalogo.compraspublicas.gob.ec Si una unidad de salud tiene necesidad de adquirir medicamentos lo hace a trav\u00e9s de dicha plataforma.\u00a0 De manera&hellip; <a href=\"https:\/\/portal.compraspublicas.gob.ec\/sercop\/repertorio-de-medicamentos\/\">Read more &rarr;<\/a><\/p>\n","protected":false},"author":1,"featured_media":0,"parent":0,"menu_order":0,"comment_status":"closed","ping_status":"closed","template":"medicamentos.php","meta":[],"_links":{"self":[{"href":"https:\/\/portal.compraspublicas.gob.ec\/sercop\/wp-json\/wp\/v2\/pages\/15442"}],"collection":[{"href":"https:\/\/portal.compraspublicas.gob.ec\/sercop\/wp-json\/wp\/v2\/pages"}],"about":[{"href":"https:\/\/portal.compraspublicas.gob.ec\/sercop\/wp-json\/wp\/v2\/types\/page"}],"author":[{"embeddable":true,"href":"https:\/\/portal.compraspublicas.gob.ec\/sercop\/wp-json\/wp\/v2\/users\/1"}],"replies":[{"embeddable":true,"href":"https:\/\/portal.compraspublicas.gob.ec\/sercop\/wp-json\/wp\/v2\/comments?post=15442"}],"version-history":[{"count":0,"href":"https:\/\/portal.compraspublicas.gob.ec\/sercop\/wp-json\/wp\/v2\/pages\/15442\/revisions"}],"wp:attachment":[{"href":"https:\/\/portal.compraspublicas.gob.ec\/sercop\/wp-json\/wp\/v2\/media?parent=15442"}],"curies":[{"name":"wp","href":"https:\/\/api.w.org\/{rel}","templated":true}]}}