{"id":15725,"date":"2016-09-01T18:22:27","date_gmt":"2016-09-01T23:22:27","guid":{"rendered":"http:\/\/portal.compraspublicas.gob.ec\/sercop\/?page_id=15725"},"modified":"2025-12-11T08:11:54","modified_gmt":"2025-12-11T13:11:54","slug":"anexos","status":"publish","type":"page","link":"https:\/\/portal.compraspublicas.gob.ec\/sercop\/anexos\/","title":{"rendered":"Normativa"},"content":{"rendered":"<p><a style=\"display: flex;\"><img loading=\"lazy\" class=\"alignnone size-large wp-image-59326\" src=\"https:\/\/portal.compraspublicas.gob.ec\/sercop\/wp-content\/uploads\/2024\/08\/Mesa-de-trabajo-2-copia-5@3x-1024x256.png\" alt=\"\" width=\"750\" height=\"188\" srcset=\"https:\/\/portal.compraspublicas.gob.ec\/sercop\/wp-content\/uploads\/2024\/08\/Mesa-de-trabajo-2-copia-5@3x-1024x256.png 1024w, https:\/\/portal.compraspublicas.gob.ec\/sercop\/wp-content\/uploads\/2024\/08\/Mesa-de-trabajo-2-copia-5@3x-300x75.png 300w, https:\/\/portal.compraspublicas.gob.ec\/sercop\/wp-content\/uploads\/2024\/08\/Mesa-de-trabajo-2-copia-5@3x-768x192.png 768w, https:\/\/portal.compraspublicas.gob.ec\/sercop\/wp-content\/uploads\/2024\/08\/Mesa-de-trabajo-2-copia-5@3x-1536x384.png 1536w, https:\/\/portal.compraspublicas.gob.ec\/sercop\/wp-content\/uploads\/2024\/08\/Mesa-de-trabajo-2-copia-5@3x-2048x513.png 2048w\" sizes=\"(max-width: 750px) 100vw, 750px\" \/><\/a><br \/>\n<!--\n\n\n<h3><a href=\"https:\/\/portal.compraspublicas.gob.ec\/sercop\/wp-content\/uploads\/2022\/03\/Codificaci\u00f3n.pdf\"><span style=\"color: #0000ff;\">Codificaci\u00f3n de Resoluciones (Descargar)<\/span><\/a><\/h3>\n\n\n--><br \/>\n<!--\n\n\n<h3><a href=\"https:\/\/portal.compraspublicas.gob.ec\/sercop\/wp-content\/uploads\/2022\/04\/codificaci\u00d3n_y_actualizacion_de_resoluciones_emitidas_por_el_sercop.pdf\"><span style=\"color: #0000ff;\">Codificaci\u00f3n de Resoluciones (Descargar)<\/span><\/a><\/h3>\n\n\n--><\/p>\n<h3><strong><span style=\"color: #0000ff;\">ANEXOS VIGENTES<\/span><\/strong><\/h3>\n<div dir=\"ltr\" data-canvas-width=\"5.253731679916382\" data-font-name=\"g_font_p0_7\">\n<h3><a name=\"_Toc460445962\"><\/a>ANEXOS DE RESOLUCI\u00d3N Nro. R.E-SERCOP-2023-0134<\/h3>\n<p><a href=\"https:\/\/portal.compraspublicas.gob.ec\/sercop\/wp-content\/uploads\/2023\/08\/ANEXO-1-GLOSARIO-DE-TERMINOS.pdf\"><strong>ANEXO 1<\/strong><\/a> Glosario de T\u00e9rminos<\/p>\n<p><a href=\"https:\/\/portal.compraspublicas.gob.ec\/sercop\/wp-content\/uploads\/2023\/11\/ANEXO-3-METODOLOGI\u0301A-DESAGREGACIO\u0301N-TECNOLO\u0301GICA-OBRAS.pdf\"><strong>ANEXO 3<\/strong><\/a> Metodologi\u0301a para la Elaboracio\u0301n de Estudios de Desagregacio\u0301n Tecnolo\u0301gica en la Contratacio\u0301n de Obras<\/p>\n<p><strong><a href=\"https:\/\/portal.compraspublicas.gob.ec\/sercop\/wp-content\/uploads\/2023\/08\/ANEXO-4-Requerimientos-de-Transferencia-de-Tecnologi\u0301a-Para-Bienes-Importados-Adquiridos-imp-CPC.pdf\">ANEXO 4<\/a> <\/strong>Requerimientos de Transferencia de Tecnologi\u0301a Para Bienes Importados Adquiridos en la Contrataci\u00f3n P\u00fablica por CPC<\/p>\n<p><a href=\"https:\/\/portal.compraspublicas.gob.ec\/sercop\/wp-content\/uploads\/2023\/08\/ANEXO-5-Lineamientos-de-vinculacion-especifica-aplicables-a-los-procedimientos-de-contratacion.pdf\"><strong>ANEXO 5<\/strong><\/a> Lineamientos de Vinculaci\u00f3n Espec\u00edfica Aplicables a los Procedimientos de Contrataci\u00f3n<\/p>\n<p><a href=\"https:\/\/portal.compraspublicas.gob.ec\/sercop\/wp-content\/uploads\/2023\/08\/ANEXO-6-Listado-Co\u0301digos-CPC-Nivel-9-\u2013-Subasta-Inversa-Simplificada.pdf\"><strong>ANEXO 6<\/strong><\/a> Listado Co\u0301digos CPC Nivel 9 \u2013 Subasta Inversa Simplificada<\/p>\n<p><a href=\"https:\/\/portal.compraspublicas.gob.ec\/sercop\/wp-content\/uploads\/2023\/08\/ANEXO-8-Metodologi\u0301a-para-la-Declaracio\u0301n-y-Verificacio\u0301n-de-Valor-Ecuatoriano-en-Software.pdf\"><strong>ANEXO 8<\/strong><\/a> Metodologi\u0301a para la Declaracio\u0301n y Verificacio\u0301n de Valor Ecuatoriano en Software<\/p>\n<p><a href=\"https:\/\/portal.compraspublicas.gob.ec\/sercop\/wp-content\/uploads\/2023\/10\/ANEXO-9-RE-SERCOP-2023-0137-signed-signed-signed-signed-signed-1-signed-signed-signed-signed.pdf\"><strong>ANEXO 9 <\/strong><\/a>Reglas de Participaci\u00f3n<\/p>\n<p><a href=\"https:\/\/portal.compraspublicas.gob.ec\/sercop\/wp-content\/uploads\/2023\/11\/ANEXO-11.doc\"><strong>ANEXO 11<\/strong><\/a> (Art\u00edculo &#8211; 352 Normativa Secundaria) Formato De Aviso De Contrataci\u00f3n P\u00fablica Prevista<\/p>\n<p><a href=\"https:\/\/portal.compraspublicas.gob.ec\/sercop\/wp-content\/uploads\/2023\/11\/ANEXO-12-DECLARACIO\u0301N-DE-BENEFICIARIO-FINAL.doc\"><strong>ANEXO 12<\/strong> <\/a>N\u00f3mina de Accionistas, Part\u00edcipes o Socios Mayoritarios de Personas Jur\u00eddicas y Declaraci\u00f3n del Beneficiario Final<\/p>\n<p><a href=\"https:\/\/portal.compraspublicas.gob.ec\/sercop\/wp-content\/uploads\/2023\/11\/ANEXO-13-MODELO-DE-CONTRATO.doc\"><strong>ANEXO 13<\/strong><\/a> Modelo \u00danico de Contrato para Procedimientos de Contrataci\u00f3n<\/p>\n<p><a href=\"https:\/\/portal.compraspublicas.gob.ec\/sercop\/wp-content\/uploads\/2023\/11\/ANEXO-14-ACUERDO-DE-INTEGRIDAD.doc\"><strong>ANEXO 14<\/strong> <\/a>Formulario \u00danico De Acuerdo De Integridad<\/p>\n<\/div>\n<p>&nbsp;<\/p>\n<h3><a name=\"_Toc460445962\"><\/a>OTROS ANEXOS<\/h3>\n<p><a href=\"https:\/\/portal.compraspublicas.gob.ec\/sercop\/wp-content\/uploads\/2020\/04\/Anexo-8.pdf\"><strong>Anexo 8<\/strong>\u00a0 <\/a>Modelo de Convenio de Asociatividad Temporal para realizar Compras Corporativas<\/p>\n<p><a href=\"https:\/\/portal.compraspublicas.gob.ec\/sercop\/wp-content\/uploads\/2020\/04\/Anexo-9.pdf\"><strong>Anexo 9\u00a0 <\/strong><\/a>Modelo de Formulario de Denuncias<\/p>\n<p><!--\n<a href=\"https:\/\/portal.compraspublicas.gob.ec\/sercop\/wp-content\/uploads\/2020\/04\/Anexo-10.pdf\">Anexo 10<\/a>\n<a href=\"https:\/\/portal.compraspublicas.gob.ec\/sercop\/wp-content\/uploads\/2020\/04\/Anexo-11.pdf\">Anexo 11<\/a>\n<a href=\"https:\/\/portal.compraspublicas.gob.ec\/sercop\/wp-content\/uploads\/2020\/04\/Anexo-12.pdf\">Anexo 12<\/a>\n<a href=\"https:\/\/portal.compraspublicas.gob.ec\/sercop\/wp-content\/uploads\/2020\/04\/Anexo-13.pdf\">Anexo 13<\/a>\n<a href=\"https:\/\/portal.compraspublicas.gob.ec\/sercop\/wp-content\/uploads\/2020\/04\/Anexo-14.pdf\">Anexo 14<\/a>--><strong><a href=\"https:\/\/portal.compraspublicas.gob.ec\/sercop\/wp-content\/uploads\/2020\/04\/Anexo-15.pdf\">Anexo 15 <\/a><\/strong>Agregados Territoriales<\/p>\n<p><!--\n<a href=\"https:\/\/portal.compraspublicas.gob.ec\/sercop\/wp-content\/uploads\/2020\/04\/Anexo-17.pdf\">Anexo 17<\/a>--><strong><a href=\"https:\/\/portal.compraspublicas.gob.ec\/sercop\/wp-content\/uploads\/2020\/04\/Anexo-19.pdf\">Anexo 19 <\/a><\/strong>Modelo de Pliegos BID<\/p>\n<p><!--\n<span style=\"color: #0000ff;\"><strong><a style=\"color: #0000ff;\" href=\"https:\/\/portal.compraspublicas.gob.ec\/sercop\/wp-content\/uploads\/2016\/09\/Anexo-19-Pliegos-BID.rar\">Anexo 19:<\/a><\/strong><\/span> Pliegos BID\n\n<span style=\"color: #0000ff;\"><strong><a style=\"color: #0000ff;\" href=\"https:\/\/portal.compraspublicas.gob.ec\/sercop\/wp-content\/uploads\/2017\/01\/Anexo-20-Requerimientos-de-Transferencia-de-Tecnolog\u00eda-para-bienes-importados-adquiridos-en-la-contrataci\u00f3n-p\u00fablica-por-CPC-Listado-de-CPC-reformado..pdf\">Anexo 20:<\/a><\/strong><\/span> Requerimientos de Transferencia de Tecnolog\u00eda para bienes importados adquiridos en la contrataci\u00f3n p\u00fablica por CPC.\n\n<span style=\"color: #0000ff;\"><strong><a style=\"color: #0000ff;\" href=\"https:\/\/portal.compraspublicas.gob.ec\/sercop\/wp-content\/uploads\/2016\/11\/Anexo-21-CPC-obligatorios-para-la-Desagregaci\u00f3n-Tecnol\u00f3gica-de-bienes-importados-adquiridos-en-la-contrataci\u00f3n-p\u00fablica.pdf\">Anexo 21:<\/a><\/strong><\/span> CPC obligatorios para la Desagregaci\u00f3n Tecnol\u00f3gica de bienes importados adquiridos en la contrataci\u00f3n p\u00fablica.\n--><\/p>\n","protected":false},"excerpt":{"rendered":"<p class=\"excerpt\">ANEXOS VIGENTES ANEXOS DE RESOLUCI\u00d3N Nro. R.E-SERCOP-2023-0134 ANEXO 1 Glosario de T\u00e9rminos ANEXO 3 Metodologi\u0301a para la Elaboracio\u0301n de Estudios de Desagregacio\u0301n Tecnolo\u0301gica en la Contratacio\u0301n de Obras ANEXO 4 Requerimientos de Transferencia de Tecnologi\u0301a Para Bienes Importados Adquiridos en la Contrataci\u00f3n P\u00fablica por CPC ANEXO 5 Lineamientos de Vinculaci\u00f3n Espec\u00edfica Aplicables a los Procedimientos de Contrataci\u00f3n ANEXO 6 Listado&hellip; <a href=\"https:\/\/portal.compraspublicas.gob.ec\/sercop\/anexos\/\">Read more &rarr;<\/a><\/p>\n","protected":false},"author":1,"featured_media":0,"parent":0,"menu_order":0,"comment_status":"closed","ping_status":"closed","template":"menugenerico.php","meta":[],"_links":{"self":[{"href":"https:\/\/portal.compraspublicas.gob.ec\/sercop\/wp-json\/wp\/v2\/pages\/15725"}],"collection":[{"href":"https:\/\/portal.compraspublicas.gob.ec\/sercop\/wp-json\/wp\/v2\/pages"}],"about":[{"href":"https:\/\/portal.compraspublicas.gob.ec\/sercop\/wp-json\/wp\/v2\/types\/page"}],"author":[{"embeddable":true,"href":"https:\/\/portal.compraspublicas.gob.ec\/sercop\/wp-json\/wp\/v2\/users\/1"}],"replies":[{"embeddable":true,"href":"https:\/\/portal.compraspublicas.gob.ec\/sercop\/wp-json\/wp\/v2\/comments?post=15725"}],"version-history":[{"count":63,"href":"https:\/\/portal.compraspublicas.gob.ec\/sercop\/wp-json\/wp\/v2\/pages\/15725\/revisions"}],"predecessor-version":[{"id":63443,"href":"https:\/\/portal.compraspublicas.gob.ec\/sercop\/wp-json\/wp\/v2\/pages\/15725\/revisions\/63443"}],"wp:attachment":[{"href":"https:\/\/portal.compraspublicas.gob.ec\/sercop\/wp-json\/wp\/v2\/media?parent=15725"}],"curies":[{"name":"wp","href":"https:\/\/api.w.org\/{rel}","templated":true}]}}