{"id":15780,"date":"2016-09-02T19:16:51","date_gmt":"2016-09-03T00:16:51","guid":{"rendered":"http:\/\/portal.compraspublicas.gob.ec\/sercop\/?page_id=15780"},"modified":"2016-12-08T12:13:34","modified_gmt":"2016-12-08T17:13:34","slug":"15780-2","status":"publish","type":"page","link":"https:\/\/portal.compraspublicas.gob.ec\/sercop\/15780-2\/","title":{"rendered":"Canastas de productos l\u00e1cteos y c\u00e1rnicos"},"content":{"rendered":"<p style=\"text-align: justify;\"><a href=\"http:\/\/portal.compraspublicas.gob.ec\/sercop\/wp-content\/uploads\/2016\/09\/leche-imagen.png\"><img loading=\"lazy\" class=\"aligncenter  wp-image-15785\" src=\"http:\/\/portal.compraspublicas.gob.ec\/sercop\/wp-content\/uploads\/2016\/09\/leche-imagen.png\" alt=\"leche-imagen\" width=\"782\" height=\"451\" srcset=\"https:\/\/portal.compraspublicas.gob.ec\/sercop\/wp-content\/uploads\/2016\/09\/leche-imagen.png 1000w, https:\/\/portal.compraspublicas.gob.ec\/sercop\/wp-content\/uploads\/2016\/09\/leche-imagen-300x173.png 300w\" sizes=\"(max-width: 782px) 100vw, 782px\" \/><\/a><\/p>\n<p style=\"text-align: justify;\">Con el objetivo de adquirir los bienes \u201cCANASTAS DE PRODUCTOS L\u00c1CTEOS Y DERIVADOS, CANASTA DE PRODUCTOS C\u00c1RNICOS Y HUEVOS y CANASTA DE PESCADOS Y MARISCOS\u201d a los actores de la econom\u00eda popular y solidaria y artesanos, se desarroll\u00f3 el Cat\u00e1logo Inclusivo que agrupa este tipo de bien, con este antecedente se presenta la incorporaci\u00f3n de nuevos productos al presente cat\u00e1logo.<\/p>\n<p style=\"text-align: justify;\">Si\u00a0 te interesa participar en el Cat\u00e1logo Inclusivo \u201cPROVISI\u00d3N DE ALIMENTOS- CANASTAS DE PRODUCTOS L\u00c1CTEOS Y DERIVADOS\u201d, publicado mediante <span style=\"color: #0000ff;\"><a style=\"color: #0000ff;\" href=\"http:\/\/portal.compraspublicas.gob.ec\/sercop\/wp-content\/uploads\/2016\/09\/oficio_circular_070.pdf\">Oficio Circular<\/a><\/span>\u00a0 adjunto, debes catalogarte en el procedimiento CDI-SERCOP-008-2016, por favor revisa los requisitos m\u00ednimos de participaci\u00f3n de la siguiente ficha t\u00e9cnica:<\/p>\n<p style=\"text-align: justify;\"><span style=\"color: #0000ff;\"><a style=\"color: #0000ff;\" href=\"http:\/\/portal.compraspublicas.gob.ec\/sercop\/wp-content\/uploads\/2016\/12\/FICHA__Lacteos_derivados.pdf\"><span style=\"color: #0000ff;\">&#8211; CANASTA DE PRODUCTOS L\u00c1CTEOS Y DERIVADOS<\/span> <\/a><\/span><br \/>\n<span style=\"color: #0000ff;\"><a style=\"color: #0000ff;\" href=\"http:\/\/portal.compraspublicas.gob.ec\/sercop\/wp-content\/uploads\/2016\/12\/FICHA__canasta_carnicos_huevos.pdf\">&#8211; CANASTA DE PRODUCTOS C\u00c1RNICOS Y HUEVOS<\/a>\u00a0 <\/span><br \/>\n<span style=\"color: #0000ff;\"><a style=\"color: #0000ff;\" href=\"http:\/\/portal.compraspublicas.gob.ec\/sercop\/wp-content\/uploads\/2016\/09\/FICHA__canasta_Pescado_Marisco.pdf\">&#8211; CANASTA DE PESCADOS Y MARISCOS<\/a><\/span><\/p>\n<p style=\"text-align: justify;\">Los proveedores catalogados al procedimiento CDI-SERCOP-008-2016, deben presentar:<br \/>\n<span style=\"color: #0000ff;\"><a style=\"color: #0000ff;\" href=\"http:\/\/portal.compraspublicas.gob.ec\/sercop\/wp-content\/uploads\/2016\/09\/MANIFESTACIoN_DE_INTEReS_LACTEOS_CARNICOS_PESCADOSyMARISCOS.docx\">1. Manifestaci\u00f3n de Inter\u00e9s .<\/a><\/span><\/p>\n<p><strong>INCORPORACI\u00d3N NUEVOS PROVEEDORES<\/strong><br \/>\n1.\u00a0\u00a0 \u00a0Lee y analiza el <span style=\"color: #0000ff;\"><a style=\"color: #0000ff;\" href=\"http:\/\/portal.compraspublicas.gob.ec\/sercop\/wp-content\/uploads\/2016\/09\/pliegoProvisiondeAlimentos.pdf\">pliego<\/a><\/span>\u00a0 detenidamente para que conozcas acerca del proceso de catalogaci\u00f3n para el bien de provisi\u00f3n de alimentos.<\/p>\n<p>2.\u00a0 Llena los <span style=\"color: #0000ff;\"><a style=\"color: #0000ff;\" href=\"http:\/\/portal.compraspublicas.gob.ec\/sercop\/wp-content\/uploads\/2016\/09\/FORMULARIO-NUEVOS-PROVEEDORES_CANASTAS_lacteos1.docx\">formularios<\/a><\/span>\u00a0 y requisitos que se solicitan en los pliegos. Recuerda que los formularios y los requisitos deben estar sumillados y numerados.<br \/>\n3.\u00a0\u00a0 \u00a0Elabora un oficio dirigido al Econ. Santiago V\u00e1squez, Director General del SERCOP, solicitando tu incorporaci\u00f3n al Cat\u00e1logo Din\u00e1mico Inclusivo (<span style=\"color: #0000ff;\"><a style=\"color: #0000ff;\" href=\"http:\/\/portal.compraspublicas.gob.ec\/sercop\/wp-content\/uploads\/2016\/09\/modelo-de-oficio-11.docx\">Descarga modelo de oficio<\/a><\/span>) .<\/p>\n<p>Entrega los documentos en un sobre cerrado en la ventanilla del SERCOP m\u00e1s cercana. <span style=\"color: #0000ff;\"><a style=\"color: #0000ff;\" href=\"http:\/\/portal.compraspublicas.gob.ec\/sercop\/contacto\/\"><em>Conoce d\u00f3nde estamos ubicados<\/em><\/a><\/span><\/p>\n","protected":false},"excerpt":{"rendered":"<p class=\"excerpt\">Con el objetivo de adquirir los bienes \u201cCANASTAS DE PRODUCTOS L\u00c1CTEOS Y DERIVADOS, CANASTA DE PRODUCTOS C\u00c1RNICOS Y HUEVOS y CANASTA DE PESCADOS Y MARISCOS\u201d a los actores de la econom\u00eda popular y solidaria y artesanos, se desarroll\u00f3 el Cat\u00e1logo Inclusivo que agrupa este tipo de bien, con este antecedente se presenta la incorporaci\u00f3n de nuevos productos al presente cat\u00e1logo.&hellip; <a href=\"https:\/\/portal.compraspublicas.gob.ec\/sercop\/15780-2\/\">Read more &rarr;<\/a><\/p>\n","protected":false},"author":1,"featured_media":0,"parent":0,"menu_order":0,"comment_status":"closed","ping_status":"closed","template":"catalogo.php","meta":[],"_links":{"self":[{"href":"https:\/\/portal.compraspublicas.gob.ec\/sercop\/wp-json\/wp\/v2\/pages\/15780"}],"collection":[{"href":"https:\/\/portal.compraspublicas.gob.ec\/sercop\/wp-json\/wp\/v2\/pages"}],"about":[{"href":"https:\/\/portal.compraspublicas.gob.ec\/sercop\/wp-json\/wp\/v2\/types\/page"}],"author":[{"embeddable":true,"href":"https:\/\/portal.compraspublicas.gob.ec\/sercop\/wp-json\/wp\/v2\/users\/1"}],"replies":[{"embeddable":true,"href":"https:\/\/portal.compraspublicas.gob.ec\/sercop\/wp-json\/wp\/v2\/comments?post=15780"}],"version-history":[{"count":0,"href":"https:\/\/portal.compraspublicas.gob.ec\/sercop\/wp-json\/wp\/v2\/pages\/15780\/revisions"}],"wp:attachment":[{"href":"https:\/\/portal.compraspublicas.gob.ec\/sercop\/wp-json\/wp\/v2\/media?parent=15780"}],"curies":[{"name":"wp","href":"https:\/\/api.w.org\/{rel}","templated":true}]}}