{"id":15969,"date":"2016-09-07T17:14:05","date_gmt":"2016-09-07T22:14:05","guid":{"rendered":"http:\/\/portal.compraspublicas.gob.ec\/sercop\/?page_id=15969"},"modified":"2016-09-07T18:05:21","modified_gmt":"2016-09-07T23:05:21","slug":"15969-2","status":"publish","type":"page","link":"https:\/\/portal.compraspublicas.gob.ec\/sercop\/15969-2\/","title":{"rendered":"Cap\u00edtulo IV"},"content":{"rendered":"<p style=\"text-align: center;\"><strong>C\u00c1LCULO DEL PRESUPUESTO REFERENCIAL A SER UTILIZADO EN UN PROCEDIMIENTO DE CONTRATACI\u00d3N P\u00daBLICA DE BIENES, SERVICIOS O EJECUCI\u00d3N DE OBRAS<\/strong><\/p>\n<p style=\"text-align: justify;\">Art. 147.- Procedimiento.- Para la determinaci\u00f3n del presupuesto referencial se deber\u00e1 tomar como referencia el \u00faltimo valor de adjudicaci\u00f3n que haya realizado la propia entidad contratante o cualquier otra entidad referente a la adquisici\u00f3n de un bien, prestaci\u00f3n de servicio incluido consultor\u00eda o ejecuci\u00f3n de obras; de caracter\u00edsticas, especificaciones t\u00e9cnicas o t\u00e9rminos de referencia que determinen un alcance similar a las requeridas por la entidad contratante.<\/p>\n<p style=\"text-align: justify;\">En el caso de adquisici\u00f3n de bienes, se aplicar\u00e1 la siguiente f\u00f3rmula:<\/p>\n<p style=\"text-align: justify;\">Pref = Pu * Q<\/p>\n<p style=\"text-align: justify;\">Donde:<\/p>\n<p style=\"text-align: justify;\">Pref = Presupuesto referencial de procedimiento de contrataci\u00f3n similar<br \/>\nPu= Precio unitario del bien requerido que deber\u00e1 ser menor o igual que el \u00faltimo valor adjudicado por un bien de similares especificaciones t\u00e9cnicas (Pt-1).<br \/>\nQ= Cantidad requerida<\/p>\n<p style=\"text-align: justify;\">Para el caso de prestaci\u00f3n de servicios incluidos los de consultor\u00eda y ejecuci\u00f3n de obras, se tomar\u00e1 en cuenta los valores hist\u00f3ricos de adjudicaci\u00f3n de contrataciones anteriores en condiciones similares, lo cual deber\u00e1 constar obligatoriamente dentro de los t\u00e9rminos de referencia que ser\u00e1n parte del nuevo procedimiento de contrataci\u00f3n.<\/p>\n<p style=\"text-align: justify;\">Art. 148.- Actualizaci\u00f3n de informaci\u00f3n.- Para el uso de la informaci\u00f3n disponible referente a precios anteriores de adjudicaci\u00f3n de los bienes, servicios, incluidos los de consultor\u00eda o ejecuci\u00f3n de obras requeridos por la entidad contratante se deber\u00e1 observar:<\/p>\n<p style=\"text-align: justify;\">1.\u00a0\u00a0 \u00a0Si los precios de adjudicaciones anteriores corresponden al mismo mes en que se realizar\u00e1 la publicaci\u00f3n del nuevo procedimiento de contrataci\u00f3n, se tomar\u00e1 en cuenta el valor m\u00e1s bajo de adjudicaci\u00f3n dentro del mismo mes.<br \/>\n2.\u00a0\u00a0 \u00a0Si los precios de adjudicaciones anteriores corresponden a distintos meses, \u00e9stos deber\u00e1n actualizarse a la fecha de la nueva contrataci\u00f3n en base a la inflaci\u00f3n acumulada durante los meses de diferencia. Para ello la \u00fanica informaci\u00f3n oficial ser\u00e1 la que sea publicada mensualmente como inflaci\u00f3n mensual por el Instituto Nacional de Estad\u00edsticas y Censos (INEC). La entidad contratante deber\u00e1 actualizar el precio a partir de la inflaci\u00f3n acumulada entre los meses de diferencia.<\/p>\n<p style=\"text-align: justify;\">De existir m\u00e1s de una adjudicaci\u00f3n anterior por parte de la entidad contratante u otras entidades sujetas al \u00e1mbito de la Ley Org\u00e1nica del Sistema Nacional de Contrataci\u00f3n P\u00fablica relevante para el establecimiento del presupuesto referencial, la entidad contratante usar\u00e1 el de menor valor unitario adjudicado.<\/p>\n<p style=\"text-align: justify;\">Las entidades contratantes deber\u00e1n utilizar el m\u00f3dulo buscador de procedimientos de contrataci\u00f3n p\u00fablica disponible en el Portal Institucional del Servicio Nacional de Contrataci\u00f3n P\u00fablica para determinar la existencia de contrataciones de bienes, prestaci\u00f3n de servicios, incluidos los de consultor\u00eda y ejecuci\u00f3n de obras de alcance similar al requerido. Para ello, buscar\u00e1n procedimientos de objetos contractuales similares, por palabras clave, dentro de los \u00faltimos veinticuatro (24) meses contados a partir de la fecha del informe de la unidad requirente que establezca la necesidad de contrataci\u00f3n.<\/p>\n<p style=\"text-align: justify;\">Art. 149.- Exigibilidad.- La entidad contratante deber\u00e1 considerar en sus pliegos para la adquisici\u00f3n de bienes, prestaci\u00f3n de servicios, incluidos los de consultor\u00eda o ejecuci\u00f3n de obras correspondientes a Procedimientos Din\u00e1micos, R\u00e9gimen Com\u00fan, R\u00e9gimen Especial y Procedimientos Especiales lo previsto en el presente Cap\u00edtulo.<\/p>\n<p style=\"text-align: justify;\">Del mismo modo, las entidades contratantes obligatoriamente deber\u00e1n publicar junto con el pliego respectivo el estudio realizado para la determinaci\u00f3n del presupuesto referencial con los sustentos del caso establecidos en esta Codificaci\u00f3n.<\/p>\n<p style=\"text-align: justify;\">Art. 150.- Excepci\u00f3n.- Para la determinaci\u00f3n del presupuesto referencial no se aplicar\u00e1 este Cap\u00edtulo cuando por situaciones macroecon\u00f3micas o de mercado se hayan alterado los precios a nivel nacional del bien, servicio o ejecuci\u00f3n de obra espec\u00edfico que se contrate. La entidad contratante deber\u00e1 dejar expl\u00edcita esta situaci\u00f3n en el estudio previo de mercado para definir dicho presupuesto referencial.<\/p>\n<p style=\"text-align: justify;\">Art. 151.- Monto de la certificaci\u00f3n presupuestaria.- Monto de la certificaci\u00f3n presupuestaria.- Las entidades contratantes para la emisi\u00f3n de la(s) certificaci\u00f3n(es) de disponibilidad presupuestaria, deber\u00e1n considerar el monto total del presupuesto referencial y el porcentaje del Impuesto al Valor Agregado, a fin de contar con los recursos econ\u00f3micos para el cumplimiento de las obligaciones contractuales.<\/p>\n","protected":false},"excerpt":{"rendered":"<p class=\"excerpt\">C\u00c1LCULO DEL PRESUPUESTO REFERENCIAL A SER UTILIZADO EN UN PROCEDIMIENTO DE CONTRATACI\u00d3N P\u00daBLICA DE BIENES, SERVICIOS O EJECUCI\u00d3N DE OBRAS Art. 147.- Procedimiento.- Para la determinaci\u00f3n del presupuesto referencial se deber\u00e1 tomar como referencia el \u00faltimo valor de adjudicaci\u00f3n que haya realizado la propia entidad contratante o cualquier otra entidad referente a la adquisici\u00f3n de un bien, prestaci\u00f3n de servicio&hellip; <a href=\"https:\/\/portal.compraspublicas.gob.ec\/sercop\/15969-2\/\">Read more &rarr;<\/a><\/p>\n","protected":false},"author":1,"featured_media":0,"parent":0,"menu_order":0,"comment_status":"closed","ping_status":"closed","template":"resoluciones_libro.php","meta":[],"_links":{"self":[{"href":"https:\/\/portal.compraspublicas.gob.ec\/sercop\/wp-json\/wp\/v2\/pages\/15969"}],"collection":[{"href":"https:\/\/portal.compraspublicas.gob.ec\/sercop\/wp-json\/wp\/v2\/pages"}],"about":[{"href":"https:\/\/portal.compraspublicas.gob.ec\/sercop\/wp-json\/wp\/v2\/types\/page"}],"author":[{"embeddable":true,"href":"https:\/\/portal.compraspublicas.gob.ec\/sercop\/wp-json\/wp\/v2\/users\/1"}],"replies":[{"embeddable":true,"href":"https:\/\/portal.compraspublicas.gob.ec\/sercop\/wp-json\/wp\/v2\/comments?post=15969"}],"version-history":[{"count":0,"href":"https:\/\/portal.compraspublicas.gob.ec\/sercop\/wp-json\/wp\/v2\/pages\/15969\/revisions"}],"wp:attachment":[{"href":"https:\/\/portal.compraspublicas.gob.ec\/sercop\/wp-json\/wp\/v2\/media?parent=15969"}],"curies":[{"name":"wp","href":"https:\/\/api.w.org\/{rel}","templated":true}]}}