{"id":16123,"date":"2016-09-13T16:32:26","date_gmt":"2016-09-13T21:32:26","guid":{"rendered":"http:\/\/portal.compraspublicas.gob.ec\/sercop\/?page_id=16123"},"modified":"2016-09-13T16:33:07","modified_gmt":"2016-09-13T21:33:07","slug":"16123-2","status":"publish","type":"page","link":"https:\/\/portal.compraspublicas.gob.ec\/sercop\/16123-2\/","title":{"rendered":"Cap\u00edtulo I"},"content":{"rendered":"<p style=\"text-align: center;\"><strong>NORMAS PARA REGULAR EL PROCEDIMIENTO DE SUBASTA INVERSA CORPORATIVA DE ALIMENTACI\u00d3N ESCOLAR<\/strong><\/p>\n<p style=\"text-align: center;\"><strong>CAP\u00cdTULO I<\/strong><br \/>\n<strong>GENERALIDADES<\/strong><\/p>\n<p style=\"text-align: center;\">\n<p style=\"text-align: justify;\">Art. 499.- Alcance.- El presente T\u00edtulo tiene por objeto regular el procedimiento de Subasta Inversa Corporativa de Alimentaci\u00f3n Escolar, que llevar\u00e1 a cabo el Servicio Nacional de Contrataci\u00f3n P\u00fablica \u2013Servicio Nacional de Contrataci\u00f3n P\u00fablica, y los miembros del Comit\u00e9 Interinstitucional de Alimentaci\u00f3n Escolar; para la adquisici\u00f3n de raciones alimenticias para los estudiantes de Educaci\u00f3n Inicial, Educaci\u00f3n General B\u00e1sica y Bachillerato de las unidades educativas del Milenio del Sistema P\u00fablico de Educaci\u00f3n, publicado a trav\u00e9s del Portal Institucional del Servicio Nacional de Contrataci\u00f3n P\u00fablica a trav\u00e9s del Cat\u00e1logo Electr\u00f3nico, www.compraspublicas.gob.ec.<\/p>\n<p style=\"text-align: justify;\">Art. 500.- Actualizaci\u00f3n de informaci\u00f3n en el Registro \u00danico de Proveedores.- Los oferentes interesados, para la participaci\u00f3n en el procedimiento de Subasta Inversa Corporativa de Alimentaci\u00f3n Escolar, deber\u00e1n actualizar los datos que mantienen registrados en el Registro \u00danico de Proveedores, mismos que ser\u00e1n utilizados para la presentaci\u00f3n de la oferta. Dicha actualizaci\u00f3n podr\u00e1 realizarse hasta antes de finalizar la etapa de entrega ofertas (formulario electr\u00f3nico de adhesi\u00f3n).<\/p>\n<p style=\"text-align: justify;\">Las personas naturales o jur\u00eddicas nacionales que no se hayan registrado previamente deber\u00e1n hacerlo en l\u00ednea a trav\u00e9s del Portal Institucional del Servicio Nacional de Contrataci\u00f3n P\u00fablica hasta antes de finalizar la etapa de entrega ofertas (formulario electr\u00f3nico de adhesi\u00f3n).<\/p>\n<p style=\"text-align: justify;\">Art. 501.- Verificaci\u00f3n de informaci\u00f3n y documentaci\u00f3n ingresada por los proveedores.- El Servicio Nacional de Contrataci\u00f3n P\u00fablica en cualquier etapa del procedimiento de la Subasta Inversa Corporativa de Alimentaci\u00f3n Escolar, podr\u00e1 realizar la verificaci\u00f3n correspondiente respecto de la documentaci\u00f3n e informaci\u00f3n que han ingresado los proveedores al momento de registrarse en el Registro \u00danico de Proveedores, as\u00ed como en el procedimiento de contrataci\u00f3n de la Subasta Inversa Corporativa de Alimentaci\u00f3n Escolar.<\/p>\n<p style=\"text-align: justify;\">En caso que el Servicio Nacional de Contrataci\u00f3n P\u00fablica identifique que la informaci\u00f3n o documentaci\u00f3n ingresada al Portal Institucional del Servicio Nacional de Contrataci\u00f3n P\u00fablica es err\u00f3nea, falsa o que no corresponda aplicar\u00e1 las sanciones legales respectivas a dicho proveedor.<\/p>\n","protected":false},"excerpt":{"rendered":"<p class=\"excerpt\">NORMAS PARA REGULAR EL PROCEDIMIENTO DE SUBASTA INVERSA CORPORATIVA DE ALIMENTACI\u00d3N ESCOLAR CAP\u00cdTULO I GENERALIDADES Art. 499.- Alcance.- El presente T\u00edtulo tiene por objeto regular el procedimiento de Subasta Inversa Corporativa de Alimentaci\u00f3n Escolar, que llevar\u00e1 a cabo el Servicio Nacional de Contrataci\u00f3n P\u00fablica \u2013Servicio Nacional de Contrataci\u00f3n P\u00fablica, y los miembros del Comit\u00e9 Interinstitucional de Alimentaci\u00f3n Escolar; para la&hellip; <a href=\"https:\/\/portal.compraspublicas.gob.ec\/sercop\/16123-2\/\">Read more &rarr;<\/a><\/p>\n","protected":false},"author":1,"featured_media":0,"parent":0,"menu_order":0,"comment_status":"closed","ping_status":"closed","template":"resoluciones_libro.php","meta":[],"_links":{"self":[{"href":"https:\/\/portal.compraspublicas.gob.ec\/sercop\/wp-json\/wp\/v2\/pages\/16123"}],"collection":[{"href":"https:\/\/portal.compraspublicas.gob.ec\/sercop\/wp-json\/wp\/v2\/pages"}],"about":[{"href":"https:\/\/portal.compraspublicas.gob.ec\/sercop\/wp-json\/wp\/v2\/types\/page"}],"author":[{"embeddable":true,"href":"https:\/\/portal.compraspublicas.gob.ec\/sercop\/wp-json\/wp\/v2\/users\/1"}],"replies":[{"embeddable":true,"href":"https:\/\/portal.compraspublicas.gob.ec\/sercop\/wp-json\/wp\/v2\/comments?post=16123"}],"version-history":[{"count":0,"href":"https:\/\/portal.compraspublicas.gob.ec\/sercop\/wp-json\/wp\/v2\/pages\/16123\/revisions"}],"wp:attachment":[{"href":"https:\/\/portal.compraspublicas.gob.ec\/sercop\/wp-json\/wp\/v2\/media?parent=16123"}],"curies":[{"name":"wp","href":"https:\/\/api.w.org\/{rel}","templated":true}]}}