{"id":16207,"date":"2016-09-16T16:00:31","date_gmt":"2016-09-16T21:00:31","guid":{"rendered":"http:\/\/portal.compraspublicas.gob.ec\/sercop\/?page_id=16207"},"modified":"2016-09-16T17:08:53","modified_gmt":"2016-09-16T22:08:53","slug":"resolucion-no-re-sercop-2016-0000072","status":"publish","type":"page","link":"https:\/\/portal.compraspublicas.gob.ec\/sercop\/resolucion-no-re-sercop-2016-0000072\/","title":{"rendered":"RESOLUCI\u00d3N No. RE- SERCOP-2016-0000072"},"content":{"rendered":"<p style=\"text-align: center;\"><strong>EL DIRECTOR GENERAL<\/strong><\/p>\n<p style=\"text-align: center;\"><strong>DEL SERVICIO NACIONAL DE CONTRATACI\u00d3N P\u00daBLICA<\/strong><\/p>\n<p>&nbsp;<\/p>\n<p>Considerando:<\/p>\n<p style=\"text-align: justify;\"><strong>Que,<\/strong> \u00a0\u00a0 \u00a0el art\u00edculo 226 de la Constituci\u00f3n de la Rep\u00fablica establece que: \u201cLas instituciones del Estado, sus organismos, dependencias, las servidoras o servidores p\u00fablicos y las personas que act\u00faen en virtud de una potestad estatal ejercer\u00e1n solamente las competencias y facultades que les sean atribuidas en la Constituci\u00f3n y la ley. Tendr\u00e1n el deber de coordinar acciones para el cumplimiento de sus fines y hacer efectivo el goce y ejercicio de los derechos reconocidos en la Constituci\u00f3n\u201d;<\/p>\n<p style=\"text-align: justify;\"><strong>Que,<\/strong> \u00a0\u00a0 \u00a0el art\u00edculo 227 ib\u00eddem establece que \u201cLa administraci\u00f3n p\u00fablica constituye un servicio a la colectividad que se rige por los principios de eficacia, eficiencia, calidad, jerarqu\u00eda, desconcentraci\u00f3n, descentralizaci\u00f3n, coordinaci\u00f3n, participaci\u00f3n, transparencia y evaluaci\u00f3n\u201d;<\/p>\n<p style=\"text-align: justify;\"><strong>Que, \u00a0<\/strong>\u00a0 \u00a0el art\u00edculo 288 ib\u00eddem se\u00f1ala que \u201cLas compras p\u00fablicas cumplir\u00e1n con criterios de eficiencia, transparencia, calidad, responsabilidad ambiental y social. Se priorizar\u00e1n los productos y servicios nacionales, en particular los provenientes de la econom\u00eda popular y solidaria, y de las micro, peque\u00f1as y medianas unidades productivas\u201d;<\/p>\n<p style=\"text-align: justify;\"><strong>Que,<\/strong> \u00a0\u00a0 \u00a0el art\u00edculo 339 de la Constituci\u00f3n de la Rep\u00fablica del Ecuador establece que \u201cEl Estado promover\u00e1 las inversiones nacionales y extranjeras, y establecer\u00e1 regulaciones espec\u00edficas de acuerdo a sus tipos, otorgando prioridad a la inversi\u00f3n nacional. Las inversiones se orientar\u00e1n con criterios de diversificaci\u00f3n productiva, innovaci\u00f3n tecnol\u00f3gica, y generaci\u00f3n de equilibrios regionales y sectoriales\u201d;<\/p>\n<p style=\"text-align: justify;\"><strong>Que,<\/strong> \u00a0\u00a0 \u00a0la Ley Org\u00e1nica Reformatoria de la Ley Org\u00e1nica del Sistema Nacional de Contrataci\u00f3n P\u00fablica, publicada en el Segundo Suplemento del Registro Oficial No. 100 del 14 de octubre de 2013, cre\u00f3 el Servicio Nacional de Contrataci\u00f3n P\u00fablica, SERCOP, como organismo de derecho p\u00fablico, t\u00e9cnico regulatorio, con personalidad jur\u00eddica propia y autonom\u00eda administrativa, t\u00e9cnica, operativa, financiera y presupuestaria;<\/p>\n<p style=\"text-align: justify;\"><strong>Que,<\/strong> \u00a0\u00a0 \u00a0mediante Decreto Ejecutivo No. 648 de 25 de marzo de 2015, se design\u00f3 a la m\u00e1xima autoridad institucional del Servicio Nacional de Contrataci\u00f3n P\u00fablica;<\/p>\n<p style=\"text-align: justify;\"><strong>Que,<\/strong>\u00a0\u00a0 \u00a0el art\u00edculo 4 de la Ley Org\u00e1nica del Sistema Nacional de Contrataci\u00f3n P\u00fablica dispone que, para la aplicaci\u00f3n de esta Ley y de los contratos que de ella deriven, se observar\u00e1n los principios de legalidad, trato justo, igualdad, calidad, vigencia tecnol\u00f3gica, oportunidad, concurrencia, transparencia, publicidad y participaci\u00f3n nacional;<\/p>\n<p style=\"text-align: justify;\"><strong>Que,<\/strong> \u00a0\u00a0 \u00a0el art\u00edculo 9 de la Ley Org\u00e1nica del Sistema Nacional de Contrataci\u00f3n P\u00fablica, establece los objetivos prioritarios del Estado, en materia de contrataci\u00f3n p\u00fablica, entre ellos \u201c1. Garantizar la calidad del gasto p\u00fablico y su ejecuci\u00f3n en concordancia con el plan nacional de desarrollo; (\u2026) 3.Garantizar la transparencia y evitar la discrecionalidad en la contrataci\u00f3n p\u00fablica; 4. Convertir la contrataci\u00f3n p\u00fablica en un elemento dinamizador de la producci\u00f3n nacional; (\u2026); 9. Modernizar los procesos de contrataci\u00f3n p\u00fablica para que sean una herramienta de eficiencia en la gesti\u00f3n econ\u00f3mica de los recursos del Estado\u201d;<\/p>\n<p style=\"text-align: justify;\"><strong>Que,<\/strong> \u00a0\u00a0 \u00a0el segundo inciso del art\u00edculo 10 de la Ley Org\u00e1nica del Sistema Nacional de Contrataci\u00f3n P\u00fablica, establece que el Servicio Nacional de Contrataci\u00f3n P\u00fablica ejercer\u00e1 la rector\u00eda del Sistema Nacional de Contrataci\u00f3n P\u00fablica;<\/p>\n<p style=\"text-align: justify;\"><strong>Que,<\/strong> \u00a0\u00a0 \u00a0el referido art\u00edculo 10 de la Ley Org\u00e1nica del Sistema Nacional de Contrataci\u00f3n P\u00fablica, establece las atribuciones del Servicio Nacional de Contrataci\u00f3n P\u00fablica, entre las cuales se encuentra \u201c(\u2026) 4. Administrar el Registro \u00danico de Proveedores RUP; 5. Desarrollar y administrar el Sistema Oficial de Contrataci\u00f3n P\u00fablica del Ecuador, COMPRASPUBLICAS, as\u00ed como establecer las pol\u00edticas y condiciones de uso de la informaci\u00f3n y herramientas electr\u00f3nicas del Sistema; (\u2026) 8. (Expedir modelos obligatorios de documentos precontractuales y contractuales, aplicables a las diferentes modalidades y procedimientos de contrataci\u00f3n p\u00fablica y a dictar normas administrativas, manuales e instructivos relacionados con la Ley)\u201d;<\/p>\n<p style=\"text-align: justify;\"><strong>Que,<\/strong> \u00a0\u00a0 \u00a0el art\u00edculo 25.2 de la Ley Org\u00e1nica del Sistema Nacional de Contrataci\u00f3n P\u00fablica, establece que \u201cEn todos los procedimientos previstos en la presente ley, se preferir\u00e1 al oferente de bienes, obras o servicios que incorpore mayor componente de origen ecuatoriano o a los actores de la Econom\u00eda Popular y Solidaria y Micro, Peque\u00f1as y Medianas Empresas, mediante la aplicaci\u00f3n de mecanismos tales como: m\u00e1rgenes de preferencia proporcionales sobre las ofertas de otros proveedores, reserva de mercado, subcontrataci\u00f3n preferente, entre otros.\u201d;<\/p>\n<p style=\"text-align: justify;\"><strong>Que,<\/strong> \u00a0\u00a0 \u00a0el numeral 4 del art\u00edculo 7 del Reglamento General de la Ley Org\u00e1nica del Sistema Nacional de Contrataci\u00f3n P\u00fablica, establece como atribuci\u00f3n del Director General del Servicio Nacional de Contrataci\u00f3n P\u00fablica, el emitir normativa que se requiera para el funcionamiento del Sistema Nacional de Contrataci\u00f3n P\u00fablica y del Servicio Nacional de Contrataci\u00f3n P\u00fablica, que no sea competencia del Directorio;<\/p>\n<p style=\"text-align: justify;\"><strong>Que,<\/strong> \u00a0\u00a0 \u00a0la Disposici\u00f3n General Cuarta del Reglamento General de la Ley Org\u00e1nica del Sistema Nacional de Contrataci\u00f3n P\u00fablica, prev\u00e9 expresamente que las normas complementarias a tal cuerpo normativo ser\u00e1n aprobadas por la m\u00e1xima autoridad del Servicio Nacional de Contrataci\u00f3n P\u00fablica mediante resoluciones;<\/p>\n<p style=\"text-align: justify;\"><strong>Que,<\/strong>\u00a0\u00a0 \u00a0 la Disposici\u00f3n Transitoria Tercera de la Ley Org\u00e1nica del Sistema Nacional de Contrataci\u00f3n P\u00fablica inserta por disposici\u00f3n del art\u00edculo 29 de la Ley Org\u00e1nica Reformatoria a la Ley Org\u00e1nica del Sistema Nacional de Contrataci\u00f3n P\u00fablica, dispone: \u201cSustit\u00fayase la denominaci\u00f3n del Instituto Nacional de Contrataci\u00f3n P\u00fablica por la de Servicio Nacional de Contrataci\u00f3n P\u00fablica que se contengan en la Ley Org\u00e1nica del Sistema Nacional de Contrataci\u00f3n P\u00fablica, otras leyes, reglamentos, normas o regulaciones; cualquier referencia al Servicio Nacional de Contrataci\u00f3n P\u00fablica como \u201cinstituto\u201d, INCP\u201d o \u201cINCOP\u201d, deber\u00e1 ser sustituida por la nueva denominaci\u00f3n y siglas \u201cSERCOP\u201d, respectivamente.\u201d;<\/p>\n<p style=\"text-align: justify;\"><strong>Que,<\/strong>\u00a0\u00a0 \u00a0 la Disposici\u00f3n Transitoria Cuarta ib\u00eddem, dispone que a partir de la vigencia de esta Ley, el Servicio Nacional de Contrataci\u00f3n P\u00fablica codificar\u00e1 y actualizar\u00e1 todas las resoluciones emitidas a fin de que se encuentren en concordancia con lo establecido en la Ley;<\/p>\n<p style=\"text-align: justify;\"><strong>Que,<\/strong>\u00a0\u00a0 \u00a0el art\u00edculo 99 del Estatuto del R\u00e9gimen Jur\u00eddico y Administrativo de la Funci\u00f3n Ejecutiva; manifiesta que los actos normativos podr\u00e1n ser derogados o reformados por el \u00f3rgano competente para hacerlo cuando as\u00ed lo considere pertinente; y,<\/p>\n<p style=\"text-align: justify;\">En ejercicio de sus atribuciones legales y reglamentarias,<\/p>\n<p style=\"text-align: justify;\">RESUELVE:<\/p>\n<p style=\"text-align: justify;\"><strong>EXPEDIR LA CODIFICACI\u00d3N Y ACTUALIZACI\u00d3N DE LAS RESOLUCIONES EMITIDAS POR EL SERVICIO NACIONAL DE CONTRATACI\u00d3N P\u00daBLICA<\/strong><\/p>\n","protected":false},"excerpt":{"rendered":"<p class=\"excerpt\">EL DIRECTOR GENERAL DEL SERVICIO NACIONAL DE CONTRATACI\u00d3N P\u00daBLICA &nbsp; Considerando: Que, \u00a0\u00a0 \u00a0el art\u00edculo 226 de la Constituci\u00f3n de la Rep\u00fablica establece que: \u201cLas instituciones del Estado, sus organismos, dependencias, las servidoras o servidores p\u00fablicos y las personas que act\u00faen en virtud de una potestad estatal ejercer\u00e1n solamente las competencias y facultades que les sean atribuidas en la Constituci\u00f3n&hellip; <a href=\"https:\/\/portal.compraspublicas.gob.ec\/sercop\/resolucion-no-re-sercop-2016-0000072\/\">Read more &rarr;<\/a><\/p>\n","protected":false},"author":1,"featured_media":0,"parent":0,"menu_order":0,"comment_status":"closed","ping_status":"closed","template":"resoluciones_libro.php","meta":[],"_links":{"self":[{"href":"https:\/\/portal.compraspublicas.gob.ec\/sercop\/wp-json\/wp\/v2\/pages\/16207"}],"collection":[{"href":"https:\/\/portal.compraspublicas.gob.ec\/sercop\/wp-json\/wp\/v2\/pages"}],"about":[{"href":"https:\/\/portal.compraspublicas.gob.ec\/sercop\/wp-json\/wp\/v2\/types\/page"}],"author":[{"embeddable":true,"href":"https:\/\/portal.compraspublicas.gob.ec\/sercop\/wp-json\/wp\/v2\/users\/1"}],"replies":[{"embeddable":true,"href":"https:\/\/portal.compraspublicas.gob.ec\/sercop\/wp-json\/wp\/v2\/comments?post=16207"}],"version-history":[{"count":0,"href":"https:\/\/portal.compraspublicas.gob.ec\/sercop\/wp-json\/wp\/v2\/pages\/16207\/revisions"}],"wp:attachment":[{"href":"https:\/\/portal.compraspublicas.gob.ec\/sercop\/wp-json\/wp\/v2\/media?parent=16207"}],"curies":[{"name":"wp","href":"https:\/\/api.w.org\/{rel}","templated":true}]}}