{"id":16278,"date":"2016-09-22T16:43:25","date_gmt":"2016-09-22T21:43:25","guid":{"rendered":"http:\/\/portal.compraspublicas.gob.ec\/sercop\/?page_id=16278"},"modified":"2016-10-04T19:03:26","modified_gmt":"2016-10-05T00:03:26","slug":"colaciones-para-el-programa-de-alimentacion-escolar","status":"publish","type":"page","link":"https:\/\/portal.compraspublicas.gob.ec\/sercop\/colaciones-para-el-programa-de-alimentacion-escolar\/","title":{"rendered":"Colaciones para el programa de alimentaci\u00f3n escolar"},"content":{"rendered":"<p style=\"text-align: justify;\"><a href=\"http:\/\/portal.compraspublicas.gob.ec\/sercop\/wp-content\/uploads\/2016\/09\/oleaginosas.png\"><img loading=\"lazy\" class=\" size-full wp-image-16288 alignnone\" src=\"http:\/\/portal.compraspublicas.gob.ec\/sercop\/wp-content\/uploads\/2016\/09\/oleaginosas.png\" alt=\"oleaginosas\" width=\"577\" height=\"439\" srcset=\"https:\/\/portal.compraspublicas.gob.ec\/sercop\/wp-content\/uploads\/2016\/09\/oleaginosas.png 577w, https:\/\/portal.compraspublicas.gob.ec\/sercop\/wp-content\/uploads\/2016\/09\/oleaginosas-300x228.png 300w\" sizes=\"(max-width: 577px) 100vw, 577px\" \/><\/a><\/p>\n<p style=\"text-align: justify;\">Con el objetivo de adquirir nuevos productos del \u201cSERVICIO DE PREPARACI\u00d3N DE ALIMENTOS\u201d a los actores de la econom\u00eda popular y solidaria y artesanos, se desarroll\u00f3 el Cat\u00e1logo Inclusivo que agrupa este tipo de servicio, con este antecedente se presenta la incorporaci\u00f3n de nuevos productos al presente cat\u00e1logo.<br \/>\nSi\u00a0 te interesa participar en el Cat\u00e1logo Inclusivo \u201cCOLACIONES PARA EL PROGRAMA DE ALIMENTACI\u00d3N ESCOLAR\u201d, publicado mediante <span style=\"text-decoration: underline; color: #0000ff;\"><em><a style=\"color: #0000ff; text-decoration: underline;\" href=\"http:\/\/portal.compraspublicas.gob.ec\/sercop\/wp-content\/uploads\/2016\/09\/Oficio-circular-COLACIONES-ALIMENTACI\u00d3N-ESCOLAR.pdf\">Oficio Circular<\/a><\/em><\/span>\u00a0 adjunto, debes catalogarte en el procedimiento CDI-SERCOP-007-2016, por favor revisa los requisitos m\u00ednimos de participaci\u00f3n de la siguiente ficha t\u00e9cnica:<\/p>\n<p style=\"text-align: justify; padding-left: 30px;\"><span style=\"text-decoration: underline; color: #0000ff;\"><em><a style=\"color: #0000ff; text-decoration: underline;\" href=\"http:\/\/portal.compraspublicas.gob.ec\/sercop\/wp-content\/uploads\/2016\/10\/ficha_tecnica_colaciones_programa_alimentacion_escolar.pdf\" target=\"_blank\">&#8211; COLACIONES PARA EL PROGRAMA DE ALIMENTACI\u00d3N ESCOLAR<\/a><\/em><\/span><\/p>\n<p style=\"text-align: justify;\">Los proveedores catalogados al procedimiento CDI-SERCOP-007-2016, deben presentar:<br \/>\n<span style=\"text-decoration: underline; color: #0000ff;\"><a style=\"color: #0000ff; text-decoration: underline;\" href=\"http:\/\/portal.compraspublicas.gob.ec\/sercop\/wp-content\/uploads\/2016\/09\/manifestacion-de-interes-COLACIONES-ALIMENTACION-ESCOLAR.docx\"><em>1. Manifestaci\u00f3n de Inter\u00e9s<\/em> <\/a><\/span><br \/>\n2.\u00a0\u00a0 \u00a0Presentar el formulario de Maquinaria de acuerdo a la <span style=\"text-decoration: underline; color: #0000ff;\"><em><a style=\"color: #0000ff; text-decoration: underline;\" href=\"http:\/\/portal.compraspublicas.gob.ec\/sercop\/wp-content\/uploads\/2016\/09\/manifestacion-de-interes-COLACIONES-ALIMENTACION-ESCOLAR.docx\">tabla de equipamiento y m\u00e1quinas<\/a><\/em><\/span> adjunto.<\/p>\n<p style=\"text-align: justify;\"><strong>INCORPORACI\u00d3N NUEVOS PROVEEDORES<\/strong><br \/>\n1.\u00a0\u00a0 \u00a0Lee y analiza el <span style=\"color: #0000ff;\"><a style=\"color: #0000ff;\" href=\"http:\/\/portal.compraspublicas.gob.ec\/sercop\/wp-content\/uploads\/2016\/09\/PLIEGO-DE-SERVICIO-DE-PREPARACI\u00d3N-DE-ALIMENTOS.docx\">pliego<\/a><\/span> detenidamente para que conozcas acerca del proceso de catalogaci\u00f3n para el servicio de alimentaci\u00f3n.<br \/>\n2.\u00a0\u00a0 \u00a0Llena los <span style=\"color: #0000ff;\"><a style=\"color: #0000ff;\" href=\"http:\/\/portal.compraspublicas.gob.ec\/sercop\/wp-content\/uploads\/2016\/09\/FORMULARIOS.docx\">formularios<\/a><\/span>\u00a0 y requisitos de equipamiento y herramientas\u00a0 por producto que se solicitan en los pliegos. Recuerda que los formularios y los requisitos deben estar sumillados y numerados.<br \/>\n3.\u00a0\u00a0 \u00a0Elabora un oficio dirigido al Econ. Santiago V\u00e1squez, Director General del SERCOP, solicitando tu incorporaci\u00f3n al Cat\u00e1logo Din\u00e1mico Inclusivo (<span style=\"color: #0000ff;\"><a style=\"color: #0000ff;\" href=\"http:\/\/portal.compraspublicas.gob.ec\/sercop\/wp-content\/uploads\/2016\/09\/modelo-oficio-de-solicitud-1.docx\">Descarga modelo de oficio<\/a><\/span>).<\/p>\n<p>Entrega los documentos en un sobre cerrado en la ventanilla del SERCOP m\u00e1s cercana. <span style=\"color: #0000ff;\"><a style=\"color: #0000ff;\" href=\"http:\/\/portal.compraspublicas.gob.ec\/sercop\/contacto\/\"><em>Conoce d\u00f3nde estamos ubicados<\/em><\/a><\/span><\/p>\n","protected":false},"excerpt":{"rendered":"<p class=\"excerpt\">Con el objetivo de adquirir nuevos productos del \u201cSERVICIO DE PREPARACI\u00d3N DE ALIMENTOS\u201d a los actores de la econom\u00eda popular y solidaria y artesanos, se desarroll\u00f3 el Cat\u00e1logo Inclusivo que agrupa este tipo de servicio, con este antecedente se presenta la incorporaci\u00f3n de nuevos productos al presente cat\u00e1logo. Si\u00a0 te interesa participar en el Cat\u00e1logo Inclusivo \u201cCOLACIONES PARA EL PROGRAMA&hellip; <a href=\"https:\/\/portal.compraspublicas.gob.ec\/sercop\/colaciones-para-el-programa-de-alimentacion-escolar\/\">Read more &rarr;<\/a><\/p>\n","protected":false},"author":1,"featured_media":0,"parent":0,"menu_order":0,"comment_status":"closed","ping_status":"closed","template":"catalogo.php","meta":[],"_links":{"self":[{"href":"https:\/\/portal.compraspublicas.gob.ec\/sercop\/wp-json\/wp\/v2\/pages\/16278"}],"collection":[{"href":"https:\/\/portal.compraspublicas.gob.ec\/sercop\/wp-json\/wp\/v2\/pages"}],"about":[{"href":"https:\/\/portal.compraspublicas.gob.ec\/sercop\/wp-json\/wp\/v2\/types\/page"}],"author":[{"embeddable":true,"href":"https:\/\/portal.compraspublicas.gob.ec\/sercop\/wp-json\/wp\/v2\/users\/1"}],"replies":[{"embeddable":true,"href":"https:\/\/portal.compraspublicas.gob.ec\/sercop\/wp-json\/wp\/v2\/comments?post=16278"}],"version-history":[{"count":0,"href":"https:\/\/portal.compraspublicas.gob.ec\/sercop\/wp-json\/wp\/v2\/pages\/16278\/revisions"}],"wp:attachment":[{"href":"https:\/\/portal.compraspublicas.gob.ec\/sercop\/wp-json\/wp\/v2\/media?parent=16278"}],"curies":[{"name":"wp","href":"https:\/\/api.w.org\/{rel}","templated":true}]}}