{"id":16604,"date":"2016-10-13T11:15:28","date_gmt":"2016-10-13T16:15:28","guid":{"rendered":"http:\/\/portal.compraspublicas.gob.ec\/sercop\/?page_id=16604"},"modified":"2016-11-08T17:25:56","modified_gmt":"2016-11-08T22:25:56","slug":"aceras-y-bordillos","status":"publish","type":"page","link":"https:\/\/portal.compraspublicas.gob.ec\/sercop\/aceras-y-bordillos\/","title":{"rendered":"Aceras y bordillos"},"content":{"rendered":"<p><a href=\"http:\/\/portal.compraspublicas.gob.ec\/sercop\/wp-content\/uploads\/2016\/10\/DESTACADA-ACERAS.png\"><img loading=\"lazy\" class=\"aligncenter  wp-image-16613\" src=\"http:\/\/portal.compraspublicas.gob.ec\/sercop\/wp-content\/uploads\/2016\/10\/DESTACADA-ACERAS.png\" alt=\"DESTACADA-ACERAS\" width=\"801\" height=\"292\" srcset=\"https:\/\/portal.compraspublicas.gob.ec\/sercop\/wp-content\/uploads\/2016\/10\/DESTACADA-ACERAS.png 1583w, https:\/\/portal.compraspublicas.gob.ec\/sercop\/wp-content\/uploads\/2016\/10\/DESTACADA-ACERAS-300x109.png 300w, https:\/\/portal.compraspublicas.gob.ec\/sercop\/wp-content\/uploads\/2016\/10\/DESTACADA-ACERAS-1024x373.png 1024w\" sizes=\"(max-width: 801px) 100vw, 801px\" \/><\/a><\/p>\n<p style=\"text-align: center;\"><span style=\"color: #000000;\"><strong style=\"text-align: justify;\">INCORPORACI\u00d3N PRODUCTOS MES DE NOVIEMBRE<\/strong><\/span><\/p>\n<p style=\"text-align: justify;\"><span style=\"color: #000000;\">Si te interesa participar en el Cat\u00e1logo Inclusivo \u201cSERVICIO DE CONSTRUCCI\u00d3N\u201d, publicado mediante <span style=\"text-decoration: underline; color: #0000ff;\"><em><a style=\"color: #0000ff; text-decoration: underline;\" href=\"http:\/\/portal.compraspublicas.gob.ec\/sercop\/wp-content\/uploads\/2016\/11\/oficio_acera_adoquin_arcilla.pdf\" target=\"_blank\">Oficio Circular<\/a><\/em><\/span>, debes catalogarte en el procedimiento <span style=\"text-decoration: underline; color: #0000ff;\"><em><a style=\"color: #0000ff; text-decoration: underline;\" href=\"https:\/\/www.compraspublicas.gob.ec\/ProcesoContratacion\/compras\/CR\/mostrarferia.cpe?idSoliCompra=nUn84paTqbLVuyhJStsMoPGM3xM8HfnsqTL2AwNa_0M,\" target=\"_blank\">CDI-SERCOP-004-2016<\/a><\/em><\/span>, por favor revisa la ficha t\u00e9cnica donde se encuentra los requisitos m\u00ednimos de participaci\u00f3n, de los siguientes productos:<\/span><\/p>\n<ul>\n<li><span style=\"text-decoration: underline; color: #0000ff;\"><em><a style=\"color: #0000ff; text-decoration: underline;\" href=\"http:\/\/portal.compraspublicas.gob.ec\/sercop\/wp-content\/uploads\/2016\/11\/ficha_acera_adoquin_arcilla.pdf\" target=\"_blank\">Servicio de construcci\u00f3n de acera con adoquin de arcilla por metro cuadrado, incluido bordillo tipo cinta gotera en hormig\u00f3n simple<\/a><\/em><\/span><\/li>\n<\/ul>\n<p style=\"text-align: justify;\"><span style=\"color: #000000;\">Los proveedores catalogados al procedimiento <span style=\"text-decoration: underline; color: #0000ff;\"><em><a style=\"color: #0000ff; text-decoration: underline;\" href=\"https:\/\/www.compraspublicas.gob.ec\/ProcesoContratacion\/compras\/CR\/mostrarferia.cpe?idSoliCompra=nUn84paTqbLVuyhJStsMoPGM3xM8HfnsqTL2AwNa_0M,\" target=\"_blank\">CDI-SERCOP-004-2016<\/a><\/em><\/span> y est\u00e9n interesados en los productos descritos deben presentar:<\/span><\/p>\n<ol>\n<li style=\"text-align: justify;\"><span style=\"text-decoration: underline; color: #0000ff;\"><em><a style=\"color: #0000ff; text-decoration: underline;\" href=\"http:\/\/portal.compraspublicas.gob.ec\/sercop\/wp-content\/uploads\/2016\/11\/manifestacion_acera_adoquin_arcilla.doc\" target=\"_blank\">Manifestaci\u00f3n de inter\u00e9s<\/a><\/em><\/span><\/li>\n<\/ol>\n<p><strong>INCORPORACI\u00d3N NUEVOS PROVEEDORES<\/strong><\/p>\n<p>1.\u00a0\u00a0 \u00a0Lee y analiza el <span style=\"text-decoration: underline; color: #0000ff;\"><em><a style=\"color: #0000ff; text-decoration: underline;\" href=\"http:\/\/portal.compraspublicas.gob.ec\/sercop\/wp-content\/uploads\/2016\/10\/PLIEGO-CONSTRUCCION.docx\">pliego <\/a><\/em><\/span> detenidamente para que conozcas acerca del proceso de confecci\u00f3n textil.<br \/>\n2.\u00a0\u00a0 \u00a0Llena los <span style=\"text-decoration: underline; color: #0000ff;\"><em><a style=\"color: #0000ff; text-decoration: underline;\" href=\"http:\/\/portal.compraspublicas.gob.ec\/sercop\/wp-content\/uploads\/2016\/11\/maquinaraia_acera_adoquin_arcilla.doc\" target=\"_blank\">formularios<\/a><\/em><\/span> y requisitos que se solicitan en los pliegos. Recuerda que los formularios y los requisitos deben estar sumillados y numerados.<br \/>\n3.\u00a0\u00a0 \u00a0Elabora un oficio dirigido al Econ. Santiago V\u00e1squez, Director General del SERCOP, solicitando tu incorporaci\u00f3n al Cat\u00e1logo Din\u00e1mico Inclusivo (<a href=\"http:\/\/portal.compraspublicas.gob.ec\/sercop\/wp-content\/uploads\/2016\/10\/modelo_de_oficio2.docx\">Descarga modelo de oficio<\/a>) .<br \/>\nEntrega los documentos en un sobre cerrado en la ventanilla del SERCOP m\u00e1s cercana. (<span style=\"text-decoration: underline; color: #0000ff;\"><em><a style=\"color: #0000ff; text-decoration: underline;\" href=\"http:\/\/portal.compraspublicas.gob.ec\/sercop\/contacto\/\" target=\"_blank\">Conoce d\u00f3nde estamos ubicados<\/a><\/em><\/span>)<\/p>\n<p style=\"text-align: justify;\">______________________________________________________________________________<\/p>\n<p style=\"text-align: justify;\">Con el objetivo de adquirir el servicio de \u201cSERVICIO DE CONSTRUCCI\u00d3N \u201d a los actores de la econom\u00eda popular y solidaria y artesanos, se desarroll\u00f3 el Cat\u00e1logo Inclusivo que agrupa este tipo de servicio, con este antecedente se presenta la incorporaci\u00f3n de nuevos productos al presente cat\u00e1logo.<br \/>\nSi\u00a0 te interesa participar en el Cat\u00e1logo Inclusivo \u201cSERVICIO DE CONSTRUCCI\u00d3N\u201d, en el producto con Construcci\u00f3n de Aceras y Bordillos\u00a0 publicado mediante <span style=\"color: #0000ff;\"><a style=\"color: #0000ff;\" href=\"http:\/\/portal.compraspublicas.gob.ec\/sercop\/wp-content\/uploads\/2016\/10\/oficio-circular.pdf\">Oficio Circular<\/a><\/span>\u00a0 adjunto, debes catalogarte en el procedimiento CDI-SERCOP-004-2016, por favor revisa los requisitos m\u00ednimos de participaci\u00f3n del siguiente producto:<\/p>\n<p style=\"text-align: justify;\"><span style=\"color: #0000ff;\"><a style=\"color: #0000ff;\" href=\"http:\/\/portal.compraspublicas.gob.ec\/sercop\/wp-content\/uploads\/2016\/10\/CONSTRUCCI\u00d3N_DE_ACERA_POR_METRO_CUADRADO_INCLUIDO_BORDILO_EN_HORMIG\u00d3N_SIMPLE.pdf\">&#8211; SERVICIO DE CONSTRUCCI\u00d3N DE ACERA POR METRO CUADRADO INCLUIDO BORDILO, EN HORMIG\u00d3N SIMPLE. <\/a><\/span><\/p>\n<p style=\"text-align: justify;\">Los proveedores catalogados al procedimiento <span style=\"text-decoration: underline; color: #0000ff;\"><em><a style=\"color: #0000ff; text-decoration: underline;\" href=\"https:\/\/www.compraspublicas.gob.ec\/ProcesoContratacion\/compras\/CR\/mostrarferia.cpe?idSoliCompra=nUn84paTqbLVuyhJStsMoPGM3xM8HfnsqTL2AwNa_0M,\" target=\"_blank\">CDI-SERCOP-004-2016<\/a><\/em><\/span> deben presentar:<\/p>\n<p style=\"text-align: justify;\">1.\u00a0\u00a0 <span style=\"color: #0000ff;\"><a style=\"color: #0000ff;\" href=\"http:\/\/portal.compraspublicas.gob.ec\/sercop\/wp-content\/uploads\/2016\/10\/manifestacion_de_interes_construcci\u00f3n_de_acera_por_metro_cuadrado_incluido_bordillo_en_hormig\u00f3n_simple.doc\"> Manifestaci\u00f3n de Inter\u00e9s<\/a><\/span> , en la cual se anexa el <span style=\"color: #0000ff;\"><a style=\"color: #0000ff;\" href=\"http:\/\/portal.compraspublicas.gob.ec\/sercop\/wp-content\/uploads\/2016\/10\/tabla_de_maquinaria.doc\">formulario de maquinar\u00eda m\u00ednima<\/a><\/span> y el listado de empleados o socios, los cuales deben ser presentados de acuerdo a lo requerido en las fichas.<\/p>\n<p><strong>INCORPORACI\u00d3N NUEVOS PROVEEDORES<\/strong><\/p>\n<p style=\"text-align: justify;\">1.\u00a0\u00a0 \u00a0Lee y analiza el <span style=\"color: #0000ff;\"><a style=\"color: #0000ff;\" href=\"http:\/\/portal.compraspublicas.gob.ec\/sercop\/wp-content\/uploads\/2016\/10\/PLIEGO-CONSTRUCCION.docx\">pliego <\/a><\/span> detenidamente para que conozcas acerca del proceso de confecci\u00f3n textil.<br \/>\n2.\u00a0\u00a0 \u00a0Llena los formularios y requisitos que se solicitan en los pliegos. Recuerda que los formularios y los requisitos deben estar sumillados y numerados.<br \/>\n3.\u00a0\u00a0 \u00a0Elabora un oficio dirigido al Econ. Santiago V\u00e1squez, Director General del SERCOP, solicitando tu incorporaci\u00f3n al Cat\u00e1logo Din\u00e1mico Inclusivo (<span style=\"color: #0000ff;\"><a style=\"color: #0000ff;\" href=\"http:\/\/portal.compraspublicas.gob.ec\/sercop\/wp-content\/uploads\/2016\/10\/modelo_de_oficio2.docx\">Descarga modelo de oficio<\/a><\/span>) .<br \/>\nEntrega los documentos en un sobre cerrado en la ventanilla del SERCOP m\u00e1s cercana. Conoce d\u00f3nde estamos ubicados<\/p>\n","protected":false},"excerpt":{"rendered":"<p class=\"excerpt\">INCORPORACI\u00d3N PRODUCTOS MES DE NOVIEMBRE Si te interesa participar en el Cat\u00e1logo Inclusivo \u201cSERVICIO DE CONSTRUCCI\u00d3N\u201d, publicado mediante Oficio Circular, debes catalogarte en el procedimiento CDI-SERCOP-004-2016, por favor revisa la ficha t\u00e9cnica donde se encuentra los requisitos m\u00ednimos de participaci\u00f3n, de los siguientes productos: Servicio de construcci\u00f3n de acera con adoquin de arcilla por metro cuadrado, incluido bordillo tipo cinta&hellip; <a href=\"https:\/\/portal.compraspublicas.gob.ec\/sercop\/aceras-y-bordillos\/\">Read more &rarr;<\/a><\/p>\n","protected":false},"author":1,"featured_media":0,"parent":0,"menu_order":0,"comment_status":"closed","ping_status":"closed","template":"catalogo.php","meta":[],"_links":{"self":[{"href":"https:\/\/portal.compraspublicas.gob.ec\/sercop\/wp-json\/wp\/v2\/pages\/16604"}],"collection":[{"href":"https:\/\/portal.compraspublicas.gob.ec\/sercop\/wp-json\/wp\/v2\/pages"}],"about":[{"href":"https:\/\/portal.compraspublicas.gob.ec\/sercop\/wp-json\/wp\/v2\/types\/page"}],"author":[{"embeddable":true,"href":"https:\/\/portal.compraspublicas.gob.ec\/sercop\/wp-json\/wp\/v2\/users\/1"}],"replies":[{"embeddable":true,"href":"https:\/\/portal.compraspublicas.gob.ec\/sercop\/wp-json\/wp\/v2\/comments?post=16604"}],"version-history":[{"count":0,"href":"https:\/\/portal.compraspublicas.gob.ec\/sercop\/wp-json\/wp\/v2\/pages\/16604\/revisions"}],"wp:attachment":[{"href":"https:\/\/portal.compraspublicas.gob.ec\/sercop\/wp-json\/wp\/v2\/media?parent=16604"}],"curies":[{"name":"wp","href":"https:\/\/api.w.org\/{rel}","templated":true}]}}