{"id":16745,"date":"2016-10-19T15:02:45","date_gmt":"2016-10-19T20:02:45","guid":{"rendered":"http:\/\/portal.compraspublicas.gob.ec\/sercop\/?page_id=16745"},"modified":"2016-10-20T12:31:44","modified_gmt":"2016-10-20T17:31:44","slug":"transporte-de-carga-sobredimensionada","status":"publish","type":"page","link":"https:\/\/portal.compraspublicas.gob.ec\/sercop\/transporte-de-carga-sobredimensionada\/","title":{"rendered":"Transporte de carga sobredimensionada"},"content":{"rendered":"<p style=\"text-align: justify;\"><a href=\"http:\/\/portal.compraspublicas.gob.ec\/sercop\/wp-content\/uploads\/2016\/10\/DESTACADA-ACERAS-Recuperado.png\"><img loading=\"lazy\" class=\"aligncenter size-full wp-image-16767\" src=\"http:\/\/portal.compraspublicas.gob.ec\/sercop\/wp-content\/uploads\/2016\/10\/DESTACADA-ACERAS-Recuperado.png\" alt=\"DESTACADA-ACERAS-Recuperado\" width=\"677\" height=\"247\" srcset=\"https:\/\/portal.compraspublicas.gob.ec\/sercop\/wp-content\/uploads\/2016\/10\/DESTACADA-ACERAS-Recuperado.png 677w, https:\/\/portal.compraspublicas.gob.ec\/sercop\/wp-content\/uploads\/2016\/10\/DESTACADA-ACERAS-Recuperado-300x109.png 300w\" sizes=\"(max-width: 677px) 100vw, 677px\" \/><\/a><\/p>\n<p style=\"text-align: justify;\">Con el objeto de proporcionar los servicios de \u201cTRANSPORTE DE CARGA SOBREDIMENSIONADA\u201d, a los actores de la econom\u00eda popular y solidaria y artesanos, se desarroll\u00f3 el Cat\u00e1logo Inclusivo que agrupa este tipo de servicio, con este antecedente se presenta la incorporaci\u00f3n de nuevos productos al presente cat\u00e1logo.<\/p>\n<p style=\"text-align: justify;\">Si\u00a0 te interesa participar en el Cat\u00e1logo Inclusivo \u201cSERVICIO DE TRANSPORTE DE CARGA PESADA\u201d en el servicio \u201cTRANSPORTE DE CARGA SOBREDIMENSIONADA\u201d, publicado mediante <span style=\"color: #0000ff;\"><a style=\"color: #0000ff;\" href=\"http:\/\/portal.compraspublicas.gob.ec\/sercop\/wp-content\/uploads\/2016\/10\/Oficio-CD-SERCOP-0092.pdf\">Oficio Circular<\/a><\/span>\u00a0 adjunto, debes catalogarte en el procedimiento CDI-SERCOP-007-2015, por favor revisa los requisitos m\u00ednimos de participaci\u00f3n de las siguientes ficha t\u00e9cnica:<\/p>\n<p style=\"text-align: justify;\"><span style=\"color: #0000ff;\"><a style=\"color: #0000ff;\" href=\"http:\/\/portal.compraspublicas.gob.ec\/sercop\/wp-content\/uploads\/2016\/10\/1-FICHA-TRANSPORTE-DE-CARGA-SOBREDIMENSIONADA-CON-GRUA-DE-1-A-150-KM.pdf\">1.- Transporte terrestre de carga pesada sobredimensionada para cargas totales de hasta 48 toneladas (veh\u00edculo tipo 3S3), incluye uso de gr\u00faa (no incluye transporte de combustibles), para \u00f3rdenes de compra de 1 a 150 km<\/a><\/span><\/p>\n<p style=\"text-align: justify;\"><span style=\"color: #0000ff;\"><a style=\"color: #0000ff;\" href=\"http:\/\/portal.compraspublicas.gob.ec\/sercop\/wp-content\/uploads\/2016\/10\/2-FICHA-TRANSPORTE-DE-CARGA-SOBREDIMENSIONADA-CON-GRUA-SUPERIOR-A-150-KM.pdf\">2.- Transporte terrestre de carga pesada sobredimensionada para cargas totales de hasta 48 toneladas (veh\u00edculo tipo 3S3), incluye uso de gr\u00faa (no incluye transporte de combustibles), para \u00f3rdenes de compra superiores a 150 km<\/a><\/span><\/p>\n<p style=\"text-align: justify;\"><span style=\"color: #0000ff;\"><a style=\"color: #0000ff;\" href=\"http:\/\/portal.compraspublicas.gob.ec\/sercop\/wp-content\/uploads\/2016\/10\/3-FICHA-TRANSPORTE-DE-CARGA-SOBREDIMENSIONADA-CON-GR\u00daA-INCLUYE-TRANSPORTE-GU\u00cdA-DE-1-A-150-KM.pdf\">3.- Transporte terrestre de carga pesada sobredimensionada para cargas totales de hasta 48 toneladas (veh\u00edculo tipo 3S3), incluye uso de gr\u00faa y transporte gu\u00eda (no incluye transporte de combustibles), para \u00f3rdenes de compra de 1 a 150 km<\/a><\/span><\/p>\n<p style=\"text-align: justify;\"><span style=\"color: #0000ff;\"><a style=\"color: #0000ff;\" href=\"http:\/\/portal.compraspublicas.gob.ec\/sercop\/wp-content\/uploads\/2016\/10\/4-FICHA-TRANSPORTE-DE-CARGA-SOBREDIMENSIONADA-CON-GR\u00daA-INCLUYE-TRANSPORTE-GU\u00cdA-SUPERIOR-A-150-KM.pdf\">4.- Transporte terrestre de carga pesada sobredimensionada para cargas totales de hasta 48 toneladas (veh\u00edculo tipo 3S3), incluye uso de gr\u00faa y transporte gu\u00eda (no incluye transporte de combustibles), para \u00f3rdenes de compra superiores a 150 km<\/a><\/span><\/p>\n<p style=\"text-align: justify;\"><span style=\"color: #0000ff;\"><a style=\"color: #0000ff;\" href=\"http:\/\/portal.compraspublicas.gob.ec\/sercop\/wp-content\/uploads\/2016\/10\/5-FICHA-TRANSPORTE-DE-CARGA-SOBREDIMENSIONADA-CON-GR\u00daA-INCLUYE-TRANSPORTE-GU\u00cdA-E-INFORME-DE-RUTA-DE-1-A-150-KM.pdf\">5.- Transporte terrestre de carga pesada sobredimensionada para cargas totales de hasta 48 toneladas (veh\u00edculo tipo 3S3), incluye uso de gr\u00faa, transporte gu\u00eda e informe de ruta (no incluye transporte de combustibles), para \u00f3rdenes de compra de 1 a 150 km<\/a><\/span><\/p>\n<p style=\"text-align: justify;\"><span style=\"color: #0000ff;\"><a style=\"color: #0000ff;\" href=\"http:\/\/portal.compraspublicas.gob.ec\/sercop\/wp-content\/uploads\/2016\/10\/6-FICHA-TRANSPORTE-DE-CARGA-SOBREDIMENSIONADA-CON-GR\u00daA-INCLUYE-TRANSPORTE-GU\u00cdA-E-INFORME-DE-RUTA-SUPERIOR-A-150-KM.pdf\">6.- Transporte terrestre de carga pesada sobredimensionada para cargas totales de hasta 48 toneladas (veh\u00edculo tipo 3S3), incluye uso de gr\u00faa, transporte gu\u00eda e informe de ruta (no incluye transporte de combustibles), para \u00f3rdenes de compra superiores a 150 km.<\/a><\/span><\/p>\n<p style=\"text-align: justify;\">Los proveedores catalogados al procedimiento CDI-SERCOP-007-2015, deben presentar:<\/p>\n<p style=\"text-align: justify;\"><span style=\"color: #0000ff;\"><a style=\"color: #0000ff;\" href=\"http:\/\/portal.compraspublicas.gob.ec\/sercop\/wp-content\/uploads\/2016\/10\/manifestacion-de-interes1.doc\">1. Manifestaci\u00f3n de Inter\u00e9s.<\/a><\/span><\/p>\n<p style=\"text-align: justify;\">INCORPORACI\u00d3N NUEVOS PROVEEDORES<br \/>\n1.\u00a0\u00a0 \u00a0Lee y analiza el <span style=\"color: #0000ff;\"><a style=\"color: #0000ff;\" href=\"http:\/\/portal.compraspublicas.gob.ec\/sercop\/wp-content\/uploads\/2016\/10\/pliego-CDI-SERCOP-007-2015.doc\">pliego<\/a><\/span> detenidamente para que conozcas acerca del proceso de catalogaci\u00f3n para el servicio de transporte de carga pesada.<br \/>\n2.\u00a0\u00a0 \u00a0Llena los <span style=\"color: #0000ff;\"><a style=\"color: #0000ff;\" href=\"http:\/\/portal.compraspublicas.gob.ec\/sercop\/wp-content\/uploads\/2016\/10\/Formulario-nuevos-proveedores.doc\">formularios<\/a><\/span> y requisitos que se solicitan en los pliegos. Recuerda que los formularios y los requisitos deben estar sumillados y numerados.<br \/>\n3.\u00a0\u00a0 \u00a0Elabora un oficio dirigido al Econ. Santiago V\u00e1squez, Director General del SERCOP, solicitando tu incorporaci\u00f3n al Cat\u00e1logo Din\u00e1mico Inclusivo (<span style=\"color: #0000ff;\"><a style=\"color: #0000ff;\" href=\"http:\/\/portal.compraspublicas.gob.ec\/sercop\/wp-content\/uploads\/2016\/10\/Modelo-de-oficio1.docx\">Descarga modelo de oficio<\/a><\/span>) .<\/p>\n<p style=\"text-align: justify;\">Entrega los documentos en un sobre cerrado en la ventanilla del SERCOP m\u00e1s cercana. <span style=\"color: #0000ff;\"><a style=\"color: #0000ff;\" href=\"http:\/\/portal.compraspublicas.gob.ec\/sercop\/contacto\/\"><em>Conoce d\u00f3nde estamos ubicados<\/em><\/a><\/span><\/p>\n","protected":false},"excerpt":{"rendered":"<p class=\"excerpt\">Con el objeto de proporcionar los servicios de \u201cTRANSPORTE DE CARGA SOBREDIMENSIONADA\u201d, a los actores de la econom\u00eda popular y solidaria y artesanos, se desarroll\u00f3 el Cat\u00e1logo Inclusivo que agrupa este tipo de servicio, con este antecedente se presenta la incorporaci\u00f3n de nuevos productos al presente cat\u00e1logo. Si\u00a0 te interesa participar en el Cat\u00e1logo Inclusivo \u201cSERVICIO DE TRANSPORTE DE CARGA&hellip; <a href=\"https:\/\/portal.compraspublicas.gob.ec\/sercop\/transporte-de-carga-sobredimensionada\/\">Read more &rarr;<\/a><\/p>\n","protected":false},"author":1,"featured_media":0,"parent":0,"menu_order":0,"comment_status":"closed","ping_status":"closed","template":"catalogo.php","meta":[],"_links":{"self":[{"href":"https:\/\/portal.compraspublicas.gob.ec\/sercop\/wp-json\/wp\/v2\/pages\/16745"}],"collection":[{"href":"https:\/\/portal.compraspublicas.gob.ec\/sercop\/wp-json\/wp\/v2\/pages"}],"about":[{"href":"https:\/\/portal.compraspublicas.gob.ec\/sercop\/wp-json\/wp\/v2\/types\/page"}],"author":[{"embeddable":true,"href":"https:\/\/portal.compraspublicas.gob.ec\/sercop\/wp-json\/wp\/v2\/users\/1"}],"replies":[{"embeddable":true,"href":"https:\/\/portal.compraspublicas.gob.ec\/sercop\/wp-json\/wp\/v2\/comments?post=16745"}],"version-history":[{"count":0,"href":"https:\/\/portal.compraspublicas.gob.ec\/sercop\/wp-json\/wp\/v2\/pages\/16745\/revisions"}],"wp:attachment":[{"href":"https:\/\/portal.compraspublicas.gob.ec\/sercop\/wp-json\/wp\/v2\/media?parent=16745"}],"curies":[{"name":"wp","href":"https:\/\/api.w.org\/{rel}","templated":true}]}}