{"id":17526,"date":"2016-12-05T16:54:12","date_gmt":"2016-12-05T21:54:12","guid":{"rendered":"http:\/\/portal.compraspublicas.gob.ec\/sercop\/?page_id=17526"},"modified":"2016-12-05T16:56:17","modified_gmt":"2016-12-05T21:56:17","slug":"declaracion-desierto-8va-convocatoria","status":"publish","type":"page","link":"https:\/\/portal.compraspublicas.gob.ec\/sercop\/declaracion-desierto-8va-convocatoria\/","title":{"rendered":"Declaraci\u00f3n Desierto 8va convocatoria"},"content":{"rendered":"<p style=\"text-align: center;\"><strong>Declaraci\u00f3n Desierto 8va convocatoria<\/strong><\/p>\n<p style=\"text-align: center;\"><span style=\"color: #0000ff;\"><a style=\"color: #0000ff;\" href=\"http:\/\/portal.compraspublicas.gob.ec\/sercop\/wp-content\/uploads\/2016\/12\/ASISUP.pdf\">Asistente de Supervisi\u00f3n de Procedimientos de la Direcci\u00f3n de Supervisi\u00f3n de Procedimiento <\/a><\/span><\/p>\n<p style=\"text-align: center;\"><span style=\"color: #0000ff;\"><a style=\"color: #0000ff;\" href=\"http:\/\/portal.compraspublicas.gob.ec\/sercop\/wp-content\/uploads\/2016\/12\/ESPCAP.pdf\">Especialista de Capacitaci\u00f3n de la Direcci\u00f3n de Capacitaci\u00f3n <\/a><\/span><\/p>\n","protected":false},"excerpt":{"rendered":"<p class=\"excerpt\">Declaraci\u00f3n Desierto 8va convocatoria Asistente de Supervisi\u00f3n de Procedimientos de la Direcci\u00f3n de Supervisi\u00f3n de Procedimiento Especialista de Capacitaci\u00f3n de la Direcci\u00f3n de Capacitaci\u00f3n <a href=\"https:\/\/portal.compraspublicas.gob.ec\/sercop\/declaracion-desierto-8va-convocatoria\/\">Read more &rarr;<\/a><\/p>\n","protected":false},"author":1,"featured_media":0,"parent":0,"menu_order":0,"comment_status":"closed","ping_status":"closed","template":"meritos.php","meta":[],"_links":{"self":[{"href":"https:\/\/portal.compraspublicas.gob.ec\/sercop\/wp-json\/wp\/v2\/pages\/17526"}],"collection":[{"href":"https:\/\/portal.compraspublicas.gob.ec\/sercop\/wp-json\/wp\/v2\/pages"}],"about":[{"href":"https:\/\/portal.compraspublicas.gob.ec\/sercop\/wp-json\/wp\/v2\/types\/page"}],"author":[{"embeddable":true,"href":"https:\/\/portal.compraspublicas.gob.ec\/sercop\/wp-json\/wp\/v2\/users\/1"}],"replies":[{"embeddable":true,"href":"https:\/\/portal.compraspublicas.gob.ec\/sercop\/wp-json\/wp\/v2\/comments?post=17526"}],"version-history":[{"count":0,"href":"https:\/\/portal.compraspublicas.gob.ec\/sercop\/wp-json\/wp\/v2\/pages\/17526\/revisions"}],"wp:attachment":[{"href":"https:\/\/portal.compraspublicas.gob.ec\/sercop\/wp-json\/wp\/v2\/media?parent=17526"}],"curies":[{"name":"wp","href":"https:\/\/api.w.org\/{rel}","templated":true}]}}