{"id":17797,"date":"2016-12-21T15:06:12","date_gmt":"2016-12-21T20:06:12","guid":{"rendered":"http:\/\/portal.compraspublicas.gob.ec\/sercop\/?page_id=17797"},"modified":"2016-12-21T16:35:51","modified_gmt":"2016-12-21T21:35:51","slug":"combatimos-la-corrupcion","status":"publish","type":"page","link":"https:\/\/portal.compraspublicas.gob.ec\/sercop\/combatimos-la-corrupcion\/","title":{"rendered":"Combatimos la corrupci\u00f3n"},"content":{"rendered":"<p style=\"text-align: justify;\">El SERCOP combate frontalmente la corrupci\u00f3n<\/p>\n<p style=\"text-align: justify;\">\u201cSomos en\u00e9rgicos en decir que iremos hasta las \u00faltimas consecuencias cuando se comprueban actos de corrupci\u00f3n que atentan contra los intereses del Estado y la compra p\u00fablica\u201d. Director General del SERCOP, Santiago V\u00e1squez.<\/p>\n<p style=\"text-align: justify;\">La voluntad pol\u00edtica del SERCOP, sus autoridades y equipo de trabajo de profundizar la democracia, la participaci\u00f3n ciudadana y la transparencia, se enmarca en uno de sus ejes de acci\u00f3n en la contrataci\u00f3n p\u00fablica: <strong>Revoluci\u00f3n \u00c9tica y Transparente.<\/strong><\/p>\n<p style=\"text-align: justify;\">Todas las acciones encaminadas a recibir, analizar, investigar y sancionar pr\u00e1cticas anticompetitivas y de corrupci\u00f3n, tienen como contraparte el apoyo de los proveedores honestos que participan en la compra p\u00fablica. A continuaci\u00f3n exponemos hitos alcanzados que fomentan y reconocen la importancia de la alerta y denuncia ciudadana.<\/p>\n<p>&nbsp;<\/p>\n<hr \/>\n<p><span style=\"color: #0000ff;\"><strong><a class=\"search-color\" style=\"color: #0000ff;\" href=\"http:\/\/portal.compraspublicas.gob.ec\/sercop\/proveedores-honestos-fueron-condecorados-por-su-combate-frontal-a-la-corrupcion-en-la-compra-publica\/\">Proveedores honestos fueron condecorados por su combate frontal a la corrupci\u00f3n en la compra p\u00fablica<\/a><\/strong><\/span><\/p>\n<p>La Revoluci\u00f3n \u00e9tica y transparente es un eje de acci\u00f3n fundamental en la gesti\u00f3n del Servicio Nacional de Contrataci\u00f3n P\u00fablica (SERCOP), que junto a la participaci\u00f3n activa de la ciudadan\u00eda, entidades contratantes y proveedores del Estado, permiten alertar y combatir frontalmente los actos de corrupci\u00f3n&#8230;<\/p>\n<hr \/>\n<p><span style=\"color: #0000ff;\"><strong><a class=\"search-color\" style=\"color: #0000ff;\" href=\"http:\/\/portal.compraspublicas.gob.ec\/sercop\/sercop-frontal-ante-la-lucha-contra-la-corrupcion\/\">SERCOP frontal ante la lucha contra la corrupci\u00f3n<\/a><\/strong><\/span><\/p>\n<p>El Servicio Nacional de Contrataci\u00f3n P\u00fablica (SERCOP) articul\u00f3 un eje de acci\u00f3n fundamental en su gesti\u00f3n, la revoluci\u00f3n \u00e9tica y transparente, que permiti\u00f3 durante el 2015 y lo que va del 2016, alertar sobre actos re\u00f1idos con la \u00e9tica en la contrataci\u00f3n p\u00fablica. El SERCOP&#8230;<\/p>\n<hr \/>\n<p><span style=\"color: #0000ff;\"><strong><a class=\"search-color\" style=\"color: #0000ff;\" href=\"http:\/\/portal.compraspublicas.gob.ec\/sercop\/sabias-que-la-lucha-contra-la-corrupcion-es-una-responsabilidad-de-todas-y-de-todos\/\">\u00bfSab\u00edas que la lucha contra la corrupci\u00f3n es una responsabilidad de todas y de todos?<\/a><\/strong><\/span><\/p>\n<p>Si tienes informaci\u00f3n que nos permita luchar contra la corrupci\u00f3n y transparentar los procedimientos de contrataci\u00f3n p\u00fablica, es muy f\u00e1cil denunciarla. A trav\u00e9s del programa Denuncia Ciudadana, un espacio directo, electr\u00f3nico, eficaz y seguro puedes alertarnos sobre hechos atentatorios a los principios, pol\u00edticas y normas&#8230;<\/p>\n<hr \/>\n<p><span style=\"color: #0000ff;\"><strong><a class=\"search-color\" style=\"color: #0000ff;\" href=\"http:\/\/portal.compraspublicas.gob.ec\/sercop\/cuatro-personas-sentenciadas-a-prision-por-atentar-contra-la-integridad-de-la-contratacion-publica\/\">Cuatro personas sentenciadas a prisi\u00f3n por atentar contra la integridad de la contrataci\u00f3n p\u00fablica: CERO TOLERANCIA A LA CORRUPCI\u00d3N<\/a><\/strong><\/span><\/p>\n<p>Luego de tres meses de investigaci\u00f3n se dict\u00f3 sentencia en contra de cuatro personas por el delito de asociaci\u00f3n il\u00edcita para cometer actos en contra de la contrataci\u00f3n p\u00fablica. Estas personas estuvieron con prisi\u00f3n preventiva desde diciembre de 2015, fecha en que iniciaron las investigaciones&#8230;.<\/p>\n<hr \/>\n<p>&nbsp;<\/p>\n","protected":false},"excerpt":{"rendered":"<p class=\"excerpt\">El SERCOP combate frontalmente la corrupci\u00f3n \u201cSomos en\u00e9rgicos en decir que iremos hasta las \u00faltimas consecuencias cuando se comprueban actos de corrupci\u00f3n que atentan contra los intereses del Estado y la compra p\u00fablica\u201d. Director General del SERCOP, Santiago V\u00e1squez. La voluntad pol\u00edtica del SERCOP, sus autoridades y equipo de trabajo de profundizar la democracia, la participaci\u00f3n ciudadana y la transparencia,&hellip; <a href=\"https:\/\/portal.compraspublicas.gob.ec\/sercop\/combatimos-la-corrupcion\/\">Read more &rarr;<\/a><\/p>\n","protected":false},"author":1,"featured_media":0,"parent":0,"menu_order":0,"comment_status":"closed","ping_status":"closed","template":"denuncia.php","meta":[],"_links":{"self":[{"href":"https:\/\/portal.compraspublicas.gob.ec\/sercop\/wp-json\/wp\/v2\/pages\/17797"}],"collection":[{"href":"https:\/\/portal.compraspublicas.gob.ec\/sercop\/wp-json\/wp\/v2\/pages"}],"about":[{"href":"https:\/\/portal.compraspublicas.gob.ec\/sercop\/wp-json\/wp\/v2\/types\/page"}],"author":[{"embeddable":true,"href":"https:\/\/portal.compraspublicas.gob.ec\/sercop\/wp-json\/wp\/v2\/users\/1"}],"replies":[{"embeddable":true,"href":"https:\/\/portal.compraspublicas.gob.ec\/sercop\/wp-json\/wp\/v2\/comments?post=17797"}],"version-history":[{"count":0,"href":"https:\/\/portal.compraspublicas.gob.ec\/sercop\/wp-json\/wp\/v2\/pages\/17797\/revisions"}],"wp:attachment":[{"href":"https:\/\/portal.compraspublicas.gob.ec\/sercop\/wp-json\/wp\/v2\/media?parent=17797"}],"curies":[{"name":"wp","href":"https:\/\/api.w.org\/{rel}","templated":true}]}}