{"id":17838,"date":"2016-12-27T18:04:27","date_gmt":"2016-12-27T23:04:27","guid":{"rendered":"http:\/\/portal.compraspublicas.gob.ec\/sercop\/?page_id=17838"},"modified":"2017-01-04T14:19:19","modified_gmt":"2017-01-04T19:19:19","slug":"construccion-de-obras-civiles-en-vias","status":"publish","type":"page","link":"https:\/\/portal.compraspublicas.gob.ec\/sercop\/construccion-de-obras-civiles-en-vias\/","title":{"rendered":"Construcci\u00f3n de obras civiles en v\u00edas"},"content":{"rendered":"<p>Con el objeto de adquirir\u00a0 los servicios de \u201cSERVICIO DE CONSTRUCCI\u00d3N\u201d, de los actores de la econom\u00eda popular y solidaria y artesanos, se desarroll\u00f3 el Cat\u00e1logo Inclusivo que agrupa este tipo de servicio, con este antecedente se presenta la sustituci\u00f3n de productos existentes por nuevos productos de nuevos productos en el presente cat\u00e1logo.<br \/>\nSi\u00a0 te interesa participar en el Cat\u00e1logo Inclusivo \u201cSERVICIO DE CONSTRUCCI\u00d3N\u201d en los servicios:<\/p>\n<p><span style=\"color: #0000ff;\">1.\u00a0\u00a0 <a style=\"color: #0000ff;\" href=\"http:\/\/portal.compraspublicas.gob.ec\/sercop\/wp-content\/uploads\/2016\/12\/FICHA_T\u00c9CNICA_ADOQUINADO_ALCANTARILLADO_V\u00cdA-_RURAL.pdf\"> Servicio de construcci\u00f3n de alcantarillado de desfogue y adoquinado en v\u00edas rurales.<\/a><\/span><\/p>\n<p>Publicados mediante <span style=\"color: #0000ff;\"><a style=\"color: #0000ff;\" href=\"http:\/\/portal.compraspublicas.gob.ec\/sercop\/wp-content\/uploads\/2016\/12\/oficio_circular_no_sercop_cdi_2016_0120.pdf\">Oficio Circular<\/a><\/span>\u00a0 adjunto, debes catalogarte en el procedimiento CDI-SERCOP-004-2016, por favor revisa los requisitos m\u00ednimos de participaci\u00f3n de las fichas previas:<\/p>\n<p>Los proveedores catalogados al procedimiento CDI-SERCOP-004-2016, deben presentar:<\/p>\n<p><span style=\"color: #0000ff;\">1.\u00a0\u00a0 <a style=\"color: #0000ff;\" href=\"http:\/\/portal.compraspublicas.gob.ec\/sercop\/wp-content\/uploads\/2016\/12\/manifestacion_de_interes_alcantarillado_adoquinado_vias_rurales.doc\"> Manifestaci\u00f3n de Inter\u00e9s<\/a><\/span> .<\/p>\n<p><strong>INCORPORACI\u00d3N NUEVOS PROVEEDORES<\/strong><br \/>\n1.\u00a0\u00a0 \u00a0Lee y analiza el <span style=\"color: #0000ff;\"><a style=\"color: #0000ff;\" href=\"http:\/\/portal.compraspublicas.gob.ec\/sercop\/wp-content\/uploads\/2016\/12\/pliego_servicios_de_construccion.doc\">pliego <\/a><\/span>detenidamente para que conozcas acerca del proceso de catalogaci\u00f3n para el servicio de construcci\u00f3n.<br \/>\n2.\u00a0\u00a0 \u00a0Llena los <span style=\"color: #0000ff;\"><a style=\"color: #0000ff;\" href=\"http:\/\/portal.compraspublicas.gob.ec\/sercop\/wp-content\/uploads\/2016\/12\/formularios_adenda.doc\">formularios<\/a><\/span>\u00a0 y requisitos que se solicitan en los pliegos. Recuerda que los formularios y los requisitos deben estar sumillados y numerados.<br \/>\n3.\u00a0\u00a0 \u00a0Elabora un oficio dirigido al Econ. Santiago V\u00e1squez, Director General del SERCOP, solicitando tu incorporaci\u00f3n al Cat\u00e1logo Din\u00e1mico Inclusivo (<span style=\"color: #0000ff;\"><a style=\"color: #0000ff;\" href=\"http:\/\/portal.compraspublicas.gob.ec\/sercop\/wp-content\/uploads\/2016\/12\/modelo_de_oficio.docx\">Descarga modelo de oficio<\/a><\/span>).<\/p>\n<p><span style=\"color: #0000ff;\"><a style=\"color: #0000ff;\" href=\"http:\/\/portal.compraspublicas.gob.ec\/sercop\/wp-content\/uploads\/2017\/01\/adenda_construccion.docx\"><span style=\"color: #0000ff;\">ADENDA al Acuerdo de Compromiso<\/span> <\/a><\/span><\/p>\n<p>Entrega los documentos en un sobre cerrado en la ventanilla del SERCOP m\u00e1s cercana. <span style=\"color: #0000ff;\"><a style=\"color: #0000ff;\" href=\"http:\/\/portal.compraspublicas.gob.ec\/sercop\/contacto\/\"><em>Conoce d\u00f3nde estamos ubicados<\/em><\/a><\/span><\/p>\n","protected":false},"excerpt":{"rendered":"<p class=\"excerpt\">Con el objeto de adquirir\u00a0 los servicios de \u201cSERVICIO DE CONSTRUCCI\u00d3N\u201d, de los actores de la econom\u00eda popular y solidaria y artesanos, se desarroll\u00f3 el Cat\u00e1logo Inclusivo que agrupa este tipo de servicio, con este antecedente se presenta la sustituci\u00f3n de productos existentes por nuevos productos de nuevos productos en el presente cat\u00e1logo. Si\u00a0 te interesa participar en el Cat\u00e1logo&hellip; <a href=\"https:\/\/portal.compraspublicas.gob.ec\/sercop\/construccion-de-obras-civiles-en-vias\/\">Read more &rarr;<\/a><\/p>\n","protected":false},"author":1,"featured_media":0,"parent":0,"menu_order":0,"comment_status":"closed","ping_status":"closed","template":"catalogo.php","meta":[],"_links":{"self":[{"href":"https:\/\/portal.compraspublicas.gob.ec\/sercop\/wp-json\/wp\/v2\/pages\/17838"}],"collection":[{"href":"https:\/\/portal.compraspublicas.gob.ec\/sercop\/wp-json\/wp\/v2\/pages"}],"about":[{"href":"https:\/\/portal.compraspublicas.gob.ec\/sercop\/wp-json\/wp\/v2\/types\/page"}],"author":[{"embeddable":true,"href":"https:\/\/portal.compraspublicas.gob.ec\/sercop\/wp-json\/wp\/v2\/users\/1"}],"replies":[{"embeddable":true,"href":"https:\/\/portal.compraspublicas.gob.ec\/sercop\/wp-json\/wp\/v2\/comments?post=17838"}],"version-history":[{"count":0,"href":"https:\/\/portal.compraspublicas.gob.ec\/sercop\/wp-json\/wp\/v2\/pages\/17838\/revisions"}],"wp:attachment":[{"href":"https:\/\/portal.compraspublicas.gob.ec\/sercop\/wp-json\/wp\/v2\/media?parent=17838"}],"curies":[{"name":"wp","href":"https:\/\/api.w.org\/{rel}","templated":true}]}}