{"id":17852,"date":"2016-12-29T09:40:45","date_gmt":"2016-12-29T14:40:45","guid":{"rendered":"http:\/\/portal.compraspublicas.gob.ec\/sercop\/?page_id=17852"},"modified":"2016-12-29T10:01:49","modified_gmt":"2016-12-29T15:01:49","slug":"17852-2","status":"publish","type":"page","link":"https:\/\/portal.compraspublicas.gob.ec\/sercop\/17852-2\/","title":{"rendered":"Limpieza de espacios p\u00fablicos con alto contenido de mobiliario urbano. (malec\u00f3n, plazas, otros.)"},"content":{"rendered":"<p><img loading=\"lazy\" class=\"alignnone\" src=\"http:\/\/portal.compraspublicas.gob.ec\/sercop\/wp-content\/uploads\/2016\/04\/comunidad2.png\" alt=\"\" width=\"659\" height=\"192\" \/><\/p>\n<p style=\"text-align: justify;\">Con el objeto de proporcionar los servicios de \u201cSERVICIO DE LIMPIEZA DE ESPACIOS P\u00daBLICOS CON ALTO CONTENIDO DE MOBILIARIO URBANO. (MALEC\u00d3N, PLAZAS, ETC)\u201d, a los actores de la econom\u00eda popular y solidaria y artesanos, se desarroll\u00f3 el Cat\u00e1logo Inclusivo que agrupa este tipo de servicio, con este antecedente se presenta la incorporaci\u00f3n de nuevos productos al presente cat\u00e1logo.<\/p>\n<p style=\"text-align: justify;\">Si te interesa participar en el Cat\u00e1logo Inclusivo \u201cSERVICIO DE LIMPIEZA\u201d en el servicio \u201c<strong>SERVICIO DE LIMPIEZA DE ESPACIOS P\u00daBLICOS CON ALTO CONTENIDO DE MOBILIARIO URBANO. (MALEC\u00d3N, PLAZAS, ETC)\u201d<\/strong>, publicado mediante <span style=\"color: #0000ff;\"><a style=\"color: #0000ff;\" href=\"http:\/\/portal.compraspublicas.gob.ec\/sercop\/wp-content\/uploads\/2016\/12\/oficio_malecon.pdf\">Oficio Circular<\/a><\/span>\u00a0 adjunto, debes catalogarte en el procedimiento CDI-SERCOP-006-2016, por favor revisa los requisitos m\u00ednimos de participaci\u00f3n de la siguiente ficha t\u00e9cnica:<\/p>\n<p><span style=\"color: #0000ff;\"><a style=\"color: #0000ff;\" href=\"http:\/\/portal.compraspublicas.gob.ec\/sercop\/wp-content\/uploads\/2016\/12\/ficha_t\u00e9cnica_limpieza_malecon_final.pdf\">1. SERVICIO DE LIMPIEZA DE ESPACIOS P\u00daBLICOS CON ALTO CONTENIDO DE MOBILIARIO URBANO. (MALEC\u00d3N, PLAZAS, ETC)<\/a><\/span><\/p>\n<p>Los proveedores catalogados al procedimiento CDI-SERCOP-006-2016, deben presentar:<\/p>\n<p><span style=\"color: #0000ff;\"><a style=\"color: #0000ff;\" href=\"http:\/\/portal.compraspublicas.gob.ec\/sercop\/wp-content\/uploads\/2016\/12\/manifestacion_interes_limpieza_malecon.docx\">1. Manifestaci\u00f3n de Inter\u00e9s<\/a><\/span><br \/>\n<span style=\"color: #0000ff;\"><a style=\"color: #0000ff;\" href=\"http:\/\/portal.compraspublicas.gob.ec\/sercop\/wp-content\/uploads\/2016\/12\/adenda_al_acuerdo_de_compromiso.docx\"> 2. Adenda al Acuerdo de Compromiso<\/a><\/span><\/p>\n<p><strong>INCORPORACI\u00d3N NUEVOS PROVEEDORES<\/strong><\/p>\n<p>1.\u00a0\u00a0 \u00a0Lee y analiza el <span style=\"color: #0000ff;\"><a style=\"color: #0000ff;\" href=\"http:\/\/portal.compraspublicas.gob.ec\/sercop\/wp-content\/uploads\/2016\/12\/pliego_servicio_de_limpieza.doc\">pliego <\/a><\/span>detenidamente para que conozcas acerca del proceso de catalogaci\u00f3n para el servicio de limpieza.<br \/>\n2.\u00a0\u00a0 \u00a0Llena los <span style=\"color: #0000ff;\"><a style=\"color: #0000ff;\" href=\"http:\/\/portal.compraspublicas.gob.ec\/sercop\/wp-content\/uploads\/2016\/12\/formularios.docx\">formularios <\/a><\/span>y requisitos que se solicitan en los pliegos. Recuerda que los formularios y los requisitos deben estar sumillados y numerados.<br \/>\n3.\u00a0\u00a0 \u00a0Elabora un oficio dirigido al Econ. Santiago V\u00e1squez, Director General del SERCOP, solicitando tu incorporaci\u00f3n al Cat\u00e1logo Din\u00e1mico Inclusivo (<span style=\"color: #0000ff;\"><a style=\"color: #0000ff;\" href=\"http:\/\/portal.compraspublicas.gob.ec\/sercop\/wp-content\/uploads\/2016\/12\/modelo_de_oficio1.docx\">Descarga modelo de oficio<\/a><\/span>) .<\/p>\n<p>Entrega los documentos en un sobre cerrado en la ventanilla del SERCOP m\u00e1s cercana. <span style=\"color: #0000ff;\"><a style=\"color: #0000ff;\" href=\"http:\/\/portal.compraspublicas.gob.ec\/sercop\/contacto\/\"><em>Conoce d\u00f3nde estamos ubicados<\/em><\/a><\/span><\/p>\n","protected":false},"excerpt":{"rendered":"<p class=\"excerpt\">Con el objeto de proporcionar los servicios de \u201cSERVICIO DE LIMPIEZA DE ESPACIOS P\u00daBLICOS CON ALTO CONTENIDO DE MOBILIARIO URBANO. (MALEC\u00d3N, PLAZAS, ETC)\u201d, a los actores de la econom\u00eda popular y solidaria y artesanos, se desarroll\u00f3 el Cat\u00e1logo Inclusivo que agrupa este tipo de servicio, con este antecedente se presenta la incorporaci\u00f3n de nuevos productos al presente cat\u00e1logo. Si te&hellip; <a href=\"https:\/\/portal.compraspublicas.gob.ec\/sercop\/17852-2\/\">Read more &rarr;<\/a><\/p>\n","protected":false},"author":1,"featured_media":0,"parent":0,"menu_order":0,"comment_status":"closed","ping_status":"closed","template":"catalogo.php","meta":[],"_links":{"self":[{"href":"https:\/\/portal.compraspublicas.gob.ec\/sercop\/wp-json\/wp\/v2\/pages\/17852"}],"collection":[{"href":"https:\/\/portal.compraspublicas.gob.ec\/sercop\/wp-json\/wp\/v2\/pages"}],"about":[{"href":"https:\/\/portal.compraspublicas.gob.ec\/sercop\/wp-json\/wp\/v2\/types\/page"}],"author":[{"embeddable":true,"href":"https:\/\/portal.compraspublicas.gob.ec\/sercop\/wp-json\/wp\/v2\/users\/1"}],"replies":[{"embeddable":true,"href":"https:\/\/portal.compraspublicas.gob.ec\/sercop\/wp-json\/wp\/v2\/comments?post=17852"}],"version-history":[{"count":0,"href":"https:\/\/portal.compraspublicas.gob.ec\/sercop\/wp-json\/wp\/v2\/pages\/17852\/revisions"}],"wp:attachment":[{"href":"https:\/\/portal.compraspublicas.gob.ec\/sercop\/wp-json\/wp\/v2\/media?parent=17852"}],"curies":[{"name":"wp","href":"https:\/\/api.w.org\/{rel}","templated":true}]}}