{"id":18092,"date":"2017-01-09T12:27:24","date_gmt":"2017-01-09T17:27:24","guid":{"rendered":"http:\/\/portal.compraspublicas.gob.ec\/sercop\/?page_id=18092"},"modified":"2017-01-09T12:30:41","modified_gmt":"2017-01-09T17:30:41","slug":"transporte-interprovincial-ocasional","status":"publish","type":"page","link":"https:\/\/portal.compraspublicas.gob.ec\/sercop\/transporte-interprovincial-ocasional\/","title":{"rendered":"Transporte interprovincial ocasional"},"content":{"rendered":"<p><img loading=\"lazy\" class=\"alignnone\" src=\"http:\/\/portal.compraspublicas.gob.ec\/sercop\/wp-content\/uploads\/2016\/10\/catalogos_furgonetas.jpg\" alt=\"\" width=\"722\" height=\"244\" \/><\/p>\n<p>Con el objeto de proporcionar los servicios de SERVICIO OCASIONAL DE TRANSPORTE INTERPROVINCIAL DE PASAJEROS IDA Y REGRESO CON RANGOS DE RECORRIDO EN VEH\u00cdCULO TIPO B\u00daS Y MINIB\u00daS, a los actores de la econom\u00eda popular y solidaria y artesanos, se desarroll\u00f3 el Cat\u00e1logo Inclusivo que agrupa este tipo de servicio, con este antecedente se presenta la incorporaci\u00f3n de nuevos productos al presente cat\u00e1logo.<br \/>\nSi te interesa participar en el Cat\u00e1logo Inclusivo SERVICIO OCASIONAL DE TRANSPORTE INTERPROVINCIAL DE PASAJEROS IDA Y REGRESO CON RANGOS DE RECORRIDO EN VEH\u00cdCULO TIPO B\u00daS Y MINIB\u00daS publicado mediante Oficio Circular\u00a0 adjunto, debes catalogarte en el procedimiento CDI-SERCOP-006-2016, por favor revisa los requisitos m\u00ednimos de participaci\u00f3n de la siguientes fichas t\u00e9cnicas:<\/p>\n<p><span style=\"color: #0000ff;\"><a style=\"color: #0000ff;\" href=\"http:\/\/portal.compraspublicas.gob.ec\/sercop\/wp-content\/uploads\/2017\/01\/FICHAS-BUS.rar\">1. SERVICIO OCASIONAL DE TRANSPORTE INTERPROVINCIAL DE PASAJEROS IDA Y REGRESO CON RANGO DE RECORRIDO TIPO BUS) <\/a><\/span><br \/>\n<a href=\"http:\/\/portal.compraspublicas.gob.ec\/sercop\/wp-content\/uploads\/2017\/01\/FICHAS-MINIBUS.rar\"><span style=\"color: #0000ff;\">2. SERVICIO OCASIONAL DE TRANSPORTE INTERPROVINCIAL DE PASAJEROS IDA Y REGRESO CON RANGOS DE RECORRIDO TIPO MINIB\u00daS<\/span> <\/a><\/p>\n<p>Los proveedores catalogados al procedimiento CDI-SERCOP-006-2016, deben presentar:<\/p>\n<p><span style=\"color: #0000ff;\"><a style=\"color: #0000ff;\" href=\"http:\/\/portal.compraspublicas.gob.ec\/sercop\/wp-content\/uploads\/2017\/01\/Manifestacion-interes-transporte.docx\">1. Manifestaci\u00f3n de Inter\u00e9s.<\/a><\/span><br \/>\n<span style=\"color: #0000ff;\"><a style=\"color: #0000ff;\" href=\"http:\/\/portal.compraspublicas.gob.ec\/sercop\/wp-content\/uploads\/2017\/01\/ADENDA-TRANSPORTE.docx\">2. Adenda al Acuerdo de Compromiso <\/a><\/span><\/p>\n<p><strong>INCORPORACI\u00d3N NUEVOS PROVEEDORES<\/strong><\/p>\n<p>1.\u00a0\u00a0 \u00a0Lee y analiza el <span style=\"color: #0000ff;\"><a style=\"color: #0000ff;\" href=\"http:\/\/portal.compraspublicas.gob.ec\/sercop\/wp-content\/uploads\/2017\/01\/PLIEGO-TRANSPORTE-FINAL1.pdf\">pliego <\/a><\/span>detenidamente para que conozcas acerca del proceso de catalogaci\u00f3n para el servicio de limpieza.<br \/>\n2.\u00a0\u00a0 \u00a0Llena los <span style=\"color: #0000ff;\"><a style=\"color: #0000ff;\" href=\"http:\/\/portal.compraspublicas.gob.ec\/sercop\/wp-content\/uploads\/2017\/01\/formularios-a-llenar-proveedores.docx\">formularios <\/a><\/span>y requisitos que se solicitan en los pliegos. Recuerda que los formularios y los requisitos deben estar sumillados y numerados.<br \/>\n3.\u00a0\u00a0 \u00a0Elabora un oficio dirigido al Econ. Santiago V\u00e1squez, Director General del SERCOP, solicitando tu incorporaci\u00f3n al Cat\u00e1logo Din\u00e1mico Inclusivo (<span style=\"color: #0000ff;\"><a style=\"color: #0000ff;\" href=\"http:\/\/portal.compraspublicas.gob.ec\/sercop\/wp-content\/uploads\/2017\/01\/oficio_transporte.pdf\">Descarga modelo de oficio<\/a><\/span>) .<\/p>\n","protected":false},"excerpt":{"rendered":"<p class=\"excerpt\">Con el objeto de proporcionar los servicios de SERVICIO OCASIONAL DE TRANSPORTE INTERPROVINCIAL DE PASAJEROS IDA Y REGRESO CON RANGOS DE RECORRIDO EN VEH\u00cdCULO TIPO B\u00daS Y MINIB\u00daS, a los actores de la econom\u00eda popular y solidaria y artesanos, se desarroll\u00f3 el Cat\u00e1logo Inclusivo que agrupa este tipo de servicio, con este antecedente se presenta la incorporaci\u00f3n de nuevos productos&hellip; <a href=\"https:\/\/portal.compraspublicas.gob.ec\/sercop\/transporte-interprovincial-ocasional\/\">Read more &rarr;<\/a><\/p>\n","protected":false},"author":1,"featured_media":0,"parent":0,"menu_order":0,"comment_status":"closed","ping_status":"closed","template":"catalogo.php","meta":[],"_links":{"self":[{"href":"https:\/\/portal.compraspublicas.gob.ec\/sercop\/wp-json\/wp\/v2\/pages\/18092"}],"collection":[{"href":"https:\/\/portal.compraspublicas.gob.ec\/sercop\/wp-json\/wp\/v2\/pages"}],"about":[{"href":"https:\/\/portal.compraspublicas.gob.ec\/sercop\/wp-json\/wp\/v2\/types\/page"}],"author":[{"embeddable":true,"href":"https:\/\/portal.compraspublicas.gob.ec\/sercop\/wp-json\/wp\/v2\/users\/1"}],"replies":[{"embeddable":true,"href":"https:\/\/portal.compraspublicas.gob.ec\/sercop\/wp-json\/wp\/v2\/comments?post=18092"}],"version-history":[{"count":0,"href":"https:\/\/portal.compraspublicas.gob.ec\/sercop\/wp-json\/wp\/v2\/pages\/18092\/revisions"}],"wp:attachment":[{"href":"https:\/\/portal.compraspublicas.gob.ec\/sercop\/wp-json\/wp\/v2\/media?parent=18092"}],"curies":[{"name":"wp","href":"https:\/\/api.w.org\/{rel}","templated":true}]}}