{"id":18139,"date":"2017-01-10T10:53:22","date_gmt":"2017-01-10T15:53:22","guid":{"rendered":"http:\/\/portal.compraspublicas.gob.ec\/sercop\/?page_id=18139"},"modified":"2025-09-12T14:56:50","modified_gmt":"2025-09-12T19:56:50","slug":"productos-alimenticios-feria-inclusiva","status":"publish","type":"page","link":"https:\/\/portal.compraspublicas.gob.ec\/sercop\/productos-alimenticios-feria-inclusiva\/","title":{"rendered":"Productos Alimenticios &#8211; Feria inclusiva"},"content":{"rendered":"<p>Si\u00a0 te interesa participar en los Cat\u00e1logos Inclusivos del Servicio Nacional de Contrataci\u00f3n P\u00fablica revisa los requisitos de participaci\u00f3n para los productos lanzados mediante nuevas Ferias Inclusivas o mediante Adhesi\u00f3n de Productos.<\/p>\n<p><strong>PARA NUEVOS PROVEEDORES<\/strong><\/p>\n<ol>\n<li>Lee y analiza el <span style=\"color: #0000ff;\"><a style=\"color: #0000ff;\" href=\"https:\/\/portal.compraspublicas.gob.ec\/sercop\/wp-content\/uploads\/2017\/01\/pliegos_provision_de_alimentos.pdf\">pliego <\/a><\/span>detenidamente del proceso de catalogaci\u00f3n.<\/li>\n<li>Llena los <span style=\"color: #0000ff;\"><a style=\"color: #0000ff;\" href=\"https:\/\/portal.compraspublicas.gob.ec\/sercop\/wp-content\/uploads\/2025\/09\/FORMULARIOS.docx\">formularios <\/a><\/span>y requisitos de equipamiento y herramientas por producto que se solicitan en los pliegos. Recuerda que los formularios y los requisitos deben estar sumillados y numerados.<\/li>\n<\/ol>\n<p><strong>PARA PROVEEDORES CATALOGADOS<\/strong><\/p>\n<p>Deber\u00e1n presentar la manifestaci\u00f3n de inter\u00e9s del producto en el que le interese participar. As\u00ed como la documentaci\u00f3n y requisitos establecidos en las fichas t\u00e9cnicas, las cuales deber\u00e1n estar con las respectivas sumillas.<\/p>\n<p><strong><u>CONSIDERACIONES:<\/u><\/strong><\/p>\n<ul>\n<li>La oferta o manifestaci\u00f3n de inter\u00e9s obligatoriamente deber\u00e1 ser firmada electr\u00f3nicamente por el representante legal, apoderado, persona natural o procurador com\u00fan, con sus respectivos anexos o documentaci\u00f3n de respaldo seg\u00fan el caso.<\/li>\n<li>Finalmente, la oferta o manifestaci\u00f3n de inter\u00e9s deber\u00e1 ser enviada al correo electr\u00f3nico <strong>ofertascatalogo@sercop.gob.ec<\/strong>, de ser el caso, si el tama\u00f1o del o los archivos no le permita remitir la oferta por correo electr\u00f3nico, el oferente podr\u00e1 usar un servicio web de alojamiento de archivos, y deber\u00e1 enviar el link, mismo que debe ser de acceso p\u00fablico sin clave y sin fecha de caducidad.<\/li>\n<\/ul>\n<p>&nbsp;<\/p>\n<p>Resoluci\u00f3n Administrativa <span style=\"color: #0000ff;\"><a style=\"color: #0000ff;\" href=\"https:\/\/portal.compraspublicas.gob.ec\/sercop\/wp-content\/uploads\/2019\/02\/resolucion_administrativa_ra-ctdc-sercop-2019-0080.pdf\">Nro. RA-CTDC-SERCOP-2019-0080<\/a> <\/span><\/p>\n<p><a href=\"https:\/\/portal.compraspublicas.gob.ec\/sercop\/wp-content\/uploads\/2019\/04\/resolucion_ra_ctdc_sercop_2019_0168.pdf\">Resoluci\u00f3n Administrativa RA-CTDC-SERCOP-2019-0168<\/a><\/p>\n<p><!--\n\n\n<table width=\"638\">\n\n\n<tbody>\n\n\n<tr>\n\n\n<td width=\"413\">NOMBRE DEL PRODUCTO<\/td>\n\n\n\n\n<td width=\"157\">FECHA DE PUBLICACI\u00d3N<\/td>\n\n\n<\/tr>\n\n\n--><\/p>\n<p><!--\n\n\n<table style=\"height: 176px;\" width=\"638\">\n\n\n<tbody>\n\n\n<tr>\n\n\n<td style=\"text-align: center;\" width=\"413\">NOMBRE DEL PRODUCTO<\/td>\n\n\n\n\n<td style=\"text-align: center;\" width=\"157\">FECHA DE PUBLICACI\u00d3N<\/td>\n\n\n<\/tr>\n\n\n--><br \/>\n<!--\n\n\n<tr>\n\n\n<td width=\"413\"><span style=\"color: #0000ff;\"><a style=\"color: #0000ff;\" href=\"https:\/\/portal.compraspublicas.gob.ec\/sercop\/wp-content\/uploads\/2017\/01\/banano_sin_maduracion.pdf\">Banano para alimentaci\u00f3n escolar - sin maduraci\u00f3n<\/a><\/span><\/td>\n\n\n\n\n<td width=\"157\">29\/03\/2016<\/td>\n\n\n<\/tr>\n\n\n--><br \/>\n<!--\n<span style=\"color: #0000ff;\"><a style=\"color: #0000ff;\" href=\"https:\/\/portal.compraspublicas.gob.ec\/sercop\/wp-content\/uploads\/2017\/01\/banano_con_maduracion.pdf\">Banano para alimentaci\u00f3n escolar - incluye maduraci\u00f3n<\/a><\/span>29\/03\/2016\n--><br \/>\n<!--\n\n\n<tr>\n\n\n<td width=\"413\"><span style=\"color: #0000ff;\"><a style=\"color: #0000ff;\" href=\"https:\/\/portal.compraspublicas.gob.ec\/sercop\/wp-content\/uploads\/2017\/01\/orito_sin_maduracion.pdf\">Orito para alimentaci\u00f3n escolar - sin maduraci\u00f3n<\/a><\/span><\/td>\n\n\n\n\n<td width=\"157\">29\/03\/2016<\/td>\n\n\n<\/tr>\n\n\n--><br \/>\n<!--\n<span style=\"color: #0000ff;\"><a style=\"color: #0000ff;\" href=\"https:\/\/portal.compraspublicas.gob.ec\/sercop\/wp-content\/uploads\/2017\/01\/orito_con_maduracion.pdf\">Orito para alimentaci\u00f3n escolar - incluye maduraci\u00f3n<\/a><\/span>29\/03\/2016\n\n--&gt;\n--><\/p>\n","protected":false},"excerpt":{"rendered":"<p class=\"excerpt\">Si\u00a0 te interesa participar en los Cat\u00e1logos Inclusivos del Servicio Nacional de Contrataci\u00f3n P\u00fablica revisa los requisitos de participaci\u00f3n para los productos lanzados mediante nuevas Ferias Inclusivas o mediante Adhesi\u00f3n de Productos. PARA NUEVOS PROVEEDORES Lee y analiza el pliego detenidamente del proceso de catalogaci\u00f3n. Llena los formularios y requisitos de equipamiento y herramientas por producto que se solicitan en&hellip; <a href=\"https:\/\/portal.compraspublicas.gob.ec\/sercop\/productos-alimenticios-feria-inclusiva\/\">Read more &rarr;<\/a><\/p>\n","protected":false},"author":1,"featured_media":0,"parent":0,"menu_order":0,"comment_status":"closed","ping_status":"closed","template":"menugenerico.php","meta":[],"_links":{"self":[{"href":"https:\/\/portal.compraspublicas.gob.ec\/sercop\/wp-json\/wp\/v2\/pages\/18139"}],"collection":[{"href":"https:\/\/portal.compraspublicas.gob.ec\/sercop\/wp-json\/wp\/v2\/pages"}],"about":[{"href":"https:\/\/portal.compraspublicas.gob.ec\/sercop\/wp-json\/wp\/v2\/types\/page"}],"author":[{"embeddable":true,"href":"https:\/\/portal.compraspublicas.gob.ec\/sercop\/wp-json\/wp\/v2\/users\/1"}],"replies":[{"embeddable":true,"href":"https:\/\/portal.compraspublicas.gob.ec\/sercop\/wp-json\/wp\/v2\/comments?post=18139"}],"version-history":[{"count":8,"href":"https:\/\/portal.compraspublicas.gob.ec\/sercop\/wp-json\/wp\/v2\/pages\/18139\/revisions"}],"predecessor-version":[{"id":62959,"href":"https:\/\/portal.compraspublicas.gob.ec\/sercop\/wp-json\/wp\/v2\/pages\/18139\/revisions\/62959"}],"wp:attachment":[{"href":"https:\/\/portal.compraspublicas.gob.ec\/sercop\/wp-json\/wp\/v2\/media?parent=18139"}],"curies":[{"name":"wp","href":"https:\/\/api.w.org\/{rel}","templated":true}]}}