{"id":18151,"date":"2017-01-10T11:01:34","date_gmt":"2017-01-10T16:01:34","guid":{"rendered":"http:\/\/portal.compraspublicas.gob.ec\/sercop\/?page_id=18151"},"modified":"2025-09-12T14:58:25","modified_gmt":"2025-09-12T19:58:25","slug":"productos-alimenticios-incorporacion-productos","status":"publish","type":"page","link":"https:\/\/portal.compraspublicas.gob.ec\/sercop\/productos-alimenticios-incorporacion-productos\/","title":{"rendered":"Productos Alimenticios &#8211; Incorporaci\u00f3n productos"},"content":{"rendered":"<p>Si\u00a0 te interesa participar en los Cat\u00e1logos Inclusivos del Servicio Nacional de Contrataci\u00f3n P\u00fablica revisa los requisitos de participaci\u00f3n para los productos lanzados mediante nuevas Ferias Inclusivas o mediante Adhesi\u00f3n de Productos.<\/p>\n<p><strong>PARA NUEVOS PROVEEDORES<\/strong><\/p>\n<ol>\n<li>Lee y analiza el <span style=\"color: #0000ff;\"><a style=\"color: #0000ff;\" href=\"https:\/\/portal.compraspublicas.gob.ec\/sercop\/wp-content\/uploads\/2017\/01\/pliegos_provision_de_alimentos.pdf\">pliego <\/a><\/span>detenidamente del proceso de catalogaci\u00f3n.<\/li>\n<li>Llena los <span style=\"color: #0000ff;\"><a style=\"color: #0000ff;\" href=\"https:\/\/portal.compraspublicas.gob.ec\/sercop\/wp-content\/uploads\/2025\/09\/FORMULARIOS-1.docx\">formularios <\/a><\/span>y requisitos de equipamiento y herramientas por producto que se solicitan en los pliegos. Recuerda que los formularios y los requisitos deben estar sumillados y numerados.<\/li>\n<\/ol>\n<p><strong>PARA PROVEEDORES CATALOGADOS<\/strong><\/p>\n<p>Deber\u00e1n presentar la manifestaci\u00f3n de inter\u00e9s del producto en el que le interese participar. As\u00ed como la documentaci\u00f3n y requisitos establecidos en las fichas t\u00e9cnicas, las cuales deber\u00e1n estar con las respectivas sumillas.<\/p>\n<p><strong><u>CONSIDERACIONES:<\/u><\/strong><\/p>\n<ul>\n<li>La oferta o manifestaci\u00f3n de inter\u00e9s obligatoriamente deber\u00e1 ser firmada electr\u00f3nicamente por el representante legal, apoderado, persona natural o procurador com\u00fan, con sus respectivos anexos o documentaci\u00f3n de respaldo seg\u00fan el caso.<\/li>\n<li>Finalmente, la oferta o manifestaci\u00f3n de inter\u00e9s deber\u00e1 ser enviada al correo electr\u00f3nico <strong>ofertascatalogo@sercop.gob.ec<\/strong>, de ser el caso, si el tama\u00f1o del o los archivos no le permita remitir la oferta por correo electr\u00f3nico, el oferente podr\u00e1 usar un servicio web de alojamiento de archivos, y deber\u00e1 enviar el link, mismo que debe ser de acceso p\u00fablico sin clave y sin fecha de caducidad.<\/li>\n<\/ul>\n<p>&nbsp;<\/p>\n<p><span style=\"color: #0000ff;\"><a style=\"color: #0000ff;\" href=\"https:\/\/portal.compraspublicas.gob.ec\/sercop\/wp-content\/uploads\/2017\/09\/actualizacion_publicacion.pdf\"><em>* ACTUALIZACI\u00d3N SERCOP SERCOP-CDI-2017-0118<\/em><\/a><\/span><\/p>\n<table style=\"height: 434px;\" width=\"771\">\n<tbody>\n<tr>\n<td width=\"413\"><strong>NOMBRE DE PRODUCTO<\/strong><\/td>\n<td width=\"157\"><strong>OFICIO CIRCULAR<\/strong><\/td>\n<td width=\"117\"><strong>DOCUMENTOS\u00a0<\/strong><\/td>\n<td width=\"123\"><strong>ACTUALIZACIONES<\/strong><\/td>\n<\/tr>\n<tr>\n<td width=\"413\"><span style=\"color: #0000ff;\"><a style=\"color: #0000ff;\" href=\"https:\/\/portal.compraspublicas.gob.ec\/sercop\/wp-content\/uploads\/2017\/01\/canasta_verduras_legumbres_hortalizas_frescas.pdf\">Canasta legumbres, verduras y hortalizas frescas<\/a><\/span><\/td>\n<td width=\"157\"><span style=\"color: #0000ff;\"><a style=\"color: #0000ff;\" href=\"https:\/\/portal.compraspublicas.gob.ec\/sercop\/wp-content\/uploads\/2017\/01\/cdi_2016_063_canastas_verduras_y_almidones.pdf\">SERCOP-CDI-2016-063<\/a><\/span><\/td>\n<td width=\"117\"><span style=\"color: #0000ff;\"><a style=\"color: #0000ff;\" href=\"https:\/\/portal.compraspublicas.gob.ec\/sercop\/wp-content\/uploads\/2017\/01\/manifestacion_de_interes_canastas_verduras_almidones.docx\">Manifestaci\u00f3n de inter\u00e9s<\/a><\/span><\/td>\n<td><\/td>\n<\/tr>\n<tr>\n<td width=\"413\"><span style=\"color: #0000ff;\"><a style=\"color: #0000ff;\" href=\"https:\/\/portal.compraspublicas.gob.ec\/sercop\/wp-content\/uploads\/2017\/01\/almidones_cereales_granos_harinas_tuberculos.pdf\">Canasta &#8211; almidones (cereales, granos secos, harinas y tub\u00e9rculos)<\/a><\/span><\/td>\n<td width=\"157\"><span style=\"color: #0000ff;\"><a style=\"color: #0000ff;\" href=\"https:\/\/portal.compraspublicas.gob.ec\/sercop\/wp-content\/uploads\/2017\/01\/cdi_2016_063_canastas_verduras_y_almidones.pdf\">SERCOP-CDI-2016-063<\/a><\/span><\/td>\n<td width=\"117\"><span style=\"color: #0000ff;\"><a style=\"color: #0000ff;\" href=\"https:\/\/portal.compraspublicas.gob.ec\/sercop\/wp-content\/uploads\/2017\/01\/manifestacion_de_interes_canastas_verduras_almidones.docx\">Manifestaci\u00f3n de inter\u00e9s<\/a><\/span><\/td>\n<td><\/td>\n<\/tr>\n<tr>\n<td width=\"413\"><span style=\"color: #0000ff;\"><a style=\"color: #0000ff;\" href=\"https:\/\/portal.compraspublicas.gob.ec\/sercop\/wp-content\/uploads\/2017\/01\/canasta_productos_carnicos_y_huevos.pdf\">Canasta &#8211; productos c\u00e1rnicos y huevos<\/a><\/span><\/td>\n<td width=\"157\"><span style=\"color: #0000ff;\"><a style=\"color: #0000ff;\" href=\"https:\/\/portal.compraspublicas.gob.ec\/sercop\/wp-content\/uploads\/2017\/01\/cdi_2016_070carnicos_lacteos_mariscos.pdf\">SERCOP-CDI-2016-070<\/a><\/span><\/td>\n<td width=\"117\"><span style=\"color: #0000ff;\"><a style=\"color: #0000ff;\" href=\"https:\/\/portal.compraspublicas.gob.ec\/sercop\/wp-content\/uploads\/2017\/01\/manifestacion_de_interes.docx\">Manifestaci\u00f3n de inter\u00e9s<\/a><\/span><\/td>\n<td><\/td>\n<\/tr>\n<tr>\n<td width=\"413\"><span style=\"color: #0000ff;\"><a style=\"color: #0000ff;\" href=\"https:\/\/portal.compraspublicas.gob.ec\/sercop\/wp-content\/uploads\/2017\/01\/canasta_pescado_mariscos.pdf\">Canasta &#8211; pescados y mariscos<\/a><\/span><\/td>\n<td width=\"157\"><span style=\"color: #0000ff;\"><a style=\"color: #0000ff;\" href=\"https:\/\/portal.compraspublicas.gob.ec\/sercop\/wp-content\/uploads\/2017\/01\/cdi_2016_070carnicos_lacteos_mariscos.pdf\">SERCOP-CDI-2016-070<\/a><\/span><\/td>\n<td width=\"117\"><span style=\"color: #0000ff;\"><a style=\"color: #0000ff;\" href=\"https:\/\/portal.compraspublicas.gob.ec\/sercop\/wp-content\/uploads\/2017\/01\/manifestacion_de_interes.docx\">Manifestaci\u00f3n de inter\u00e9s<\/a><\/span><\/td>\n<td><\/td>\n<\/tr>\n<tr>\n<td width=\"413\"><span style=\"color: #0000ff;\"><a style=\"color: #0000ff;\" href=\"https:\/\/portal.compraspublicas.gob.ec\/sercop\/wp-content\/uploads\/2017\/01\/canasta_productos_lacteos_y_derivados.pdf\">Canasta &#8211; productos l\u00e1cteos y derivados<\/a><\/span><\/td>\n<td width=\"157\"><span style=\"color: #0000ff;\"><a style=\"color: #0000ff;\" href=\"https:\/\/portal.compraspublicas.gob.ec\/sercop\/wp-content\/uploads\/2017\/01\/cdi_2016_070carnicos_lacteos_mariscos.pdf\">SERCOP-CDI-2016-070<\/a><\/span><\/td>\n<td width=\"117\"><span style=\"color: #0000ff;\"><a style=\"color: #0000ff;\" href=\"https:\/\/portal.compraspublicas.gob.ec\/sercop\/wp-content\/uploads\/2017\/01\/manifestacion_de_interes.docx\">Manifestaci\u00f3n de inter\u00e9s<\/a><\/span><\/td>\n<td><\/td>\n<\/tr>\n<tr>\n<td width=\"413\"><span style=\"color: #0000ff;\"><a style=\"color: #0000ff;\" href=\"https:\/\/portal.compraspublicas.gob.ec\/sercop\/wp-content\/uploads\/2017\/01\/canasta_especias_y_prodcts_aliment_procesados.pdf\">Canasta &#8211; especias y productos alimenticios procesados<\/a><\/span><\/td>\n<td width=\"157\"><span style=\"color: #0000ff;\"><a style=\"color: #0000ff;\" href=\"https:\/\/portal.compraspublicas.gob.ec\/sercop\/wp-content\/uploads\/2017\/01\/cdi_2016_072_canastas_especias_prodcts_procesados_e_infantil.pdf\">SERCOP-CDI-2016-072<\/a><\/span><\/td>\n<td width=\"117\"><span style=\"color: #0000ff;\"><a style=\"color: #0000ff;\" href=\"https:\/\/portal.compraspublicas.gob.ec\/sercop\/wp-content\/uploads\/2017\/01\/manifestacion_de_interes_canastas_especias_prodcts_procesados_e-infantil.docx\">Manifestaci\u00f3n de inter\u00e9s<\/a><\/span><\/td>\n<td><\/td>\n<\/tr>\n<tr>\n<td width=\"413\"><span style=\"color: #0000ff;\"><a style=\"color: #0000ff;\" href=\"https:\/\/portal.compraspublicas.gob.ec\/sercop\/wp-content\/uploads\/2017\/01\/canasta_infantil_especias_y_prodcts_aliment_procesados.pdf\">Canasta infantil &#8211; especias y productos alimenticios procesados<\/a><\/span><\/td>\n<td width=\"157\"><span style=\"color: #0000ff;\"><a style=\"color: #0000ff;\" href=\"https:\/\/portal.compraspublicas.gob.ec\/sercop\/wp-content\/uploads\/2017\/01\/cdi_2016_072_canastas_especias_prodcts_procesados_e_infantil.pdf\">SERCOP-CDI-2016-072<\/a><\/span><\/td>\n<td width=\"117\"><span style=\"color: #0000ff;\"><a style=\"color: #0000ff;\" href=\"https:\/\/portal.compraspublicas.gob.ec\/sercop\/wp-content\/uploads\/2017\/01\/manifestacion_de_interes_canastas_especias_prodcts_procesados_e-infantil.docx\">Manifestaci\u00f3n de inter\u00e9s<\/a><\/span><\/td>\n<td><\/td>\n<\/tr>\n<tr>\n<td width=\"413\"><span style=\"color: #0000ff;\"><a style=\"color: #0000ff;\" href=\"https:\/\/portal.compraspublicas.gob.ec\/sercop\/wp-content\/uploads\/2017\/02\/canasta_frutas_frescas.pdf\">Canasta frutas frescas<\/a><\/span><\/td>\n<td width=\"157\"><span style=\"color: #0000ff;\"><a style=\"color: #0000ff;\" href=\"https:\/\/portal.compraspublicas.gob.ec\/sercop\/wp-content\/uploads\/2017\/02\/cdi_2016_058_canasta_de_frutas_frescas.pdf\">SERCOP-CDI-2016-058<\/a><\/span><\/td>\n<td width=\"117\"><span style=\"color: #0000ff;\"><a style=\"color: #0000ff;\" href=\"https:\/\/portal.compraspublicas.gob.ec\/sercop\/wp-content\/uploads\/2017\/02\/manifestacion_de-_interes_canasta_de_frutas_frescas.docx\">Manifestaci\u00f3n de inter\u00e9s<\/a><\/span><\/td>\n<td><span style=\"color: #0000ff;\"><a style=\"color: #0000ff;\" href=\"https:\/\/portal.compraspublicas.gob.ec\/sercop\/wp-content\/uploads\/2017\/02\/actualizacio_064.pdf\">\u00a0SERCOP-CDI-2016-064<\/a><\/span><\/td>\n<\/tr>\n<\/tbody>\n<\/table>\n","protected":false},"excerpt":{"rendered":"<p class=\"excerpt\">Si\u00a0 te interesa participar en los Cat\u00e1logos Inclusivos del Servicio Nacional de Contrataci\u00f3n P\u00fablica revisa los requisitos de participaci\u00f3n para los productos lanzados mediante nuevas Ferias Inclusivas o mediante Adhesi\u00f3n de Productos. PARA NUEVOS PROVEEDORES Lee y analiza el pliego detenidamente del proceso de catalogaci\u00f3n. Llena los formularios y requisitos de equipamiento y herramientas por producto que se solicitan en&hellip; <a href=\"https:\/\/portal.compraspublicas.gob.ec\/sercop\/productos-alimenticios-incorporacion-productos\/\">Read more &rarr;<\/a><\/p>\n","protected":false},"author":1,"featured_media":0,"parent":0,"menu_order":0,"comment_status":"closed","ping_status":"closed","template":"menugenerico.php","meta":[],"_links":{"self":[{"href":"https:\/\/portal.compraspublicas.gob.ec\/sercop\/wp-json\/wp\/v2\/pages\/18151"}],"collection":[{"href":"https:\/\/portal.compraspublicas.gob.ec\/sercop\/wp-json\/wp\/v2\/pages"}],"about":[{"href":"https:\/\/portal.compraspublicas.gob.ec\/sercop\/wp-json\/wp\/v2\/types\/page"}],"author":[{"embeddable":true,"href":"https:\/\/portal.compraspublicas.gob.ec\/sercop\/wp-json\/wp\/v2\/users\/1"}],"replies":[{"embeddable":true,"href":"https:\/\/portal.compraspublicas.gob.ec\/sercop\/wp-json\/wp\/v2\/comments?post=18151"}],"version-history":[{"count":4,"href":"https:\/\/portal.compraspublicas.gob.ec\/sercop\/wp-json\/wp\/v2\/pages\/18151\/revisions"}],"predecessor-version":[{"id":62961,"href":"https:\/\/portal.compraspublicas.gob.ec\/sercop\/wp-json\/wp\/v2\/pages\/18151\/revisions\/62961"}],"wp:attachment":[{"href":"https:\/\/portal.compraspublicas.gob.ec\/sercop\/wp-json\/wp\/v2\/media?parent=18151"}],"curies":[{"name":"wp","href":"https:\/\/api.w.org\/{rel}","templated":true}]}}