{"id":18225,"date":"2017-01-11T09:01:59","date_gmt":"2017-01-11T14:01:59","guid":{"rendered":"http:\/\/portal.compraspublicas.gob.ec\/sercop\/?page_id=18225"},"modified":"2024-11-28T15:59:38","modified_gmt":"2024-11-28T20:59:38","slug":"preparacion-de-alimentos-feria-inclusiva","status":"publish","type":"page","link":"https:\/\/portal.compraspublicas.gob.ec\/sercop\/preparacion-de-alimentos-feria-inclusiva\/","title":{"rendered":"Preparaci\u00f3n de Alimentos &#8211; Feria Inclusiva"},"content":{"rendered":"<p style=\"display:flex\"><img loading=\"lazy\" class=\"alignnone\" src=\"https:\/\/portal.compraspublicas.gob.ec\/sercop\/wp-content\/uploads\/2016\/11\/servicio-1-421469543998b8f96786ce00554e6170.png\" alt=\"\" width=\"800\" height=\"304\" \/><\/p>\n<p>Si\u00a0 te interesa participar en los Cat\u00e1logos Inclusivos del Servicio Nacional de Contrataci\u00f3n P\u00fablica revisa los requisitos de participaci\u00f3n para los productos lanzados mediante nuevas Ferias Inclusivas o mediante Adhesi\u00f3n de Productos.<\/p>\n<p><strong>PARA NUEVOS PROVEEDORES<\/strong><\/p>\n<ol>\n<li>Lee y analiza el <span style=\"color: #0000ff;\"><a style=\"color: #0000ff;\" href=\"https:\/\/portal.compraspublicas.gob.ec\/sercop\/wp-content\/uploads\/2017\/01\/cdi_sercop_007_2016_pliego2.pdf\">pliego <\/a><\/span>detenidamente del proceso de catalogaci\u00f3n.<\/li>\n<li>Llena los <span style=\"color: #0000ff;\"><a style=\"color: #0000ff;\" href=\"https:\/\/portal.compraspublicas.gob.ec\/sercop\/wp-content\/uploads\/2024\/11\/Formularios_servicio_de_preparacion_alimentos_6.docx\">formularios <\/a><\/span>y requisitos de equipamiento y herramientas por producto que se solicitan en los pliegos. Recuerda que los formularios y los requisitos deben estar sumillados y numerados.<\/li>\n<\/ol>\n<p><strong>PARA PROVEEDORES CATALOGADOS<\/strong><\/p>\n<p>Deber\u00e1n presentar la manifestaci\u00f3n de inter\u00e9s del producto en el que le interese participar. As\u00ed como la documentaci\u00f3n y requisitos establecidos en las fichas t\u00e9cnicas, las cuales deber\u00e1n estar con las respectivas sumillas.<\/p>\n<p><strong><u>CONSIDERACIONES:<\/u><\/strong><\/p>\n<ul>\n<li>La oferta o manifestaci\u00f3n de inter\u00e9s obligatoriamente deber\u00e1 ser firmada electr\u00f3nicamente por el representante legal, apoderado, persona natural o procurador com\u00fan, con sus respectivos anexos o documentaci\u00f3n de respaldo seg\u00fan el caso.<\/li>\n<li>Finalmente, la oferta o manifestaci\u00f3n de inter\u00e9s deber\u00e1 ser enviada al correo electr\u00f3nico <strong>ofertascatalogo@sercop.gob.ec<\/strong>, de ser el caso, si el tama\u00f1o del o los archivos no le permita remitir la oferta por correo electr\u00f3nico, el oferente podr\u00e1 usar un servicio web de alojamiento de archivos, y deber\u00e1 enviar el link, mismo que debe ser de acceso p\u00fablico sin clave y sin fecha de caducidad.<\/li>\n<\/ul>\n<p>&nbsp;<\/p>\n<p>LAS SIGUIENTES ACTUALIZACIONES APLICAN A TODAS LAS FICHAS INCORPORADAS O QUE SE INCORPOREEN A ESTE PLIEGO:<br \/>\n<span style=\"color: #0000ff;\"><a style=\"color: #0000ff;\" href=\"https:\/\/portal.compraspublicas.gob.ec\/sercop\/wp-content\/uploads\/2017\/02\/act_pliego_2017_004_2016_069_053_alim_permanete1.pdf\">* ACTUALIZACI\u00d3N SERCOP-CDI-2016-053<\/a><\/span><br \/>\n<span style=\"color: #0000ff;\"><a style=\"color: #0000ff;\" href=\"https:\/\/portal.compraspublicas.gob.ec\/sercop\/wp-content\/uploads\/2017\/02\/actua_pliego_sercop_cdi_2017_004_aliment_permante1.pdf\">* ACTUALIZACI\u00d3N SERCOP-CDI-2016-004<\/a><\/span><br \/>\n<span style=\"color: #0000ff;\"><a style=\"color: #0000ff;\" href=\"https:\/\/portal.compraspublicas.gob.ec\/sercop\/wp-content\/uploads\/2017\/02\/actualizacion_pliego_2016_0069_alimentacion_permanente1.pdf\">* ACTUALIZACI\u00d3N SERCOP-CDI-2016-0069<\/a><\/span><\/p>\n<table width=\"690\">\n<tbody>\n<tr>\n<td style=\"text-align: center;\" width=\"397\">NOMBRE DEL PRODUCTO<\/td>\n<td style=\"text-align: center;\" width=\"155\">FECHA DE PUBLICACI\u00d3N<\/td>\n<td style=\"text-align: center;\" width=\"138\">ACTUALIZACIONES<\/td>\n<\/tr>\n<tr>\n<td width=\"397\"><span style=\"color: #0000ff;\"><a style=\"color: #0000ff;\" href=\"https:\/\/portal.compraspublicas.gob.ec\/sercop\/wp-content\/uploads\/2018\/02\/1_servicio_de_alimentacion_permanente_almuerzos_durante_dias_laborables_para_entidades_que_cuenten_con_equipo_propio_de_cocina.pdf\">Servicio de alimentaci\u00f3n permanente &#8211; almuerzos durante d\u00edas laborables para entidades que cuenten con equipo propio de cocina<\/a><\/span><\/td>\n<td style=\"text-align: center;\" width=\"155\">10\/02\/2016<\/td>\n<td><\/td>\n<\/tr>\n<tr>\n<td width=\"397\"><span style=\"color: #0000ff;\"><a style=\"color: #0000ff;\" href=\"https:\/\/portal.compraspublicas.gob.ec\/sercop\/wp-content\/uploads\/2018\/02\/2_servicio_de_alimentacion_permanente_almuerzos_durante_dias_laborables_para_entidades_que_no_cuenten_con_equipo_propio_de_cocina.pdf\">Servicio de alimentaci\u00f3n permanente &#8211; almuerzos durante d\u00edas laborables para entidades que no cuenten con equipo propio de cocina<\/a><\/span><\/td>\n<td style=\"text-align: center;\" width=\"155\">10\/02\/2016<\/td>\n<td><\/td>\n<\/tr>\n<\/tbody>\n<\/table>\n","protected":false},"excerpt":{"rendered":"<p class=\"excerpt\">Si\u00a0 te interesa participar en los Cat\u00e1logos Inclusivos del Servicio Nacional de Contrataci\u00f3n P\u00fablica revisa los requisitos de participaci\u00f3n para los productos lanzados mediante nuevas Ferias Inclusivas o mediante Adhesi\u00f3n de Productos. PARA NUEVOS PROVEEDORES Lee y analiza el pliego detenidamente del proceso de catalogaci\u00f3n. Llena los formularios y requisitos de equipamiento y herramientas por producto que se solicitan en&hellip; <a href=\"https:\/\/portal.compraspublicas.gob.ec\/sercop\/preparacion-de-alimentos-feria-inclusiva\/\">Read more &rarr;<\/a><\/p>\n","protected":false},"author":1,"featured_media":0,"parent":0,"menu_order":0,"comment_status":"closed","ping_status":"closed","template":"menugenerico.php","meta":[],"_links":{"self":[{"href":"https:\/\/portal.compraspublicas.gob.ec\/sercop\/wp-json\/wp\/v2\/pages\/18225"}],"collection":[{"href":"https:\/\/portal.compraspublicas.gob.ec\/sercop\/wp-json\/wp\/v2\/pages"}],"about":[{"href":"https:\/\/portal.compraspublicas.gob.ec\/sercop\/wp-json\/wp\/v2\/types\/page"}],"author":[{"embeddable":true,"href":"https:\/\/portal.compraspublicas.gob.ec\/sercop\/wp-json\/wp\/v2\/users\/1"}],"replies":[{"embeddable":true,"href":"https:\/\/portal.compraspublicas.gob.ec\/sercop\/wp-json\/wp\/v2\/comments?post=18225"}],"version-history":[{"count":11,"href":"https:\/\/portal.compraspublicas.gob.ec\/sercop\/wp-json\/wp\/v2\/pages\/18225\/revisions"}],"predecessor-version":[{"id":60470,"href":"https:\/\/portal.compraspublicas.gob.ec\/sercop\/wp-json\/wp\/v2\/pages\/18225\/revisions\/60470"}],"wp:attachment":[{"href":"https:\/\/portal.compraspublicas.gob.ec\/sercop\/wp-json\/wp\/v2\/media?parent=18225"}],"curies":[{"name":"wp","href":"https:\/\/api.w.org\/{rel}","templated":true}]}}