{"id":18236,"date":"2017-01-11T09:07:31","date_gmt":"2017-01-11T14:07:31","guid":{"rendered":"http:\/\/portal.compraspublicas.gob.ec\/sercop\/?page_id=18236"},"modified":"2024-11-27T16:24:27","modified_gmt":"2024-11-27T21:24:27","slug":"preparacion-de-alimentos-incorporacion-productos","status":"publish","type":"page","link":"https:\/\/portal.compraspublicas.gob.ec\/sercop\/preparacion-de-alimentos-incorporacion-productos\/","title":{"rendered":"Alimentaci\u00f3n Permanente &#8211; Incorporaci\u00f3n Productos"},"content":{"rendered":"<p style=\"display:flex\"><img loading=\"lazy\" src=\"https:\/\/portal.compraspublicas.gob.ec\/sercop\/wp-content\/uploads\/2016\/11\/servicio-1-421469543998b8f96786ce00554e6170.png\" alt=\"\" width=\"800\" height=\"304\" \/><\/a><\/p>\n<p>Si\u00a0 te interesa participar en los Cat\u00e1logos Inclusivos del Servicio Nacional de Contrataci\u00f3n P\u00fablica revisa los requisitos de participaci\u00f3n para los productos lanzados mediante nuevas Ferias Inclusivas o mediante Adhesi\u00f3n de Productos.<\/p>\n<p><strong>PARA NUEVOS PROVEEDORES<\/strong><\/p>\n<ol>\n<li>Lee y analiza el <span style=\"color: #0000ff;\"><a style=\"color: #0000ff;\" href=\"https:\/\/portal.compraspublicas.gob.ec\/sercop\/wp-content\/uploads\/2017\/01\/cdi_sercop_007_2016_pliego2.pdf\">pliego <\/a><\/span>detenidamente del proceso de catalogaci\u00f3n.<\/li>\n<li>Llena los <span style=\"color: #0000ff;\"><a style=\"color: #0000ff;\" href=\"https:\/\/portal.compraspublicas.gob.ec\/sercop\/wp-content\/uploads\/2024\/11\/Formularios_servicio_de_preparacion_alimentos_6.docx\">formularios <\/a><\/span>y requisitos de equipamiento y herramientas por producto que se solicitan en los pliegos. Recuerda que los formularios y los requisitos deben estar sumillados y numerados.<\/li>\n<\/ol>\n<p><strong>PARA PROVEEDORES CATALOGADOS<\/strong><\/p>\n<p>Deber\u00e1n presentar la manifestaci\u00f3n de inter\u00e9s del producto en el que le interese participar. As\u00ed como la documentaci\u00f3n y requisitos establecidos en las fichas t\u00e9cnicas, las cuales deber\u00e1n estar con las respectivas sumillas.<\/p>\n<p><strong><u>CONSIDERACIONES:<\/u><\/strong><\/p>\n<ul>\n<li>La oferta o manifestaci\u00f3n de inter\u00e9s obligatoriamente deber\u00e1 ser firmada electr\u00f3nicamente por el representante legal, apoderado, persona natural o procurador com\u00fan, con sus respectivos anexos o documentaci\u00f3n de respaldo seg\u00fan el caso.<\/li>\n<li>Finalmente, la oferta o manifestaci\u00f3n de inter\u00e9s deber\u00e1 ser enviada al correo electr\u00f3nico <strong>ofertascatalogo@sercop.gob.ec<\/strong>, de ser el caso, si el tama\u00f1o del o los archivos no le permita remitir la oferta por correo electr\u00f3nico, el oferente podr\u00e1 usar un servicio web de alojamiento de archivos, y deber\u00e1 enviar el link, mismo que debe ser de acceso p\u00fablico sin clave y sin fecha de caducidad.<\/li>\n<\/ul>\n<p>&nbsp;<\/p>\n<p>LAS SIGUIENTES ACTUALIZACIONES APLICAN A TODAS LAS FICHAS INCORPORADAS O QUE SE INCORPOREEN A ESTE PLIEGO:<br \/>\n<span style=\"color: #0000ff;\"><a style=\"color: #0000ff;\" href=\"https:\/\/portal.compraspublicas.gob.ec\/sercop\/wp-content\/uploads\/2017\/02\/act_pliego_2017_004_2016_069_053_alim_permanete1.pdf\">* ACTUALIZACI\u00d3N SERCOP-CDI-2016-053<\/a><\/span><br \/>\n<span style=\"color: #0000ff;\"> <a style=\"color: #0000ff;\" href=\"https:\/\/portal.compraspublicas.gob.ec\/sercop\/wp-content\/uploads\/2017\/02\/actua_pliego_sercop_cdi_2017_004_aliment_permante1.pdf\">* ACTUALIZACI\u00d3N SERCOP-CDI-2016-004<\/a><\/span><br \/>\n<span style=\"color: #0000ff;\"> <a style=\"color: #0000ff;\" href=\"https:\/\/portal.compraspublicas.gob.ec\/sercop\/wp-content\/uploads\/2017\/02\/actualizacion_pliego_2016_0069_alimentacion_permanente1.pdf\">* ACTUALIZACI\u00d3N SERCOP-CDI-2016-0069<\/a><\/span><\/p>\n<p><span style=\"color: #0000ff;\"><a style=\"color: #0000ff;\" href=\"https:\/\/portal.compraspublicas.gob.ec\/sercop\/wp-content\/uploads\/2019\/02\/ra-ctdc-sercop-2019-0070_alimentacion.pdf\">* ACTUALIZACI\u00d3N RESOLUCI\u00d3N ADMINISTRATIVA RA-CTDC-SERCOP-2019-0070<\/a><\/span><\/p>\n<p><span style=\"color: #0000ff;\"><a style=\"color: #0000ff;\" href=\"https:\/\/portal.compraspublicas.gob.ec\/sercop\/wp-content\/uploads\/2019\/04\/RA-CTDC-SERCOP-2019-0177.pdf\">Resoluci\u00f3n Administrativa RA-CTDC-SERCOP-2019-0177<\/a><\/span><\/p>\n<p><strong>CATEGOR\u00cdA: \u00a0\u00a0 \u00a0SERVICIO DE ALIMENTACI\u00d3N PERMANENTE<\/strong><\/p>\n<p>&nbsp;<\/p>\n<table width=\"708\">\n<tbody>\n<tr>\n<td width=\"258\">NOMBRE DE PRODUCTO<\/td>\n<td width=\"151\">OFICIO CIRCULAR<\/td>\n<td width=\"135\">DOCUMENTOS<\/td>\n<td width=\"164\">ACTUALIZACIONES<\/td>\n<\/tr>\n<tr>\n<td width=\"258\"><span style=\"color: #0000ff;\"><a style=\"color: #0000ff;\" href=\"https:\/\/portal.compraspublicas.gob.ec\/sercop\/wp-content\/uploads\/2023\/03\/FICHA_alimentacion_cdi_2023.pdf\">Servicio de alimentaci\u00f3n para<\/a><\/span><br \/>\n<span style=\"color: #0000ff;\"><a style=\"color: #0000ff;\" href=\"https:\/\/portal.compraspublicas.gob.ec\/sercop\/wp-content\/uploads\/2021\/12\/ficha_tecnica_alimentacion_cdi_20210123767001638563947.pdf\">Centros de Desarrollo Infantil<\/a> <\/span><\/td>\n<td width=\"151\"><span style=\"color: #0000ff;\"><a style=\"color: #0000ff;\" href=\"https:\/\/portal.compraspublicas.gob.ec\/sercop\/wp-content\/uploads\/2021\/12\/sercop-ctdc-2021-0017-c.pdf\">sercop-ctdc-2021-0017-c<\/a><\/span><\/td>\n<td width=\"135\"><span style=\"color: #0000ff;\"><a style=\"color: #0000ff;\" href=\"https:\/\/portal.compraspublicas.gob.ec\/sercop\/wp-content\/uploads\/2023\/03\/manifestacion_de_interes_servicio-de-alimentacio\u0301n-22-02-2023.doc\">Manifestaci\u00f3n de inter\u00e9s <\/a><\/span><\/td>\n<td><span style=\"color: #0000ff;\"><a style=\"color: #0000ff;\" href=\"https:\/\/portal.compraspublicas.gob.ec\/sercop\/wp-content\/uploads\/2023\/03\/SERCOP-CTDC-2023-0003-C.pdf\">SERCOP-CTDC-2023-0003-C<\/a><\/span><\/td>\n<\/tr>\n<tr>\n<td width=\"258\"><span style=\"color: #0000ff;\"><a style=\"color: #0000ff;\" href=\"https:\/\/portal.compraspublicas.gob.ec\/sercop\/wp-content\/uploads\/2017\/11\/1_servicio_alimentacion_centros_detencion_infractores_transito.pdf\">Servicio de alimentaci\u00f3n para centros de detenci\u00f3n de infractores de tr\u00e1nsito<\/a><\/span><\/td>\n<td width=\"151\"><span style=\"color: #0000ff;\"><a style=\"color: #0000ff;\" href=\"https:\/\/portal.compraspublicas.gob.ec\/sercop\/wp-content\/uploads\/2017\/11\/oficio_sercop_cdi_2017_127.pdf\">SERCOP-cdi_2017_127<\/a><\/span><\/td>\n<td width=\"135\"><span style=\"color: #0000ff;\"><a style=\"color: #0000ff;\" href=\"https:\/\/portal.compraspublicas.gob.ec\/sercop\/wp-content\/uploads\/2017\/11\/manifestacion-de-interes.doc\">Manifestaci\u00f3n de inter\u00e9s <\/a><\/span><\/td>\n<td><\/td>\n<\/tr>\n<p><!--\n\n\n<tr>\n\n\n<td width=\"258\"><span style=\"color: #0000ff;\"><a style=\"color: #0000ff;\" href=\"https:\/\/portal.compraspublicas.gob.ec\/sercop\/wp-content\/uploads\/2017\/10\/1_centros_adolescentes_infractores_preparacion_en_instalaciones.pdf\">Servicio de alimentaci\u00f3n para Centros de Adolescentes Infractores - con preparaci\u00f3n en las instalaciones del centro *<\/a><\/span><\/td>\n\n\n\n\n<td width=\"151\"><span style=\"color: #0000ff;\"><a style=\"color: #0000ff;\" href=\"https:\/\/portal.compraspublicas.gob.ec\/sercop\/wp-content\/uploads\/2017\/10\/oficio_circular_122.pdf\">SERCOP-cdi_2017_122<\/a><\/span><\/td>\n\n\n\n\n<td width=\"135\"><span style=\"color: #0000ff;\"><a style=\"color: #0000ff;\" href=\"https:\/\/portal.compraspublicas.gob.ec\/sercop\/wp-content\/uploads\/2017\/10\/manifestacion-de-interes1.doc\">Manifestaci\u00f3n de inter\u00e9s <\/a><\/span><\/td>\n\n\n\n\n<td><\/td>\n\n\n<\/tr>\n\n\n\n\n<tr>\n\n\n<td width=\"258\"><span style=\"color: #0000ff;\"><a style=\"color: #0000ff;\" href=\"https:\/\/portal.compraspublicas.gob.ec\/sercop\/wp-content\/uploads\/2017\/10\/2_centros_adolescentes_infractores_con_entrega.pdf\">Servicio de alimentaci\u00f3n para Centros de Adolescentes Infractores - con servicio de entrega en la instituci\u00f3n *<\/a><\/span><\/td>\n\n\n\n\n<td width=\"151\"><span style=\"color: #0000ff;\"><a style=\"color: #0000ff;\" href=\"https:\/\/portal.compraspublicas.gob.ec\/sercop\/wp-content\/uploads\/2017\/10\/oficio_circular_122.pdf\">SERCOP-cdi_2017_122<\/a><\/span><\/td>\n\n\n\n\n<td width=\"135\"><span style=\"color: #0000ff;\"><a style=\"color: #0000ff;\" href=\"https:\/\/portal.compraspublicas.gob.ec\/sercop\/wp-content\/uploads\/2017\/10\/manifestacion-de-interes1.doc\">Manifestaci\u00f3n de inter\u00e9s <\/a><\/span><\/td>\n\n\n\n\n<td><\/td>\n\n\n<\/tr>\n\n\n--><\/p>\n<tr>\n<td width=\"258\"><span style=\"color: #0000ff;\"><a style=\"color: #0000ff;\" href=\"https:\/\/portal.compraspublicas.gob.ec\/sercop\/wp-content\/uploads\/2017\/04\/1_des_alm_mer_2colaciones.pdf\">Servicio de alimentaci\u00f3n permanente \u2013 (desayuno o almuerzo o merienda) + 2 colaciones<\/a><\/span><\/td>\n<td width=\"151\"><span style=\"color: #0000ff;\"><a style=\"color: #0000ff;\" href=\"https:\/\/portal.compraspublicas.gob.ec\/sercop\/wp-content\/uploads\/2017\/04\/oficio_circular_sercop_cdi_048.pdf\">SERCOP-cdi_2017_048<\/a><\/span><\/td>\n<td width=\"135\"><span style=\"color: #0000ff;\"><a style=\"color: #0000ff;\" href=\"https:\/\/portal.compraspublicas.gob.ec\/sercop\/wp-content\/uploads\/2017\/04\/manifestacion-de-interes1.doc\">Manifestaci\u00f3n de inter\u00e9s\u00a0<\/a><\/span><\/td>\n<td><\/td>\n<\/tr>\n<tr>\n<td width=\"258\"><span style=\"color: #0000ff;\"><a style=\"color: #0000ff;\" href=\"https:\/\/portal.compraspublicas.gob.ec\/sercop\/wp-content\/uploads\/2017\/04\/2_des_alm_mer_transporte.pdf\">Servicio de alimentaci\u00f3n permanente \u2013 desayuno o almuerzo o merienda \u2013 con servicio de entrega<\/a><\/span><\/td>\n<td width=\"151\"><span style=\"color: #0000ff;\"><a style=\"color: #0000ff;\" href=\"https:\/\/portal.compraspublicas.gob.ec\/sercop\/wp-content\/uploads\/2017\/04\/oficio_circular_sercop_cdi_048.pdf\">SERCOP-cdi_2017_048<\/a><\/span><\/td>\n<td width=\"135\"><span style=\"color: #0000ff;\"><a style=\"color: #0000ff;\" href=\"https:\/\/portal.compraspublicas.gob.ec\/sercop\/wp-content\/uploads\/2017\/04\/manifestacion-de-interes1.doc\">Manifestaci\u00f3n de inter\u00e9s\u00a0<\/a><\/span><\/td>\n<td><\/td>\n<\/tr>\n<tr>\n<td width=\"258\"><span style=\"color: #0000ff;\"><a style=\"color: #0000ff;\" href=\"https:\/\/portal.compraspublicas.gob.ec\/sercop\/wp-content\/uploads\/2017\/04\/3_des_alm_mer_con_preparacion.pdf\">Servicio de alimentaci\u00f3n permanente \u2013 desayuno o almuerzo o merienda \u2013 con preparaci\u00f3n en las instalaciones de la entidad<\/a><\/span><\/td>\n<td width=\"151\"><span style=\"color: #0000ff;\"><a style=\"color: #0000ff;\" href=\"https:\/\/portal.compraspublicas.gob.ec\/sercop\/wp-content\/uploads\/2017\/04\/oficio_circular_sercop_cdi_048.pdf\">SERCOP-cdi_2017_048<\/a><\/span><\/td>\n<td width=\"135\"><span style=\"color: #0000ff;\"><a style=\"color: #0000ff;\" href=\"https:\/\/portal.compraspublicas.gob.ec\/sercop\/wp-content\/uploads\/2017\/04\/manifestacion-de-interes1.doc\">Manifestaci\u00f3n de inter\u00e9s\u00a0<\/a><\/span><\/td>\n<td><\/td>\n<\/tr>\n<tr>\n<td width=\"258\"><span style=\"color: #0000ff;\"><a style=\"color: #0000ff;\" href=\"https:\/\/portal.compraspublicas.gob.ec\/sercop\/wp-content\/uploads\/2017\/04\/servicio_alimentaci%C3%B3n_grupos_vulnerables.pdf\">Servicio de alimentaci\u00f3n para grupos vulnerables (convenio de cooperaci\u00f3n econ\u00f3mica)<\/a><\/span><\/td>\n<td width=\"151\"><span style=\"color: #0000ff;\"><a style=\"color: #0000ff;\" href=\"https:\/\/portal.compraspublicas.gob.ec\/sercop\/wp-content\/uploads\/2017\/04\/oficio_circular_sercop_cdi_2017_037.pdf\">SERCOP-CDI-2017-037<\/a><\/span><\/td>\n<td width=\"135\"><span style=\"color: #0000ff;\"><a style=\"color: #0000ff;\" href=\"https:\/\/portal.compraspublicas.gob.ec\/sercop\/wp-content\/uploads\/2017\/04\/manifestacion-de-interes.doc\">Manifestaci\u00f3n de inter\u00e9s<\/a><\/span><\/td>\n<td><\/td>\n<\/tr>\n<tr>\n<td width=\"258\"><span style=\"color: #0000ff;\"><a style=\"color: #0000ff;\" href=\"https:\/\/portal.compraspublicas.gob.ec\/sercop\/wp-content\/uploads\/2017\/02\/almuerzo_merienda_cena.pdf\">Servicio de alimentaci\u00f3n permanente \u2013 almuerzo o merienda o cena \u2013 con equipamiento<\/a><\/span><\/td>\n<td width=\"151\"><span style=\"color: #0000ff;\"><a style=\"color: #0000ff;\" href=\"https:\/\/portal.compraspublicas.gob.ec\/sercop\/wp-content\/uploads\/2017\/01\/oficio_circular_122.pdf\">SERCOP-CDI-2016-122<\/a><\/span><\/td>\n<td width=\"135\"><span style=\"color: #0000ff;\"><a style=\"color: #0000ff;\" href=\"https:\/\/portal.compraspublicas.gob.ec\/sercop\/wp-content\/uploads\/2017\/01\/manifestacion_interes.doc\">Manifestaci\u00f3n de inter\u00e9s<\/a><\/span><\/td>\n<td><\/td>\n<\/tr>\n<p><!--\n\n\n<tr>\n\n\n<td width=\"258\"><span style=\"color: #0000ff;\"><a style=\"color: #0000ff;\" href=\"https:\/\/portal.compraspublicas.gob.ec\/sercop\/wp-content\/uploads\/2017\/01\/alimentacion__infantil_cibv.pdf\">Servicio de alimentaci\u00f3n para programas infantiles CIBV<\/a><\/span><\/td>\n\n\n\n\n<td width=\"151\"><span style=\"color: #0000ff;\"><a style=\"color: #0000ff;\" href=\"https:\/\/portal.compraspublicas.gob.ec\/sercop\/wp-content\/uploads\/2017\/01\/oficio_circular_16_alimentacion_infantil_cibv.pdf\">SERCOP-CDI-2016-016<\/a><\/span><\/td>\n\n\n\n\n<td width=\"135\"><span style=\"color: #0000ff;\"><a style=\"color: #0000ff;\" href=\"https:\/\/portal.compraspublicas.gob.ec\/sercop\/wp-content\/uploads\/2017\/01\/manifestacion_interes_alimentacion_infantil_cibv.docx\">Manifestaci\u00f3n de inter\u00e9s<\/a><\/span><\/td>\n\n\n\n\n<td width=\"164\"><span style=\"color: #0000ff;\"><a style=\"color: #0000ff;\" href=\"https:\/\/portal.compraspublicas.gob.ec\/sercop\/wp-content\/uploads\/2018\/02\/actualizaciones_cibv.pdf\">Actualizaciones cibv<\/a><\/span><\/td>\n\n\n<\/tr>\n\n\n--><\/tbody>\n<\/table>\n<p><strong>CATEGOR\u00cdA: SERVICIOS DE ALIMENTACI\u00d3N EN LA PROVINCIA DE GAL\u00c1PAGOS<\/strong><\/p>\n<p>&nbsp;<\/p>\n<p>&nbsp;<\/p>\n<table width=\"708\">\n<tbody>\n<tr>\n<td width=\"258\">NOMBRE DE PRODUCTO<\/td>\n<td width=\"151\">OFICIO CIRCULAR<\/td>\n<td width=\"135\">DOCUMENTOS<\/td>\n<td width=\"164\">ACTUALIZACIONES<\/td>\n<\/tr>\n<p><!--\n\n\n<tr>\n\n\n<td width=\"258\"><span style=\"color: #0000ff;\"><a style=\"color: #0000ff;\" href=\"https:\/\/portal.compraspublicas.gob.ec\/sercop\/wp-content\/uploads\/2017\/10\/1_galapagos_con_entrega.pdf\">Desayuno o almuerzo o merienda con servicio de entrega - Gal\u00e1pagos *<\/a><\/span><\/td>\n\n\n\n\n<td width=\"151\"><a href=\"https:\/\/portal.compraspublicas.gob.ec\/sercop\/wp-content\/uploads\/2017\/10\/oficio_circular_121.pdf\"><span style=\"color: #0000ff;\">SERCOP-cdi_2017_121<\/span><\/a><\/td>\n\n\n\n\n<td width=\"135\"><span style=\"color: #0000ff;\"><a style=\"color: #0000ff;\" href=\"https:\/\/portal.compraspublicas.gob.ec\/sercop\/wp-content\/uploads\/2017\/10\/manifestacion-de-interes.doc\">Manifestaci\u00f3n de inter\u00e9s <\/a><\/span><\/td>\n\n\n\n\n<td><\/td>\n\n\n<\/tr>\n\n\n--><!--\n\n\n<tr>\n\n\n<td width=\"258\"><span style=\"color: #0000ff;\"><a style=\"color: #0000ff;\" href=\"https:\/\/portal.compraspublicas.gob.ec\/sercop\/wp-content\/uploads\/2017\/05\/1_servicio_alimentacion_cibv_galapagos.pdf\">Servicio de Alimentaci\u00f3n Permanente para los Centros Infantiles del Buen Vivir (CIBV) \u2013 Provincia de Gal\u00e1pagos<\/a><\/span><\/td>\n\n\n\n\n<td width=\"151\"><span style=\"color: #0000ff;\"><a style=\"color: #0000ff;\" href=\"https:\/\/portal.compraspublicas.gob.ec\/sercop\/wp-content\/uploads\/2017\/05\/oficio_circular_076_sin-sumillas.pdf\">SERCOP-cdi_2017_076<\/a><\/span><\/td>\n\n\n\n\n<td width=\"135\"><span style=\"color: #0000ff;\"><a style=\"color: #0000ff;\" href=\"https:\/\/portal.compraspublicas.gob.ec\/sercop\/wp-content\/uploads\/2017\/05\/manifestacion_interes.doc\">Manifestaci\u00f3n de inter\u00e9s\u00a0<\/a><\/span><\/td>\n\n\n\n\n<td><\/td>\n\n\n<\/tr>\n\n\n--><!--\n\n\n<tr>\n\n\n<td width=\"258\"><span style=\"color: #0000ff;\"><a style=\"color: #0000ff;\" href=\"https:\/\/portal.compraspublicas.gob.ec\/sercop\/wp-content\/uploads\/2017\/03\/1_alimentaci%C3%B3n_restaurante_gal%C3%A1pagos.pdf\"><span style=\"display: inline-block; width: 0px; overflow: hidden; line-height: 0;\" data-mce-type=\"bookmark\" class=\"mce_SELRES_start\"><\/span>Servicio de alimentaci\u00f3n tipo restaurante 1 \u2013 Islas Gal\u00e1pagos \u2013 desayuno o almuerzo o merienda<span style=\"display: inline-block; width: 0px; overflow: hidden; line-height: 0;\" data-mce-type=\"bookmark\" class=\"mce_SELRES_end\"><\/span><\/a><\/span><\/td>\n\n\n\n\n<td width=\"151\"><span style=\"color: #0000ff;\"><a style=\"color: #0000ff;\" href=\"https:\/\/portal.compraspublicas.gob.ec\/sercop\/wp-content\/uploads\/2017\/03\/oficio_circular_sercop_cdi_2017_031.pdf\">SERCOP-CDI-2017-031<\/a><\/span><\/td>\n\n\n\n\n<td width=\"135\"><span style=\"color: #0000ff;\"><a style=\"color: #0000ff;\" href=\"https:\/\/portal.compraspublicas.gob.ec\/sercop\/wp-content\/uploads\/2017\/03\/manifestacion-de-interes1.doc\">Manifestaci\u00f3n de inter\u00e9s<\/a><\/span><\/td>\n\n\n\n\n<td><\/td>\n\n\n<\/tr>\n\n\n--><\/tbody>\n<\/table>\n<p>&nbsp;<\/p>\n<p><strong>\u00a0CATEGOR\u00cdA: ALIMENTACI\u00d3N NI\u00d1OS , NI\u00d1AS, ADOLESCENTES<\/strong><\/p>\n<table width=\"699\">\n<tbody>\n<tr>\n<td width=\"279\">NOMBRE DE PRODUCTO<\/td>\n<td width=\"140\">OFICIO CIRCULAR<\/td>\n<td width=\"142\">DOCUMENTOS<\/td>\n<td width=\"138\">ACTUALIZACIONES<\/td>\n<\/tr>\n<tr>\n<td width=\"279\"><span style=\"color: #0000ff;\"><a style=\"color: #0000ff;\" href=\"https:\/\/portal.compraspublicas.gob.ec\/sercop\/wp-content\/uploads\/2017\/01\/colaciones_programa_alimentacion_escolar.pdf\">Colaciones para el programa de alimentaci\u00f3n escolar<\/a><\/span><\/td>\n<td width=\"140\"><span style=\"color: #0000ff;\"><a style=\"color: #0000ff;\" href=\"https:\/\/portal.compraspublicas.gob.ec\/sercop\/wp-content\/uploads\/2017\/01\/oficio_circular_77_colaciones.pdf\">SERCOP-CDI-2016-0077<\/a><\/span><\/td>\n<td width=\"142\"><span style=\"color: #0000ff;\"><a style=\"color: #0000ff;\" href=\"https:\/\/portal.compraspublicas.gob.ec\/sercop\/wp-content\/uploads\/2017\/01\/manifestacion_interes.docx\">Manifestaci\u00f3n de inter\u00e9s<\/a><\/span><\/td>\n<td width=\"138\"><span style=\"color: #0000ff;\"><a style=\"color: #0000ff;\" href=\"https:\/\/portal.compraspublicas.gob.ec\/sercop\/wp-content\/uploads\/2017\/02\/actualizacion_2016_115_colaciones.pdf\">\u00a0SERCOP-CDI-2016-0115<\/a><\/span><\/td>\n<\/tr>\n<tr>\n<td width=\"279\"><span style=\"color: #0000ff;\"><a style=\"color: #0000ff;\" href=\"https:\/\/portal.compraspublicas.gob.ec\/sercop\/wp-content\/uploads\/2017\/01\/servicio_alimentacion_3_ingestas_residencias.pdf\">Servicio de alimentaci\u00f3n permanente para ni\u00f1os, ni\u00f1as y adolescentes de 5 a 17 a\u00f1os (3 ingestas)<\/a><\/span><\/td>\n<td width=\"140\"><span style=\"color: #0000ff;\"><a style=\"color: #0000ff;\" href=\"https:\/\/portal.compraspublicas.gob.ec\/sercop\/wp-content\/uploads\/2017\/01\/oficio_circular_66_3_ingestas_residencia.pdf\">SERCOP-CDI-2016-0066<\/a><\/span><\/td>\n<td width=\"142\"><span style=\"color: #0000ff;\"><a style=\"color: #0000ff;\" href=\"https:\/\/portal.compraspublicas.gob.ec\/sercop\/wp-content\/uploads\/2017\/01\/manifestacion_de_interes_3_ingestas_residencia.docx\">Manifestaci\u00f3n de inter\u00e9s<\/a><\/span><\/td>\n<td width=\"138\"><\/td>\n<\/tr>\n<tr>\n<td width=\"279\"><span style=\"color: #0000ff;\"><a style=\"color: #0000ff;\" href=\"https:\/\/portal.compraspublicas.gob.ec\/sercop\/wp-content\/uploads\/2017\/01\/servicio_alimentacion_permanente_1_ingesta_a_b_c_d.pdf\">Servicio de alimentaci\u00f3n permanente para ni\u00f1os, ni\u00f1as y adolescentes \u2013 grupos etarios a, b, c, d (1 ingesta)<\/a><\/span><\/td>\n<td width=\"140\"><span style=\"color: #0000ff;\"><a style=\"color: #0000ff;\" href=\"https:\/\/portal.compraspublicas.gob.ec\/sercop\/wp-content\/uploads\/2017\/01\/oficio_circular_43_alimentacion_por_grupo_etario_1_y_2_ingestas.pdf\">SERCOP-CDI-2016-043<\/a><\/span><\/td>\n<td width=\"142\"><span style=\"color: #0000ff;\"><a style=\"color: #0000ff;\" href=\"https:\/\/portal.compraspublicas.gob.ec\/sercop\/wp-content\/uploads\/2017\/01\/manifestacion_interes_alimentacion_por_grupo_etario_1_y_2_ingestas.docx\">Manifestaci\u00f3n de inter\u00e9s<\/a><\/span><\/td>\n<td><\/td>\n<\/tr>\n<tr>\n<td width=\"279\"><span style=\"color: #0000ff;\"><a style=\"color: #0000ff;\" href=\"https:\/\/portal.compraspublicas.gob.ec\/sercop\/wp-content\/uploads\/2017\/01\/servicio_alimentacion_permanente_2_ingestas_c_d1.pdf\">Servicio de alimentaci\u00f3n permanente para ni\u00f1os, ni\u00f1as y adolescentes \u2013 grupos etarios c, d (2 ingestas)<\/a><\/span><\/td>\n<td width=\"140\"><span style=\"color: #0000ff;\"><a style=\"color: #0000ff;\" href=\"https:\/\/portal.compraspublicas.gob.ec\/sercop\/wp-content\/uploads\/2017\/01\/oficio_circular_43_alimentacion_por_grupo_etario_1_y_2_ingestas.pdf\">SERCOP-CDI-2016-043<\/a><\/span><\/td>\n<td width=\"142\"><span style=\"color: #0000ff;\"><a style=\"color: #0000ff;\" href=\"https:\/\/portal.compraspublicas.gob.ec\/sercop\/wp-content\/uploads\/2017\/01\/manifestacion_interes_alimentacion_por_grupo_etario_1_y_2_ingestas.docx\">Manifestaci\u00f3n de inter\u00e9s<\/a><\/span><\/td>\n<td><\/td>\n<\/tr>\n<\/tbody>\n<\/table>\n<p>&nbsp;<\/p>\n","protected":false},"excerpt":{"rendered":"<p class=\"excerpt\">Si\u00a0 te interesa participar en los Cat\u00e1logos Inclusivos del Servicio Nacional de Contrataci\u00f3n P\u00fablica revisa los requisitos de participaci\u00f3n para los productos lanzados mediante nuevas Ferias Inclusivas o mediante Adhesi\u00f3n de Productos. PARA NUEVOS PROVEEDORES Lee y analiza el pliego detenidamente del proceso de catalogaci\u00f3n. Llena los formularios y requisitos de equipamiento y herramientas por producto que se solicitan en&hellip; <a href=\"https:\/\/portal.compraspublicas.gob.ec\/sercop\/preparacion-de-alimentos-incorporacion-productos\/\">Read more &rarr;<\/a><\/p>\n","protected":false},"author":1,"featured_media":0,"parent":0,"menu_order":0,"comment_status":"closed","ping_status":"closed","template":"menugenerico.php","meta":[],"_links":{"self":[{"href":"https:\/\/portal.compraspublicas.gob.ec\/sercop\/wp-json\/wp\/v2\/pages\/18236"}],"collection":[{"href":"https:\/\/portal.compraspublicas.gob.ec\/sercop\/wp-json\/wp\/v2\/pages"}],"about":[{"href":"https:\/\/portal.compraspublicas.gob.ec\/sercop\/wp-json\/wp\/v2\/types\/page"}],"author":[{"embeddable":true,"href":"https:\/\/portal.compraspublicas.gob.ec\/sercop\/wp-json\/wp\/v2\/users\/1"}],"replies":[{"embeddable":true,"href":"https:\/\/portal.compraspublicas.gob.ec\/sercop\/wp-json\/wp\/v2\/comments?post=18236"}],"version-history":[{"count":20,"href":"https:\/\/portal.compraspublicas.gob.ec\/sercop\/wp-json\/wp\/v2\/pages\/18236\/revisions"}],"predecessor-version":[{"id":60253,"href":"https:\/\/portal.compraspublicas.gob.ec\/sercop\/wp-json\/wp\/v2\/pages\/18236\/revisions\/60253"}],"wp:attachment":[{"href":"https:\/\/portal.compraspublicas.gob.ec\/sercop\/wp-json\/wp\/v2\/media?parent=18236"}],"curies":[{"name":"wp","href":"https:\/\/api.w.org\/{rel}","templated":true}]}}