{"id":18291,"date":"2017-01-11T10:12:56","date_gmt":"2017-01-11T15:12:56","guid":{"rendered":"http:\/\/portal.compraspublicas.gob.ec\/sercop\/?page_id=18291"},"modified":"2024-11-27T17:08:32","modified_gmt":"2024-11-27T22:08:32","slug":"cafeteria-incoporacion-productos","status":"publish","type":"page","link":"https:\/\/portal.compraspublicas.gob.ec\/sercop\/cafeteria-incoporacion-productos\/","title":{"rendered":"Cafeter\u00eda &#8211; Incoporaci\u00f3n Productos"},"content":{"rendered":"<p style=\"display:flex;\">\n<img loading=\"lazy\" class=\"alignnone\" src=\"https:\/\/portal.compraspublicas.gob.ec\/sercop\/wp-content\/uploads\/2015\/07\/cafeteria.png\" alt=\"\" width=\"619\" height=\"209\" \/>\n<\/p>\n<p>Si\u00a0 te interesa participar en los Cat\u00e1logos Inclusivos del Servicio Nacional de Contrataci\u00f3n P\u00fablica revisa los requisitos de participaci\u00f3n para los productos lanzados mediante nuevas Ferias Inclusivas o mediante Adhesi\u00f3n de Productos.<\/p>\n<p><strong>PARA NUEVOS PROVEEDORES<\/strong><\/p>\n<ol>\n<li>Lee y analiza el <span style=\"color: #0000ff;\"><a style=\"color: #0000ff;\" href=\"https:\/\/portal.compraspublicas.gob.ec\/sercop\/wp-content\/uploads\/2017\/01\/cdi_sercop_003_2015_pliego_cafeteria.pdf\">pliego<\/a><\/span>detenidamente del proceso de catalogaci\u00f3n.<\/li>\n<li>Llena los <span style=\"color: #0000ff;\"><a style=\"color: #0000ff;\" href=\"https:\/\/portal.compraspublicas.gob.ec\/sercop\/wp-content\/uploads\/2017\/02\/formularios_servicio_cafeteria1.docx\">formularios <\/a><\/span>y requisitos de equipamiento y herramientas por producto que se solicitan en los pliegos. Recuerda que los formularios y los requisitos deben estar sumillados y numerados.<\/li>\n<li>Elaborar un oficio dirigido a la Direcci\u00f3n General del SERCOP, solicitando tu incorporaci\u00f3n al Cat\u00e1logo Din\u00e1mico Inclusivo<br \/>\n<em><u>(<span style=\"color: #0000ff;\"><a style=\"color: #0000ff;\" href=\"https:\/\/portal.compraspublicas.gob.ec\/sercop\/wp-content\/uploads\/2017\/10\/modelo-de-oficio.doc\">Descarga modelo de oficio<\/a><\/span>)<\/u><\/em><u>.<\/u><\/li>\n<\/ol>\n<p><strong>PARA PROVEEDORES CATALOGADOS<\/strong><\/p>\n<p>Deber\u00e1n presentar la manifestaci\u00f3n de inter\u00e9s del producto en el que le interese participar. As\u00ed como la documentaci\u00f3n y requisitos establecidos en las fichas t\u00e9cnicas, las cuales deber\u00e1n estar con las respectivas sumillas.<\/p>\n<p><strong><u>CONSIDERACIONES:<\/u><\/strong><\/p>\n<ul>\n<li>La oferta o manifestaci\u00f3n de inter\u00e9s obligatoriamente deber\u00e1 ser firmada electr\u00f3nicamente por el representante legal, apoderado, persona natural o procurador com\u00fan, con sus respectivos anexos o documentaci\u00f3n de respaldo seg\u00fan el caso.<\/li>\n<li>Finalmente, la oferta o manifestaci\u00f3n de inter\u00e9s deber\u00e1 ser enviada al correo electr\u00f3nico <strong>ofertascatalogo@sercop.gob.ec<\/strong>, de ser el caso, si el tama\u00f1o del o los archivos no le permita remitir la oferta por correo electr\u00f3nico, el oferente podr\u00e1 usar un servicio web de alojamiento de archivos, y deber\u00e1 enviar el link, mismo que debe ser de acceso p\u00fablico sin clave y sin fecha de caducidad.<\/li>\n<\/ul>\n<table width=\"721\">\n<tbody>\n<tr>\n<td width=\"314\">NOMBRE DE PRODUCTO<\/td>\n<td width=\"153\">OFICIO CIRCULAR<\/td>\n<td width=\"121\">DOCUMENTOS<\/td>\n<td width=\"133\">ACTUALIZACIONES<\/td>\n<\/tr>\n<tr>\n<td width=\"314\"><span style=\"color: #0000ff;\"><a style=\"color: #0000ff;\" href=\"https:\/\/portal.compraspublicas.gob.ec\/sercop\/wp-content\/uploads\/2017\/01\/menu_tipo_1.pdf\">Men\u00fa tipo I (servicio de entrega de alimentos preparados, no incluye servicio de mesa)<\/a><\/span><\/td>\n<td width=\"121\"><span style=\"color: #0000ff;\"><a style=\"color: #0000ff;\" href=\"https:\/\/portal.compraspublicas.gob.ec\/sercop\/wp-content\/uploads\/2017\/01\/oficio_circular_14_menu_tipo_1_y_2.pdf\">SERCOP-CDI-2015-014<\/a><\/span><\/td>\n<td width=\"133\">\u00a0<span style=\"color: #0000ff;\"><a style=\"color: #0000ff;\" href=\"https:\/\/portal.compraspublicas.gob.ec\/sercop\/wp-content\/uploads\/2017\/01\/manifestacion_interes_menu_tipo_1.docx\">Manifestaci\u00f3n de inter\u00e9s<\/a><\/span><\/td>\n<td style=\"text-align: center;\" width=\"133\"><\/td>\n<\/tr>\n<tr>\n<td width=\"314\"><span style=\"color: #0000ff;\"><a style=\"color: #0000ff;\" href=\"https:\/\/portal.compraspublicas.gob.ec\/sercop\/wp-content\/uploads\/2017\/01\/menu_tipo_2.pdf\">Men\u00fa tipo II (servicio de entrega de alimentos preparados, incluye servicio de mesa)<\/a><\/span><\/td>\n<td width=\"153\"><span style=\"color: #0000ff;\"><a style=\"color: #0000ff;\" href=\"https:\/\/portal.compraspublicas.gob.ec\/sercop\/wp-content\/uploads\/2017\/01\/oficio_circular_14_menu_tipo_1_y_2.pdf\">SERCOP-CDI-2015-014<\/a><\/span><\/td>\n<td width=\"121\"><span style=\"color: #0000ff;\"><a style=\"color: #0000ff;\" href=\"https:\/\/portal.compraspublicas.gob.ec\/sercop\/wp-content\/uploads\/2017\/01\/manifestacion_interes_menu_tipo_2.docx\">Manifestaci\u00f3n de inter\u00e9s<\/a><\/span><\/td>\n<td style=\"text-align: center;\" width=\"133\"><\/td>\n<\/tr>\n<tr>\n<td><span style=\"color: #0000ff;\"><a style=\"color: #0000ff;\" href=\"https:\/\/portal.compraspublicas.gob.ec\/sercop\/wp-content\/uploads\/2017\/01\/refrigerio_para_ninas_y_ninos.pdf\">Refrigerios para ni\u00f1as y ni\u00f1os<\/a><\/span><\/td>\n<td width=\"153\"><span style=\"color: #0000ff;\"><a style=\"color: #0000ff;\" href=\"https:\/\/portal.compraspublicas.gob.ec\/sercop\/wp-content\/uploads\/2017\/01\/oficio_circular_3_refrigerio_ninos_y_ninas.pdf\">SERCOP-CDI-2016-003<\/a><\/span><\/td>\n<td width=\"121\"><span style=\"color: #0000ff;\"><a style=\"color: #0000ff;\" href=\"https:\/\/portal.compraspublicas.gob.ec\/sercop\/wp-content\/uploads\/2017\/01\/manifestacion_interes_refrigerio_ninos_y_ninas.docx\">Manifestaci\u00f3n de inter\u00e9s<\/a><\/span><\/td>\n<td style=\"text-align: center;\" width=\"133\"><span style=\"color: #0000ff;\">\u00a0<\/span><\/td>\n<\/tr>\n<tr>\n<td><span style=\"color: #0000ff;\"><a style=\"color: #0000ff;\" href=\"https:\/\/portal.compraspublicas.gob.ec\/sercop\/wp-content\/uploads\/2017\/01\/7_bocaditos_con_servicio_de_meseros.pdf\">7 bocaditos con servicio de meseros<\/a><\/span><\/td>\n<td width=\"153\"><span style=\"color: #0000ff;\"><a style=\"color: #0000ff;\" href=\"https:\/\/portal.compraspublicas.gob.ec\/sercop\/wp-content\/uploads\/2017\/01\/oficio_circular_059_7_bocaditos_con_servicio_de_meseros.pdf\">SERCOP-CDI-2016-0059<\/a><\/span><\/td>\n<td width=\"121\"><span style=\"color: #0000ff;\"><a style=\"color: #0000ff;\" href=\"https:\/\/portal.compraspublicas.gob.ec\/sercop\/wp-content\/uploads\/2017\/01\/manifestacion_interes_7_bocaditos_con_servicio_de_meseros.docx\">Manifestaci\u00f3n de inter\u00e9s<\/a><\/span><\/td>\n<td style=\"text-align: center;\" width=\"133\"><\/td>\n<\/tr>\n<\/tbody>\n<\/table>\n","protected":false},"excerpt":{"rendered":"<p class=\"excerpt\">Si\u00a0 te interesa participar en los Cat\u00e1logos Inclusivos del Servicio Nacional de Contrataci\u00f3n P\u00fablica revisa los requisitos de participaci\u00f3n para los productos lanzados mediante nuevas Ferias Inclusivas o mediante Adhesi\u00f3n de Productos. PARA NUEVOS PROVEEDORES Lee y analiza el pliegodetenidamente del proceso de catalogaci\u00f3n. Llena los formularios y requisitos de equipamiento y herramientas por producto que se solicitan en los&hellip; <a href=\"https:\/\/portal.compraspublicas.gob.ec\/sercop\/cafeteria-incoporacion-productos\/\">Read more &rarr;<\/a><\/p>\n","protected":false},"author":1,"featured_media":0,"parent":0,"menu_order":0,"comment_status":"closed","ping_status":"closed","template":"menugenerico.php","meta":[],"_links":{"self":[{"href":"https:\/\/portal.compraspublicas.gob.ec\/sercop\/wp-json\/wp\/v2\/pages\/18291"}],"collection":[{"href":"https:\/\/portal.compraspublicas.gob.ec\/sercop\/wp-json\/wp\/v2\/pages"}],"about":[{"href":"https:\/\/portal.compraspublicas.gob.ec\/sercop\/wp-json\/wp\/v2\/types\/page"}],"author":[{"embeddable":true,"href":"https:\/\/portal.compraspublicas.gob.ec\/sercop\/wp-json\/wp\/v2\/users\/1"}],"replies":[{"embeddable":true,"href":"https:\/\/portal.compraspublicas.gob.ec\/sercop\/wp-json\/wp\/v2\/comments?post=18291"}],"version-history":[{"count":5,"href":"https:\/\/portal.compraspublicas.gob.ec\/sercop\/wp-json\/wp\/v2\/pages\/18291\/revisions"}],"predecessor-version":[{"id":60275,"href":"https:\/\/portal.compraspublicas.gob.ec\/sercop\/wp-json\/wp\/v2\/pages\/18291\/revisions\/60275"}],"wp:attachment":[{"href":"https:\/\/portal.compraspublicas.gob.ec\/sercop\/wp-json\/wp\/v2\/media?parent=18291"}],"curies":[{"name":"wp","href":"https:\/\/api.w.org\/{rel}","templated":true}]}}