{"id":18318,"date":"2017-01-11T10:36:05","date_gmt":"2017-01-11T15:36:05","guid":{"rendered":"http:\/\/portal.compraspublicas.gob.ec\/sercop\/?page_id=18318"},"modified":"2024-11-28T12:26:16","modified_gmt":"2024-11-28T17:26:16","slug":"conexion-electrica-incorporacion-productos","status":"publish","type":"page","link":"https:\/\/portal.compraspublicas.gob.ec\/sercop\/conexion-electrica-incorporacion-productos\/","title":{"rendered":"Conexi\u00f3n El\u00e9ctrica &#8211; Incorporaci\u00f3n Productos"},"content":{"rendered":"<p style=\"display:flex\"><img loading=\"lazy\" class=\"alignnone\" src=\"https:\/\/portal.compraspublicas.gob.ec\/sercop\/wp-content\/uploads\/2015\/07\/Servicios-electricos.png\" alt=\"\" width=\"722\" height=\"244\" \/><\/p>\n<p>Si\u00a0 te interesa participar en los Cat\u00e1logos Inclusivos del Servicio Nacional de Contrataci\u00f3n P\u00fablica revisa los requisitos de participaci\u00f3n para los productos lanzados mediante nuevas Ferias Inclusivas o mediante Adhesi\u00f3n de Productos.<\/p>\n<p><strong>PARA NUEVOS PROVEEDORES<\/strong><\/p>\n<ol>\n<li>Lee y analiza el <span style=\"color: #0000ff;\"><a style=\"color: #0000ff;\" href=\"https:\/\/portal.compraspublicas.gob.ec\/sercop\/wp-content\/uploads\/2017\/01\/cdi_sercop_002_pliego.pdf\">pliego<\/a><\/span> detenidamente del proceso de catalogaci\u00f3n.<\/li>\n<li>Llena los <span style=\"color: #0000ff;\"><a style=\"color: #0000ff;\" href=\"https:\/\/portal.compraspublicas.gob.ec\/sercop\/wp-content\/uploads\/2018\/02\/formularios_conexion_electrica.docx\">formularios <\/a><\/span>y requisitos de equipamiento y herramientas por producto que se solicitan en los pliegos. Recuerda que los formularios y los requisitos deben estar sumillados y numerados.<\/li>\n<\/ol>\n<p><strong>PARA PROVEEDORES CATALOGADOS<\/strong><\/p>\n<p>Deber\u00e1n presentar la manifestaci\u00f3n de inter\u00e9s del producto en el que le interese participar. As\u00ed como la documentaci\u00f3n y requisitos establecidos en las fichas t\u00e9cnicas, las cuales deber\u00e1n estar con las respectivas sumillas.<\/p>\n<p><strong><u>CONSIDERACIONES:<\/u><\/strong><\/p>\n<ul>\n<li>La oferta o manifestaci\u00f3n de inter\u00e9s obligatoriamente deber\u00e1 ser firmada electr\u00f3nicamente por el representante legal, apoderado, persona natural o procurador com\u00fan, con sus respectivos anexos o documentaci\u00f3n de respaldo seg\u00fan el caso.<\/li>\n<li>Finalmente, la oferta o manifestaci\u00f3n de inter\u00e9s deber\u00e1 ser enviada al correo electr\u00f3nico <strong>ofertascatalogo@sercop.gob.ec<\/strong>, de ser el caso, si el tama\u00f1o del o los archivos no le permita remitir la oferta por correo electr\u00f3nico, el oferente podr\u00e1 usar un servicio web de alojamiento de archivos, y deber\u00e1 enviar el link, mismo que debe ser de acceso p\u00fablico sin clave y sin fecha de caducidad.<\/li>\n<\/ul>\n<table width=\"777\">\n<tbody>\n<tr>\n<td style=\"text-align: center;\" width=\"324\"><strong>NOMBRE DE PRODUCTO<\/strong><\/td>\n<td style=\"text-align: center;\" width=\"169\"><strong>OFICIO CIRCULAR<\/strong><\/td>\n<td style=\"text-align: center;\" width=\"141\"><strong>DOCUMENTOS\u00a0<\/strong><\/td>\n<td style=\"text-align: center;\" width=\"143\"><strong>ACTUALIZACIONES<\/strong><\/td>\n<\/tr>\n<tr>\n<td width=\"324\"><span style=\"color: #0000ff;\"><a style=\"color: #0000ff;\" href=\"https:\/\/portal.compraspublicas.gob.ec\/sercop\/wp-content\/uploads\/2017\/05\/1_ficha_tecnica_conex.pdf\">Servicio de conex\u00edon el\u00e9ctrica para cocinas de inducci\u00f3n para las Provincias de Manab\u00ed y Santo Domingo<\/a><\/span><\/td>\n<td style=\"text-align: center;\"><span style=\"color: #0000ff;\">SERCOP-CDI-2015-CZ4-001<\/span><\/td>\n<td width=\"141\"><span style=\"color: #0000ff;\"><a style=\"color: #0000ff;\" href=\"https:\/\/portal.compraspublicas.gob.ec\/sercop\/wp-content\/uploads\/2017\/12\/manifestacions_manabi_Manabi_Santo_Domingo.doc\">Manifestaci\u00f3n de inter\u00e9s<\/a><\/span><\/td>\n<td width=\"143\"><\/td>\n<\/tr>\n<tr>\n<td width=\"324\"><span style=\"color: #0000ff;\"><a style=\"color: #0000ff;\" href=\"https:\/\/portal.compraspublicas.gob.ec\/sercop\/wp-content\/uploads\/2017\/04\/1_cocinasdeinduccionlosrios.pdf\">Servicio de conexi\u00f3n el\u00e9ctrica para cocinas de inducci\u00f3n para la provincia de Los R\u00edos<\/a><\/span><\/td>\n<td style=\"text-align: center;\"><span style=\"color: #0000ff;\"><a style=\"color: #0000ff;\" href=\"https:\/\/portal.compraspublicas.gob.ec\/sercop\/wp-content\/uploads\/2017\/04\/oficiocircularcocinaslosrios.pdf\">SERCOP-CDI-2017-058<\/a><\/span><\/td>\n<td width=\"141\"><span style=\"color: #0000ff;\"><a style=\"color: #0000ff;\" href=\"https:\/\/portal.compraspublicas.gob.ec\/sercop\/wp-content\/uploads\/2017\/12\/Manifestacion_cocinas_induccion_Los_Rios.doc\">Manifestaci\u00f3n de inter\u00e9s<\/a><\/span><\/td>\n<td width=\"143\"><span style=\"color: #0000ff;\"><a style=\"color: #0000ff;\" href=\"https:\/\/portal.compraspublicas.gob.ec\/sercop\/wp-content\/uploads\/2017\/02\/actualizacion_gral_2016-0068.pdf\"> CDI-SERCOP-2016-068<\/a><\/span><\/td>\n<\/tr>\n<tr>\n<td width=\"324\"><span style=\"color: #0000ff;\"><a style=\"color: #0000ff;\" href=\"https:\/\/portal.compraspublicas.gob.ec\/sercop\/wp-content\/uploads\/2017\/01\/conexion_electrica_cocinas_induccion_guayas.pdf\">Servicio de conexi\u00f3n el\u00e9ctrica para cocinas de inducci\u00f3n- Guayas<\/a><\/span><\/td>\n<td style=\"text-align: center;\"><span style=\"color: #0000ff;\"><a style=\"color: #0000ff;\" href=\"https:\/\/portal.compraspublicas.gob.ec\/sercop\/wp-content\/uploads\/2017\/01\/cdi_2015_004_conexion_electrica_cocinas_induccion_guayas.pdf\">SERCOP-CDI-2015-004<\/a><\/span><\/td>\n<td width=\"141\"><span style=\"color: #0000ff;\"><a style=\"color: #0000ff;\" href=\"https:\/\/portal.compraspublicas.gob.ec\/sercop\/wp-content\/uploads\/2017\/01\/manifestacion_interes_guayas.docx\">Manifestaci\u00f3n de inter\u00e9s<\/a><\/span><\/td>\n<td width=\"143\"><span style=\"color: #0000ff;\"><a style=\"color: #0000ff;\" href=\"https:\/\/portal.compraspublicas.gob.ec\/sercop\/wp-content\/uploads\/2017\/02\/actualizacion_gral_2016-0068.pdf\">\u00a0\u00a0CDI-SERCOP-2016-068<\/a><\/span><\/td>\n<\/tr>\n<tr>\n<td width=\"324\"><span style=\"color: #0000ff;\"><a style=\"color: #0000ff;\" href=\"https:\/\/portal.compraspublicas.gob.ec\/sercop\/wp-content\/uploads\/2017\/01\/conexion_electrica_cocinas_induccion_canar.pdf\">Servicio de conexi\u00f3n el\u00e9ctrica para cocinas de inducci\u00f3n-Ca\u00f1ar<\/a><\/span><\/td>\n<td style=\"text-align: center;\"><span style=\"color: #0000ff;\"><a style=\"color: #0000ff;\" href=\"https:\/\/portal.compraspublicas.gob.ec\/sercop\/wp-content\/uploads\/2017\/01\/cdi_2015_006_conexion_electrica_cocinas_induccion_canar.pdf\">SERCOP-CDI-2015-006<\/a><\/span><\/td>\n<td width=\"141\"><span style=\"color: #0000ff;\"><a style=\"color: #0000ff;\" href=\"https:\/\/portal.compraspublicas.gob.ec\/sercop\/wp-content\/uploads\/2017\/01\/manifestacion_interes_canar.docx\">Manifestaci\u00f3n de inter\u00e9s<\/a><\/span><\/td>\n<td width=\"143\">\u00a0<span style=\"color: #0000ff;\"><a style=\"color: #0000ff;\" href=\"https:\/\/portal.compraspublicas.gob.ec\/sercop\/wp-content\/uploads\/2017\/02\/actualizacion_gral_2016-0068.pdf\">\u00a0\u00a0CDI-SERCOP-2016-068<\/a><\/span><\/td>\n<\/tr>\n<tr>\n<td width=\"324\"><span style=\"color: #0000ff;\"><a style=\"color: #0000ff;\" href=\"https:\/\/portal.compraspublicas.gob.ec\/sercop\/wp-content\/uploads\/2017\/02\/conexion_electrica_cocinas_induccion_azuay.pdf\">Servicio de conexi\u00f3n el\u00e9ctrica para cocinas de inducci\u00f3n- Azuay<\/a><\/span><\/td>\n<td style=\"text-align: center;\"><span style=\"color: #0000ff;\"><a style=\"color: #0000ff;\" href=\"https:\/\/portal.compraspublicas.gob.ec\/sercop\/wp-content\/uploads\/2017\/01\/cdi_2015_005_conexion_electrica_cocinas_induccion_azuay.pdf\">SERCOP-CDI-2015-005<\/a><\/span><\/td>\n<td width=\"141\"><span style=\"color: #0000ff;\"><a style=\"color: #0000ff;\" href=\"https:\/\/portal.compraspublicas.gob.ec\/sercop\/wp-content\/uploads\/2017\/01\/manifestacion_interes_azuay.docx\">Manifestaci\u00f3n de inter\u00e9s<\/a><\/span><\/td>\n<td width=\"143\">\u00a0<span style=\"color: #0000ff;\"><a style=\"color: #0000ff;\" href=\"https:\/\/portal.compraspublicas.gob.ec\/sercop\/wp-content\/uploads\/2017\/02\/actualizacion_gral_2016-0068.pdf\">\u00a0\u00a0CDI-SERCOP-2016-068<\/a><\/span><\/td>\n<\/tr>\n<tr>\n<td width=\"324\"><span style=\"color: #0000ff;\"><a style=\"color: #0000ff;\" href=\"https:\/\/portal.compraspublicas.gob.ec\/sercop\/wp-content\/uploads\/2017\/01\/conexion_electrica_cocinas_induccion_loja_zamora_chinchipe.pdf\">Servicio de conexi\u00f3n el\u00e9ctrica para cocinas de inducci\u00f3n-Loja y Zamora<\/a><\/span><\/td>\n<td style=\"text-align: center;\"><span style=\"color: #0000ff;\"><a style=\"color: #0000ff;\" href=\"https:\/\/portal.compraspublicas.gob.ec\/sercop\/wp-content\/uploads\/2017\/01\/cdi_2015_008_conexion_electrica_cocinas_induccion_loja_zamora_chinchipe.pdf\">SERCOP-CDI-2015-008<\/a><\/span><\/td>\n<td width=\"141\"><span style=\"color: #0000ff;\"><a style=\"color: #0000ff;\" href=\"https:\/\/portal.compraspublicas.gob.ec\/sercop\/wp-content\/uploads\/2017\/01\/manifestacion_interes_loja_zamora_chinchipe.docx\">Manifestaci\u00f3n de inter\u00e9s<\/a><\/span><\/td>\n<td width=\"143\">\u00a0<span style=\"color: #0000ff;\"><a style=\"color: #0000ff;\" href=\"https:\/\/portal.compraspublicas.gob.ec\/sercop\/wp-content\/uploads\/2017\/02\/actualizacion_gral_2016-0068.pdf\">\u00a0\u00a0CDI-SERCOP-2016-068<\/a><\/span><\/td>\n<\/tr>\n<tr>\n<td width=\"324\"><span style=\"color: #0000ff;\"><a style=\"color: #0000ff;\" href=\"https:\/\/portal.compraspublicas.gob.ec\/sercop\/wp-content\/uploads\/2017\/01\/ficha_napo_pastaza.pdf\">Servicio de conexi\u00f3n el\u00e9ctrica para cocinas de inducci\u00f3n napo-Pastaza-Cotopaxi-Chimborazo y Tungurahua<\/a><\/span><\/td>\n<td style=\"text-align: center;\"><span style=\"color: #0000ff;\"><a style=\"color: #0000ff;\" href=\"https:\/\/portal.compraspublicas.gob.ec\/sercop\/wp-content\/uploads\/2017\/01\/cz3_001_2015.pdf\">SERCOP-CDI-2015-001<\/a><\/span><\/td>\n<td width=\"141\"><span style=\"color: #0000ff;\"><a style=\"color: #0000ff;\" href=\"https:\/\/portal.compraspublicas.gob.ec\/sercop\/wp-content\/uploads\/2017\/01\/mani_4_prov.docx\">Manifestaci\u00f3n de inter\u00e9s<\/a><\/span><\/td>\n<td width=\"143\"><span style=\"color: #0000ff;\"><a style=\"color: #0000ff;\" href=\"https:\/\/portal.compraspublicas.gob.ec\/sercop\/wp-content\/uploads\/2017\/02\/actualizacion_gral_2016-0068.pdf\">\u00a0\u00a0CDI-SERCOP-2016-068<\/a><\/span><\/td>\n<\/tr>\n<tr>\n<td width=\"324\"><span style=\"color: #0000ff;\"><a style=\"color: #0000ff;\" href=\"https:\/\/portal.compraspublicas.gob.ec\/sercop\/wp-content\/uploads\/2017\/01\/induccion_carchi_imbabura.pdf\">Servicio de conexi\u00f3n el\u00e9ctrica para cocinas de inducci\u00f3n Carchi-Imbabura<\/a><\/span><\/td>\n<td style=\"text-align: center;\"><span style=\"color: #0000ff;\"><a style=\"color: #0000ff;\" href=\"https:\/\/portal.compraspublicas.gob.ec\/sercop\/wp-content\/uploads\/2017\/01\/cdi_cz1_2015_001.pdf\">SERCOP-CDI-2015-CZ1-001<\/a><\/span><\/td>\n<td width=\"141\"><span style=\"color: #0000ff;\"><a style=\"color: #0000ff;\" href=\"https:\/\/portal.compraspublicas.gob.ec\/sercop\/wp-content\/uploads\/2017\/01\/manif_carchi_imbabura.docx\">Manifestaci\u00f3n de inter\u00e9s<\/a><\/span><\/td>\n<td width=\"143\">\u00a0<span style=\"color: #0000ff;\"><a style=\"color: #0000ff;\" href=\"https:\/\/portal.compraspublicas.gob.ec\/sercop\/wp-content\/uploads\/2017\/02\/actualizacion_gral_2016-0068.pdf\">\u00a0\u00a0CDI-SERCOP-2016-068<\/a><\/span><\/td>\n<\/tr>\n<tr>\n<td width=\"324\"><span style=\"color: #0000ff;\"><a style=\"color: #0000ff;\" href=\"https:\/\/portal.compraspublicas.gob.ec\/sercop\/wp-content\/uploads\/2017\/01\/induccion_esmeraldas.pdf\">Servicio de conexi\u00f3n el\u00e9ctrica para cocinas de inducci\u00f3n Esmeraldas<\/a><\/span><\/td>\n<td style=\"text-align: center;\"><span style=\"color: #0000ff;\"><a style=\"color: #0000ff;\" href=\"https:\/\/portal.compraspublicas.gob.ec\/sercop\/wp-content\/uploads\/2017\/01\/cdi_cz1_2015_001.pdf\">SERCOP-CDI-2015-CZ1-001<\/a><\/span><\/td>\n<td width=\"141\"><span style=\"color: #0000ff;\"><a style=\"color: #0000ff;\" href=\"https:\/\/portal.compraspublicas.gob.ec\/sercop\/wp-content\/uploads\/2017\/01\/manif_esmeraldas.docx\">Manifestaci\u00f3n de inter\u00e9s<\/a><\/span><\/td>\n<td width=\"143\">\u00a0<span style=\"color: #0000ff;\"><a style=\"color: #0000ff;\" href=\"https:\/\/portal.compraspublicas.gob.ec\/sercop\/wp-content\/uploads\/2017\/02\/actualizacion_gral_2016-0068.pdf\">\u00a0\u00a0CDI-SERCOP-2016-068<\/a><\/span><\/td>\n<\/tr>\n<tr>\n<td width=\"324\"><span style=\"color: #0000ff;\"><a style=\"color: #0000ff;\" href=\"https:\/\/portal.compraspublicas.gob.ec\/sercop\/wp-content\/uploads\/2017\/01\/induccion_sucumbios.pdf\">Servicio de conexi\u00f3n el\u00e9ctrica para cocinas de inducci\u00f3n &#8211; Sucumb\u00edos<\/a><\/span><\/td>\n<td style=\"text-align: center;\"><span style=\"color: #0000ff;\"><a style=\"color: #0000ff;\" href=\"https:\/\/portal.compraspublicas.gob.ec\/sercop\/wp-content\/uploads\/2017\/01\/cdi_cz1_2015_001.pdf\">SERCOP-CDI-2015-CZ1-001<\/a><\/span><\/td>\n<td width=\"141\"><span style=\"color: #0000ff;\"><a style=\"color: #0000ff;\" href=\"https:\/\/portal.compraspublicas.gob.ec\/sercop\/wp-content\/uploads\/2017\/01\/manif_sucumbios.docx\">Manifestaci\u00f3n de inter\u00e9s<\/a><\/span><\/td>\n<td width=\"143\">\u00a0<span style=\"color: #0000ff;\"><a style=\"color: #0000ff;\" href=\"https:\/\/portal.compraspublicas.gob.ec\/sercop\/wp-content\/uploads\/2017\/02\/actualizacion_gral_2016-0068.pdf\">\u00a0\u00a0CDI-SERCOP-2016-068<\/a><\/span><\/td>\n<\/tr>\n<tr>\n<td width=\"324\"><span style=\"color: #0000ff;\"><a style=\"color: #0000ff;\" href=\"https:\/\/portal.compraspublicas.gob.ec\/sercop\/wp-content\/uploads\/2017\/01\/conexion_electrica_cocinas_induccion_santa-elena.pdf\">Servicio de conexi\u00f3n el\u00e9ctrica para cocinas de inducci\u00f3n &#8211; Santa Elena<\/a><\/span><\/td>\n<td style=\"text-align: center;\"><span style=\"color: #0000ff;\"><a style=\"color: #0000ff;\" href=\"https:\/\/portal.compraspublicas.gob.ec\/sercop\/wp-content\/uploads\/2017\/01\/cdi_2015_004A_conexion_santa-elena.pdf\">SERCOP-CDI-2015-004A<\/a><\/span><\/td>\n<td width=\"141\"><span style=\"color: #0000ff;\"><a style=\"color: #0000ff;\" href=\"https:\/\/portal.compraspublicas.gob.ec\/sercop\/wp-content\/uploads\/2017\/01\/manifestacion_interes_santaelena.docx\">Manifestaci\u00f3n de inter\u00e9s<\/a><\/span><\/td>\n<td width=\"143\">\u00a0<span style=\"color: #0000ff;\"><a style=\"color: #0000ff;\" href=\"https:\/\/portal.compraspublicas.gob.ec\/sercop\/wp-content\/uploads\/2017\/02\/actualizacion_gral_2016-0068.pdf\">\u00a0\u00a0CDI-SERCOP-2016-068<\/a><\/span><\/td>\n<\/tr>\n<tr>\n<td width=\"324\"><span style=\"color: #0000ff;\"><a style=\"color: #0000ff;\" href=\"https:\/\/portal.compraspublicas.gob.ec\/sercop\/wp-content\/uploads\/2017\/01\/induccion_pedr-monca_cayambe.pdf\">Servicio de conexi\u00f3n el\u00e9ctrica para cocinas de inducci\u00f3n &#8211; Cayambe &#8211; Pedro Moncayo (Pichincha)<\/a><\/span><\/td>\n<td style=\"text-align: center;\">N\/A<\/td>\n<td width=\"141\"><span style=\"color: #0000ff;\"><a style=\"color: #0000ff;\" href=\"https:\/\/portal.compraspublicas.gob.ec\/sercop\/wp-content\/uploads\/2017\/01\/manif_cayambe_pedro_mon.docx\">Manifestaci\u00f3n de inter\u00e9s<\/a><\/span><\/td>\n<td>\u00a0<span style=\"color: #0000ff;\"><a style=\"color: #0000ff;\" href=\"https:\/\/portal.compraspublicas.gob.ec\/sercop\/wp-content\/uploads\/2017\/02\/actualizacion_gral_2016-0068.pdf\">\u00a0\u00a0CDI-SERCOP-2016-068<\/a><\/span><\/td>\n<\/tr>\n<\/tbody>\n<\/table>\n","protected":false},"excerpt":{"rendered":"<p class=\"excerpt\">Si\u00a0 te interesa participar en los Cat\u00e1logos Inclusivos del Servicio Nacional de Contrataci\u00f3n P\u00fablica revisa los requisitos de participaci\u00f3n para los productos lanzados mediante nuevas Ferias Inclusivas o mediante Adhesi\u00f3n de Productos. PARA NUEVOS PROVEEDORES Lee y analiza el pliego detenidamente del proceso de catalogaci\u00f3n. Llena los formularios y requisitos de equipamiento y herramientas por producto que se solicitan en&hellip; <a href=\"https:\/\/portal.compraspublicas.gob.ec\/sercop\/conexion-electrica-incorporacion-productos\/\">Read more &rarr;<\/a><\/p>\n","protected":false},"author":1,"featured_media":0,"parent":0,"menu_order":0,"comment_status":"closed","ping_status":"closed","template":"menugenerico.php","meta":[],"_links":{"self":[{"href":"https:\/\/portal.compraspublicas.gob.ec\/sercop\/wp-json\/wp\/v2\/pages\/18318"}],"collection":[{"href":"https:\/\/portal.compraspublicas.gob.ec\/sercop\/wp-json\/wp\/v2\/pages"}],"about":[{"href":"https:\/\/portal.compraspublicas.gob.ec\/sercop\/wp-json\/wp\/v2\/types\/page"}],"author":[{"embeddable":true,"href":"https:\/\/portal.compraspublicas.gob.ec\/sercop\/wp-json\/wp\/v2\/users\/1"}],"replies":[{"embeddable":true,"href":"https:\/\/portal.compraspublicas.gob.ec\/sercop\/wp-json\/wp\/v2\/comments?post=18318"}],"version-history":[{"count":7,"href":"https:\/\/portal.compraspublicas.gob.ec\/sercop\/wp-json\/wp\/v2\/pages\/18318\/revisions"}],"predecessor-version":[{"id":60351,"href":"https:\/\/portal.compraspublicas.gob.ec\/sercop\/wp-json\/wp\/v2\/pages\/18318\/revisions\/60351"}],"wp:attachment":[{"href":"https:\/\/portal.compraspublicas.gob.ec\/sercop\/wp-json\/wp\/v2\/media?parent=18318"}],"curies":[{"name":"wp","href":"https:\/\/api.w.org\/{rel}","templated":true}]}}