{"id":18391,"date":"2017-01-12T09:49:50","date_gmt":"2017-01-12T14:49:50","guid":{"rendered":"http:\/\/portal.compraspublicas.gob.ec\/sercop\/?page_id=18391"},"modified":"2026-01-27T09:54:44","modified_gmt":"2026-01-27T14:54:44","slug":"medicion-y-control-incorporacion-productos","status":"publish","type":"page","link":"https:\/\/portal.compraspublicas.gob.ec\/sercop\/medicion-y-control-incorporacion-productos\/","title":{"rendered":"Medici\u00f3n y Control &#8211; Incorporaci\u00f3n Productos"},"content":{"rendered":"<p style=\"display: flex;\"><img loading=\"lazy\" class=\"alignnone\" src=\"https:\/\/portal.compraspublicas.gob.ec\/sercop\/wp-content\/uploads\/2016\/11\/catalogos_medidores.jpg\" alt=\"\" width=\"722\" height=\"244\" \/><\/p>\n<p>Si\u00a0 te interesa participar en los Cat\u00e1logos Inclusivos del Servicio Nacional de Contrataci\u00f3n P\u00fablica revisa los requisitos de participaci\u00f3n para los productos lanzados mediante nuevas Ferias Inclusivas o mediante Adhesi\u00f3n de Productos.<\/p>\n<p><strong>PARA NUEVOS PROVEEDORES<\/strong><\/p>\n<ol>\n<li>Lee y analiza el <span style=\"color: #0000ff;\"><a style=\"color: #0000ff;\" href=\"https:\/\/portal.compraspublicas.gob.ec\/sercop\/wp-content\/uploads\/2017\/01\/pliego_cortes_y_reconexion.pdf\">pliego <\/a><\/span>detenidamente del proceso de catalogaci\u00f3n.<\/li>\n<li>Llena los <span style=\"color: #0000ff;\"><a style=\"color: #0000ff;\" href=\"https:\/\/portal.compraspublicas.gob.ec\/sercop\/wp-content\/uploads\/2017\/01\/formularios_cortes_y_reconexion.doc\">formularios <\/a><\/span>y requisitos de equipamiento y herramientas por producto que se solicitan en los pliegos. Recuerda que los formularios y los requisitos deben estar sumillados y numerados.<\/li>\n<\/ol>\n<p><strong>PARA PROVEEDORES CATALOGADOS<\/strong><\/p>\n<p>Deber\u00e1n presentar la manifestaci\u00f3n de inter\u00e9s del producto en el que le interese participar. As\u00ed como la adenda al acuerdo de compromiso <em><u>(<span style=\"color: #0000ff;\"><a style=\"color: #0000ff;\" href=\"https:\/\/portal.compraspublicas.gob.ec\/sercop\/wp-content\/uploads\/2017\/01\/ADENDA.docx\">Descarga modelo de Acuerdo<\/a><\/span>), <\/u><\/em>as\u00ed mismo la documentaci\u00f3n y requisitos establecidos en las fichas t\u00e9cnicas, las cuales deber\u00e1n estar con las respectivas sumillas.<em><u><br \/>\n<\/u><\/em><\/p>\n<p><strong><u>CONSIDERACIONES:<\/u><\/strong><\/p>\n<ul>\n<li>La oferta o manifestaci\u00f3n de inter\u00e9s obligatoriamente deber\u00e1 ser firmada electr\u00f3nicamente por el representante legal, apoderado, persona natural o procurador com\u00fan, con sus respectivos anexos o documentaci\u00f3n de respaldo seg\u00fan el caso.<\/li>\n<li>Finalmente, la oferta o manifestaci\u00f3n de inter\u00e9s deber\u00e1 ser enviada al correo electr\u00f3nico <strong>ofertascatalogo@sercop.gob.ec<\/strong>, de ser el caso, si el tama\u00f1o del o los archivos no le permita remitir la oferta por correo electr\u00f3nico, el oferente podr\u00e1 usar un servicio web de alojamiento de archivos, y deber\u00e1 enviar el link, mismo que debe ser de acceso p\u00fablico sin clave y sin fecha de caducidad.<\/li>\n<\/ul>\n<p>&nbsp;<\/p>\n<ul>\n<li dir=\"ltr\" data-canvas-width=\"385.81621149821893\" data-font-name=\"Times\"><span style=\"color: #0000ff;\"><a style=\"color: #0000ff;\" href=\"https:\/\/portal.compraspublicas.gob.ec\/sercop\/wp-content\/uploads\/2019\/05\/ra-ctdc-sercop-2019-01740102711001557156151.pdf\">\u00a0Resoluci\u00f3n Administrativa RA-CTDC-SERCOP-2019-0174<\/a><\/span><\/li>\n<li dir=\"ltr\" data-canvas-width=\"385.81621149821893\" data-font-name=\"Times\"><a href=\"https:\/\/portal.compraspublicas.gob.ec\/sercop\/wp-content\/uploads\/2019\/07\/Resolucion_Administrativa_No-RA-CTDC-SERCOP-2019-0297.pdf\"><span class=\"leidos\"><span style=\"color: #0000ff;\">Resoluci\u00f3n Administrativa No. RA-CTDC-SERCOP-2019-0297<\/span><\/span><\/a><\/li>\n<li dir=\"ltr\" data-canvas-width=\"385.81621149821893\" data-font-name=\"Times\"><a href=\"https:\/\/portal.compraspublicas.gob.ec\/sercop\/wp-content\/uploads\/2023\/08\/Oficio-Circular-SERCOP-CTDC-2023-0011-C.pdf\" target=\"_blank\" rel=\"noopener\"><span style=\"color: #0000ff;\">Oficio Circular SERCOP-CTDC-2023-0011-C<\/span><\/a><\/li>\n<\/ul>\n<table width=\"772\">\n<tbody>\n<tr>\n<td style=\"text-align: center;\" width=\"69\"><strong>No.<\/strong><\/td>\n<td style=\"text-align: center;\" width=\"131\"><strong>FICHA T\u00c9CNICA (Nombre del Producto)<\/strong><\/td>\n<td style=\"text-align: center;\" width=\"132\"><strong>FECHA INCORPORACI\u00d3N PRODUCTO<\/strong><\/td>\n<td style=\"text-align: center;\" width=\"120\"><strong>OFICIO CIRCULAR<\/strong><\/td>\n<td style=\"text-align: center;\" width=\"131\"><strong>LINK MICROSITIO FICHA<\/strong><\/td>\n<td style=\"text-align: center;\" width=\"189\"><strong>DOCUMENTOS<\/strong><\/td>\n<\/tr>\n<tr>\n<td width=\"69\">1<\/td>\n<td width=\"131\">CORTES Y RECONEXIONES DE SERVICIO DE ELECTRICIDAD URBANO TIPO I<\/td>\n<td width=\"132\">30\/6\/16<\/td>\n<td width=\"120\"><a href=\"https:\/\/portal.compraspublicas.gob.ec\/sercop\/wp-content\/uploads\/2023\/08\/Oficio-Circular-SERCOP_CDI_2016_0050.pdf\">SERCOP-CDI-2016-0050<\/a><\/td>\n<td width=\"131\"><a href=\"https:\/\/portal.compraspublicas.gob.ec\/sercop\/wp-content\/uploads\/2016\/07\/Corte-y-Reconexiones-URBANO-05-07-2016.pdf\">https:\/\/portal.compraspublicas.gob.ec\/sercop\/wp-content\/uploads\/2016\/07\/Corte-y-Reconexiones-URBANO-05-07-2016.pdf<\/a><\/td>\n<td width=\"189\"><a href=\"https:\/\/portal.compraspublicas.gob.ec\/sercop\/wp-content\/uploads\/2026\/01\/manifestacio\u0301n_intere\u0301s_Of_2016_0050_v2.docx\">manifestaci\u00f3n_inter\u00e9s_Of_2016_0050_v2<\/a><\/td>\n<\/tr>\n<tr>\n<td width=\"69\">2<\/td>\n<td width=\"131\">CORTES Y RECONEXIONES DE SERVICIO DE ELECTRICIDAD RURAL TIPO I<\/td>\n<td width=\"132\">30\/6\/16<\/td>\n<td width=\"120\"><a href=\"https:\/\/portal.compraspublicas.gob.ec\/sercop\/wp-content\/uploads\/2023\/08\/Oficio-Circular-SERCOP_CDI_2016_0050.pdf\">SERCOP-CDI-2016-0050<\/a><\/td>\n<td width=\"131\"><a href=\"https:\/\/portal.compraspublicas.gob.ec\/sercop\/wp-content\/uploads\/2016\/07\/Corte-y-Reconexiones-RURAL-05-07-2016.pdf\">https:\/\/portal.compraspublicas.gob.ec\/sercop\/wp-content\/uploads\/2016\/07\/Corte-y-Reconexiones-RURAL-05-07-2016.pdf<\/a><\/td>\n<td width=\"189\"><a href=\"https:\/\/portal.compraspublicas.gob.ec\/sercop\/wp-content\/uploads\/2026\/01\/manifestacio\u0301n_intere\u0301s_Of_2016_0050_v2.docx\">manifestaci\u00f3n_inter\u00e9s_Of_2016_0050_v2<\/a><\/td>\n<\/tr>\n<tr>\n<td width=\"69\">3<\/td>\n<td width=\"131\">CORTES Y RECONEXIONES DE SERVICIO DE ELECTRICIDAD RURAL ALEJADA TIPO I<\/td>\n<td width=\"132\">30\/6\/16<\/td>\n<td width=\"120\"><a href=\"https:\/\/portal.compraspublicas.gob.ec\/sercop\/wp-content\/uploads\/2023\/08\/Oficio-Circular-SERCOP_CDI_2016_0050.pdf\">SERCOP-CDI-2016-0050<\/a><\/td>\n<td width=\"131\"><a href=\"https:\/\/portal.compraspublicas.gob.ec\/sercop\/wp-content\/uploads\/2016\/07\/Corte-y-Reconexiones-RURAL-ALEJADA-05-07-2016.pdf\">https:\/\/portal.compraspublicas.gob.ec\/sercop\/wp-content\/uploads\/2016\/07\/Corte-y-Reconexiones-RURAL-ALEJADA-05-07-2016.pdf<\/a><\/td>\n<td width=\"189\"><a href=\"https:\/\/portal.compraspublicas.gob.ec\/sercop\/wp-content\/uploads\/2026\/01\/manifestacio\u0301n_intere\u0301s_Of_2016_0050_v2.docx\">manifestaci\u00f3n_inter\u00e9s_Of_2016_0050_v2<\/a><\/td>\n<\/tr>\n<tr>\n<td width=\"69\">4<\/td>\n<td width=\"131\">LECTURA DE MEDIDORES, IMPRESI\u00d3N Y ENTREGA DE FACTURAS DEL SERVICIO DE ELECTRICIDAD URBANA TIPO I<\/td>\n<td width=\"132\">1\/11\/16<\/td>\n<td width=\"120\"><a href=\"https:\/\/portal.compraspublicas.gob.ec\/sercop\/wp-content\/uploads\/2023\/08\/Oficio-Circular-SERCOP_CDI_2016_098.pdf\">SERCOP-CDI-2016-0098<\/a><\/td>\n<td width=\"131\"><a href=\"https:\/\/portal.compraspublicas.gob.ec\/sercop\/wp-content\/uploads\/2017\/01\/ficha_urbana_tipo_1.pdf\">https:\/\/portal.compraspublicas.gob.ec\/sercop\/wp-content\/uploads\/2017\/01\/ficha_urbana_tipo_1.pdf<\/a><\/td>\n<td width=\"189\"><a href=\"https:\/\/portal.compraspublicas.gob.ec\/sercop\/wp-content\/uploads\/2023\/08\/manifestacio\u0301n_intere\u0301s_Of_2016_098.doc\">manifestaci\u00f3n_inter\u00e9s_Of_2016_0098<\/a><\/td>\n<\/tr>\n<tr>\n<td width=\"69\">5<\/td>\n<td width=\"131\">LECTURA DE MEDIDORES, IMPRESI\u00d3N Y ENTREGA DE FACTURAS DEL SERVICIO DE ELECTRICIDAD RURAL TIPO I<\/td>\n<td width=\"132\">1\/11\/16<\/td>\n<td width=\"120\"><a href=\"https:\/\/portal.compraspublicas.gob.ec\/sercop\/wp-content\/uploads\/2023\/08\/Oficio-Circular-SERCOP_CDI_2016_098.pdf\">SERCOP-CDI-2016-0098<\/a><\/td>\n<td width=\"131\"><a href=\"https:\/\/portal.compraspublicas.gob.ec\/sercop\/wp-content\/uploads\/2017\/01\/Lectura-impresi%C3%B3n-y-entrega-de-facturas-de-electricidad-rural-tipo-I.pdf\">https:\/\/portal.compraspublicas.gob.ec\/sercop\/wp-content\/uploads\/2017\/01\/Lectura-impresi%C3%B3n-y-entrega-de-facturas-de-electricidad-rural-tipo-I.pdf<\/a><\/td>\n<td width=\"189\"><a href=\"https:\/\/portal.compraspublicas.gob.ec\/sercop\/wp-content\/uploads\/2023\/08\/manifestacio\u0301n_intere\u0301s_Of_2016_098.doc\">manifestaci\u00f3n_inter\u00e9s_Of_2016_0098<\/a><\/td>\n<\/tr>\n<tr>\n<td width=\"69\">6<\/td>\n<td width=\"131\">LECTURA DE MEDIDORES, IMPRESI\u00d3N Y ENTREGA DE FACTURAS DEL SERVICIO DE ELECTRICIDAD RURAL ALEJADA TIPO I<\/td>\n<td width=\"132\">1\/11\/16<\/td>\n<td width=\"120\"><a href=\"https:\/\/portal.compraspublicas.gob.ec\/sercop\/wp-content\/uploads\/2023\/08\/Oficio-Circular-SERCOP_CDI_2016_098.pdf\">SERCOP-CDI-2016-0098<\/a><\/td>\n<td width=\"131\"><a href=\"https:\/\/portal.compraspublicas.gob.ec\/sercop\/wp-content\/uploads\/2017\/01\/ficha_rural_alejada_tipo_1.pdf\">https:\/\/portal.compraspublicas.gob.ec\/sercop\/wp-content\/uploads\/2017\/01\/ficha_rural_alejada_tipo_1.pdf<\/a><\/td>\n<td width=\"189\"><a href=\"https:\/\/portal.compraspublicas.gob.ec\/sercop\/wp-content\/uploads\/2023\/08\/manifestacio\u0301n_intere\u0301s_Of_2016_098.doc\">manifestaci\u00f3n_inter\u00e9s_Of_2016_0098<\/a><\/td>\n<\/tr>\n<tr>\n<td width=\"69\">7<\/td>\n<td width=\"131\">REPARTO DE FACTURAS DEL SERVICIO DE ELECTRICIDAD<\/td>\n<td width=\"132\">4\/1\/17<\/td>\n<td width=\"120\"><a href=\"https:\/\/portal.compraspublicas.gob.ec\/sercop\/wp-content\/uploads\/2023\/08\/Oficio-Circular-SERCOP_CDI_2017_0001.pdf\">SERCOP-CDI-2017-0001<\/a><\/td>\n<td width=\"131\"><a href=\"https:\/\/portal.compraspublicas.gob.ec\/sercop\/wp-content\/uploads\/2017\/01\/Ficha-T%C3%A9cnica-Reparto-de-Facturas-del-Servicio-de-Electricidad.pdf\">https:\/\/portal.compraspublicas.gob.ec\/sercop\/wp-content\/uploads\/2017\/01\/Ficha-T%C3%A9cnica-Reparto-de-Facturas-del-Servicio-de-Electricidad.pdf<\/a><\/td>\n<td width=\"189\"><a href=\"https:\/\/portal.compraspublicas.gob.ec\/sercop\/wp-content\/uploads\/2023\/08\/manifestacio\u0301n_intere\u0301s_Of_2017_-0001.doc\">manifestaci\u00f3n_inter\u00e9s_Of_2016_0001<\/a><\/td>\n<\/tr>\n<tr>\n<td width=\"69\">8<\/td>\n<td width=\"131\">CORTE Y RECONEXI\u00d3N DEL SERVICIO DE ELECTRICIDAD (2 ACTIVIDADES)<\/td>\n<td width=\"132\">5\/5\/17<\/td>\n<td width=\"120\"><a href=\"https:\/\/portal.compraspublicas.gob.ec\/sercop\/wp-content\/uploads\/2023\/08\/Oficio-Circular-SERCOP_CDI_2017_0074.pdf\">SERCOP-CDI-2017-0074<\/a><\/td>\n<td width=\"131\"><a href=\"https:\/\/portal.compraspublicas.gob.ec\/sercop\/wp-content\/uploads\/2017\/05\/1_corte_y_reconexion_del_servicio_de_electricidad_2_actividades.pdf\">https:\/\/portal.compraspublicas.gob.ec\/sercop\/wp-content\/uploads\/2017\/05\/1_corte_y_reconexion_del_servicio_de_electricidad_2_actividades.pdf<\/a><\/td>\n<td width=\"189\"><a href=\"https:\/\/portal.compraspublicas.gob.ec\/sercop\/wp-content\/uploads\/2023\/08\/manifestacio\u0301n_intere\u0301s_Of_2017_0074.doc\">manifestaci\u00f3n_inter\u00e9s_Of_2016_0074<\/a><\/td>\n<\/tr>\n<tr>\n<td width=\"69\">9<\/td>\n<td width=\"131\">CORTE Y RECONEXI\u00d3N DEL SERVICIO DE ELECTRICIDAD (10 ACTIVIDADES)<\/td>\n<td width=\"132\">5\/5\/17<\/td>\n<td width=\"120\"><a href=\"https:\/\/portal.compraspublicas.gob.ec\/sercop\/wp-content\/uploads\/2023\/08\/Oficio-Circular-SERCOP_CDI_2017_0074.pdf\">SERCOP-CDI-2017-0074<\/a><\/td>\n<td width=\"131\"><a href=\"https:\/\/portal.compraspublicas.gob.ec\/sercop\/wp-content\/uploads\/2024\/05\/corte_reconexion_del_servicio_de_electricidad_10_actividades.pdf\">https:\/\/portal.compraspublicas.gob.ec\/sercop\/wp-content\/uploads\/2024\/05\/corte_reconexion_del_servicio_de_electricidad_10_actividades.pdf<\/a><\/td>\n<td width=\"189\"><a href=\"https:\/\/portal.compraspublicas.gob.ec\/sercop\/wp-content\/uploads\/2023\/08\/manifestacio\u0301n_intere\u0301s_Of_2017_0074.doc\">manifestaci\u00f3n_inter\u00e9s_Of_2016_0074<\/a><\/td>\n<\/tr>\n<tr>\n<td width=\"69\">10<\/td>\n<td width=\"131\">LECTURA DE MEDIDORES DEL SERVICIO DE ELECTRICIDAD 4 ZONAS TIPO I (URBANA, RURAL, RURAL ALEJADA, RURAL FLUVIAL)<\/td>\n<td width=\"132\">5\/5\/17<\/td>\n<td width=\"120\"><a href=\"https:\/\/portal.compraspublicas.gob.ec\/sercop\/wp-content\/uploads\/2023\/08\/Oficio-Circular-SERCOP_CDI_2017_0074.pdf\">SERCOP-CDI-2017-0074<\/a><\/td>\n<td width=\"131\"><a href=\"https:\/\/portal.compraspublicas.gob.ec\/sercop\/wp-content\/uploads\/2017\/05\/7_lectura_de_medidores_del_servicio_de_electricidad_4_zonas_tipo-I.pdf\">https:\/\/portal.compraspublicas.gob.ec\/sercop\/wp-content\/uploads\/2017\/05\/7_lectura_de_medidores_del_servicio_de_electricidad_4_zonas_tipo-I.pdf<\/a><\/td>\n<td width=\"189\"><a href=\"https:\/\/portal.compraspublicas.gob.ec\/sercop\/wp-content\/uploads\/2023\/08\/manifestacio\u0301n_intere\u0301s_Of_2017_0074.doc\">manifestaci\u00f3n_inter\u00e9s_Of_2016_0074<\/a><\/td>\n<\/tr>\n<tr>\n<td width=\"69\">11<\/td>\n<td width=\"131\">LECTURA DE MEDIDORES DEL SERVICIO DE ELECTRICIDAD 4 ZONAS TIPO II (URBANA, RURAL, RURAL ALEJADA, RURAL EXTRA-ALEJADO)<\/td>\n<td width=\"132\">5\/5\/17<\/td>\n<td width=\"120\"><a href=\"https:\/\/portal.compraspublicas.gob.ec\/sercop\/wp-content\/uploads\/2023\/08\/Oficio-Circular-SERCOP_CDI_2017_0074.pdf\">SERCOP-CDI-2017-0074<\/a><\/td>\n<td width=\"131\"><a href=\"https:\/\/portal.compraspublicas.gob.ec\/sercop\/wp-content\/uploads\/2017\/05\/8_lectura_de_medidores_del_servicio_de_electricidad_4_zonas_tipo_II.pdf\">https:\/\/portal.compraspublicas.gob.ec\/sercop\/wp-content\/uploads\/2017\/05\/8_lectura_de_medidores_del_servicio_de_electricidad_4_zonas_tipo_II.pdf<\/a><\/td>\n<td width=\"189\"><a href=\"https:\/\/portal.compraspublicas.gob.ec\/sercop\/wp-content\/uploads\/2023\/08\/manifestacio\u0301n_intere\u0301s_Of_2017_0074.doc\">manifestaci\u00f3n_inter\u00e9s_Of_2016_0074<\/a><\/td>\n<\/tr>\n<tr>\n<td width=\"69\">12<\/td>\n<td width=\"131\">LECTURA DE MEDIDORES DEL SERVICIO DE ELECTRICIDAD ZONA URBANA<\/td>\n<td width=\"132\">5\/5\/17<\/td>\n<td width=\"120\"><a href=\"https:\/\/portal.compraspublicas.gob.ec\/sercop\/wp-content\/uploads\/2023\/08\/Oficio-Circular-SERCOP_CDI_2017_0074.pdf\">SERCOP-CDI-2017-0074<\/a><\/td>\n<td width=\"131\"><a href=\"https:\/\/portal.compraspublicas.gob.ec\/sercop\/wp-content\/uploads\/2017\/05\/6_lectura_de_medidores_del_servicio_de_electricidad_zona_urbana1.pdf\">https:\/\/portal.compraspublicas.gob.ec\/sercop\/wp-content\/uploads\/2017\/05\/6_lectura_de_medidores_del_servicio_de_electricidad_zona_urbana1.pdf<\/a><\/td>\n<td width=\"189\"><a href=\"https:\/\/portal.compraspublicas.gob.ec\/sercop\/wp-content\/uploads\/2023\/08\/manifestacio\u0301n_intere\u0301s_Of_2017_0074.doc\">manifestaci\u00f3n_inter\u00e9s_Of_2016_0074<\/a><\/td>\n<\/tr>\n<tr>\n<td width=\"69\">13<\/td>\n<td width=\"131\">NOTIFICACIONES DEL SERVICIO DE CORTE Y RECONEXI\u00d3N DE ELECTRICIDAD TIPO I<\/td>\n<td width=\"132\">5\/5\/17<\/td>\n<td width=\"120\"><a href=\"https:\/\/portal.compraspublicas.gob.ec\/sercop\/wp-content\/uploads\/2023\/08\/Oficio-Circular-SERCOP_CDI_2017_0074.pdf\">SERCOP-CDI-2017-0074<\/a><\/td>\n<td width=\"131\"><a href=\"https:\/\/portal.compraspublicas.gob.ec\/sercop\/wp-content\/uploads\/2017\/05\/10_notificaciones_del_servicio_de_corte_y_-reconexion_de_electricidad_-tipo_I.pdf\">https:\/\/portal.compraspublicas.gob.ec\/sercop\/wp-content\/uploads\/2017\/05\/10_notificaciones_del_servicio_de_corte_y_-reconexion_de_electricidad_-tipo_I.pdf<\/a><\/td>\n<td width=\"189\"><a href=\"https:\/\/portal.compraspublicas.gob.ec\/sercop\/wp-content\/uploads\/2023\/08\/manifestacio\u0301n_intere\u0301s_Of_2017_0074.doc\">manifestaci\u00f3n_inter\u00e9s_Of_2016_0074<\/a><\/td>\n<\/tr>\n<tr>\n<td width=\"69\">14<\/td>\n<td width=\"131\">NOTIFICACIONES DEL SERVICIO DE CORTE Y RECONEXI\u00d3N DE ELECTRICIDAD TIPO II<\/td>\n<td width=\"132\">5\/5\/17<\/td>\n<td width=\"120\"><a href=\"https:\/\/portal.compraspublicas.gob.ec\/sercop\/wp-content\/uploads\/2023\/08\/Oficio-Circular-SERCOP_CDI_2017_0074.pdf\">SERCOP-CDI-2017-0074<\/a><\/td>\n<td width=\"131\"><a href=\"https:\/\/portal.compraspublicas.gob.ec\/sercop\/wp-content\/uploads\/2017\/05\/11_notificaciones_del_servicio_de_corte_y_-reconexion_de_electricidad_-tipo_II.pdf\">https:\/\/portal.compraspublicas.gob.ec\/sercop\/wp-content\/uploads\/2017\/05\/11_notificaciones_del_servicio_de_corte_y_-reconexion_de_electricidad_-tipo_II.pdf<\/a><\/td>\n<td width=\"189\"><a href=\"https:\/\/portal.compraspublicas.gob.ec\/sercop\/wp-content\/uploads\/2023\/08\/manifestacio\u0301n_intere\u0301s_Of_2017_0074.doc\">manifestaci\u00f3n_inter\u00e9s_Of_2016_0074<\/a><\/td>\n<\/tr>\n<tr>\n<td width=\"69\">15<\/td>\n<td width=\"131\">CORTE Y RECONEXI\u00d3N DEL SERVICIO DE ELECTRICIDAD ZONA ORIENTAL (6 ACTIVIDADES)<\/td>\n<td width=\"132\">5\/5\/17<\/td>\n<td width=\"120\"><a href=\"https:\/\/portal.compraspublicas.gob.ec\/sercop\/wp-content\/uploads\/2023\/08\/Oficio-Circular-SERCOP_CDI_2017_0074.pdf\">SERCOP-CDI-2017-0074<\/a><\/td>\n<td width=\"131\"><a href=\"https:\/\/portal.compraspublicas.gob.ec\/sercop\/wp-content\/uploads\/2017\/05\/4_corte_y_reconexion_del_servicio_de_electricidad_zona_oriental_6_actividades.pdf\">https:\/\/portal.compraspublicas.gob.ec\/sercop\/wp-content\/uploads\/2017\/05\/4_corte_y_reconexion_del_servicio_de_electricidad_zona_oriental_6_actividades.pdf<\/a><\/td>\n<td width=\"189\"><a href=\"https:\/\/portal.compraspublicas.gob.ec\/sercop\/wp-content\/uploads\/2023\/08\/manifestacio\u0301n_intere\u0301s_Of_2017_0074.doc\">manifestaci\u00f3n_inter\u00e9s_Of_2016_0074<\/a><\/td>\n<\/tr>\n<tr>\n<td width=\"69\">16<\/td>\n<td width=\"131\">REPARTO DE FACTURAS DEL SERVICIO DE ELECTRICIDAD 4 ZONAS (URBANA, RURAL, RURAL ALEJADA, RURAL FLUVIAL)<\/td>\n<td width=\"132\">5\/5\/17<\/td>\n<td width=\"120\"><a href=\"https:\/\/portal.compraspublicas.gob.ec\/sercop\/wp-content\/uploads\/2023\/08\/Oficio-Circular-SERCOP_CDI_2017_0074.pdf\">SERCOP-CDI-2017-0074<\/a><\/td>\n<td width=\"131\"><a href=\"https:\/\/portal.compraspublicas.gob.ec\/sercop\/wp-content\/uploads\/2017\/05\/9_reparto_de_facturas_del_servicio_de_electricidad_4_zonas.pdf\">https:\/\/portal.compraspublicas.gob.ec\/sercop\/wp-content\/uploads\/2017\/05\/9_reparto_de_facturas_del_servicio_de_electricidad_4_zonas.pdf<\/a><\/td>\n<td width=\"189\"><a href=\"https:\/\/portal.compraspublicas.gob.ec\/sercop\/wp-content\/uploads\/2023\/08\/manifestacio\u0301n_intere\u0301s_Of_2017_0074.doc\">manifestaci\u00f3n_inter\u00e9s_Of_2016_0074<\/a><\/td>\n<\/tr>\n<tr>\n<td width=\"69\">17<\/td>\n<td width=\"131\">CORTE Y RECONEXI\u00d3N DEL SERVICIO DE ELECTRICIDAD ZONA RURAL (10 ACTIVIDADES)<\/td>\n<td width=\"132\">5\/5\/17<\/td>\n<td width=\"120\"><a href=\"https:\/\/portal.compraspublicas.gob.ec\/sercop\/wp-content\/uploads\/2023\/08\/Oficio-Circular-SERCOP_CDI_2017_0074.pdf\">SERCOP-CDI-2017-0074<\/a><\/td>\n<td width=\"131\"><a href=\"https:\/\/portal.compraspublicas.gob.ec\/sercop\/wp-content\/uploads\/2018\/10\/corte_y_reconexion_del_servicio_de_electricidad_zona_rural_10_actividades.pdf\">https:\/\/portal.compraspublicas.gob.ec\/sercop\/wp-content\/uploads\/2018\/10\/corte_y_reconexion_del_servicio_de_electricidad_zona_rural_10_actividades.pdf<\/a><\/td>\n<td width=\"189\"><a href=\"https:\/\/portal.compraspublicas.gob.ec\/sercop\/wp-content\/uploads\/2023\/08\/manifestacio\u0301n_intere\u0301s_Of_2017_0074.doc\">manifestaci\u00f3n_inter\u00e9s_Of_2016_0074<\/a><\/td>\n<\/tr>\n<tr>\n<td width=\"69\">18<\/td>\n<td width=\"131\">CORTE Y RECONEXION DEL SERVICIO DE ELECTRICIDAD ZONA URBANA 6 ACTIVIDADES<\/td>\n<td width=\"132\">5\/5\/17<\/td>\n<td width=\"120\"><a href=\"https:\/\/portal.compraspublicas.gob.ec\/sercop\/wp-content\/uploads\/2023\/08\/Oficio-Circular-SERCOP_CDI_2017_0074.pdf\">SERCOP-CDI-2017-0074<\/a><\/td>\n<td width=\"131\"><a href=\"https:\/\/portal.compraspublicas.gob.ec\/sercop\/wp-content\/uploads\/2017\/05\/5_corte_y_reconexion_del_servicio_de_electricidad_zona_urbana_6_actividades.pdf\">https:\/\/portal.compraspublicas.gob.ec\/sercop\/wp-content\/uploads\/2017\/05\/5_corte_y_reconexion_del_servicio_de_electricidad_zona_urbana_6_actividades.pdf<\/a><\/td>\n<td width=\"189\"><a href=\"https:\/\/portal.compraspublicas.gob.ec\/sercop\/wp-content\/uploads\/2023\/08\/manifestacio\u0301n_intere\u0301s_Of_2017_0074.doc\">manifestaci\u00f3n_inter\u00e9s_Of_2016_0074<\/a><\/td>\n<\/tr>\n<tr>\n<td width=\"69\">19<\/td>\n<td width=\"131\">CAPACIDAD DE PRESTACI\u00d3N DEL SERVICIO DE NOTIFICACIONES<\/td>\n<td width=\"132\">30\/6\/16<\/td>\n<td width=\"120\"><a href=\"https:\/\/portal.compraspublicas.gob.ec\/sercop\/wp-content\/uploads\/2023\/08\/Oficio-Circular-SERCOP_CDI_2016_0050.pdf\">SERCOP-CDI-2016-0050<\/a><\/td>\n<td width=\"131\"><\/td>\n<td width=\"189\"><a href=\"https:\/\/portal.compraspublicas.gob.ec\/sercop\/wp-content\/uploads\/2023\/08\/manifestacio\u0301n_intere\u0301s_Of_2016_0050.docx\">manifestaci\u00f3n_inter\u00e9s_Of_2016_0050<\/a><\/td>\n<\/tr>\n<tr>\n<td width=\"69\">20<\/td>\n<td width=\"131\">DOCUMENTOS ADICIONALES REPARTO DE FACTURAS<\/td>\n<td width=\"132\">4\/1\/17<\/td>\n<td width=\"120\"><a href=\"https:\/\/portal.compraspublicas.gob.ec\/sercop\/wp-content\/uploads\/2023\/08\/Oficio-Circular-SERCOP_CDI_2017_0001.pdf\">SERCOP-CDI-2017-0001<\/a><\/td>\n<td width=\"131\"><\/td>\n<td width=\"189\"><a href=\"https:\/\/portal.compraspublicas.gob.ec\/sercop\/wp-content\/uploads\/2023\/08\/manifestacio\u0301n_intere\u0301s_Of_2017_-0001.doc\">manifestaci\u00f3n_inter\u00e9s_Of_2016_0001<\/a><\/td>\n<\/tr>\n<\/tbody>\n<\/table>\n","protected":false},"excerpt":{"rendered":"<p class=\"excerpt\">Si\u00a0 te interesa participar en los Cat\u00e1logos Inclusivos del Servicio Nacional de Contrataci\u00f3n P\u00fablica revisa los requisitos de participaci\u00f3n para los productos lanzados mediante nuevas Ferias Inclusivas o mediante Adhesi\u00f3n de Productos. PARA NUEVOS PROVEEDORES Lee y analiza el pliego detenidamente del proceso de catalogaci\u00f3n. Llena los formularios y requisitos de equipamiento y herramientas por producto que se solicitan en&hellip; <a href=\"https:\/\/portal.compraspublicas.gob.ec\/sercop\/medicion-y-control-incorporacion-productos\/\">Read more &rarr;<\/a><\/p>\n","protected":false},"author":1,"featured_media":0,"parent":0,"menu_order":0,"comment_status":"closed","ping_status":"closed","template":"menugenerico.php","meta":[],"_links":{"self":[{"href":"https:\/\/portal.compraspublicas.gob.ec\/sercop\/wp-json\/wp\/v2\/pages\/18391"}],"collection":[{"href":"https:\/\/portal.compraspublicas.gob.ec\/sercop\/wp-json\/wp\/v2\/pages"}],"about":[{"href":"https:\/\/portal.compraspublicas.gob.ec\/sercop\/wp-json\/wp\/v2\/types\/page"}],"author":[{"embeddable":true,"href":"https:\/\/portal.compraspublicas.gob.ec\/sercop\/wp-json\/wp\/v2\/users\/1"}],"replies":[{"embeddable":true,"href":"https:\/\/portal.compraspublicas.gob.ec\/sercop\/wp-json\/wp\/v2\/comments?post=18391"}],"version-history":[{"count":24,"href":"https:\/\/portal.compraspublicas.gob.ec\/sercop\/wp-json\/wp\/v2\/pages\/18391\/revisions"}],"predecessor-version":[{"id":63689,"href":"https:\/\/portal.compraspublicas.gob.ec\/sercop\/wp-json\/wp\/v2\/pages\/18391\/revisions\/63689"}],"wp:attachment":[{"href":"https:\/\/portal.compraspublicas.gob.ec\/sercop\/wp-json\/wp\/v2\/media?parent=18391"}],"curies":[{"name":"wp","href":"https:\/\/api.w.org\/{rel}","templated":true}]}}