{"id":18415,"date":"2017-01-12T10:16:09","date_gmt":"2017-01-12T15:16:09","guid":{"rendered":"http:\/\/portal.compraspublicas.gob.ec\/sercop\/?page_id=18415"},"modified":"2024-07-11T15:13:11","modified_gmt":"2024-07-11T20:13:11","slug":"bienes-de-la-construccion-feria-inclusiva","status":"publish","type":"page","link":"https:\/\/portal.compraspublicas.gob.ec\/sercop\/bienes-de-la-construccion-feria-inclusiva\/","title":{"rendered":"Bienes de la construcci\u00f3n &#8211; Feria Inclusiva"},"content":{"rendered":"<p>Si\u00a0 te interesa participar en los Cat\u00e1logos Inclusivos del Servicio Nacional de Contrataci\u00f3n P\u00fablica revisa los requisitos de participaci\u00f3n para los productos lanzados mediante nuevas Ferias Inclusivas o mediante Adhesi\u00f3n de Productos.<\/p>\n<p><strong>PARA NUEVOS PROVEEDORES<\/strong><\/p>\n<ol>\n<li>Lee y analiza el <span style=\"color: #0000ff;\"><a style=\"color: #0000ff;\" href=\"https:\/\/portal.compraspublicas.gob.ec\/sercop\/wp-content\/uploads\/2020\/02\/pliego_cdi-sercop-012-2016.pdf\">pliego <\/a><\/span>detenidamente del proceso de catalogaci\u00f3n.<\/li>\n<li>Llena los <span style=\"color: #0000ff;\"><a style=\"color: #0000ff;\" href=\"https:\/\/portal.compraspublicas.gob.ec\/sercop\/wp-content\/uploads\/2017\/01\/formularios_construccion.docx\">formularios <\/a><\/span>y requisitos de equipamiento y herramientas por producto que se solicitan en los pliegos. Recuerda que los formularios y los requisitos deben estar sumillados y numerados.<\/li>\n<\/ol>\n<p><strong>PARA PROVEEDORES CATALOGADOS<\/strong><\/p>\n<p>Deber\u00e1n presentar la manifestaci\u00f3n de inter\u00e9s del producto en el que le interese participar. As\u00ed como la documentaci\u00f3n y requisitos establecidos en las fichas t\u00e9cnicas, las cuales deber\u00e1n estar con las respectivas sumillas.<\/p>\n<p><strong><u>CONSIDERACIONES:<\/u><\/strong><\/p>\n<ul>\n<li>La oferta o manifestaci\u00f3n de inter\u00e9s obligatoriamente deber\u00e1 ser firmada electr\u00f3nicamente por el representante legal, apoderado, persona natural o procurador com\u00fan, con sus respectivos anexos o documentaci\u00f3n de respaldo seg\u00fan el caso.<\/li>\n<li>Finalmente, la oferta o manifestaci\u00f3n de inter\u00e9s deber\u00e1 ser enviada al correo electr\u00f3nico <strong>ofertascatalogo@sercop.gob.ec<\/strong>, de ser el caso, si el tama\u00f1o del o los archivos no le permita remitir la oferta por correo electr\u00f3nico, el oferente podr\u00e1 usar un servicio web de alojamiento de archivos, y deber\u00e1 enviar el link, mismo que debe ser de acceso p\u00fablico sin clave y sin fecha de caducidad.<\/li>\n<\/ul>\n<p>&nbsp;<\/p>\n<table style=\"height: 416px;\" width=\"635\">\n<tbody>\n<tr>\n<td width=\"367\"><strong>NOMBRE DEL PRODUCTO<\/strong><\/td>\n<td width=\"171\"><strong>FECHA DE PUBLICACI\u00d3N\u00a0<\/strong><\/td>\n<td width=\"124\"><strong>ACTUALIZACIONES<\/strong><\/td>\n<\/tr>\n<tr>\n<td width=\"367\"><span style=\"color: #0000ff;\"><a style=\"color: #0000ff;\" href=\"https:\/\/portal.compraspublicas.gob.ec\/sercop\/wp-content\/uploads\/2017\/01\/adoquin_hexagonal_concretofc350kgcm2resistencia.pdf\">Adoqu\u00edn hexagonal de concreto fc350kgcm2 de resistencia<\/a><\/span><\/td>\n<td width=\"171\">22\/09\/2016<\/td>\n<td><span style=\"color: #0000ff;\"><a style=\"color: #0000ff;\" href=\"https:\/\/portal.compraspublicas.gob.ec\/sercop\/wp-content\/uploads\/2017\/02\/actualizacion_cdi_2016_0113_adoquines.pdf\">\u00a0CDI-SERCOP-2016-0113<\/a><\/span><\/td>\n<\/tr>\n<tr>\n<td width=\"367\"><span style=\"color: #0000ff;\"><a style=\"color: #0000ff;\" href=\"https:\/\/portal.compraspublicas.gob.ec\/sercop\/wp-content\/uploads\/2017\/01\/adoquin_hexagonal_concretofc400kgcm2_resistencia.pdf\">Adoqu\u00edn hexagonal de concreto fc400kgcm2 de resistencia<\/a><\/span><\/td>\n<td width=\"171\">22\/09\/2016<\/td>\n<td><span style=\"color: #0000ff;\">\u00a0<a style=\"color: #0000ff;\" href=\"https:\/\/portal.compraspublicas.gob.ec\/sercop\/wp-content\/uploads\/2017\/02\/actualizacion_cdi_2016_0113_adoquines.pdf\">\u00a0CDI-SERCOP-2016-0113<\/a><\/span><\/td>\n<\/tr>\n<tr>\n<td width=\"367\"><span style=\"color: #0000ff;\"><a style=\"color: #0000ff;\" href=\"https:\/\/portal.compraspublicas.gob.ec\/sercop\/wp-content\/uploads\/2017\/01\/bloque_hueco_hormigon_40x20x10.pdf\">Bloque hueco de hormig\u00f3n 40x20x10<\/a><\/span><\/td>\n<td width=\"171\">22\/09\/2016<\/td>\n<td><\/td>\n<\/tr>\n<tr>\n<td width=\"367\"><span style=\"color: #0000ff;\"><a style=\"color: #0000ff;\" href=\"https:\/\/portal.compraspublicas.gob.ec\/sercop\/wp-content\/uploads\/2017\/01\/bloque_hueco_hormigon_40x20x10envio_en_palet.pdf\">Bloque hueco de hormig\u00f3n 40x20x10 envi\u00f3 en palet<\/a><\/span><\/td>\n<td width=\"171\">22\/09\/2016<\/td>\n<td><\/td>\n<\/tr>\n<tr>\n<td width=\"367\"><span style=\"color: #0000ff;\"><a style=\"color: #0000ff;\" href=\"https:\/\/portal.compraspublicas.gob.ec\/sercop\/wp-content\/uploads\/2017\/01\/bloque_hueco_hormigon_40x20x15.pdf\">Bloque hueco de hormig\u00f3n 40x20x15<\/a><\/span><\/td>\n<td width=\"171\">22\/09\/2016<\/td>\n<td><\/td>\n<\/tr>\n<tr>\n<td width=\"367\"><span style=\"color: #0000ff;\"><a style=\"color: #0000ff;\" href=\"https:\/\/portal.compraspublicas.gob.ec\/sercop\/wp-content\/uploads\/2017\/01\/bloque_hueco_hormigon_40x20x15envio_en_palet.pdf\">Bloque hueco de hormig\u00f3n 40x20x15 envi\u00f3 en palet<\/a><\/span><\/td>\n<td width=\"171\">22\/09\/2016<\/td>\n<td><\/td>\n<\/tr>\n<tr>\n<td width=\"367\"><span style=\"color: #0000ff;\"><a style=\"color: #0000ff;\" href=\"https:\/\/portal.compraspublicas.gob.ec\/sercop\/wp-content\/uploads\/2017\/01\/bloque_hueco_hormigon_40x20x20.pdf\">Bloque hueco de hormig\u00f3n 40x20x20<\/a><\/span><\/td>\n<td width=\"171\">22\/09\/2016<\/td>\n<td><\/td>\n<\/tr>\n<tr>\n<td width=\"367\"><span style=\"color: #0000ff;\"><a style=\"color: #0000ff;\" href=\"https:\/\/portal.compraspublicas.gob.ec\/sercop\/wp-content\/uploads\/2017\/01\/bloque_hueco_hormigon_40x20x20envio_en_palet.pdf\">Bloque hueco de hormig\u00f3n 40x20x20 envi\u00f3 en palet<\/a><\/span><\/td>\n<td width=\"171\">22\/09\/2016<\/td>\n<td><\/td>\n<\/tr>\n<\/tbody>\n<\/table>\n","protected":false},"excerpt":{"rendered":"<p class=\"excerpt\">Si\u00a0 te interesa participar en los Cat\u00e1logos Inclusivos del Servicio Nacional de Contrataci\u00f3n P\u00fablica revisa los requisitos de participaci\u00f3n para los productos lanzados mediante nuevas Ferias Inclusivas o mediante Adhesi\u00f3n de Productos. PARA NUEVOS PROVEEDORES Lee y analiza el pliego detenidamente del proceso de catalogaci\u00f3n. Llena los formularios y requisitos de equipamiento y herramientas por producto que se solicitan en&hellip; <a href=\"https:\/\/portal.compraspublicas.gob.ec\/sercop\/bienes-de-la-construccion-feria-inclusiva\/\">Read more &rarr;<\/a><\/p>\n","protected":false},"author":1,"featured_media":0,"parent":0,"menu_order":0,"comment_status":"closed","ping_status":"closed","template":"menugenerico.php","meta":[],"_links":{"self":[{"href":"https:\/\/portal.compraspublicas.gob.ec\/sercop\/wp-json\/wp\/v2\/pages\/18415"}],"collection":[{"href":"https:\/\/portal.compraspublicas.gob.ec\/sercop\/wp-json\/wp\/v2\/pages"}],"about":[{"href":"https:\/\/portal.compraspublicas.gob.ec\/sercop\/wp-json\/wp\/v2\/types\/page"}],"author":[{"embeddable":true,"href":"https:\/\/portal.compraspublicas.gob.ec\/sercop\/wp-json\/wp\/v2\/users\/1"}],"replies":[{"embeddable":true,"href":"https:\/\/portal.compraspublicas.gob.ec\/sercop\/wp-json\/wp\/v2\/comments?post=18415"}],"version-history":[{"count":4,"href":"https:\/\/portal.compraspublicas.gob.ec\/sercop\/wp-json\/wp\/v2\/pages\/18415\/revisions"}],"predecessor-version":[{"id":59040,"href":"https:\/\/portal.compraspublicas.gob.ec\/sercop\/wp-json\/wp\/v2\/pages\/18415\/revisions\/59040"}],"wp:attachment":[{"href":"https:\/\/portal.compraspublicas.gob.ec\/sercop\/wp-json\/wp\/v2\/media?parent=18415"}],"curies":[{"name":"wp","href":"https:\/\/api.w.org\/{rel}","templated":true}]}}