{"id":18460,"date":"2017-01-13T09:06:04","date_gmt":"2017-01-13T14:06:04","guid":{"rendered":"http:\/\/portal.compraspublicas.gob.ec\/sercop\/?page_id=18460"},"modified":"2024-11-28T15:02:46","modified_gmt":"2024-11-28T20:02:46","slug":"adquisicion-de-animales-feria-inclusiva","status":"publish","type":"page","link":"https:\/\/portal.compraspublicas.gob.ec\/sercop\/adquisicion-de-animales-feria-inclusiva\/","title":{"rendered":"Ganado de Leche &#8211; Feria Inclusiva"},"content":{"rendered":"<p><a style=\"display:flex\" href=\"https:\/\/portal.compraspublicas.gob.ec\/sercop\/wp-content\/uploads\/2017\/01\/cows-grazing-w.jpg\"><img loading=\"lazy\" class=\"aligncenter size-full wp-image-28897\" src=\"https:\/\/portal.compraspublicas.gob.ec\/sercop\/wp-content\/uploads\/2017\/01\/cows-grazing-w.jpg\" alt=\"cows-grazing-w\" width=\"701\" height=\"314\" srcset=\"https:\/\/portal.compraspublicas.gob.ec\/sercop\/wp-content\/uploads\/2017\/01\/cows-grazing-w.jpg 701w, https:\/\/portal.compraspublicas.gob.ec\/sercop\/wp-content\/uploads\/2017\/01\/cows-grazing-w-300x134.jpg 300w\" sizes=\"(max-width: 701px) 100vw, 701px\" \/><\/a><br \/>\n<!--\nSi\u00a0 te interesa participar en los Cat\u00e1logos Inclusivos del Servicio Nacional de Contrataci\u00f3n P\u00fablica revisa los requisitos de participaci\u00f3n para los productos lanzados mediante nuevas Ferias Inclusivas o mediante Adhesi\u00f3n de Productos.\n\n<strong>PARA NUEVOS PROVEEDORES<\/strong>\n\n\n<ol>\n \t\n\n<li>Lee y analiza el <span style=\"color: #0000ff;\"><a style=\"color: #0000ff;\" href=\"https:\/\/portal.compraspublicas.gob.ec\/sercop\/wp-content\/uploads\/2017\/01\/PLIEGO_provision_de_animales.pdf\">pliego <\/a><\/span>detenidamente del proceso de catalogaci\u00f3n.<\/li>\n\n\n \t\n\n<li>Llena los <span style=\"color: #0000ff;\"><a style=\"color: #0000ff;\" href=\"https:\/\/portal.compraspublicas.gob.ec\/sercop\/wp-content\/uploads\/2017\/01\/formulario_animales.docx\">formularios <\/a><\/span>y requisitos de equipamiento y herramientas por producto que se solicitan en los pliegos. Recuerda que los formularios y los requisitos deben estar sumillados y numerados.<\/li>\n\n\n \t\n\n<li>Elaborar un oficio dirigido a la Direcci\u00f3n General del SERCOP, solicitando tu incorporaci\u00f3n al Cat\u00e1logo Din\u00e1mico Inclusivo<em><u>(<span style=\"color: #0000ff;\"><a style=\"color: #0000ff;\" href=\"https:\/\/portal.compraspublicas.gob.ec\/sercop\/wp-content\/uploads\/2017\/10\/modelo-de-oficio.doc\">Descarga modelo de oficio<\/a><\/span>)<\/u><\/em><u>.<\/u><\/li>\n\n\n<\/ol>\n\n\n<strong>PARA PROVEEDORES CATALOGADOS<\/strong>\n\nDeber\u00e1n presentar la manifestaci\u00f3n de inter\u00e9s del producto en el que le interese participar. As\u00ed como la adenda al acuerdo de compromiso <em><u>(<span style=\"color: #0000ff;\"><a style=\"color: #0000ff;\" href=\"https:\/\/portal.compraspublicas.gob.ec\/sercop\/wp-content\/uploads\/2017\/01\/ADENDA.docx\">Descarga modelo de Acuerdo<\/a><\/span>), <\/u><\/em>as\u00ed mismo la documentaci\u00f3n y requisitos establecidos en las fichas t\u00e9cnicas, las cuales deber\u00e1n estar con las respectivas sumillas.<em><u>\n<\/u><\/em>\n\nEntrega los documentos en un sobre cerrado en la ventanilla del SERCOP m\u00e1s cercana. <span style=\"color: #0000ff;\"><a style=\"color: #0000ff;\" href=\"https:\/\/portal.compraspublicas.gob.ec\/sercop\/contacto\/\"><em>Conoce d\u00f3nde estamos ubicados.<\/em><\/a><\/span>\n-->Los productos de este cat\u00e1logo, han sido excluidos mediante <span style=\"color: #0000ff;\"><a style=\"color: #0000ff;\" href=\"https:\/\/portal.compraspublicas.gob.ec\/sercop\/wp-content\/uploads\/2019\/02\/ra-ctdc-sercop-2019-005707129580015500032902.pdf\">Resoluci\u00f3n administrativa RA-CTDC-SERCOP-2019-0057<\/a><\/span>.<\/p>\n<p><!--\n\n\n<table style=\"height: 218px;\" width=\"657\">\n\n\n<tbody>\n\n\n<tr>\n\n\n<td width=\"599\"><strong>NOMBRE DEL PRODUCTO<\/strong><\/td>\n\n\n\n\n<td width=\"122\"><strong>FECHA DE PUBLICACI\u00d3N\u00a0<\/strong><\/td>\n\n\n<\/tr>\n\n\n\n\n<tr>\n\n\n<td width=\"599\"><span style=\"color: #0000ff;\"><a style=\"color: #0000ff;\" href=\"https:\/\/portal.compraspublicas.gob.ec\/sercop\/wp-content\/uploads\/2017\/01\/Holstein_MEDIA_F1_ACLARATORIA.pdf\">Vacona mestiza, media (9-12 meses - 0.3 UBA) con cruce F1 (50 % de Pureza) de la raza Holstein Friesian.<\/a><\/span><\/td>\n\n\n\n\n<td style=\"text-align: center;\" width=\"122\">05\/12\/2016<\/td>\n\n\n<\/tr>\n\n\n\n\n<tr>\n\n\n<td width=\"599\"><span style=\"color: #0000ff;\"><a style=\"color: #0000ff;\" href=\"https:\/\/portal.compraspublicas.gob.ec\/sercop\/wp-content\/uploads\/2017\/01\/Holstein_FIERRO_F1_ACLARATORIA.pdf\">Vacona mestiza, fierro (13-16 meses - 0.5 UBA) con cruce F1 (50 % de Pureza) de la raza Holstein Friesian.<\/a><\/span><\/td>\n\n\n\n\n<td style=\"text-align: center;\" width=\"122\">05\/12\/2016<\/td>\n\n\n<\/tr>\n\n\n\n\n<tr>\n\n\n<td width=\"599\"><span style=\"color: #0000ff;\"><a style=\"color: #0000ff;\" href=\"https:\/\/portal.compraspublicas.gob.ec\/sercop\/wp-content\/uploads\/2017\/01\/Holstein_VIENTRE_F1_ACLARATORIA.pdf\">Vacona mestiza,vientre (mayor a16 meses - 0.7 UBA) con cruce F1 (50 % de Pureza) de la raza Holstein Friesian.<\/a><\/span><\/td>\n\n\n\n\n<td style=\"text-align: center;\" width=\"122\">05\/12\/2016<\/td>\n\n\n<\/tr>\n\n\n<\/tbody>\n\n\n<\/table>\n\n\n--><\/p>\n","protected":false},"excerpt":{"rendered":"<p class=\"excerpt\">Los productos de este cat\u00e1logo, han sido excluidos mediante Resoluci\u00f3n administrativa RA-CTDC-SERCOP-2019-0057. <a href=\"https:\/\/portal.compraspublicas.gob.ec\/sercop\/adquisicion-de-animales-feria-inclusiva\/\">Read more &rarr;<\/a><\/p>\n","protected":false},"author":1,"featured_media":0,"parent":0,"menu_order":0,"comment_status":"closed","ping_status":"closed","template":"menugenerico.php","meta":[],"_links":{"self":[{"href":"https:\/\/portal.compraspublicas.gob.ec\/sercop\/wp-json\/wp\/v2\/pages\/18460"}],"collection":[{"href":"https:\/\/portal.compraspublicas.gob.ec\/sercop\/wp-json\/wp\/v2\/pages"}],"about":[{"href":"https:\/\/portal.compraspublicas.gob.ec\/sercop\/wp-json\/wp\/v2\/types\/page"}],"author":[{"embeddable":true,"href":"https:\/\/portal.compraspublicas.gob.ec\/sercop\/wp-json\/wp\/v2\/users\/1"}],"replies":[{"embeddable":true,"href":"https:\/\/portal.compraspublicas.gob.ec\/sercop\/wp-json\/wp\/v2\/comments?post=18460"}],"version-history":[{"count":7,"href":"https:\/\/portal.compraspublicas.gob.ec\/sercop\/wp-json\/wp\/v2\/pages\/18460\/revisions"}],"predecessor-version":[{"id":60414,"href":"https:\/\/portal.compraspublicas.gob.ec\/sercop\/wp-json\/wp\/v2\/pages\/18460\/revisions\/60414"}],"wp:attachment":[{"href":"https:\/\/portal.compraspublicas.gob.ec\/sercop\/wp-json\/wp\/v2\/media?parent=18460"}],"curies":[{"name":"wp","href":"https:\/\/api.w.org\/{rel}","templated":true}]}}