{"id":18517,"date":"2017-01-13T10:25:48","date_gmt":"2017-01-13T15:25:48","guid":{"rendered":"http:\/\/portal.compraspublicas.gob.ec\/sercop\/?page_id=18517"},"modified":"2024-11-28T16:29:05","modified_gmt":"2024-11-28T21:29:05","slug":"servicios-de-construccion-incorporacion-productos","status":"publish","type":"page","link":"https:\/\/portal.compraspublicas.gob.ec\/sercop\/servicios-de-construccion-incorporacion-productos\/","title":{"rendered":"Servicios de Construcci\u00f3n &#8211; Incorporaci\u00f3n Productos"},"content":{"rendered":"<p style=\"display:flex\"><img loading=\"lazy\" class=\"aligncenter\" src=\"https:\/\/portal.compraspublicas.gob.ec\/sercop\/wp-content\/uploads\/2016\/11\/catalogos_adoquinado-cunetas.jpg\" alt=\"\" width=\"722\" height=\"244\" \/><\/p>\n<p style=\"text-align: center;\"><span style=\"color: #0000ff;\"><a style=\"color: #0000ff;\" href=\"https:\/\/portal.compraspublicas.gob.ec\/sercop\/wp-content\/uploads\/2017\/05\/oficio_circular_sercop_cdi_2017_080.pdf\"><span style=\"text-decoration: underline;\"><span style=\"font-size: 18px;\"><strong>Suspensi\u00f3n\u00a0 del cat\u00e1logo <\/strong><\/span><\/span><\/a><\/span><\/p>\n<p>Si\u00a0 te interesa participar en los Cat\u00e1logos Inclusivos del Servicio Nacional de Contrataci\u00f3n P\u00fablica revisa los requisitos de participaci\u00f3n para los productos lanzados mediante nuevas Ferias Inclusivas o mediante Adhesi\u00f3n de Productos.<\/p>\n<p><strong>PARA NUEVOS PROVEEDORES<\/strong><\/p>\n<ol>\n<li>Lee y analiza el <span style=\"color: #0000ff;\"><a style=\"color: #0000ff;\" href=\"https:\/\/portal.compraspublicas.gob.ec\/sercop\/wp-content\/uploads\/2017\/01\/pliego_servicios_de_construccion.pdf\">pliego <\/a><\/span>detenidamente del proceso de catalogaci\u00f3n.<\/li>\n<li>Llena los <span style=\"color: #0000ff;\"><a style=\"color: #0000ff;\" href=\"https:\/\/portal.compraspublicas.gob.ec\/sercop\/wp-content\/uploads\/2017\/01\/formularios_servicios_construccion.doc\">formularios <\/a><\/span>y requisitos de equipamiento y herramientas por producto que se solicitan en los pliegos. Recuerda que los formularios y los requisitos deben estar sumillados y numerados.<\/li>\n<li>Elaborar un oficio dirigido a la Direcci\u00f3n General del SERCOP, solicitando tu incorporaci\u00f3n al Cat\u00e1logo Din\u00e1mico Inclusivo<em><u>(<span style=\"color: #0000ff;\"><a style=\"color: #0000ff;\" href=\"https:\/\/portal.compraspublicas.gob.ec\/sercop\/wp-content\/uploads\/2017\/10\/modelo-de-oficio.doc\">Descarga modelo de oficio<\/a><\/span>)<\/u><\/em><u>.<\/u><\/li>\n<\/ol>\n<p><strong>PARA PROVEEDORES CATALOGADOS<\/strong><\/p>\n<p>Deber\u00e1n presentar la manifestaci\u00f3n de inter\u00e9s del producto en el que le interese participar. As\u00ed como la documentaci\u00f3n y requisitos establecidos en las fichas t\u00e9cnicas, las cuales deber\u00e1n estar con las respectivas sumillas.<\/p>\n<p>Entrega los documentos en un sobre cerrado en la ventanilla del SERCOP m\u00e1s cercana. <span style=\"color: #0000ff;\"><a style=\"color: #0000ff;\" href=\"https:\/\/portal.compraspublicas.gob.ec\/sercop\/contacto\/\"><em>Conoce d\u00f3nde estamos ubicados<\/em><\/a><\/span><\/p>\n<p>&nbsp;<\/p>\n<p><a href=\"https:\/\/portal.compraspublicas.gob.ec\/sercop\/wp-content\/uploads\/2019\/04\/ra-ctdc-sercop-2019-0175.pdf\">Administrativa Nro. RA-CTDC-SERCOP-2019-0175<\/a><\/p>\n<p>&nbsp;<\/p>\n<table width=\"796\">\n<tbody>\n<tr>\n<td width=\"384\"><strong>NOMBRE DE PRODUCTO<\/strong><\/td>\n<td width=\"152\"><strong>OFICIO CIRCULAR<\/strong><\/td>\n<td width=\"130\"><strong>DOCUMENTOS\u00a0<\/strong><\/td>\n<td width=\"130\"><strong>ACTUALIZACIONES<\/strong><\/td>\n<\/tr>\n<p><!--\n\n\n<tr>\n\n\n<td><span style=\"color: #0000ff;\"><a style=\"color: #0000ff;\" href=\"https:\/\/portal.compraspublicas.gob.ec\/sercop\/wp-content\/uploads\/2017\/03\/12.pdf\">Servicio de construcci\u00f3n de acera (h\u00b0 s\u00b0 f\u2019c=180kg\/cm2) y bordillo (h\u00b0 s\u00b0 f\u2019c=210kg\/cm2) y conexi\u00f3n\/ reconexi\u00f3n de acometidas de agua potable<\/a><\/span><\/td>\n\n\n\n\n<td width=\"152\"><span style=\"color: #0000ff;\"><a style=\"color: #0000ff;\" href=\"https:\/\/portal.compraspublicas.gob.ec\/sercop\/wp-content\/uploads\/2017\/03\/sercop_cdi_2017_016.pdf\">SERCOP-CDI-2017-016<\/a><\/span><\/td>\n\n\n\n\n<td width=\"130\"><span style=\"color: #0000ff;\"><a style=\"color: #0000ff;\" href=\"https:\/\/portal.compraspublicas.gob.ec\/sercop\/wp-content\/uploads\/2017\/03\/manifestacion_de_interes1.doc\">Manifestaci\u00f3n de Inter\u00e9s<\/a><\/span><\/td>\n\n\n\n\n<td width=\"130\">\u00a0<span style=\"color: #0000ff;\"><a style=\"color: #0000ff;\" href=\"https:\/\/portal.compraspublicas.gob.ec\/sercop\/wp-content\/uploads\/2017\/03\/oficio_circular_sercop_cdi_2017_028.pdf\">SERCOP-CDI-2017-028<\/a><\/span><\/td>\n\n\n<\/tr>\n\n\n--><!--\n\n\n<tr>\n\n\n<td><span style=\"color: #0000ff;\"><a style=\"color: #0000ff;\" href=\"https:\/\/portal.compraspublicas.gob.ec\/sercop\/wp-content\/uploads\/2017\/02\/ficha_aceras_bordillos_sin_sumillas.pdf\">Servicio de construcci\u00f3n de acera (H\u00b0 S\u00b0 f\u2019c=180kg\/cm2) y bordillo (H\u00b0 S\u00b0 f\u2019c=180kg\/cm2)<\/a><\/span><\/td>\n\n\n\n\n<td width=\"152\"><span style=\"color: #0000ff;\"><a style=\"color: #0000ff;\" href=\"https:\/\/portal.compraspublicas.gob.ec\/sercop\/wp-content\/uploads\/2017\/02\/oficio_circular_sin_sumillas.pdf\">SERCOP-CDI-2017-013<\/a><\/span><\/td>\n\n\n\n\n<td width=\"130\"><span style=\"color: #0000ff;\"><a style=\"color: #0000ff;\" href=\"https:\/\/portal.compraspublicas.gob.ec\/sercop\/wp-content\/uploads\/2017\/02\/manifestacion_de_interes_aceras_bordillos.doc\">Manifestaci\u00f3n de Inter\u00e9s<\/a><\/span><\/td>\n\n\n\n\n<td width=\"130\">\u00a0<span style=\"color: #0000ff;\"><a style=\"color: #0000ff;\" href=\"https:\/\/portal.compraspublicas.gob.ec\/sercop\/wp-content\/uploads\/2017\/03\/oficio_circular_sercop_cdi_2017_028.pdf\">SERCOP-CDI-2017-028<\/a><\/span><\/td>\n\n\n<\/tr>\n\n\n--><\/p>\n<tr>\n<td><span style=\"color: #0000ff;\"><a style=\"color: #0000ff;\" href=\"https:\/\/portal.compraspublicas.gob.ec\/sercop\/wp-content\/uploads\/2017\/01\/empedrado_de_vias.pdf\">Empedrado de v\u00edas<\/a><\/span><\/td>\n<td width=\"152\"><span style=\"color: #0000ff;\"><a style=\"color: #0000ff;\" href=\"https:\/\/portal.compraspublicas.gob.ec\/sercop\/wp-content\/uploads\/2017\/01\/oficio_circular_0029.pdf\">SERCOP-CDI-2016-0029<\/a><\/span><\/td>\n<td width=\"130\"><span style=\"color: #0000ff;\"><a style=\"color: #0000ff;\" href=\"https:\/\/portal.compraspublicas.gob.ec\/sercop\/wp-content\/uploads\/2017\/01\/manifestacion_interes1.docx\">Manifestaci\u00f3n de Inter\u00e9s<\/a><\/span><\/td>\n<td width=\"130\">\u00a0<span style=\"color: #0000ff;\"><a style=\"color: #0000ff;\" href=\"https:\/\/portal.compraspublicas.gob.ec\/sercop\/wp-content\/uploads\/2017\/03\/oficio_circular_sercop_cdi_2017_028.pdf\">SERCOP-CDI-2017-028<\/a><\/span><\/td>\n<\/tr>\n<tr>\n<td><span style=\"color: #0000ff;\"><a style=\"color: #0000ff;\" href=\"https:\/\/portal.compraspublicas.gob.ec\/sercop\/wp-content\/uploads\/2017\/01\/reempedrado_de_vias.pdf\">Reempedrado de v\u00edas<\/a><\/span><\/td>\n<td width=\"152\"><span style=\"color: #0000ff;\"><a style=\"color: #0000ff;\" href=\"https:\/\/portal.compraspublicas.gob.ec\/sercop\/wp-content\/uploads\/2017\/01\/oficio_circular_0029.pdf\">SERCOP-CDI-2016-0029<\/a><\/span><\/td>\n<td width=\"130\"><span style=\"color: #0000ff;\"><a style=\"color: #0000ff;\" href=\"https:\/\/portal.compraspublicas.gob.ec\/sercop\/wp-content\/uploads\/2017\/01\/manifestacion_interes1.docx\">Manifestaci\u00f3n de Inter\u00e9s<\/a><\/span><\/td>\n<td width=\"130\">\u00a0<span style=\"color: #0000ff;\"><a style=\"color: #0000ff;\" href=\"https:\/\/portal.compraspublicas.gob.ec\/sercop\/wp-content\/uploads\/2017\/03\/oficio_circular_sercop_cdi_2017_028.pdf\">SERCOP-CDI-2017-028<\/a><\/span><\/td>\n<\/tr>\n<p><!--\n\n\n<tr>\n\n\n<td width=\"384\"><span style=\"color: #0000ff;\"><a style=\"color: #0000ff;\" href=\"https:\/\/portal.compraspublicas.gob.ec\/sercop\/wp-content\/uploads\/2017\/01\/ficha_instalacion_revestimiento_caucho_virgen.pdf\">Servicio de instalaci\u00f3n de revestimiento de caucho virgen para \u00e1reas especializadas en unidades medicas<\/a><\/span><\/td>\n\n\n\n\n<td width=\"152\"><span style=\"color: #0000ff;\"><a style=\"color: #0000ff;\" href=\"https:\/\/portal.compraspublicas.gob.ec\/sercop\/wp-content\/uploads\/2017\/01\/Oficio_circular_SERCOP-CDI-2016-081.pdf\">SERCOP-CDI-2016-0081<\/a><\/span><\/td>\n\n\n\n\n<td width=\"130\"><span style=\"color: #0000ff;\"><a style=\"color: #0000ff;\" href=\"https:\/\/portal.compraspublicas.gob.ec\/sercop\/wp-content\/uploads\/2017\/01\/manifestacion_revestimiento.doc\">Manifestaci\u00f3n de Inter\u00e9s<\/a><\/span><\/td>\n\n\n\n\n<td width=\"130\">\u00a0<span style=\"color: #0000ff;\"><a style=\"color: #0000ff;\" href=\"https:\/\/portal.compraspublicas.gob.ec\/sercop\/wp-content\/uploads\/2017\/03\/oficio_circular_sercop_cdi_2017_028.pdf\">SERCOP-CDI-2017-028<\/a><\/span><\/td>\n\n\n<\/tr>\n\n\n--><\/p>\n<tr>\n<td width=\"384\"><span style=\"color: #0000ff;\"><a style=\"color: #0000ff;\" href=\"https:\/\/portal.compraspublicas.gob.ec\/sercop\/wp-content\/uploads\/2017\/01\/ficha_tecnica_adiquinado_cuneta.pdf\">Servicio de construcci\u00f3n de adoquinado con cuneta de hormig\u00f3n simple<\/a><\/span><\/td>\n<td width=\"152\"><span style=\"color: #0000ff;\"><a style=\"color: #0000ff;\" href=\"https:\/\/portal.compraspublicas.gob.ec\/sercop\/wp-content\/uploads\/2017\/01\/oficio_circular.pdf\">SERCOP-CDI-2016-0099<\/a><\/span><\/td>\n<td width=\"130\"><span style=\"color: #0000ff;\"><a style=\"color: #0000ff;\" href=\"https:\/\/portal.compraspublicas.gob.ec\/sercop\/wp-content\/uploads\/2017\/01\/manifestacion_interes_adoquinado.doc\">Manifestaci\u00f3n de Inter\u00e9s<\/a><\/span><\/td>\n<td width=\"130\">\u00a0<span style=\"color: #0000ff;\"><a style=\"color: #0000ff;\" href=\"https:\/\/portal.compraspublicas.gob.ec\/sercop\/wp-content\/uploads\/2017\/03\/oficio_circular_sercop_cdi_2017_028.pdf\">SERCOP-CDI-2017-028<\/a><\/span><\/td>\n<\/tr>\n<tr>\n<td width=\"384\"><span style=\"color: #0000ff;\"><a style=\"color: #0000ff;\" href=\"https:\/\/portal.compraspublicas.gob.ec\/sercop\/wp-content\/uploads\/2017\/01\/ficha_acera_adoquin_arcilla-1.pdf\">Servicio de construcci\u00f3n de acera con adoqu\u00edn de arcilla por metro cuadrado incluido bordillo tipo cinta gotera en hormig\u00f3n simple<\/a><\/span><\/td>\n<td width=\"152\"><span style=\"color: #0000ff;\"><a style=\"color: #0000ff;\" href=\"https:\/\/portal.compraspublicas.gob.ec\/sercop\/wp-content\/uploads\/2017\/01\/oficio_circular_102.pdf\">SERCOP-CDI-2016-0102<\/a><\/span><\/td>\n<td width=\"130\"><span style=\"color: #0000ff;\"><a style=\"color: #0000ff;\" href=\"https:\/\/portal.compraspublicas.gob.ec\/sercop\/wp-content\/uploads\/2017\/01\/manifestacion_acera_adoquin_arcilla.doc\">Manifestaci\u00f3n de Inter\u00e9s<\/a><\/span><\/td>\n<td width=\"130\">\u00a0<span style=\"color: #0000ff;\"><a style=\"color: #0000ff;\" href=\"https:\/\/portal.compraspublicas.gob.ec\/sercop\/wp-content\/uploads\/2017\/03\/oficio_circular_sercop_cdi_2017_028.pdf\">SERCOP-CDI-2017-028<\/a><\/span><\/td>\n<\/tr>\n<tr>\n<td width=\"384\"><span style=\"color: #0000ff;\"><a style=\"color: #0000ff;\" href=\"https:\/\/portal.compraspublicas.gob.ec\/sercop\/wp-content\/uploads\/2017\/01\/ficha_tecnica_alcantarillado_adoquinado_via_rural.pdf\">Servicio de construcci\u00f3n de alcantarillado de desfogue y adoquinado en v\u00edas rurales<\/a><\/span><\/td>\n<td width=\"152\"><span style=\"color: #0000ff;\"><a style=\"color: #0000ff;\" href=\"https:\/\/portal.compraspublicas.gob.ec\/sercop\/wp-content\/uploads\/2017\/01\/oficio_circular_no_sercop_cdi_2016_0120.pdf\">SERCOP-CDI-2016-0120<\/a><\/span><\/td>\n<td width=\"130\"><span style=\"color: #0000ff;\"><a style=\"color: #0000ff;\" href=\"https:\/\/portal.compraspublicas.gob.ec\/sercop\/wp-content\/uploads\/2017\/01\/manifestacion_de_interes_alcantarillado_adoquinado_vias_rurales.doc\">Manifestaci\u00f3n de Inter\u00e9s<\/a><\/span><\/td>\n<td>\u00a0<span style=\"color: #0000ff;\"><a style=\"color: #0000ff;\" href=\"https:\/\/portal.compraspublicas.gob.ec\/sercop\/wp-content\/uploads\/2017\/03\/oficio_circular_sercop_cdi_2017_028.pdf\">SERCOP-CDI-2017-028<\/a><\/span><\/td>\n<\/tr>\n<tr>\n<td width=\"384\"><span style=\"color: #0000ff;\"><a style=\"color: #0000ff;\" href=\"https:\/\/portal.compraspublicas.gob.ec\/sercop\/wp-content\/uploads\/2017\/01\/construcci\u00f3n_de_acera_por_metro_cuadrado_incluido_bordilo_en_hormigon_simple.pdf\">Servicio de construcci\u00f3n de acera por metro cuadrado incluido bordillo, en hormig\u00f3n simple<\/a><\/span><\/td>\n<td width=\"152\"><span style=\"color: #0000ff;\"><a style=\"color: #0000ff;\" href=\"https:\/\/portal.compraspublicas.gob.ec\/sercop\/wp-content\/uploads\/2017\/01\/oficio-circular_089.pdf\">SERCOP-CDI-2016-089<\/a><\/span><\/td>\n<td width=\"130\"><span style=\"color: #0000ff;\"><a style=\"color: #0000ff;\" href=\"https:\/\/portal.compraspublicas.gob.ec\/sercop\/wp-content\/uploads\/2017\/01\/manifestacion_de_interes.doc\">Manifestaci\u00f3n de Inter\u00e9s<\/a><\/span><\/td>\n<td>\u00a0<span style=\"color: #0000ff;\"><a style=\"color: #0000ff;\" href=\"https:\/\/portal.compraspublicas.gob.ec\/sercop\/wp-content\/uploads\/2017\/03\/oficio_circular_sercop_cdi_2017_028.pdf\">SERCOP-CDI-2017-028<\/a><\/span><\/td>\n<\/tr>\n<\/tbody>\n<\/table>\n<p>&nbsp;<\/p>\n","protected":false},"excerpt":{"rendered":"<p class=\"excerpt\">Suspensi\u00f3n\u00a0 del cat\u00e1logo Si\u00a0 te interesa participar en los Cat\u00e1logos Inclusivos del Servicio Nacional de Contrataci\u00f3n P\u00fablica revisa los requisitos de participaci\u00f3n para los productos lanzados mediante nuevas Ferias Inclusivas o mediante Adhesi\u00f3n de Productos. PARA NUEVOS PROVEEDORES Lee y analiza el pliego detenidamente del proceso de catalogaci\u00f3n. Llena los formularios y requisitos de equipamiento y herramientas por producto que&hellip; <a href=\"https:\/\/portal.compraspublicas.gob.ec\/sercop\/servicios-de-construccion-incorporacion-productos\/\">Read more &rarr;<\/a><\/p>\n","protected":false},"author":1,"featured_media":0,"parent":0,"menu_order":0,"comment_status":"closed","ping_status":"closed","template":"menugenerico.php","meta":[],"_links":{"self":[{"href":"https:\/\/portal.compraspublicas.gob.ec\/sercop\/wp-json\/wp\/v2\/pages\/18517"}],"collection":[{"href":"https:\/\/portal.compraspublicas.gob.ec\/sercop\/wp-json\/wp\/v2\/pages"}],"about":[{"href":"https:\/\/portal.compraspublicas.gob.ec\/sercop\/wp-json\/wp\/v2\/types\/page"}],"author":[{"embeddable":true,"href":"https:\/\/portal.compraspublicas.gob.ec\/sercop\/wp-json\/wp\/v2\/users\/1"}],"replies":[{"embeddable":true,"href":"https:\/\/portal.compraspublicas.gob.ec\/sercop\/wp-json\/wp\/v2\/comments?post=18517"}],"version-history":[{"count":8,"href":"https:\/\/portal.compraspublicas.gob.ec\/sercop\/wp-json\/wp\/v2\/pages\/18517\/revisions"}],"predecessor-version":[{"id":60512,"href":"https:\/\/portal.compraspublicas.gob.ec\/sercop\/wp-json\/wp\/v2\/pages\/18517\/revisions\/60512"}],"wp:attachment":[{"href":"https:\/\/portal.compraspublicas.gob.ec\/sercop\/wp-json\/wp\/v2\/media?parent=18517"}],"curies":[{"name":"wp","href":"https:\/\/api.w.org\/{rel}","templated":true}]}}