{"id":18600,"date":"2017-01-16T10:43:04","date_gmt":"2017-01-16T15:43:04","guid":{"rendered":"http:\/\/portal.compraspublicas.gob.ec\/sercop\/?page_id=18600"},"modified":"2024-11-28T15:32:48","modified_gmt":"2024-11-28T20:32:48","slug":"mantenimiento-vehiculos-incorporacion-productos","status":"publish","type":"page","link":"https:\/\/portal.compraspublicas.gob.ec\/sercop\/mantenimiento-vehiculos-incorporacion-productos\/","title":{"rendered":"Mantenimiento veh\u00edculos &#8211; Incorporaci\u00f3n Productos"},"content":{"rendered":"<p style=\"display:flex\"><img loading=\"lazy\" class=\"alignnone\" src=\"https:\/\/portal.compraspublicas.gob.ec\/sercop\/wp-content\/uploads\/2016\/08\/86529708_01-e1470341829325.png\" alt=\"\" width=\"800\" height=\"322\" \/><\/p>\n<p>&nbsp;<\/p>\n<h3 style=\"text-align: center;\"><span style=\"color: #0000ff;\">Suspensi\u00f3n de los productos de mantenimiento vehicular<\/span><\/h3>\n<h3 style=\"text-align: center;\"><span style=\"color: #0000ff;\"><a style=\"color: #0000ff;\" href=\"https:\/\/portal.compraspublicas.gob.ec\/sercop\/wp-content\/uploads\/2017\/06\/oficio_circular_sercop_cdi_2017_091.pdf\">Oficio circular\u00a0 No. SERCOP-CDI-2017-091<\/a><\/span><\/h3>\n<p>Si\u00a0 te interesa participar en los Cat\u00e1logos Inclusivos del Servicio Nacional de Contrataci\u00f3n P\u00fablica revisa los requisitos de participaci\u00f3n para los productos lanzados mediante nuevas Ferias Inclusivas o mediante Adhesi\u00f3n de Productos.<\/p>\n<p><strong>PARA NUEVOS PROVEEDORES<\/strong><\/p>\n<ol>\n<li>Lee y analiza el <span style=\"color: #0000ff;\"><a style=\"color: #0000ff;\" href=\"https:\/\/portal.compraspublicas.gob.ec\/sercop\/wp-content\/uploads\/2017\/01\/pliego_servicios_mantenimiento.pdf\">pliego <\/a><\/span>detenidamente del proceso de catalogaci\u00f3n.<\/li>\n<li>Llena los <span style=\"color: #0000ff;\"><a style=\"color: #0000ff;\" href=\"https:\/\/portal.compraspublicas.gob.ec\/sercop\/wp-content\/uploads\/2017\/01\/formularios_servicio_mantenimiento.doc\">formularios <\/a><\/span>y requisitos de equipamiento y herramientas por producto que se solicitan en los pliegos. Recuerda que los formularios y los requisitos deben estar sumillados y numerados.<\/li>\n<\/ol>\n<p><strong>PARA PROVEEDORES CATALOGADOS<\/strong><\/p>\n<p>Deber\u00e1n presentar la manifestaci\u00f3n de inter\u00e9s del producto en el que le interese participar. As\u00ed como la documentaci\u00f3n y requisitos establecidos en las fichas t\u00e9cnicas, las cuales deber\u00e1n estar con las respectivas sumillas.<\/p>\n<p><strong><u>CONSIDERACIONES:<\/u><\/strong><\/p>\n<ul>\n<li>La oferta o manifestaci\u00f3n de inter\u00e9s obligatoriamente deber\u00e1 ser firmada electr\u00f3nicamente por el representante legal, apoderado, persona natural o procurador com\u00fan, con sus respectivos anexos o documentaci\u00f3n de respaldo seg\u00fan el caso.<\/li>\n<li>Finalmente, la oferta o manifestaci\u00f3n de inter\u00e9s deber\u00e1 ser enviada al correo electr\u00f3nico <strong>ofertascatalogo@sercop.gob.ec<\/strong>, de ser el caso, si el tama\u00f1o del o los archivos no le permita remitir la oferta por correo electr\u00f3nico, el oferente podr\u00e1 usar un servicio web de alojamiento de archivos, y deber\u00e1 enviar el link, mismo que debe ser de acceso p\u00fablico sin clave y sin fecha de caducidad.<\/li>\n<\/ul>\n<p>&nbsp;<\/p>\n<p><a href=\"https:\/\/portal.compraspublicas.gob.ec\/sercop\/wp-content\/uploads\/2020\/11\/sercop-ctdc-2020-0028-r.pdf\">sercop-ctdc-2020-0028-r<\/a><\/p>\n<table width=\"832\">\n<tbody>\n<tr>\n<td width=\"376\"><span style=\"color: #000000;\"><strong>NOMBRE DE PRODUCTO<\/strong><\/span><\/td>\n<td width=\"183\"><span style=\"color: #000000;\"><strong>OFICIO CIRCULAR<\/strong><\/span><\/td>\n<td width=\"145\"><span style=\"color: #000000;\"><strong>DOCUMENTOS\u00a0<\/strong><\/span><\/td>\n<td width=\"128\"><span style=\"color: #000000;\"><strong>ACTUALIZACIONES<\/strong><\/span><\/td>\n<\/tr>\n<tr>\n<td width=\"376\"><span style=\"color: #0000ff;\"><a style=\"color: #0000ff;\" href=\"https:\/\/portal.compraspublicas.gob.ec\/sercop\/wp-content\/uploads\/2017\/01\/ficha_alineacion_livianos_hasta_35ton.pdf\">Servicio de alineaci\u00f3n y balanceo para veh\u00edculos livianos de hasta 3,5 toneladas<\/a><\/span><\/td>\n<td width=\"183\"><span style=\"color: #0000ff;\"><a style=\"color: #0000ff;\" href=\"https:\/\/portal.compraspublicas.gob.ec\/sercop\/wp-content\/uploads\/2017\/01\/oficio_circular2.pdf\">SERCOP-CDI-2016-0062<\/a><\/span><\/td>\n<td width=\"145\"><span style=\"color: #0000ff;\"><a style=\"color: #0000ff;\" href=\"https:\/\/portal.compraspublicas.gob.ec\/sercop\/wp-content\/uploads\/2017\/01\/manifestacion_interes5.docx\">Manifestaci\u00f3n de Inter\u00e9s<\/a><\/span><\/td>\n<td width=\"128\"><span style=\"color: #0000ff;\">\u00a0<\/span><\/td>\n<\/tr>\n<tr>\n<td width=\"376\"><span style=\"color: #0000ff;\"><a style=\"color: #0000ff;\" href=\"https:\/\/portal.compraspublicas.gob.ec\/sercop\/wp-content\/uploads\/2017\/01\/cambio_de_aceite_gasolina_8_cuartos_10W30_o_20W501.pdf\">Servicio de cambios de aceite y filtro de veh\u00edculos a disiel(8 cuartos de aceite 10w30 \u00f3 20w50)<\/a><\/span><\/td>\n<td width=\"183\"><span style=\"color: #0000ff;\"><a style=\"color: #0000ff;\" href=\"https:\/\/portal.compraspublicas.gob.ec\/sercop\/wp-content\/uploads\/2017\/01\/oficio_circular_0094.pdf\">SERCOP-CDI-2016-0094<\/a><\/span><\/td>\n<td width=\"145\"><span style=\"color: #0000ff;\"><a style=\"color: #0000ff;\" href=\"https:\/\/portal.compraspublicas.gob.ec\/sercop\/wp-content\/uploads\/2017\/01\/manifestacion_de_interes1.doc\">Manifestaci\u00f3n de Inter\u00e9s<\/a><\/span><\/td>\n<td width=\"128\"><span style=\"color: #0000ff;\">\u00a0<\/span><\/td>\n<\/tr>\n<tr>\n<td width=\"376\"><span style=\"color: #0000ff;\"><a style=\"color: #0000ff;\" href=\"https:\/\/portal.compraspublicas.gob.ec\/sercop\/wp-content\/uploads\/2017\/01\/cambio_de_aceite_diesel_4_cuartos_15W401.pdf\">Servicio de cambios de aceite y filtro de veh\u00edculos a diesel(4 cuartos de aceite 15w40)<\/a><\/span><\/td>\n<td width=\"183\"><span style=\"color: #0000ff;\"><a style=\"color: #0000ff;\" href=\"https:\/\/portal.compraspublicas.gob.ec\/sercop\/wp-content\/uploads\/2017\/01\/oficio_circular_0094.pdf\">SERCOP-CDI-2016-0094<\/a><\/span><\/td>\n<td width=\"145\"><span style=\"color: #0000ff;\"><a style=\"color: #0000ff;\" href=\"https:\/\/portal.compraspublicas.gob.ec\/sercop\/wp-content\/uploads\/2017\/01\/manifestacion_de_interes1.doc\">Manifestaci\u00f3n de Inter\u00e9s<\/a><\/span><\/td>\n<td width=\"128\"><span style=\"color: #0000ff;\">\u00a0<\/span><\/td>\n<\/tr>\n<tr>\n<td width=\"376\"><span style=\"color: #0000ff;\"><a style=\"color: #0000ff;\" href=\"https:\/\/portal.compraspublicas.gob.ec\/sercop\/wp-content\/uploads\/2017\/01\/cambio_de_aceite_diesel_8_cuartos_15W401.pdf\">Servicio de cambios de aceite y filtro de veh\u00edculos a diesel (8 cuartos de aceite 15w40)<\/a><\/span><\/td>\n<td width=\"183\"><span style=\"color: #0000ff;\"><a style=\"color: #0000ff;\" href=\"https:\/\/portal.compraspublicas.gob.ec\/sercop\/wp-content\/uploads\/2017\/01\/oficio_circular_0094.pdf\">SERCOP-CDI-2016-0094<\/a><\/span><\/td>\n<td width=\"145\"><span style=\"color: #0000ff;\"><a style=\"color: #0000ff;\" href=\"https:\/\/portal.compraspublicas.gob.ec\/sercop\/wp-content\/uploads\/2017\/01\/manifestacion_de_interes1.doc\">Manifestaci\u00f3n de Inter\u00e9s<\/a><\/span><\/td>\n<td width=\"128\"><span style=\"color: #0000ff;\">\u00a0<\/span><\/td>\n<\/tr>\n<tr>\n<td width=\"376\"><span style=\"color: #0000ff;\"><a style=\"color: #0000ff;\" href=\"https:\/\/portal.compraspublicas.gob.ec\/sercop\/wp-content\/uploads\/2017\/01\/cambio_de_aceite_diesel_9_cuartos_15W401.pdf\">Servicio de cambios de aceite y filtro de veh\u00edculos a diesel(9 cuartos de aceite 15w40)<\/a><\/span><\/td>\n<td width=\"183\"><span style=\"color: #0000ff;\"><a style=\"color: #0000ff;\" href=\"https:\/\/portal.compraspublicas.gob.ec\/sercop\/wp-content\/uploads\/2017\/01\/oficio_circular_0094.pdf\">SERCOP-CDI-2016-0094<\/a><\/span><\/td>\n<td width=\"145\"><span style=\"color: #0000ff;\"><a style=\"color: #0000ff;\" href=\"https:\/\/portal.compraspublicas.gob.ec\/sercop\/wp-content\/uploads\/2017\/01\/manifestacion_de_interes1.doc\">Manifestaci\u00f3n de Inter\u00e9s<\/a><\/span><\/td>\n<td width=\"128\"><span style=\"color: #0000ff;\">\u00a0<\/span><\/td>\n<\/tr>\n<tr>\n<td width=\"376\"><span style=\"color: #0000ff;\"><a style=\"color: #0000ff;\" href=\"https:\/\/portal.compraspublicas.gob.ec\/sercop\/wp-content\/uploads\/2017\/01\/cambio_de_aceite_diesel_12_cuartos_15W401.pdf\">Servicio de cambios de aceite y filtro de veh\u00edculos a diesel(12 cuartos de aceite 15w40)<\/a><\/span><\/td>\n<td width=\"183\"><span style=\"color: #0000ff;\"><a style=\"color: #0000ff;\" href=\"https:\/\/portal.compraspublicas.gob.ec\/sercop\/wp-content\/uploads\/2017\/01\/oficio_circular_0094.pdf\">SERCOP-CDI-2016-0094<\/a><\/span><\/td>\n<td width=\"145\"><span style=\"color: #0000ff;\"><a style=\"color: #0000ff;\" href=\"https:\/\/portal.compraspublicas.gob.ec\/sercop\/wp-content\/uploads\/2017\/01\/manifestacion_de_interes1.doc\">Manifestaci\u00f3n de Inter\u00e9s<\/a><\/span><\/td>\n<td width=\"128\"><span style=\"color: #0000ff;\">\u00a0<\/span><\/td>\n<\/tr>\n<tr>\n<td width=\"376\"><span style=\"color: #0000ff;\"><a style=\"color: #0000ff;\" href=\"https:\/\/portal.compraspublicas.gob.ec\/sercop\/wp-content\/uploads\/2017\/01\/cambio_liquido_embrague_dot4_2_cuartos.pdf\">Cambio L\u00edquido de Embrague (DOT 4) \u2013 2 cuartos<\/a><\/span><\/td>\n<td width=\"183\"><span style=\"color: #0000ff;\"><a style=\"color: #0000ff;\" href=\"https:\/\/portal.compraspublicas.gob.ec\/sercop\/wp-content\/uploads\/2017\/01\/oficio_circular_0074.pdf\">SERCOP-CDI-2016-0074<\/a><\/span><\/td>\n<td width=\"145\"><span style=\"color: #0000ff;\"><a style=\"color: #0000ff;\" href=\"https:\/\/portal.compraspublicas.gob.ec\/sercop\/wp-content\/uploads\/2017\/01\/manifestacion_de_interes1.docx\">Manifestaci\u00f3n de Inter\u00e9s<\/a><\/span><\/td>\n<td><span style=\"color: #0000ff;\">\u00a0<\/span><\/td>\n<\/tr>\n<\/tbody>\n<\/table>\n","protected":false},"excerpt":{"rendered":"<p class=\"excerpt\">&nbsp; Suspensi\u00f3n de los productos de mantenimiento vehicular Oficio circular\u00a0 No. SERCOP-CDI-2017-091 Si\u00a0 te interesa participar en los Cat\u00e1logos Inclusivos del Servicio Nacional de Contrataci\u00f3n P\u00fablica revisa los requisitos de participaci\u00f3n para los productos lanzados mediante nuevas Ferias Inclusivas o mediante Adhesi\u00f3n de Productos. PARA NUEVOS PROVEEDORES Lee y analiza el pliego detenidamente del proceso de catalogaci\u00f3n. Llena los formularios&hellip; <a href=\"https:\/\/portal.compraspublicas.gob.ec\/sercop\/mantenimiento-vehiculos-incorporacion-productos\/\">Read more &rarr;<\/a><\/p>\n","protected":false},"author":1,"featured_media":0,"parent":0,"menu_order":0,"comment_status":"closed","ping_status":"closed","template":"menugenerico.php","meta":[],"_links":{"self":[{"href":"https:\/\/portal.compraspublicas.gob.ec\/sercop\/wp-json\/wp\/v2\/pages\/18600"}],"collection":[{"href":"https:\/\/portal.compraspublicas.gob.ec\/sercop\/wp-json\/wp\/v2\/pages"}],"about":[{"href":"https:\/\/portal.compraspublicas.gob.ec\/sercop\/wp-json\/wp\/v2\/types\/page"}],"author":[{"embeddable":true,"href":"https:\/\/portal.compraspublicas.gob.ec\/sercop\/wp-json\/wp\/v2\/users\/1"}],"replies":[{"embeddable":true,"href":"https:\/\/portal.compraspublicas.gob.ec\/sercop\/wp-json\/wp\/v2\/comments?post=18600"}],"version-history":[{"count":10,"href":"https:\/\/portal.compraspublicas.gob.ec\/sercop\/wp-json\/wp\/v2\/pages\/18600\/revisions"}],"predecessor-version":[{"id":60441,"href":"https:\/\/portal.compraspublicas.gob.ec\/sercop\/wp-json\/wp\/v2\/pages\/18600\/revisions\/60441"}],"wp:attachment":[{"href":"https:\/\/portal.compraspublicas.gob.ec\/sercop\/wp-json\/wp\/v2\/media?parent=18600"}],"curies":[{"name":"wp","href":"https:\/\/api.w.org\/{rel}","templated":true}]}}