{"id":18851,"date":"2017-01-24T09:08:13","date_gmt":"2017-01-24T14:08:13","guid":{"rendered":"http:\/\/portal.compraspublicas.gob.ec\/sercop\/?page_id=18851"},"modified":"2024-11-28T15:27:45","modified_gmt":"2024-11-28T20:27:45","slug":"limpieza-general-feria-inclusiva","status":"publish","type":"page","link":"https:\/\/portal.compraspublicas.gob.ec\/sercop\/limpieza-general-feria-inclusiva\/","title":{"rendered":"Limpieza General &#8211; Feria Inclusiva"},"content":{"rendered":"<p><a style=\"display:flex\"><img loading=\"lazy\" class=\"aligncenter size-full wp-image-18858\" src=\"https:\/\/portal.compraspublicas.gob.ec\/sercop\/wp-content\/uploads\/2017\/01\/limpiezas.png\" alt=\"limpiezas\" width=\"634\" height=\"229\" srcset=\"https:\/\/portal.compraspublicas.gob.ec\/sercop\/wp-content\/uploads\/2017\/01\/limpiezas.png 634w, https:\/\/portal.compraspublicas.gob.ec\/sercop\/wp-content\/uploads\/2017\/01\/limpiezas-300x108.png 300w\" sizes=\"(max-width: 634px) 100vw, 634px\" \/><\/a><\/p>\n<p>Si\u00a0 te interesa participar en los Cat\u00e1logos Inclusivos del Servicio Nacional de Contrataci\u00f3n P\u00fablica revisa los requisitos de participaci\u00f3n para los productos lanzados mediante nuevas Ferias Inclusivas o mediante Adhesi\u00f3n de Productos.<\/p>\n<p><strong>PARA NUEVOS PROVEEDORES<\/strong><\/p>\n<ol>\n<li>Lee y analiza el <span style=\"color: #0000ff;\"><a style=\"color: #0000ff;\" href=\"https:\/\/portal.compraspublicas.gob.ec\/sercop\/wp-content\/uploads\/2018\/04\/pliego_limpieza_acta_opt.pdf\">pliego<\/a><\/span> detenidamente del proceso de catalogaci\u00f3n.<\/li>\n<li>Llena los <span style=\"color: #0000ff;\"><a style=\"color: #0000ff;\" href=\"https:\/\/portal.compraspublicas.gob.ec\/sercop\/wp-content\/uploads\/2018\/04\/Formularios-Limpieza-General-Secci\u00f3n-IV-Pliego.docx\">formularios <\/a><\/span>y requisitos de equipamiento y herramientas por producto que se solicitan en los pliegos. Recuerda que los formularios y los requisitos deben estar sumillados y numerados.<\/li>\n<li>Elaborar un oficio dirigido a la Direcci\u00f3n General del SERCOP, solicitando tu incorporaci\u00f3n al Cat\u00e1logo Din\u00e1mico Inclusivo<br \/>\n<span style=\"color: #0000ff;\"> <em><u>(<a style=\"color: #0000ff;\" href=\"https:\/\/portal.compraspublicas.gob.ec\/sercop\/wp-content\/uploads\/2017\/10\/modelo-de-oficio.doc\">Descarga modelo de oficio<\/a>)<\/u><\/em><u>.<\/u><\/span><\/li>\n<\/ol>\n<p><strong>PARA PROVEEDORES CATALOGADOS<\/strong><\/p>\n<p>Deber\u00e1n presentar la manifestaci\u00f3n de inter\u00e9s del producto en el que le interese participar. As\u00ed como la documentaci\u00f3n y requisitos establecidos en las fichas t\u00e9cnicas, las cuales deber\u00e1n estar con las respectivas sumillas.<\/p>\n<p>Entrega los documentos en un sobre cerrado en la ventanilla del SERCOP m\u00e1s cercana. <span style=\"color: #0000ff;\"><a style=\"color: #0000ff;\" href=\"https:\/\/portal.compraspublicas.gob.ec\/sercop\/contacto\/\"><em>Conoce d\u00f3nde estamos ubicados<\/em><\/a><\/span><\/p>\n<p>&nbsp;<\/p>\n<p><strong>LA SIGUIENTE ACTUALIZACI\u00d3N APLICA A TODAS LAS FICHAS INCORPORADAS O QUE SE INCORPOREN A ESTE PLIEGO:<\/strong><br \/>\n*<span style=\"color: #0000ff;\"><a style=\"color: #0000ff;\" href=\"https:\/\/portal.compraspublicas.gob.ec\/sercop\/wp-content\/uploads\/2017\/04\/OFICIO_CIRCULAR_No_SERCOP-CDI-2017-020.pdf\">Actualizaci\u00f3n OFICIO CIRCULAR No. SERCOP-CDI-2017-020<\/a><\/span><\/p>\n<table width=\"699\">\n<tbody>\n<tr>\n<td width=\"406\"><strong>NOMBRE DEL PRODUCTO<\/strong><\/td>\n<td width=\"168\"><strong>FECHA DE PUBLICACI\u00d3N\u00a0<\/strong><\/td>\n<td width=\"125\"><strong>ACTUALIZACI\u00d3N<\/strong><\/td>\n<\/tr>\n<tr>\n<td><span style=\"color: #0000ff;\"><a style=\"color: #0000ff;\" href=\"https:\/\/portal.compraspublicas.gob.ec\/sercop\/wp-content\/uploads\/2017\/01\/servicio_limpieza_unidades_educativas.pdf\">Servicio de limpieza de unidades educativas<\/a><\/span><\/td>\n<td width=\"168\">05\/02\/2016<\/td>\n<td width=\"125\"><\/td>\n<\/tr>\n<\/tbody>\n<\/table>\n","protected":false},"excerpt":{"rendered":"<p class=\"excerpt\">Si\u00a0 te interesa participar en los Cat\u00e1logos Inclusivos del Servicio Nacional de Contrataci\u00f3n P\u00fablica revisa los requisitos de participaci\u00f3n para los productos lanzados mediante nuevas Ferias Inclusivas o mediante Adhesi\u00f3n de Productos. PARA NUEVOS PROVEEDORES Lee y analiza el pliego detenidamente del proceso de catalogaci\u00f3n. Llena los formularios y requisitos de equipamiento y herramientas por producto que se solicitan en&hellip; <a href=\"https:\/\/portal.compraspublicas.gob.ec\/sercop\/limpieza-general-feria-inclusiva\/\">Read more &rarr;<\/a><\/p>\n","protected":false},"author":1,"featured_media":0,"parent":0,"menu_order":0,"comment_status":"closed","ping_status":"closed","template":"menugenerico.php","meta":[],"_links":{"self":[{"href":"https:\/\/portal.compraspublicas.gob.ec\/sercop\/wp-json\/wp\/v2\/pages\/18851"}],"collection":[{"href":"https:\/\/portal.compraspublicas.gob.ec\/sercop\/wp-json\/wp\/v2\/pages"}],"about":[{"href":"https:\/\/portal.compraspublicas.gob.ec\/sercop\/wp-json\/wp\/v2\/types\/page"}],"author":[{"embeddable":true,"href":"https:\/\/portal.compraspublicas.gob.ec\/sercop\/wp-json\/wp\/v2\/users\/1"}],"replies":[{"embeddable":true,"href":"https:\/\/portal.compraspublicas.gob.ec\/sercop\/wp-json\/wp\/v2\/comments?post=18851"}],"version-history":[{"count":4,"href":"https:\/\/portal.compraspublicas.gob.ec\/sercop\/wp-json\/wp\/v2\/pages\/18851\/revisions"}],"predecessor-version":[{"id":60438,"href":"https:\/\/portal.compraspublicas.gob.ec\/sercop\/wp-json\/wp\/v2\/pages\/18851\/revisions\/60438"}],"wp:attachment":[{"href":"https:\/\/portal.compraspublicas.gob.ec\/sercop\/wp-json\/wp\/v2\/media?parent=18851"}],"curies":[{"name":"wp","href":"https:\/\/api.w.org\/{rel}","templated":true}]}}