{"id":18914,"date":"2017-01-24T09:56:56","date_gmt":"2017-01-24T14:56:56","guid":{"rendered":"http:\/\/portal.compraspublicas.gob.ec\/sercop\/?page_id=18914"},"modified":"2021-03-25T10:49:49","modified_gmt":"2021-03-25T15:49:49","slug":"limpieza-de-oficinas-incorporacion-productos","status":"publish","type":"page","link":"https:\/\/portal.compraspublicas.gob.ec\/sercop\/limpieza-de-oficinas-incorporacion-productos\/","title":{"rendered":"Limpieza de oficinas &#8211; Incorporaci\u00f3n Productos"},"content":{"rendered":"<p><img loading=\"lazy\" class=\"alignnone\" src=\"https:\/\/portal.compraspublicas.gob.ec\/sercop\/wp-content\/uploads\/2017\/01\/limpiezas.png\" alt=\"\" width=\"634\" height=\"229\" \/><\/p>\n<p>Si\u00a0 te interesa participar en los Cat\u00e1logos Inclusivos del Servicio Nacional de Contrataci\u00f3n P\u00fablica revisa los requisitos de participaci\u00f3n para los productos lanzados mediante nuevas Ferias Inclusivas o mediante Adhesi\u00f3n de Productos.<\/p>\n<p><strong>PARA NUEVOS PROVEEDORES<\/strong><\/p>\n<ol>\n<li>Lee y analiza el <span style=\"color: #0000ff;\"><a style=\"color: #0000ff;\" href=\"https:\/\/portal.compraspublicas.gob.ec\/sercop\/wp-content\/uploads\/2017\/01\/pliegolimp_oficina1.pdf\">pliego <\/a><\/span>detenidamente del proceso de catalogaci\u00f3n.<\/li>\n<li>Llena los <span style=\"color: #0000ff;\"><a style=\"color: #0000ff;\" href=\"https:\/\/portal.compraspublicas.gob.ec\/sercop\/wp-content\/uploads\/2017\/01\/formularios_limpieza_oficina1.docx\">formularios <\/a><\/span>y requisitos de equipamiento y herramientas por producto que se solicitan en los pliegos. Recuerda que los formularios y los requisitos deben estar sumillados y numerados.<\/li>\n<li>Elaborar un oficio dirigido a la Direcci\u00f3n General del SERCOP, solicitando tu incorporaci\u00f3n al Cat\u00e1logo Din\u00e1mico Inclusivo<br \/>\n<em><u>(<span style=\"color: #0000ff;\"><a style=\"color: #0000ff;\" href=\"https:\/\/portal.compraspublicas.gob.ec\/sercop\/wp-content\/uploads\/2017\/10\/modelo-de-oficio.doc\">Descarga modelo de oficio<\/a><\/span>)<\/u><\/em><u>.<\/u><\/li>\n<\/ol>\n<p><strong>PARA PROVEEDORES CATALOGADOS<\/strong><\/p>\n<p>Deber\u00e1n presentar la manifestaci\u00f3n de inter\u00e9s del producto en el que le interese participar. As\u00ed como la documentaci\u00f3n y requisitos establecidos en las fichas t\u00e9cnicas, las cuales deber\u00e1n estar con las respectivas sumillas.<\/p>\n<p>Entrega los documentos en un sobre cerrado en la ventanilla del SERCOP m\u00e1s cercana. <span style=\"color: #0000ff;\"><a style=\"color: #0000ff;\" href=\"https:\/\/portal.compraspublicas.gob.ec\/sercop\/contacto\/\"><em>Conoce d\u00f3nde estamos ubicados<\/em><\/a><\/span><\/p>\n<p>&nbsp;<\/p>\n<p><strong>\u00a0LA SIGUIENTE ACTUALIZACI\u00d3N APLICA A TODAS LAS FICHAS INCORPORADAS O QUE SE INCORPOREN A ESTE PLIEGO:<\/strong><br \/>\n*<span style=\"color: #0000ff;\"><a style=\"color: #0000ff;\" href=\"https:\/\/portal.compraspublicas.gob.ec\/sercop\/wp-content\/uploads\/2017\/04\/OFICIO_CIRCULAR_No_SERCOP-CDI-2017-020.pdf\">Actualizaci\u00f3n OFICIO CIRCULAR No. SERCOP-CDI-2017-020<\/a><\/span><\/p>\n<p>&nbsp;<\/p>\n<table style=\"height: 350px;\" width=\"794\">\n<tbody>\n<tr>\n<td width=\"406\"><strong>NOMBRE DE PRODUCTO<\/strong><\/td>\n<td width=\"168\"><strong>OFICIO CIRCULAR<\/strong><\/td>\n<td width=\"125\"><strong>DOCUMENTOS\u00a0<\/strong><\/td>\n<td width=\"120\"><strong>ACTUALIZACI\u00d3N<\/strong><\/td>\n<\/tr>\n<p><!--\n\n\n<tr>\n\n\n<td width=\"488\"><span style=\"color: #0000ff;\"><a style=\"color: #0000ff;\" href=\"https:\/\/portal.compraspublicas.gob.ec\/sercop\/wp-content\/uploads\/2021\/03\/ficha_tecnica_limpieza_desinfeccion_manejo_desechos1.pdf\">SERVICIO DE LIMPIEZA, DESINFECCI\u00d3N Y MANEJO DE DESECHOS PARA UNIDADES DE SALUD, INCLUIDO MATERIAL<\/a><\/span><\/td>\n\n\n\n\n<td align=\"left\" width=\"311\"><span style=\"color: #0000ff;\"><a style=\"color: #0000ff;\" href=\"https:\/\/portal.compraspublicas.gob.ec\/sercop\/wp-content\/uploads\/2021\/03\/sercop-sercop-2021-0002-c0578089001614288249.pdf\">SERCOP-SERCOP-2021-0002-C<\/a><\/span><\/td>\n\n\n\n\n<td width=\"87\"><\/td>\n\n\n\n\n<td width=\"87\"><\/td>\n\n\n<\/tr>\n\n\n--><\/p>\n<tr>\n<td><span style=\"color: #0000ff;\"><a style=\"color: #0000ff;\" href=\"https:\/\/portal.compraspublicas.gob.ec\/sercop\/wp-content\/uploads\/2017\/01\/limpieza_exteriores_interiores_III1.pdf\">Limpieza de interiores y exteriores tipo III<\/a><\/span><\/td>\n<td><span style=\"color: #0000ff;\"><a style=\"color: #0000ff;\" href=\"https:\/\/portal.compraspublicas.gob.ec\/sercop\/wp-content\/uploads\/2017\/01\/cdi_sercop_0011_20151.pdf\">SERCOP-CDI-2015-0011<\/a><\/span><\/td>\n<td width=\"125\"><span style=\"color: #0000ff;\"><a style=\"color: #0000ff;\" href=\"https:\/\/portal.compraspublicas.gob.ec\/sercop\/wp-content\/uploads\/2017\/01\/manisfes_interes_limpieza_III1.pdf\">Manifestaci\u00f3n de inter\u00e9s<\/a><\/span><\/td>\n<td width=\"120\"><\/td>\n<\/tr>\n<tr>\n<td width=\"406\"><span style=\"color: #0000ff;\"><a style=\"color: #0000ff;\" href=\"https:\/\/portal.compraspublicas.gob.ec\/sercop\/wp-content\/uploads\/2017\/01\/limpieza_atenci\u00f3n_usuario_v1_public1.pdf\">Servicio integral de limpieza en edificaciones con alta afluencia de usuarios<\/a><\/span><\/td>\n<td width=\"125\"><span style=\"color: #0000ff;\"><a style=\"color: #0000ff;\" href=\"https:\/\/portal.compraspublicas.gob.ec\/sercop\/wp-content\/uploads\/2017\/01\/cdi_sercop_001_2015CDI-SERCOP-001-20152.pdf\">SERCOP-CDI-2016-010<\/a><\/span><\/td>\n<td width=\"120\"><span style=\"color: #0000ff;\"><a style=\"color: #0000ff;\" href=\"https:\/\/portal.compraspublicas.gob.ec\/sercop\/wp-content\/uploads\/2017\/01\/manifest_interes_-limpieza_alta_afluencia_publi1.docx\">\u00a0Manifestaci\u00f3n de inter\u00e9s<\/a><\/span><\/td>\n<\/tr>\n<tr>\n<td><span style=\"color: #0000ff;\"><a style=\"color: #0000ff;\" href=\"https:\/\/portal.compraspublicas.gob.ec\/sercop\/wp-content\/uploads\/2017\/01\/ficha_tecnica_limpieza_galapagos1.pdf\">Servicio integral de limpieza en edificaciones con alta afluencia de usuarios \u2013 Gal\u00e1pagos<\/a><\/span><\/td>\n<td width=\"168\"><span style=\"color: #0000ff;\"><a style=\"color: #0000ff;\" href=\"https:\/\/portal.compraspublicas.gob.ec\/sercop\/wp-content\/uploads\/2017\/01\/cdi_sercop_019_20161.pdf\">SERCOP-CDI-2016-019<\/a><\/span><\/td>\n<td width=\"125\"><span style=\"color: #0000ff;\"><a style=\"color: #0000ff;\" href=\"https:\/\/portal.compraspublicas.gob.ec\/sercop\/wp-content\/uploads\/2017\/01\/manifestacion_interes_limpieza_galapagos1.doc\">Manifestaci\u00f3n de inter\u00e9s<\/a><\/span><\/td>\n<td width=\"120\"><\/td>\n<\/tr>\n<tr>\n<td><span style=\"color: #0000ff;\"><a style=\"color: #0000ff;\" href=\"https:\/\/portal.compraspublicas.gob.ec\/sercop\/wp-content\/uploads\/2017\/01\/limpieza_de_inmuebles_interiores_exteriores1.pdf\">Servicio de limpieza de inmuebles (interiores y exteriores)<\/a><\/span><\/td>\n<td width=\"168\"><span style=\"color: #0000ff;\"><a style=\"color: #0000ff;\" href=\"https:\/\/portal.compraspublicas.gob.ec\/sercop\/wp-content\/uploads\/2017\/01\/cdi_2016_026_limpieza_inmuebles_interiores_exteriores1.pdf\">SERCOP-CDI-2015-026<\/a><\/span><\/td>\n<td width=\"125\"><span style=\"color: #0000ff;\"><a style=\"color: #0000ff;\" href=\"https:\/\/portal.compraspublicas.gob.ec\/sercop\/wp-content\/uploads\/2017\/01\/manifest_interes_-limpieza_inmuebles_interiores_exteriores1.docx\">Manifestaci\u00f3n de inter\u00e9s<\/a><\/span><\/td>\n<td width=\"120\">\u00a0<span style=\"color: #0000ff;\"><a style=\"color: #0000ff;\" href=\"https:\/\/portal.compraspublicas.gob.ec\/sercop\/wp-content\/uploads\/2017\/01\/oficio_circular_cdi_2016_048_actualizacion1.pdf\">SERCOP-CDI-2016-048<\/a><\/span><\/td>\n<\/tr>\n<p><!--\n\n\n<tr><span style=\"display: inline-block; width: 0px; overflow: hidden; line-height: 0;\" data-mce-type=\"bookmark\" class=\"mce_SELRES_start\"><\/span>\n\n\n<td><span style=\"color: #0000ff;\"><a style=\"color: #0000ff;\" href=\"https:\/\/portal.compraspublicas.gob.ec\/sercop\/wp-content\/uploads\/2017\/01\/ficha_tecnica_limpieza_desinfeccion_manejo_desechos1.pdf\">Servicio de limpieza, desinfecci\u00f3n y manejo de desechos para unidades de salud, incluido material<\/a><\/span><\/td>\n\n\n\n\n<td width=\"168\"><span style=\"color: #0000ff;\"><a style=\"color: #0000ff;\" href=\"https:\/\/portal.compraspublicas.gob.ec\/sercop\/wp-content\/uploads\/2017\/01\/cdi_sercop_cdi_2015_czl_0011.pdf\">SERCOP-CDI-2015-CZL-001<\/a><\/span><\/td>\n\n\n\n\n<td width=\"125\"><span style=\"color: #0000ff;\"><a style=\"color: #0000ff;\" href=\"https:\/\/portal.compraspublicas.gob.ec\/sercop\/wp-content\/uploads\/2017\/01\/manifestacion_interes_limpieza_desinfeccion_manejo_desechos1.pdf\">Manifestaci\u00f3n de inter\u00e9s<\/a><\/span><\/td>\n\n\n\n\n<td width=\"120\"><\/td>\n\n\n<\/tr>\n\n\n--><\/tbody>\n<\/table>\n<p>&nbsp;<\/p>\n","protected":false},"excerpt":{"rendered":"<p class=\"excerpt\">Si\u00a0 te interesa participar en los Cat\u00e1logos Inclusivos del Servicio Nacional de Contrataci\u00f3n P\u00fablica revisa los requisitos de participaci\u00f3n para los productos lanzados mediante nuevas Ferias Inclusivas o mediante Adhesi\u00f3n de Productos. PARA NUEVOS PROVEEDORES Lee y analiza el pliego detenidamente del proceso de catalogaci\u00f3n. Llena los formularios y requisitos de equipamiento y herramientas por producto que se solicitan en&hellip; <a href=\"https:\/\/portal.compraspublicas.gob.ec\/sercop\/limpieza-de-oficinas-incorporacion-productos\/\">Read more &rarr;<\/a><\/p>\n","protected":false},"author":1,"featured_media":0,"parent":0,"menu_order":0,"comment_status":"closed","ping_status":"closed","template":"menugenerico.php","meta":[],"_links":{"self":[{"href":"https:\/\/portal.compraspublicas.gob.ec\/sercop\/wp-json\/wp\/v2\/pages\/18914"}],"collection":[{"href":"https:\/\/portal.compraspublicas.gob.ec\/sercop\/wp-json\/wp\/v2\/pages"}],"about":[{"href":"https:\/\/portal.compraspublicas.gob.ec\/sercop\/wp-json\/wp\/v2\/types\/page"}],"author":[{"embeddable":true,"href":"https:\/\/portal.compraspublicas.gob.ec\/sercop\/wp-json\/wp\/v2\/users\/1"}],"replies":[{"embeddable":true,"href":"https:\/\/portal.compraspublicas.gob.ec\/sercop\/wp-json\/wp\/v2\/comments?post=18914"}],"version-history":[{"count":5,"href":"https:\/\/portal.compraspublicas.gob.ec\/sercop\/wp-json\/wp\/v2\/pages\/18914\/revisions"}],"predecessor-version":[{"id":43892,"href":"https:\/\/portal.compraspublicas.gob.ec\/sercop\/wp-json\/wp\/v2\/pages\/18914\/revisions\/43892"}],"wp:attachment":[{"href":"https:\/\/portal.compraspublicas.gob.ec\/sercop\/wp-json\/wp\/v2\/media?parent=18914"}],"curies":[{"name":"wp","href":"https:\/\/api.w.org\/{rel}","templated":true}]}}