{"id":18997,"date":"2017-01-26T09:50:18","date_gmt":"2017-01-26T14:50:18","guid":{"rendered":"http:\/\/portal.compraspublicas.gob.ec\/sercop\/?page_id=18997"},"modified":"2024-11-28T16:37:00","modified_gmt":"2024-11-28T21:37:00","slug":"transporte-carga-liviana-y-mixta-feria-inclusiva","status":"publish","type":"page","link":"https:\/\/portal.compraspublicas.gob.ec\/sercop\/transporte-carga-liviana-y-mixta-feria-inclusiva\/","title":{"rendered":"Transporte carga liviana y mixta &#8211; Feria Inclusiva"},"content":{"rendered":"<p style=\"display:flex\"><img loading=\"lazy\" class=\"alignnone\" src=\"https:\/\/portal.compraspublicas.gob.ec\/sercop\/wp-content\/uploads\/2015\/07\/camionetas-1024x346.png\" alt=\"\" width=\"666\" height=\"225\" \/><\/p>\n<p>&nbsp;<\/p>\n<p style=\"text-align: justify;\">Si\u00a0 te interesa participar en los Cat\u00e1logos Inclusivos del Servicio Nacional de Contrataci\u00f3n P\u00fablica revisa los requisitos de participaci\u00f3n para los productos lanzados mediante nuevas Ferias Inclusivas o mediante Adhesi\u00f3n de Productos.<\/p>\n<p><strong>PARA NUEVOS PROVEEDORES<\/strong><\/p>\n<ol>\n<li>Lee y analiza el <span style=\"color: #0000ff;\"><a style=\"color: #0000ff;\" href=\"https:\/\/portal.compraspublicas.gob.ec\/sercop\/wp-content\/uploads\/2017\/01\/cdi_sercop_004_2015_pliego.pdf\">pliego <\/a><\/span>detenidamente del proceso de catalogaci\u00f3n.<\/li>\n<li>Llena los <span style=\"color: #0000ff;\"><a style=\"color: #0000ff;\" href=\"https:\/\/portal.compraspublicas.gob.ec\/sercop\/wp-content\/uploads\/2017\/01\/formulario_alquiler_de_vehiculos.docx\">formularios <\/a><\/span>y requisitos de equipamiento y herramientas por producto que se solicitan en los pliegos. Recuerda que los formularios y los requisitos deben estar sumillados y numerados.<\/li>\n<li>Elaborar un oficio dirigido a la Direcci\u00f3n General del SERCOP, solicitando tu incorporaci\u00f3n al Cat\u00e1logo Din\u00e1mico Inclusivo<em><u>(<span style=\"color: #0000ff;\"><a style=\"color: #0000ff;\" href=\"https:\/\/portal.compraspublicas.gob.ec\/sercop\/wp-content\/uploads\/2017\/10\/modelo-de-oficio.doc\">Descarga modelo de oficio<\/a><\/span>)<\/u><\/em><u>.<\/u><\/li>\n<\/ol>\n<p>&nbsp;<\/p>\n<p><strong>PARA PROVEEDORES CATALOGADOS<\/strong><\/p>\n<p>Deber\u00e1n presentar la manifestaci\u00f3n de inter\u00e9s del producto en el que le interese participar. As\u00ed como la documentaci\u00f3n y requisitos establecidos en las fichas t\u00e9cnicas, las cuales deber\u00e1n estar con las respectivas sumillas.<\/p>\n<p>Entrega los documentos en un sobre cerrado en la ventanilla del SERCOP m\u00e1s cercana. <span style=\"color: #0000ff;\"><a style=\"color: #0000ff;\" href=\"https:\/\/portal.compraspublicas.gob.ec\/sercop\/contacto\/\"><em>Conoce d\u00f3nde estamos ubicados<\/em><\/a><\/span><\/p>\n<p>&nbsp;<\/p>\n<h3>\u00a0<span style=\"color: #0000ff;\"><a style=\"color: #0000ff;\" href=\"https:\/\/portal.compraspublicas.gob.ec\/sercop\/wp-content\/uploads\/2018\/12\/sercop-ctdc-2018-0018-c.pdf\"> Comunicado SERCOP-CTDC-2018-0018-c<\/a><\/span><\/h3>\n<p><!--\n\n\n<table width=\"870\">\n\n\n<tbody>\n\n\n<tr>\n\n\n<td width=\"583\"><strong>NOMBRE DEL PRODUCTO<\/strong><\/td>\n\n\n\n\n<td width=\"146\"><strong>FECHA DE PUBLICACI\u00d3N\u00a0<\/strong><\/td>\n\n\n\n\n<td width=\"141\"><strong>ACTUALIZACI\u00d3N<\/strong><\/td>\n\n\n<\/tr>\n\n\n\n\n<tr>\n\n\n<td width=\"583\"><span style=\"color: #0000ff;\"><a style=\"color: #0000ff;\" href=\"https:\/\/portal.compraspublicas.gob.ec\/sercop\/wp-content\/uploads\/2017\/01\/ficha_transporte_liviana_y_mixta.pdf\">Servicio de alquiler de veh\u00edculos de transporte comercial en las modalidades de carga liviana y mixta, que incluyan conductor<\/a><\/span><\/td>\n\n\n\n\n<td width=\"146\">11\/05\/2015<\/td>\n\n\n\n\n<td width=\"141\"><\/td>\n\n\n<\/tr>\n\n\n<\/tbody>\n\n\n<\/table>\n\n\n--><\/p>\n","protected":false},"excerpt":{"rendered":"<p class=\"excerpt\">&nbsp; Si\u00a0 te interesa participar en los Cat\u00e1logos Inclusivos del Servicio Nacional de Contrataci\u00f3n P\u00fablica revisa los requisitos de participaci\u00f3n para los productos lanzados mediante nuevas Ferias Inclusivas o mediante Adhesi\u00f3n de Productos. PARA NUEVOS PROVEEDORES Lee y analiza el pliego detenidamente del proceso de catalogaci\u00f3n. Llena los formularios y requisitos de equipamiento y herramientas por producto que se solicitan&hellip; <a href=\"https:\/\/portal.compraspublicas.gob.ec\/sercop\/transporte-carga-liviana-y-mixta-feria-inclusiva\/\">Read more &rarr;<\/a><\/p>\n","protected":false},"author":1,"featured_media":0,"parent":0,"menu_order":0,"comment_status":"closed","ping_status":"closed","template":"menugenerico.php","meta":[],"_links":{"self":[{"href":"https:\/\/portal.compraspublicas.gob.ec\/sercop\/wp-json\/wp\/v2\/pages\/18997"}],"collection":[{"href":"https:\/\/portal.compraspublicas.gob.ec\/sercop\/wp-json\/wp\/v2\/pages"}],"about":[{"href":"https:\/\/portal.compraspublicas.gob.ec\/sercop\/wp-json\/wp\/v2\/types\/page"}],"author":[{"embeddable":true,"href":"https:\/\/portal.compraspublicas.gob.ec\/sercop\/wp-json\/wp\/v2\/users\/1"}],"replies":[{"embeddable":true,"href":"https:\/\/portal.compraspublicas.gob.ec\/sercop\/wp-json\/wp\/v2\/comments?post=18997"}],"version-history":[{"count":7,"href":"https:\/\/portal.compraspublicas.gob.ec\/sercop\/wp-json\/wp\/v2\/pages\/18997\/revisions"}],"predecessor-version":[{"id":60522,"href":"https:\/\/portal.compraspublicas.gob.ec\/sercop\/wp-json\/wp\/v2\/pages\/18997\/revisions\/60522"}],"wp:attachment":[{"href":"https:\/\/portal.compraspublicas.gob.ec\/sercop\/wp-json\/wp\/v2\/media?parent=18997"}],"curies":[{"name":"wp","href":"https:\/\/api.w.org\/{rel}","templated":true}]}}