{"id":19300,"date":"2017-02-06T09:22:49","date_gmt":"2017-02-06T14:22:49","guid":{"rendered":"http:\/\/portal.compraspublicas.gob.ec\/sercop\/?page_id=19300"},"modified":"2017-02-06T11:58:12","modified_gmt":"2017-02-06T16:58:12","slug":"cronograma-evaluaciones-tecnicas-y-psicometricas-7","status":"publish","type":"page","link":"https:\/\/portal.compraspublicas.gob.ec\/sercop\/cronograma-evaluaciones-tecnicas-y-psicometricas-7\/","title":{"rendered":"Cronograma Evaluaci\u00f3nes T\u00e9cnicas y Psicom\u00e9tricas"},"content":{"rendered":"<h3 style=\"text-align: center;\"><a>\u00a0Convocatoria 2017<\/a><\/h3>\n<h3 style=\"text-align: center;\">Cronograma Evaluaci\u00f3nes T\u00e9cnicas y Psicom\u00e9tricas<\/h3>\n<table style=\"height: 221px;\" width=\"519\">\n<tbody>\n<tr>\n<td width=\"243\"><span style=\"color: #0000ff;\"><a style=\"color: #0000ff;\" href=\"http:\/\/portal.compraspublicas.gob.ec\/sercop\/wp-content\/uploads\/2017\/02\/CRONOGRAMA-DE-PRUEBAS-ESPECIALISTA-DE-CAPACITACI\u00d3N2.xlsx\">Especialista de Capacitaci\u00f3n<\/a><\/span><\/td>\n<\/tr>\n<tr>\n<td width=\"243\"><span style=\"color: #0000ff;\"><a style=\"color: #0000ff;\" href=\"http:\/\/portal.compraspublicas.gob.ec\/sercop\/wp-content\/uploads\/2017\/02\/CRONOGRAMA-DE-PRUEBAS.xlsx\">Analista de Supervisi\u00f3n de Procedimientos<\/a><\/span><\/td>\n<\/tr>\n<\/tbody>\n<\/table>\n","protected":false},"excerpt":{"rendered":"<p class=\"excerpt\">\u00a0Convocatoria 2017 Cronograma Evaluaci\u00f3nes T\u00e9cnicas y Psicom\u00e9tricas Especialista de Capacitaci\u00f3n Analista de Supervisi\u00f3n de Procedimientos <a href=\"https:\/\/portal.compraspublicas.gob.ec\/sercop\/cronograma-evaluaciones-tecnicas-y-psicometricas-7\/\">Read more &rarr;<\/a><\/p>\n","protected":false},"author":1,"featured_media":0,"parent":0,"menu_order":0,"comment_status":"closed","ping_status":"closed","template":"meritos.php","meta":[],"_links":{"self":[{"href":"https:\/\/portal.compraspublicas.gob.ec\/sercop\/wp-json\/wp\/v2\/pages\/19300"}],"collection":[{"href":"https:\/\/portal.compraspublicas.gob.ec\/sercop\/wp-json\/wp\/v2\/pages"}],"about":[{"href":"https:\/\/portal.compraspublicas.gob.ec\/sercop\/wp-json\/wp\/v2\/types\/page"}],"author":[{"embeddable":true,"href":"https:\/\/portal.compraspublicas.gob.ec\/sercop\/wp-json\/wp\/v2\/users\/1"}],"replies":[{"embeddable":true,"href":"https:\/\/portal.compraspublicas.gob.ec\/sercop\/wp-json\/wp\/v2\/comments?post=19300"}],"version-history":[{"count":0,"href":"https:\/\/portal.compraspublicas.gob.ec\/sercop\/wp-json\/wp\/v2\/pages\/19300\/revisions"}],"wp:attachment":[{"href":"https:\/\/portal.compraspublicas.gob.ec\/sercop\/wp-json\/wp\/v2\/media?parent=19300"}],"curies":[{"name":"wp","href":"https:\/\/api.w.org\/{rel}","templated":true}]}}