{"id":19309,"date":"2017-02-06T09:44:59","date_gmt":"2017-02-06T14:44:59","guid":{"rendered":"http:\/\/portal.compraspublicas.gob.ec\/sercop\/?page_id=19309"},"modified":"2025-11-20T10:19:22","modified_gmt":"2025-11-20T15:19:22","slug":"metalmecanica-feria-inclusiva","status":"publish","type":"page","link":"https:\/\/portal.compraspublicas.gob.ec\/sercop\/metalmecanica-feria-inclusiva\/","title":{"rendered":"Metalmec\u00e1nica &#8211; Feria Inclusiva"},"content":{"rendered":"<p style=\"display: flex;\"><img loading=\"lazy\" class=\"alignnone\" src=\"https:\/\/portal.compraspublicas.gob.ec\/sercop\/wp-content\/uploads\/2016\/03\/22979196222_5efec80937_o1.jpg\" alt=\"\" width=\"756\" height=\"256\" \/><\/p>\n<p>Si\u00a0 te interesa participar en los Cat\u00e1logos Inclusivos del Servicio Nacional de Contrataci\u00f3n P\u00fablica revisa los requisitos de participaci\u00f3n para los productos lanzados mediante nuevas Ferias Inclusivas o mediante Adhesi\u00f3n de Productos.<\/p>\n<p><strong>OBLIGACIONES<\/strong><\/p>\n<p>Los proveedores u oferentes deber\u00e1n verificar que su informaci\u00f3n registrada en el SOCE\u2013RUP se encuentre actualizada, conforme lo establece el art\u00edculo 34 del Reglamento a la Ley Org\u00e1nica del Sistema Nacional de Contrataci\u00f3n P\u00fablica, el cual dispone que la falta de actualizaci\u00f3n dentro de los diez (10) d\u00edas posteriores a cualquier modificaci\u00f3n puede generar la suspensi\u00f3n hasta que regularice sus datos; cumplir con esta obligaci\u00f3n evita observaciones y garantiza una participaci\u00f3n adecuada en los procesos.<\/p>\n<p>&nbsp;<\/p>\n<p><strong>PARA NUEVOS PROVEEDORES<\/strong><\/p>\n<ol>\n<li>Lee y analiza el <span style=\"color: #0000ff;\"><a style=\"color: #0000ff;\" href=\"https:\/\/portal.compraspublicas.gob.ec\/sercop\/wp-content\/uploads\/2017\/02\/pliego_metalmecanica.pdf\">pliego<\/a><\/span> detenidamente del proceso de catalogaci\u00f3n.<\/li>\n<li>Llena los <span style=\"color: #0000ff;\"><a style=\"color: #0000ff;\" href=\"https:\/\/portal.compraspublicas.gob.ec\/sercop\/wp-content\/uploads\/2017\/02\/formulario_metalmecanica.docx\">formularios <\/a><\/span>y requisitos de equipamiento y herramientas por producto que se solicitan en los pliegos. Recuerda que los formularios y los requisitos deben estar sumillados y numerados.<\/li>\n<\/ol>\n<p><strong>PARA PROVEEDORES CATALOGADOS<\/strong><\/p>\n<p>Deber\u00e1n presentar la manifestaci\u00f3n de inter\u00e9s del producto en el que le interese participar. As\u00ed como la documentaci\u00f3n y requisitos establecidos en las fichas t\u00e9cnicas, las cuales deber\u00e1n estar con las respectivas sumillas.<\/p>\n<p><strong><u>CONSIDERACIONES:<\/u><\/strong><\/p>\n<ul>\n<li>La oferta o manifestaci\u00f3n de inter\u00e9s obligatoriamente deber\u00e1 ser firmada electr\u00f3nicamente por el representante legal, apoderado, persona natural o procurador com\u00fan, con sus respectivos anexos o documentaci\u00f3n de respaldo seg\u00fan el caso.<\/li>\n<\/ul>\n<ul>\n<li>Si el proveedor desea participar en m\u00e1s de un producto de metalmec\u00e1nica debe dividir su capacidad productiva m\u00e1xima en tantas fichas como desee participar<\/li>\n<\/ul>\n<table width=\"861\">\n<tbody>\n<tr>\n<td style=\"text-align: center;\" width=\"159\">Descargue el Documento<\/td>\n<td><a href=\"https:\/\/portal.compraspublicas.gob.ec\/sercop\/wp-content\/uploads\/2025\/11\/Cuaderno-Trabajo-_Manual-Operativo-ejecucio\u0301n-CDI_Capacidad-productiva.pdf\"><strong>Manual operativo para la ejecuci\u00f3n interna de los procesos de Catalogo Din\u00e1mico Inclusivo: modificaci\u00f3n de capacidad productiva de proveedores catalogados<\/strong><\/a><\/td>\n<\/tr>\n<\/tbody>\n<\/table>\n<ul>\n<li>Finalmente, la oferta o manifestaci\u00f3n de inter\u00e9s deber\u00e1 ser enviada al correo electr\u00f3nico <strong>ofertascatalogo@sercop.gob.ec<\/strong>, de ser el caso, si el tama\u00f1o del o los archivos no le permita remitir la oferta por correo electr\u00f3nico, el oferente podr\u00e1 usar un servicio web de alojamiento de archivos, y deber\u00e1 enviar el link, mismo que debe ser de acceso p\u00fablico sin clave y sin fecha de caducidad.<\/li>\n<\/ul>\n<table width=\"737\">\n<tbody>\n<tr>\n<td width=\"478\"><strong>NOMBRE DEL PRODUCTO<\/strong><\/td>\n<td width=\"159\"><strong>FECHA DE PUBLICACI\u00d3N\u00a0<\/strong><\/td>\n<td width=\"100\"><strong>ACTUALIZACIONES<\/strong><\/td>\n<\/tr>\n<tr>\n<td width=\"478\"><span style=\"color: #0000ff;\"><a style=\"color: #0000ff;\" href=\"https:\/\/portal.compraspublicas.gob.ec\/sercop\/wp-content\/uploads\/2017\/02\/mesa_bachillerato_1ro_a_3ro.pdf\">Mesa para ni\u00f1os de bachillerato general unificado desde 1ro a 3ro fabricada en madera y metal<\/a><\/span><\/td>\n<td width=\"159\">18\/06\/2015<\/td>\n<td width=\"100\"><\/td>\n<\/tr>\n<tr>\n<td width=\"478\"><span style=\"color: #0000ff;\"><a style=\"color: #0000ff;\" href=\"https:\/\/portal.compraspublicas.gob.ec\/sercop\/wp-content\/uploads\/2017\/02\/mesa_ninos_egb_2do_a_4to.pdf\">Mesa para ni\u00f1os de educaci\u00f3n general b\u00e1sica desde 2do a 4to fabricada en madera y metal<\/a><\/span><\/td>\n<td width=\"159\">18\/06\/2015<\/td>\n<td width=\"100\"><\/td>\n<\/tr>\n<tr>\n<td width=\"478\"><span style=\"color: #0000ff;\"><a style=\"color: #0000ff;\" href=\"https:\/\/portal.compraspublicas.gob.ec\/sercop\/wp-content\/uploads\/2017\/02\/mesa_ninos_egb_5to_a_7mo.pdf\">Mesa para ni\u00f1os de educaci\u00f3n general b\u00e1sica desde 5to\u00a0 a 7mo fabricada en madera y metal\u00a0<\/a><\/span><\/td>\n<td width=\"159\">18\/06\/2015<\/td>\n<td width=\"100\"><\/td>\n<\/tr>\n<tr>\n<td width=\"478\"><span style=\"color: #0000ff;\"><a style=\"color: #0000ff;\" href=\"https:\/\/portal.compraspublicas.gob.ec\/sercop\/wp-content\/uploads\/2017\/02\/mesa_ninos_egb_8vo_a_10mo.pdf\">Mesa para ni\u00f1os de educaci\u00f3n general b\u00e1sica desde 8vo a 10mo fabricada en madera y metal\u00a0<\/a><\/span><\/td>\n<td width=\"159\">18\/06\/2015<\/td>\n<td width=\"100\"><\/td>\n<\/tr>\n<tr>\n<td width=\"478\"><span style=\"color: #0000ff;\"><a style=\"color: #0000ff;\" href=\"https:\/\/portal.compraspublicas.gob.ec\/sercop\/wp-content\/uploads\/2017\/02\/silla_bachillerato_1ro_a_3ro.pdf\">Silla para ni\u00f1os de bachillerato general unificado desde 1ro a 3ro fabricada en madera y metal<\/a><\/span><\/td>\n<td width=\"159\">18\/06\/2015<\/td>\n<td width=\"100\"><\/td>\n<\/tr>\n<tr>\n<td width=\"478\"><span style=\"color: #0000ff;\"><a style=\"color: #0000ff;\" href=\"https:\/\/portal.compraspublicas.gob.ec\/sercop\/wp-content\/uploads\/2017\/02\/silla_ninos_egb_2do_a_4to.pdf\">Silla para ni\u00f1os de educaci\u00f3n general b\u00e1sica desde 2do a 4to fabricada en madera y metal<\/a><\/span><\/td>\n<td width=\"159\">18\/06\/2015<\/td>\n<td width=\"100\"><\/td>\n<\/tr>\n<tr>\n<td width=\"478\"><span style=\"color: #0000ff;\"><a style=\"color: #0000ff;\" href=\"https:\/\/portal.compraspublicas.gob.ec\/sercop\/wp-content\/uploads\/2017\/02\/mesa_ninos_egb_8vo_a_10mo.pdf\">Silla para ni\u00f1os de educaci\u00f3n general b\u00e1sica desde 8vo a 10mo fabricada en madera y metal\u00a0<\/a><\/span><\/td>\n<td width=\"159\">18\/06\/2015<\/td>\n<td width=\"100\"><\/td>\n<\/tr>\n<tr>\n<td width=\"478\"><span style=\"color: #0000ff;\"><a style=\"color: #0000ff;\" href=\"https:\/\/portal.compraspublicas.gob.ec\/sercop\/wp-content\/uploads\/2017\/02\/silla_ninos_egb_5to_a_7mo.pdf\">Silla para ni\u00f1os de educaci\u00f3n general b\u00e1sica desde 5to a 7mo fabricada en madera y metal<\/a><\/span><\/td>\n<td width=\"159\">18\/06\/2015<\/td>\n<td width=\"100\"><\/td>\n<\/tr>\n<\/tbody>\n<\/table>\n","protected":false},"excerpt":{"rendered":"<p class=\"excerpt\">Si\u00a0 te interesa participar en los Cat\u00e1logos Inclusivos del Servicio Nacional de Contrataci\u00f3n P\u00fablica revisa los requisitos de participaci\u00f3n para los productos lanzados mediante nuevas Ferias Inclusivas o mediante Adhesi\u00f3n de Productos. OBLIGACIONES Los proveedores u oferentes deber\u00e1n verificar que su informaci\u00f3n registrada en el SOCE\u2013RUP se encuentre actualizada, conforme lo establece el art\u00edculo 34 del Reglamento a la Ley&hellip; <a href=\"https:\/\/portal.compraspublicas.gob.ec\/sercop\/metalmecanica-feria-inclusiva\/\">Read more &rarr;<\/a><\/p>\n","protected":false},"author":1,"featured_media":0,"parent":0,"menu_order":0,"comment_status":"closed","ping_status":"closed","template":"menugenerico.php","meta":[],"_links":{"self":[{"href":"https:\/\/portal.compraspublicas.gob.ec\/sercop\/wp-json\/wp\/v2\/pages\/19309"}],"collection":[{"href":"https:\/\/portal.compraspublicas.gob.ec\/sercop\/wp-json\/wp\/v2\/pages"}],"about":[{"href":"https:\/\/portal.compraspublicas.gob.ec\/sercop\/wp-json\/wp\/v2\/types\/page"}],"author":[{"embeddable":true,"href":"https:\/\/portal.compraspublicas.gob.ec\/sercop\/wp-json\/wp\/v2\/users\/1"}],"replies":[{"embeddable":true,"href":"https:\/\/portal.compraspublicas.gob.ec\/sercop\/wp-json\/wp\/v2\/comments?post=19309"}],"version-history":[{"count":9,"href":"https:\/\/portal.compraspublicas.gob.ec\/sercop\/wp-json\/wp\/v2\/pages\/19309\/revisions"}],"predecessor-version":[{"id":63298,"href":"https:\/\/portal.compraspublicas.gob.ec\/sercop\/wp-json\/wp\/v2\/pages\/19309\/revisions\/63298"}],"wp:attachment":[{"href":"https:\/\/portal.compraspublicas.gob.ec\/sercop\/wp-json\/wp\/v2\/media?parent=19309"}],"curies":[{"name":"wp","href":"https:\/\/api.w.org\/{rel}","templated":true}]}}