{"id":20940,"date":"2017-03-17T10:04:38","date_gmt":"2017-03-17T15:04:38","guid":{"rendered":"http:\/\/portal.compraspublicas.gob.ec\/sercop\/?page_id=20940"},"modified":"2024-11-28T16:20:49","modified_gmt":"2024-11-28T21:20:49","slug":"salud-contigo","status":"publish","type":"page","link":"https:\/\/portal.compraspublicas.gob.ec\/sercop\/salud-contigo\/","title":{"rendered":"Salud Contigo"},"content":{"rendered":"<p><a style=\"display:flex\" href=\"https:\/\/saludcontigo.compraspublicas.gob.ec\/\"><img loading=\"lazy\" class=\" aligncenter\" src=\"https:\/\/portal.compraspublicas.gob.ec\/sercop\/wp-content\/uploads\/2017\/03\/ingresa_clic1.png\" alt=\"\" width=\"800\" height=\"70\" \/><\/a><\/p>\n<p><span style=\"color: #0000ff;\"><a style=\"color: #0000ff;\" href=\"https:\/\/saludcontigo.compraspublicas.gob.ec\/\">Saludcontigo<\/a><\/span> es la aplicaci\u00f3n con la que la ciudadan\u00eda puede verificar la informaci\u00f3n de los medicamentos que m\u00e1s de tres mil centros de la Red P\u00fablica Integral de Salud adquirieron mediante la Subasta Inversa Corporativa de Medicamentos en 216.<\/p>\n<p><a href=\"https:\/\/portal.compraspublicas.gob.ec\/sercop\/wp-content\/uploads\/2017\/03\/1.png\"><img loading=\"lazy\" class=\"aligncenter wp-image-20943\" src=\"https:\/\/portal.compraspublicas.gob.ec\/sercop\/wp-content\/uploads\/2017\/03\/1.png\" alt=\"1\" width=\"800\" height=\"390\" srcset=\"https:\/\/portal.compraspublicas.gob.ec\/sercop\/wp-content\/uploads\/2017\/03\/1.png 1600w, https:\/\/portal.compraspublicas.gob.ec\/sercop\/wp-content\/uploads\/2017\/03\/1-300x146.png 300w, https:\/\/portal.compraspublicas.gob.ec\/sercop\/wp-content\/uploads\/2017\/03\/1-1024x499.png 1024w\" sizes=\"(max-width: 800px) 100vw, 800px\" \/><\/a><\/p>\n<p>Al ingresar a <span style=\"color: #0000ff;\"><a style=\"color: #0000ff;\" href=\"https:\/\/saludcontigo.compraspublicas.gob.ec\/\">saludcontigo.compraspublicas.gob.ec<\/a><\/span> usted podr\u00e1 escribir el nombre del centro de salud u hospital cuyas adquisiciones desea verificar. El sistema le remitir\u00e1 de inmediato a la localidad en la que se ubica y dar\u00e1 a conocer todos los detalles del proceso de compra.<\/p>\n<p>&nbsp;<\/p>\n<p><a href=\"https:\/\/portal.compraspublicas.gob.ec\/sercop\/wp-content\/uploads\/2017\/03\/2.png\"><img loading=\"lazy\" class=\"aligncenter wp-image-20944\" src=\"https:\/\/portal.compraspublicas.gob.ec\/sercop\/wp-content\/uploads\/2017\/03\/2.png\" alt=\"2\" width=\"800\" height=\"389\" srcset=\"https:\/\/portal.compraspublicas.gob.ec\/sercop\/wp-content\/uploads\/2017\/03\/2.png 1600w, https:\/\/portal.compraspublicas.gob.ec\/sercop\/wp-content\/uploads\/2017\/03\/2-300x146.png 300w, https:\/\/portal.compraspublicas.gob.ec\/sercop\/wp-content\/uploads\/2017\/03\/2-1024x497.png 1024w\" sizes=\"(max-width: 800px) 100vw, 800px\" \/><\/a><\/p>\n<p>De igual forma, usted podr\u00e1 ingresar a esta b\u00fasqueda haciendo clic en el mapa georeferenciado \u00a0que muestra a todos los hospitales y centros de salud a nivel nacional.<\/p>\n<p><a href=\"https:\/\/portal.compraspublicas.gob.ec\/sercop\/wp-content\/uploads\/2017\/03\/3.png\"><img loading=\"lazy\" class=\"aligncenter wp-image-20945\" src=\"https:\/\/portal.compraspublicas.gob.ec\/sercop\/wp-content\/uploads\/2017\/03\/3.png\" alt=\"3\" width=\"800\" height=\"387\" srcset=\"https:\/\/portal.compraspublicas.gob.ec\/sercop\/wp-content\/uploads\/2017\/03\/3.png 1600w, https:\/\/portal.compraspublicas.gob.ec\/sercop\/wp-content\/uploads\/2017\/03\/3-300x145.png 300w, https:\/\/portal.compraspublicas.gob.ec\/sercop\/wp-content\/uploads\/2017\/03\/3-1024x495.png 1024w\" sizes=\"(max-width: 800px) 100vw, 800px\" \/><\/a><br \/>\nEn caso de que no logre localizar alg\u00fan centro de salud, recuerde que tambi\u00e9n las\u00a0 Coordinaciones y Distritos adquieren las medicinas para su posterior distribuci\u00f3n en cada jurisdicci\u00f3n.<\/p>\n<p><a href=\"https:\/\/portal.compraspublicas.gob.ec\/sercop\/wp-content\/uploads\/2017\/03\/5.png\"><img loading=\"lazy\" class=\"aligncenter wp-image-20946\" src=\"https:\/\/portal.compraspublicas.gob.ec\/sercop\/wp-content\/uploads\/2017\/03\/5.png\" alt=\"5\" width=\"800\" height=\"394\" srcset=\"https:\/\/portal.compraspublicas.gob.ec\/sercop\/wp-content\/uploads\/2017\/03\/5.png 1570w, https:\/\/portal.compraspublicas.gob.ec\/sercop\/wp-content\/uploads\/2017\/03\/5-300x148.png 300w, https:\/\/portal.compraspublicas.gob.ec\/sercop\/wp-content\/uploads\/2017\/03\/5-1024x505.png 1024w\" sizes=\"(max-width: 800px) 100vw, 800px\" \/><\/a><\/p>\n<div style=\"position: relative; height: 0; padding-bottom: 56.25%;\"><iframe loading=\"lazy\" style=\"position: absolute; width: 100%; height: 100%; left: 0;\" src=\"https:\/\/www.youtube.com\/embed\/kKBcWPjJeG4?ecver=2\" width=\"640\" height=\"360\" frameborder=\"0\" allowfullscreen=\"allowfullscreen\"><\/iframe><\/div>\n","protected":false},"excerpt":{"rendered":"<p class=\"excerpt\">Saludcontigo es la aplicaci\u00f3n con la que la ciudadan\u00eda puede verificar la informaci\u00f3n de los medicamentos que m\u00e1s de tres mil centros de la Red P\u00fablica Integral de Salud adquirieron mediante la Subasta Inversa Corporativa de Medicamentos en 216. Al ingresar a saludcontigo.compraspublicas.gob.ec usted podr\u00e1 escribir el nombre del centro de salud u hospital cuyas adquisiciones desea verificar. El sistema&hellip; <a href=\"https:\/\/portal.compraspublicas.gob.ec\/sercop\/salud-contigo\/\">Read more &rarr;<\/a><\/p>\n","protected":false},"author":1,"featured_media":0,"parent":0,"menu_order":0,"comment_status":"closed","ping_status":"closed","template":"menugenerico.php","meta":[],"_links":{"self":[{"href":"https:\/\/portal.compraspublicas.gob.ec\/sercop\/wp-json\/wp\/v2\/pages\/20940"}],"collection":[{"href":"https:\/\/portal.compraspublicas.gob.ec\/sercop\/wp-json\/wp\/v2\/pages"}],"about":[{"href":"https:\/\/portal.compraspublicas.gob.ec\/sercop\/wp-json\/wp\/v2\/types\/page"}],"author":[{"embeddable":true,"href":"https:\/\/portal.compraspublicas.gob.ec\/sercop\/wp-json\/wp\/v2\/users\/1"}],"replies":[{"embeddable":true,"href":"https:\/\/portal.compraspublicas.gob.ec\/sercop\/wp-json\/wp\/v2\/comments?post=20940"}],"version-history":[{"count":1,"href":"https:\/\/portal.compraspublicas.gob.ec\/sercop\/wp-json\/wp\/v2\/pages\/20940\/revisions"}],"predecessor-version":[{"id":60506,"href":"https:\/\/portal.compraspublicas.gob.ec\/sercop\/wp-json\/wp\/v2\/pages\/20940\/revisions\/60506"}],"wp:attachment":[{"href":"https:\/\/portal.compraspublicas.gob.ec\/sercop\/wp-json\/wp\/v2\/media?parent=20940"}],"curies":[{"name":"wp","href":"https:\/\/api.w.org\/{rel}","templated":true}]}}