{"id":20974,"date":"2017-03-17T15:16:15","date_gmt":"2017-03-17T20:16:15","guid":{"rendered":"http:\/\/portal.compraspublicas.gob.ec\/sercop\/?page_id=20974"},"modified":"2017-03-17T18:07:44","modified_gmt":"2017-03-17T23:07:44","slug":"zonal-4","status":"publish","type":"page","link":"https:\/\/portal.compraspublicas.gob.ec\/sercop\/zonal-4\/","title":{"rendered":"ZONAL 4"},"content":{"rendered":"<p><strong>La Zonal 4, compuesta por las provincia de Manab\u00ed y Santo Domingo de los Ts\u00e1chilas, est\u00e1 abastecida.<\/strong><\/p>\n<p><center><br \/>\n<a title=\"Zonal 4 - Verificaci\u00f3n existencia de medicamentos en hospitales p\u00fablicos\" href=\"https:\/\/www.flickr.com\/photos\/sercopecuador\/albums\/72157678166224493\" data-flickr-embed=\"true\" data-header=\"true\" data-footer=\"true\"><img loading=\"lazy\" src=\"https:\/\/c1.staticflickr.com\/4\/3861\/33114936170_cc34231928.jpg\" alt=\"Zonal 4 - Verificaci\u00f3n existencia de medicamentos en hospitales p\u00fablicos\" width=\"375\" height=\"500\" \/><\/a><script src=\"\/\/embedr.flickr.com\/assets\/client-code.js\" async=\"\" charset=\"utf-8\"><\/script><\/center><\/p>\n","protected":false},"excerpt":{"rendered":"<p class=\"excerpt\">La Zonal 4, compuesta por las provincia de Manab\u00ed y Santo Domingo de los Ts\u00e1chilas, est\u00e1 abastecida. <a href=\"https:\/\/portal.compraspublicas.gob.ec\/sercop\/zonal-4\/\">Read more &rarr;<\/a><\/p>\n","protected":false},"author":1,"featured_media":0,"parent":0,"menu_order":0,"comment_status":"closed","ping_status":"closed","template":"menu_albummedica.php","meta":[],"_links":{"self":[{"href":"https:\/\/portal.compraspublicas.gob.ec\/sercop\/wp-json\/wp\/v2\/pages\/20974"}],"collection":[{"href":"https:\/\/portal.compraspublicas.gob.ec\/sercop\/wp-json\/wp\/v2\/pages"}],"about":[{"href":"https:\/\/portal.compraspublicas.gob.ec\/sercop\/wp-json\/wp\/v2\/types\/page"}],"author":[{"embeddable":true,"href":"https:\/\/portal.compraspublicas.gob.ec\/sercop\/wp-json\/wp\/v2\/users\/1"}],"replies":[{"embeddable":true,"href":"https:\/\/portal.compraspublicas.gob.ec\/sercop\/wp-json\/wp\/v2\/comments?post=20974"}],"version-history":[{"count":0,"href":"https:\/\/portal.compraspublicas.gob.ec\/sercop\/wp-json\/wp\/v2\/pages\/20974\/revisions"}],"wp:attachment":[{"href":"https:\/\/portal.compraspublicas.gob.ec\/sercop\/wp-json\/wp\/v2\/media?parent=20974"}],"curies":[{"name":"wp","href":"https:\/\/api.w.org\/{rel}","templated":true}]}}