{"id":21194,"date":"2017-03-29T10:19:11","date_gmt":"2017-03-29T15:19:11","guid":{"rendered":"http:\/\/portal.compraspublicas.gob.ec\/sercop\/?page_id=21194"},"modified":"2017-04-11T11:54:53","modified_gmt":"2017-04-11T16:54:53","slug":"la-economia-popular-y-solidaria","status":"publish","type":"page","link":"https:\/\/portal.compraspublicas.gob.ec\/sercop\/la-economia-popular-y-solidaria\/","title":{"rendered":"La Econom\u00eda Popular Y Solidaria"},"content":{"rendered":"<p><a href=\"http:\/\/portal.compraspublicas.gob.ec\/sercop\/wp-content\/uploads\/2017\/03\/banner_eps1.jpg\"><img loading=\"lazy\" class=\"aligncenter  wp-image-21207\" src=\"http:\/\/portal.compraspublicas.gob.ec\/sercop\/wp-content\/uploads\/2017\/03\/banner_eps1.jpg\" alt=\"banner_eps1\" width=\"642\" height=\"161\" srcset=\"https:\/\/portal.compraspublicas.gob.ec\/sercop\/wp-content\/uploads\/2017\/03\/banner_eps1.jpg 630w, https:\/\/portal.compraspublicas.gob.ec\/sercop\/wp-content\/uploads\/2017\/03\/banner_eps1-300x75.jpg 300w\" sizes=\"(max-width: 642px) 100vw, 642px\" \/><\/a><\/p>\n<p style=\"text-align: justify;\">La solidaridad, entendida desde los principios de la Econom\u00eda Popular y Solidaria (EPS), es una forma de organizaci\u00f3n de personas que buscan el bien com\u00fan y cuya base de desarrollo se fundamenta en el compa\u00f1erismo, la productividad incluyente, participativa y equitativa; es decir que no busca el lucro o rentabilidad individual sino el crecimiento colectivo de una comunidad.<\/p>\n<p style=\"text-align: justify;\">La asociatividad representa una opci\u00f3n para construir redes de empresas solidarias, autogestionarias, que producen bienes necesarios para la vida social; con caracter\u00edsticas de sustentabilidad y calidad que generan bienestar a trav\u00e9s del trabajo.<\/p>\n<p style=\"text-align: justify;\">La preocupaci\u00f3n del SERCOP por hacer del Buen Vivir una realidad ha posibilitado que la lucha contra la pobreza se haga efectiva a trav\u00e9s de diferentes pol\u00edticas como la preferencia a los bienes, obras y servicios de origen ecuatoriano y a los actores de la Econom\u00eda Popular y Solidaria, micro, peque\u00f1as y medianas empresas, tal como consta en el art\u00edculo 25 de la Ley Org\u00e1nica del Sistema Nacional de Contrataci\u00f3n P\u00fablica.<\/p>\n<p style=\"text-align: justify;\">Actualmente, existen 12 mil asociaciones de la EPS registradas en los Cat\u00e1logos Din\u00e1micos Inclusivos. Muchas de ellas ya tienen contratos con diferentes instituciones p\u00fablicas en todo el pa\u00eds.<\/p>\n<p><iframe loading=\"lazy\" src=\"https:\/\/www.youtube.com\/embed\/YPmJcrmTmMU\" width=\"560\" height=\"315\" frameborder=\"0\" allowfullscreen=\"allowfullscreen\"><\/iframe><\/p>\n","protected":false},"excerpt":{"rendered":"<p class=\"excerpt\">La solidaridad, entendida desde los principios de la Econom\u00eda Popular y Solidaria (EPS), es una forma de organizaci\u00f3n de personas que buscan el bien com\u00fan y cuya base de desarrollo se fundamenta en el compa\u00f1erismo, la productividad incluyente, participativa y equitativa; es decir que no busca el lucro o rentabilidad individual sino el crecimiento colectivo de una comunidad. La asociatividad&hellip; <a href=\"https:\/\/portal.compraspublicas.gob.ec\/sercop\/la-economia-popular-y-solidaria\/\">Read more &rarr;<\/a><\/p>\n","protected":false},"author":1,"featured_media":0,"parent":0,"menu_order":0,"comment_status":"closed","ping_status":"closed","template":"menu_eps.php","meta":[],"_links":{"self":[{"href":"https:\/\/portal.compraspublicas.gob.ec\/sercop\/wp-json\/wp\/v2\/pages\/21194"}],"collection":[{"href":"https:\/\/portal.compraspublicas.gob.ec\/sercop\/wp-json\/wp\/v2\/pages"}],"about":[{"href":"https:\/\/portal.compraspublicas.gob.ec\/sercop\/wp-json\/wp\/v2\/types\/page"}],"author":[{"embeddable":true,"href":"https:\/\/portal.compraspublicas.gob.ec\/sercop\/wp-json\/wp\/v2\/users\/1"}],"replies":[{"embeddable":true,"href":"https:\/\/portal.compraspublicas.gob.ec\/sercop\/wp-json\/wp\/v2\/comments?post=21194"}],"version-history":[{"count":0,"href":"https:\/\/portal.compraspublicas.gob.ec\/sercop\/wp-json\/wp\/v2\/pages\/21194\/revisions"}],"wp:attachment":[{"href":"https:\/\/portal.compraspublicas.gob.ec\/sercop\/wp-json\/wp\/v2\/media?parent=21194"}],"curies":[{"name":"wp","href":"https:\/\/api.w.org\/{rel}","templated":true}]}}