{"id":21216,"date":"2017-03-29T15:44:39","date_gmt":"2017-03-29T20:44:39","guid":{"rendered":"http:\/\/portal.compraspublicas.gob.ec\/sercop\/?page_id=21216"},"modified":"2017-04-07T14:20:33","modified_gmt":"2017-04-07T19:20:33","slug":"catalogo-dinamicos-inclusivos","status":"publish","type":"page","link":"https:\/\/portal.compraspublicas.gob.ec\/sercop\/catalogo-dinamicos-inclusivos\/","title":{"rendered":"Los Cat\u00e1logos Din\u00e1micos Inclusivos promueven trabajo digno para la Econom\u00eda Popular y Solidaria"},"content":{"rendered":"<p style=\"text-align: justify;\"><a href=\"http:\/\/portal.compraspublicas.gob.ec\/sercop\/wp-content\/uploads\/2017\/03\/banner_eps61.jpg\"><img loading=\"lazy\" class=\"aligncenter size-full wp-image-21226\" src=\"http:\/\/portal.compraspublicas.gob.ec\/sercop\/wp-content\/uploads\/2017\/03\/banner_eps61.jpg\" alt=\"banner_eps6(1)\" width=\"630\" height=\"158\" srcset=\"https:\/\/portal.compraspublicas.gob.ec\/sercop\/wp-content\/uploads\/2017\/03\/banner_eps61.jpg 630w, https:\/\/portal.compraspublicas.gob.ec\/sercop\/wp-content\/uploads\/2017\/03\/banner_eps61-300x75.jpg 300w\" sizes=\"(max-width: 630px) 100vw, 630px\" \/><\/a><\/p>\n<p style=\"text-align: justify;\">En el cat\u00e1logo electr\u00f3nico se ofertan 800 tipos de bienes y servicios clasificados en distintas categor\u00edas: servicio de limpieza, pintura, cafeter\u00eda, metalmec\u00e1nica, conexi\u00f3n de cocinas a inducci\u00f3n, fabricaci\u00f3n de calzado; servicio de imprenta, preparaci\u00f3n de alimentos, mantenimiento de veh\u00edculos, elaboraci\u00f3n de instrumentos musicales; servicios de construcci\u00f3n y relacionados a bienes de la construcci\u00f3n; servicios asociados a un sistema de medici\u00f3n y control (lectura de medidores de luz y agua), productos alimenticios; servicios de transporte, adquisici\u00f3n de animales bovinos para gobiernos aut\u00f3nomos descentralizados, centro de llamadas y servicios de comunicaci\u00f3n para medios comunitarios y el recientemente creado de servicios art\u00edsticos.<\/p>\n<p style=\"text-align: justify;\">Con esta herramienta electr\u00f3nica se promueve la participaci\u00f3n exclusiva de micro y peque\u00f1as empresas y actores de la Econom\u00eda Popular y Solidaria, dinamiza la econom\u00eda local y diversifica la producci\u00f3n nacional.<\/p>\n<p style=\"text-align: justify;\">Los Cat\u00e1logos Din\u00e1micos Inclusivos fomentan la participaci\u00f3n equitativa de los emprendedores, puesto que todos tienen la oportunidad de ser contratados por el Estado y permiten la contrataci\u00f3n de proveedores de forma directa a trav\u00e9s de la generaci\u00f3n de \u00f3rdenes de compra por parte de las entidades contratantes.<\/p>\n<p><span style=\"color: #0000ff;\"><a style=\"color: #0000ff;\" href=\"http:\/\/portal.compraspublicas.gob.ec\/sercop\/catalogos-dinamicos-inclusivos-2\/\"><strong><u>Acceda a Cat\u00e1logos Din\u00e1micos Inclusivos<\/u><\/strong><\/a><\/span><\/p>\n","protected":false},"excerpt":{"rendered":"<p class=\"excerpt\">En el cat\u00e1logo electr\u00f3nico se ofertan 800 tipos de bienes y servicios clasificados en distintas categor\u00edas: servicio de limpieza, pintura, cafeter\u00eda, metalmec\u00e1nica, conexi\u00f3n de cocinas a inducci\u00f3n, fabricaci\u00f3n de calzado; servicio de imprenta, preparaci\u00f3n de alimentos, mantenimiento de veh\u00edculos, elaboraci\u00f3n de instrumentos musicales; servicios de construcci\u00f3n y relacionados a bienes de la construcci\u00f3n; servicios asociados a un sistema de medici\u00f3n&hellip; <a href=\"https:\/\/portal.compraspublicas.gob.ec\/sercop\/catalogo-dinamicos-inclusivos\/\">Read more &rarr;<\/a><\/p>\n","protected":false},"author":1,"featured_media":0,"parent":0,"menu_order":0,"comment_status":"closed","ping_status":"closed","template":"menu_eps.php","meta":[],"_links":{"self":[{"href":"https:\/\/portal.compraspublicas.gob.ec\/sercop\/wp-json\/wp\/v2\/pages\/21216"}],"collection":[{"href":"https:\/\/portal.compraspublicas.gob.ec\/sercop\/wp-json\/wp\/v2\/pages"}],"about":[{"href":"https:\/\/portal.compraspublicas.gob.ec\/sercop\/wp-json\/wp\/v2\/types\/page"}],"author":[{"embeddable":true,"href":"https:\/\/portal.compraspublicas.gob.ec\/sercop\/wp-json\/wp\/v2\/users\/1"}],"replies":[{"embeddable":true,"href":"https:\/\/portal.compraspublicas.gob.ec\/sercop\/wp-json\/wp\/v2\/comments?post=21216"}],"version-history":[{"count":0,"href":"https:\/\/portal.compraspublicas.gob.ec\/sercop\/wp-json\/wp\/v2\/pages\/21216\/revisions"}],"wp:attachment":[{"href":"https:\/\/portal.compraspublicas.gob.ec\/sercop\/wp-json\/wp\/v2\/media?parent=21216"}],"curies":[{"name":"wp","href":"https:\/\/api.w.org\/{rel}","templated":true}]}}