{"id":21447,"date":"2017-04-05T22:48:43","date_gmt":"2017-04-06T03:48:43","guid":{"rendered":"http:\/\/portal.compraspublicas.gob.ec\/sercop\/?page_id=21447"},"modified":"2024-11-28T12:38:03","modified_gmt":"2024-11-28T17:38:03","slug":"confeccion-textil-incorporacion-productosotras-prendas-de-confeccion-textil","status":"publish","type":"page","link":"https:\/\/portal.compraspublicas.gob.ec\/sercop\/confeccion-textil-incorporacion-productosotras-prendas-de-confeccion-textil\/","title":{"rendered":"Confecci\u00f3n textil &#8211; Incorporaci\u00f3n productos(Otras prendas de confecci\u00f3n textil)"},"content":{"rendered":"<p style=\"display:flex\"><img loading=\"lazy\" class=\"alignnone wp-image-51883 size-full\" src=\"https:\/\/portal.compraspublicas.gob.ec\/sercop\/wp-content\/uploads\/2023\/03\/bn_confeccion_textil_incorporacion_productos.png\" alt=\"\" width=\"751\" height=\"190\" srcset=\"https:\/\/portal.compraspublicas.gob.ec\/sercop\/wp-content\/uploads\/2023\/03\/bn_confeccion_textil_incorporacion_productos.png 751w, https:\/\/portal.compraspublicas.gob.ec\/sercop\/wp-content\/uploads\/2023\/03\/bn_confeccion_textil_incorporacion_productos-300x76.png 300w\" sizes=\"(max-width: 751px) 100vw, 751px\" \/><\/p>\n<p>Estimados Proveedores:<\/p>\n<p>La participaci\u00f3n al Cat\u00e1logo Inclusivo de \u201cProductos de Confecci\u00f3n Textil\u201d se encuentra <strong>SUSPENDIDO<\/strong> conforme lo dispone la Circular Nro. <a href=\"https:\/\/portal.compraspublicas.gob.ec\/sercop\/wp-content\/uploads\/2019\/09\/sercop-ctdc-2019-0061-c.pdf\"><strong>SERCOP-CTDC-2019-0061-C<\/strong><\/a><strong>\u00a0<\/strong>de\u00a019 de septiembre\u00a0de 2019<em>, <\/em>misma que entr\u00f3 en vigencia desde el\u00a001 de octubre\u00a0de 2019, y se mantiene vigente a la fecha.<\/p>\n<table width=\"407\">\n<tbody>\n<tr>\n<td style=\"text-align: center;\" width=\"193\"><strong>OFICIO CIRCULARES VIGENTES<\/strong><\/td>\n<td style=\"text-align: center;\" width=\"214\"><strong>OFICIOS CIRCULARES DEROGADOS<\/strong><\/td>\n<\/tr>\n<tr>\n<td width=\"193\"><a href=\"https:\/\/portal.compraspublicas.gob.ec\/sercop\/wp-content\/uploads\/2019\/01\/SERCOP-CDI-2018-007-ANEXOS.pdf\">SERCOP-CDI-2018-007<\/a><\/td>\n<td width=\"214\"><a href=\"https:\/\/portal.compraspublicas.gob.ec\/sercop\/wp-content\/uploads\/2019\/01\/SERCOP-CTCON-2018-Nro.001.pdf\">SERCOP-CTCON-2018-Nro 001<\/a><\/td>\n<\/tr>\n<tr>\n<td width=\"193\"><a href=\"https:\/\/portal.compraspublicas.gob.ec\/sercop\/wp-content\/uploads\/2019\/01\/SERCOP-CDI-2018-005.pdf\">SERCOP-CDI-2018-005<\/a><\/td>\n<td width=\"214\"><a href=\"https:\/\/portal.compraspublicas.gob.ec\/sercop\/wp-content\/uploads\/2019\/01\/SERCOP-CDI-2018-001.pdf\">SERCOP-CDI-2018-001<\/a><\/td>\n<\/tr>\n<tr>\n<td width=\"193\"><a href=\"https:\/\/portal.compraspublicas.gob.ec\/sercop\/wp-content\/uploads\/2019\/01\/SERCOP-CDI-2018-004.pdf\">SERCOP-CDI-2018-004<\/a><\/td>\n<td width=\"214\"><a href=\"https:\/\/portal.compraspublicas.gob.ec\/sercop\/wp-content\/uploads\/2019\/01\/sercop_cdi_2017_0113.pdf\">SERCOP-CDI-2017-0113<\/a><\/td>\n<\/tr>\n<tr>\n<td width=\"193\"><a href=\"https:\/\/portal.compraspublicas.gob.ec\/sercop\/wp-content\/uploads\/2019\/01\/SERCOP-CDI-2018-Nro-003.pdf\">SERCOP-CDI-2018-003<\/a><\/td>\n<td width=\"214\"><a href=\"https:\/\/portal.compraspublicas.gob.ec\/sercop\/wp-content\/uploads\/2019\/01\/SERCOP-CDI-2017-089.pdf\">SERCOP-CDI-2017-089<\/a><\/td>\n<\/tr>\n<tr>\n<td width=\"193\"><a href=\"https:\/\/portal.compraspublicas.gob.ec\/sercop\/wp-content\/uploads\/2019\/01\/SERCOP-CDI-2018-002.pdf\">SERCOP-CDI-2018-002<\/a><\/td>\n<td width=\"214\"><a href=\"https:\/\/portal.compraspublicas.gob.ec\/sercop\/wp-content\/uploads\/2019\/01\/oficio_circular_sercop_cdi_2017_055.pdf\">SERCOP-CDI-2017-055<\/a><\/td>\n<\/tr>\n<tr>\n<td width=\"193\"><a href=\"https:\/\/portal.compraspublicas.gob.ec\/sercop\/wp-content\/uploads\/2019\/01\/SERCOP-CDI-2017-005.pdf\">SERCOP-CDI-2017-005<\/a><\/td>\n<td width=\"214\"><a href=\"https:\/\/portal.compraspublicas.gob.ec\/sercop\/wp-content\/uploads\/2019\/01\/SERCOP-CDI-2016-0047.pdf\">SERCOP-CDI-2016-047<\/a><\/td>\n<\/tr>\n<tr>\n<td width=\"193\"><a href=\"https:\/\/portal.compraspublicas.gob.ec\/sercop\/wp-content\/uploads\/2019\/01\/OFICIO-CIRCULAR-No.-CDI-2016-0041.pdf\">SERCOP-CDI-2016-0041<\/a><\/td>\n<td width=\"214\"><a href=\"https:\/\/portal.compraspublicas.gob.ec\/sercop\/wp-content\/uploads\/2019\/01\/OFICIO_CIRCULAR_CDI-2016-0033.pdf\">SERCOP-CDI-2016-33<\/a><\/td>\n<\/tr>\n<tr>\n<td width=\"193\"><a href=\"https:\/\/portal.compraspublicas.gob.ec\/sercop\/wp-content\/uploads\/2019\/01\/OFICIO-CIRCULAR-CDI-2016-0121.pdf\">SERCOP-CDI-2016-0121<\/a><\/td>\n<td width=\"214\"><a href=\"https:\/\/portal.compraspublicas.gob.ec\/sercop\/wp-content\/uploads\/2019\/01\/OFICIO_CIRCULAR_CDI-2016-24_opt.pdf\">SERCOP-CDI-2016-24<\/a><\/td>\n<\/tr>\n<tr>\n<td width=\"193\"><a href=\"https:\/\/portal.compraspublicas.gob.ec\/sercop\/wp-content\/uploads\/2019\/01\/SERCOP-CDI-2017-0081.pdf\">SERCOP-CDI-2017-081<\/a><\/td>\n<td><\/td>\n<\/tr>\n<tr>\n<td width=\"193\"><a href=\"https:\/\/portal.compraspublicas.gob.ec\/sercop\/wp-content\/uploads\/2019\/01\/SERCOP-CDI-2017-095.pdf\">SERCOP-CDI-2017-095<\/a><\/td>\n<td><\/td>\n<\/tr>\n<tr>\n<td width=\"193\"><a href=\"https:\/\/portal.compraspublicas.gob.ec\/sercop\/wp-content\/uploads\/2019\/01\/SERCOP-CDI-2017-0075.pdf\">SERCOP-CDI-2017-075<\/a><\/td>\n<td><\/td>\n<\/tr>\n<tr>\n<td width=\"193\"><a href=\"https:\/\/portal.compraspublicas.gob.ec\/sercop\/wp-content\/uploads\/2019\/01\/SERCOP-CDI-2017-21.pdf\">SERCOP-CDI-2017-021<\/a><\/td>\n<td><\/td>\n<\/tr>\n<tr>\n<td width=\"193\"><a href=\"https:\/\/portal.compraspublicas.gob.ec\/sercop\/wp-content\/uploads\/2019\/01\/DC-2016-0068.pdf\">DC-2016-0068<\/a><\/td>\n<td><\/td>\n<\/tr>\n<\/tbody>\n<\/table>\n<p>&nbsp;<\/p>\n<table width=\"679\">\n<tbody>\n<tr>\n<td width=\"291\"><strong>NOMBRE DE PRODUCTO<\/strong><\/td>\n<td width=\"167\"><strong>OFICIO CIRCULAR<\/strong><\/td>\n<td width=\"98\"><strong>DOCUMENTOS<\/strong><\/td>\n<td width=\"123\"><strong>ACTUALIZACIONES<\/strong><\/td>\n<\/tr>\n<tr>\n<td width=\"291\"><span style=\"color: #0000ff;\"><a style=\"color: #0000ff;\" href=\"https:\/\/portal.compraspublicas.gob.ec\/sercop\/wp-content\/uploads\/2019\/01\/textil_OPCT_30381.pdf\">JUEGO DE S\u00c1BANAS Y FUNDA DE ALMOHADA (Incluye 1 s\u00e1bana superior, 1 s\u00e1bana inferior el\u00e1stica cubre colch\u00f3n, y 1 funda de almohada) \u2013 TIPO 2<\/a><\/span><\/td>\n<td width=\"167\"><span style=\"color: #0000ff;\"><a style=\"color: #0000ff;\" href=\"https:\/\/portal.compraspublicas.gob.ec\/sercop\/wp-content\/uploads\/2017\/04\/Oficio_Circular_Juego_de_Sabanas1.pdf\">SERCOP-CDI-2017-047<\/a><\/span><\/td>\n<td width=\"98\"><span style=\"color: #0000ff;\"><a style=\"color: #0000ff;\" href=\"https:\/\/portal.compraspublicas.gob.ec\/sercop\/wp-content\/uploads\/2017\/12\/manifestacion_interes_sabanas.doc\">Manifestaci\u00f3n de inter\u00e9s<\/a><\/span><\/td>\n<td><\/td>\n<\/tr>\n<\/tbody>\n<\/table>\n","protected":false},"excerpt":{"rendered":"<p class=\"excerpt\">Estimados Proveedores: La participaci\u00f3n al Cat\u00e1logo Inclusivo de \u201cProductos de Confecci\u00f3n Textil\u201d se encuentra SUSPENDIDO conforme lo dispone la Circular Nro. SERCOP-CTDC-2019-0061-C\u00a0de\u00a019 de septiembre\u00a0de 2019, misma que entr\u00f3 en vigencia desde el\u00a001 de octubre\u00a0de 2019, y se mantiene vigente a la fecha. OFICIO CIRCULARES VIGENTES OFICIOS CIRCULARES DEROGADOS SERCOP-CDI-2018-007 SERCOP-CTCON-2018-Nro 001 SERCOP-CDI-2018-005 SERCOP-CDI-2018-001 SERCOP-CDI-2018-004 SERCOP-CDI-2017-0113 SERCOP-CDI-2018-003 SERCOP-CDI-2017-089 SERCOP-CDI-2018-002 SERCOP-CDI-2017-055 SERCOP-CDI-2017-005&hellip; <a href=\"https:\/\/portal.compraspublicas.gob.ec\/sercop\/confeccion-textil-incorporacion-productosotras-prendas-de-confeccion-textil\/\">Read more &rarr;<\/a><\/p>\n","protected":false},"author":1,"featured_media":0,"parent":0,"menu_order":0,"comment_status":"closed","ping_status":"closed","template":"menugenerico.php","meta":[],"_links":{"self":[{"href":"https:\/\/portal.compraspublicas.gob.ec\/sercop\/wp-json\/wp\/v2\/pages\/21447"}],"collection":[{"href":"https:\/\/portal.compraspublicas.gob.ec\/sercop\/wp-json\/wp\/v2\/pages"}],"about":[{"href":"https:\/\/portal.compraspublicas.gob.ec\/sercop\/wp-json\/wp\/v2\/types\/page"}],"author":[{"embeddable":true,"href":"https:\/\/portal.compraspublicas.gob.ec\/sercop\/wp-json\/wp\/v2\/users\/1"}],"replies":[{"embeddable":true,"href":"https:\/\/portal.compraspublicas.gob.ec\/sercop\/wp-json\/wp\/v2\/comments?post=21447"}],"version-history":[{"count":24,"href":"https:\/\/portal.compraspublicas.gob.ec\/sercop\/wp-json\/wp\/v2\/pages\/21447\/revisions"}],"predecessor-version":[{"id":60364,"href":"https:\/\/portal.compraspublicas.gob.ec\/sercop\/wp-json\/wp\/v2\/pages\/21447\/revisions\/60364"}],"wp:attachment":[{"href":"https:\/\/portal.compraspublicas.gob.ec\/sercop\/wp-json\/wp\/v2\/media?parent=21447"}],"curies":[{"name":"wp","href":"https:\/\/api.w.org\/{rel}","templated":true}]}}