{"id":21483,"date":"2017-04-06T17:20:40","date_gmt":"2017-04-06T22:20:40","guid":{"rendered":"http:\/\/portal.compraspublicas.gob.ec\/sercop\/?page_id=21483"},"modified":"2020-04-23T09:45:25","modified_gmt":"2020-04-23T14:45:25","slug":"la-patria-es-primero-vive-sin-corrupcion","status":"publish","type":"page","link":"https:\/\/portal.compraspublicas.gob.ec\/sercop\/la-patria-es-primero-vive-sin-corrupcion\/","title":{"rendered":"La Patria es primero: vive sin corrupci\u00f3n"},"content":{"rendered":"<p style=\"text-align: justify;\"><span style=\"color: #000000;\"><img loading=\"lazy\" class=\" size-full wp-image-24855 aligncenter\" src=\"https:\/\/portal.compraspublicas.gob.ec\/sercop\/wp-content\/uploads\/2017\/04\/banner_vive_sin_corrupcion2.jpg\" alt=\"banner_vive_sin_corrupcion2\" width=\"630\" height=\"189\" srcset=\"https:\/\/portal.compraspublicas.gob.ec\/sercop\/wp-content\/uploads\/2017\/04\/banner_vive_sin_corrupcion2.jpg 630w, https:\/\/portal.compraspublicas.gob.ec\/sercop\/wp-content\/uploads\/2017\/04\/banner_vive_sin_corrupcion2-300x90.jpg 300w\" sizes=\"(max-width: 630px) 100vw, 630px\" \/><\/span><\/p>\n<p style=\"text-align: justify;\"><span style=\"color: #000000;\">El Servicio Nacional de Contrataci\u00f3n P\u00fablica (SERCOP) lidera las acciones que ha llevado adelante el Gobierno Nacional para combatir frontalmente pr\u00e1cticas colusivas detectadas en la ejecuci\u00f3n de ciertos procedimientos de contrataci\u00f3n de bienes, obras y servicios por parte de las entidades p\u00fablicas.<\/span><\/p>\n<p style=\"text-align: justify;\"><span style=\"color: #000000;\">En ese marco, el SERCOP realiza los esfuerzos necesarios para que, dentro de un \u00e1mbito de empoderamiento y participaci\u00f3n ciudadana, los actores de la Compra P\u00fablica sientan la libertad de ejercer su derecho a la denuncia, y presta las garant\u00edas necesarias para que las alertas de posibles actos de corrupci\u00f3n se den a conocer de forma confidencial y con la seguridad de que, de acuerdo al debido proceso, se determinar\u00e1n las sanciones que sean pertinentes.<\/span><\/p>\n<p><iframe loading=\"lazy\" src=\"https:\/\/www.youtube.com\/embed\/GkwWZpWlwBE?ecver=2\" width=\"640\" height=\"360\" frameborder=\"0\" allowfullscreen=\"allowfullscreen\"><\/iframe><\/p>\n<p style=\"text-align: justify;\"><span style=\"color: #000000;\">Para viabilizar esta pr\u00e1ctica de transparencia y trabajo conjunto con las entidades nacionales, proveedores del Estado y ciudadan\u00eda, el SERCOP pone a disposici\u00f3n de la ciudadan\u00eda varios canales de Denuncia Ciudadana:<\/span><\/p>\n<ul>\n<li style=\"text-align: justify;\"><span style=\"color: #000000;\">Zona de Denuncia Ciudadana<\/span><\/li>\n<li style=\"text-align: justify;\"><span style=\"color: #000000;\">Correo electr\u00f3nico: <span style=\"text-decoration: underline; color: #0000ff;\"><em><a style=\"color: #0000ff; text-decoration: underline;\" href=\"mailto:alerta@sercop.gob.ec\" target=\"_blank\" rel=\"noopener noreferrer\">alerta@sercop.gob.ec<\/a><\/em><\/span><\/span><\/li>\n<li style=\"text-align: justify;\"><span style=\"color: #000000;\">Ventanillas de atenci\u00f3n al p\u00fablico, <span style=\"text-decoration: underline; color: #0000ff;\"><em><a style=\"color: #0000ff; text-decoration: underline;\" href=\"https:\/\/portal.compraspublicas.gob.ec\/sercop\/contacto\/\" target=\"_blank\" rel=\"noopener noreferrer\">ubicadas a nivel nacional<\/a><\/em><\/span><\/span><\/li>\n<li style=\"text-align: justify;\"><span style=\"color: #000000;\">P\u00e1gina web: <span style=\"text-decoration: underline; color: #0000ff;\"><em><a style=\"color: #0000ff; text-decoration: underline;\" href=\"https:\/\/portal.compraspublicas.gob.ec\/sercop\/aplicativo-denuncia-ciudadana\/\" target=\"_blank\" rel=\"noopener noreferrer\">aplicativo de Denuncia Ciudadana<\/a><\/em><\/span><\/span><\/li>\n<li style=\"text-align: justify;\"><span style=\"color: #000000;\">Redes sociales oficiales: <span style=\"text-decoration: underline; color: #0000ff;\"><em><a style=\"color: #0000ff; text-decoration: underline;\" href=\"https:\/\/www.facebook.com\/SercopEcuador\" target=\"_blank\" rel=\"noopener noreferrer\">Facebook<\/a><\/em><\/span> y <span style=\"text-decoration: underline; color: #0000ff;\"><em><a style=\"color: #0000ff; text-decoration: underline;\" href=\"https:\/\/twitter.com\/SERCOPec\" target=\"_blank\" rel=\"noopener noreferrer\">Twitter<\/a><\/em><\/span><br \/>\n<\/span><\/li>\n<\/ul>\n","protected":false},"excerpt":{"rendered":"<p class=\"excerpt\">El Servicio Nacional de Contrataci\u00f3n P\u00fablica (SERCOP) lidera las acciones que ha llevado adelante el Gobierno Nacional para combatir frontalmente pr\u00e1cticas colusivas detectadas en la ejecuci\u00f3n de ciertos procedimientos de contrataci\u00f3n de bienes, obras y servicios por parte de las entidades p\u00fablicas. En ese marco, el SERCOP realiza los esfuerzos necesarios para que, dentro de un \u00e1mbito de empoderamiento y&hellip; <a href=\"https:\/\/portal.compraspublicas.gob.ec\/sercop\/la-patria-es-primero-vive-sin-corrupcion\/\">Read more &rarr;<\/a><\/p>\n","protected":false},"author":1,"featured_media":0,"parent":0,"menu_order":0,"comment_status":"closed","ping_status":"closed","template":"","meta":[],"_links":{"self":[{"href":"https:\/\/portal.compraspublicas.gob.ec\/sercop\/wp-json\/wp\/v2\/pages\/21483"}],"collection":[{"href":"https:\/\/portal.compraspublicas.gob.ec\/sercop\/wp-json\/wp\/v2\/pages"}],"about":[{"href":"https:\/\/portal.compraspublicas.gob.ec\/sercop\/wp-json\/wp\/v2\/types\/page"}],"author":[{"embeddable":true,"href":"https:\/\/portal.compraspublicas.gob.ec\/sercop\/wp-json\/wp\/v2\/users\/1"}],"replies":[{"embeddable":true,"href":"https:\/\/portal.compraspublicas.gob.ec\/sercop\/wp-json\/wp\/v2\/comments?post=21483"}],"version-history":[{"count":1,"href":"https:\/\/portal.compraspublicas.gob.ec\/sercop\/wp-json\/wp\/v2\/pages\/21483\/revisions"}],"predecessor-version":[{"id":41240,"href":"https:\/\/portal.compraspublicas.gob.ec\/sercop\/wp-json\/wp\/v2\/pages\/21483\/revisions\/41240"}],"wp:attachment":[{"href":"https:\/\/portal.compraspublicas.gob.ec\/sercop\/wp-json\/wp\/v2\/media?parent=21483"}],"curies":[{"name":"wp","href":"https:\/\/api.w.org\/{rel}","templated":true}]}}