{"id":21485,"date":"2017-04-06T17:22:49","date_gmt":"2017-04-06T22:22:49","guid":{"rendered":"http:\/\/portal.compraspublicas.gob.ec\/sercop\/?page_id=21485"},"modified":"2020-04-23T09:43:33","modified_gmt":"2020-04-23T14:43:33","slug":"resultados-2","status":"publish","type":"page","link":"https:\/\/portal.compraspublicas.gob.ec\/sercop\/resultados-2\/","title":{"rendered":"Resultados"},"content":{"rendered":"<p style=\"text-align: justify;\">El SERCOP realiza minuciosas investigaciones a las denuncias de corrupci\u00f3n que recibe a trav\u00e9s de sus distintos canales:<\/p>\n<ul style=\"text-align: justify;\">\n<li>Oficinas a nivel nacional<\/li>\n<li>Correo electr\u00f3nico <span style=\"color: #0000ff;\"><a style=\"color: #0000ff;\" href=\"mailto:alerta@sercop.gob.ec\">alerta@sercop.gob.ec<\/a><\/span><\/li>\n<\/ul>\n<p style=\"text-align: justify;\">Gracias al trabajo conjunto que se ha emprendido junto a los proveedores honestos que tienen la valent\u00eda de presentar denuncias, la ciudadan\u00eda que se mantiene vigilante de los procesos de contrataci\u00f3n p\u00fablica y las instituciones que respaldan esta tarea, al momento se han alcanzado los siguientes resultados:<\/p>\n<p><span style=\"color: #0000ff;\"><a style=\"color: #0000ff;\" href=\"https:\/\/portal.compraspublicas.gob.ec\/sercop\/la-compra-publica-acierta-nuevo-golpe-contra-la-corrupcion\/\">&#8211; La Compra P\u00fablica acierta nuevo golpe contra la corrupci\u00f3n<\/a><\/span><\/p>\n<p style=\"text-align: justify;\"><span style=\"color: #0000ff;\">&#8211; 10 personas, integrantes de 2 bandas delictivas, est\u00e1n tras las rejas<\/span><\/p>\n","protected":false},"excerpt":{"rendered":"<p class=\"excerpt\">El SERCOP realiza minuciosas investigaciones a las denuncias de corrupci\u00f3n que recibe a trav\u00e9s de sus distintos canales: Oficinas a nivel nacional Correo electr\u00f3nico alerta@sercop.gob.ec Gracias al trabajo conjunto que se ha emprendido junto a los proveedores honestos que tienen la valent\u00eda de presentar denuncias, la ciudadan\u00eda que se mantiene vigilante de los procesos de contrataci\u00f3n p\u00fablica y las instituciones&hellip; <a href=\"https:\/\/portal.compraspublicas.gob.ec\/sercop\/resultados-2\/\">Read more &rarr;<\/a><\/p>\n","protected":false},"author":1,"featured_media":0,"parent":0,"menu_order":0,"comment_status":"closed","ping_status":"closed","template":"","meta":[],"_links":{"self":[{"href":"https:\/\/portal.compraspublicas.gob.ec\/sercop\/wp-json\/wp\/v2\/pages\/21485"}],"collection":[{"href":"https:\/\/portal.compraspublicas.gob.ec\/sercop\/wp-json\/wp\/v2\/pages"}],"about":[{"href":"https:\/\/portal.compraspublicas.gob.ec\/sercop\/wp-json\/wp\/v2\/types\/page"}],"author":[{"embeddable":true,"href":"https:\/\/portal.compraspublicas.gob.ec\/sercop\/wp-json\/wp\/v2\/users\/1"}],"replies":[{"embeddable":true,"href":"https:\/\/portal.compraspublicas.gob.ec\/sercop\/wp-json\/wp\/v2\/comments?post=21485"}],"version-history":[{"count":1,"href":"https:\/\/portal.compraspublicas.gob.ec\/sercop\/wp-json\/wp\/v2\/pages\/21485\/revisions"}],"predecessor-version":[{"id":41239,"href":"https:\/\/portal.compraspublicas.gob.ec\/sercop\/wp-json\/wp\/v2\/pages\/21485\/revisions\/41239"}],"wp:attachment":[{"href":"https:\/\/portal.compraspublicas.gob.ec\/sercop\/wp-json\/wp\/v2\/media?parent=21485"}],"curies":[{"name":"wp","href":"https:\/\/api.w.org\/{rel}","templated":true}]}}