{"id":21487,"date":"2017-04-06T17:24:45","date_gmt":"2017-04-06T22:24:45","guid":{"rendered":"http:\/\/portal.compraspublicas.gob.ec\/sercop\/?page_id=21487"},"modified":"2017-04-06T17:33:47","modified_gmt":"2017-04-06T22:33:47","slug":"videos","status":"publish","type":"page","link":"https:\/\/portal.compraspublicas.gob.ec\/sercop\/videos\/","title":{"rendered":"Videos"},"content":{"rendered":"<p>Reconocimiento del SERCOP a Ivan Ord\u00f3\u00f1ez de First Computer Service, proveedor del Estado que denunci\u00f3 corrupci\u00f3n en procesos de Compra P\u00fablica.<\/p>\n<div style=\"position: relative; height: 0; padding-bottom: 56.25%;\"><iframe loading=\"lazy\" style=\"position: absolute; width: 768px; height: 432px; left: 0px;\" src=\"https:\/\/www.youtube.com\/embed\/ToB7_KXozY0?ecver=2\" width=\"640\" height=\"360\" frameborder=\"0\" allowfullscreen=\"allowfullscreen\"><\/iframe><\/div>\n","protected":false},"excerpt":{"rendered":"<p class=\"excerpt\">Reconocimiento del SERCOP a Ivan Ord\u00f3\u00f1ez de First Computer Service, proveedor del Estado que denunci\u00f3 corrupci\u00f3n en procesos de Compra P\u00fablica. <a href=\"https:\/\/portal.compraspublicas.gob.ec\/sercop\/videos\/\">Read more &rarr;<\/a><\/p>\n","protected":false},"author":1,"featured_media":0,"parent":0,"menu_order":0,"comment_status":"closed","ping_status":"closed","template":"menu_zona_denuncia.php","meta":[],"_links":{"self":[{"href":"https:\/\/portal.compraspublicas.gob.ec\/sercop\/wp-json\/wp\/v2\/pages\/21487"}],"collection":[{"href":"https:\/\/portal.compraspublicas.gob.ec\/sercop\/wp-json\/wp\/v2\/pages"}],"about":[{"href":"https:\/\/portal.compraspublicas.gob.ec\/sercop\/wp-json\/wp\/v2\/types\/page"}],"author":[{"embeddable":true,"href":"https:\/\/portal.compraspublicas.gob.ec\/sercop\/wp-json\/wp\/v2\/users\/1"}],"replies":[{"embeddable":true,"href":"https:\/\/portal.compraspublicas.gob.ec\/sercop\/wp-json\/wp\/v2\/comments?post=21487"}],"version-history":[{"count":0,"href":"https:\/\/portal.compraspublicas.gob.ec\/sercop\/wp-json\/wp\/v2\/pages\/21487\/revisions"}],"wp:attachment":[{"href":"https:\/\/portal.compraspublicas.gob.ec\/sercop\/wp-json\/wp\/v2\/media?parent=21487"}],"curies":[{"name":"wp","href":"https:\/\/api.w.org\/{rel}","templated":true}]}}