{"id":21850,"date":"2017-04-11T18:01:27","date_gmt":"2017-04-11T23:01:27","guid":{"rendered":"http:\/\/portal.compraspublicas.gob.ec\/sercop\/?page_id=21850"},"modified":"2017-06-08T17:17:13","modified_gmt":"2017-06-08T22:17:13","slug":"tipos-de-delitos","status":"publish","type":"page","link":"https:\/\/portal.compraspublicas.gob.ec\/sercop\/tipos-de-delitos\/","title":{"rendered":"Resultados"},"content":{"rendered":"<p style=\"text-align: justify;\"><a href=\"http:\/\/portal.compraspublicas.gob.ec\/sercop\/wp-content\/uploads\/2017\/04\/santiago_frase_11_04_2017.jpg\"><img loading=\"lazy\" class=\" size-full wp-image-21853 aligncenter\" src=\"http:\/\/portal.compraspublicas.gob.ec\/sercop\/wp-content\/uploads\/2017\/04\/santiago_frase_11_04_2017.jpg\" alt=\"santiago_frase_11_04_2017\" width=\"630\" height=\"260\" srcset=\"https:\/\/portal.compraspublicas.gob.ec\/sercop\/wp-content\/uploads\/2017\/04\/santiago_frase_11_04_2017.jpg 630w, https:\/\/portal.compraspublicas.gob.ec\/sercop\/wp-content\/uploads\/2017\/04\/santiago_frase_11_04_2017-300x124.jpg 300w\" sizes=\"(max-width: 630px) 100vw, 630px\" \/><\/a><\/p>\n<p style=\"text-align: justify;\"><span style=\"color: #000000;\">La voluntad pol\u00edtica del SERCOP, sus autoridades y equipo de trabajo de profundizar la democracia, la participaci\u00f3n ciudadana y la transparencia, se enmarca en uno de sus ejes de acci\u00f3n en la contrataci\u00f3n p\u00fablica: <strong>Revoluci\u00f3n \u00c9tica y Transparente.<\/strong><\/span><\/p>\n<p style=\"text-align: justify;\"><span style=\"color: #000000;\">Todas las acciones encaminadas a recibir, analizar, investigar y sancionar pr\u00e1cticas anticompetitivas y de corrupci\u00f3n, tienen como contraparte el apoyo de los proveedores honestos que participan en la compra p\u00fablica.<\/span><\/p>\n<p><iframe loading=\"lazy\" src=\"https:\/\/www.youtube.com\/embed\/Vmq4OEGgKwU?ecver=2\" width=\"640\" height=\"360\" frameborder=\"0\" allowfullscreen=\"allowfullscreen\"><\/iframe><\/p>\n<p style=\"text-align: justify;\"><strong><span style=\"color: #000000;\"><em>Acciones ejecutadas e hitos alcanzados que fomentan y reconocen la importancia de la alerta y denuncia ciudadana<\/em><\/span><\/strong><\/p>\n<p>&nbsp;<\/p>\n<p style=\"text-align: justify;\"><span style=\"color: #0000ff;\"><a style=\"color: #0000ff;\" href=\"http:\/\/portal.compraspublicas.gob.ec\/sercop\/una-persona-detenida-por-estafa-y-oferta-ilegal-para-ganar-contratos-en-bares-escolares\/\"><span style=\"text-decoration: underline;\"><em><strong>Una persona detenida por estafa y oferta ilegal para ganar contratos en bares escolares<\/strong><\/em><\/span><\/a><\/span><\/p>\n<p style=\"text-align: justify;\"><span style=\"color: #000000;\">Las denuncias ciudadanas y su adecuado tratamiento generan resultados concretos para transparentar la contrataci\u00f3n p\u00fablica.\u00a0 El 7 de junio en horas de la tarde, el ciudadano Giovanni R. fue detenido en Quito&#8230;.<\/span><\/p>\n<p style=\"text-align: justify;\"><span style=\"text-decoration: underline;\"><em><span style=\"color: #0000ff;\"><strong><a style=\"color: #0000ff; text-decoration: underline;\" href=\"http:\/\/portal.compraspublicas.gob.ec\/sercop\/la-compra-publica-acierta-nuevo-golpe-contra-la-corrupcion\/\" target=\"_blank\">La Compra P\u00fablica acierta nuevo golpe contra la corrupci\u00f3n<\/a><\/strong><\/span><\/em><\/span><\/p>\n<p style=\"text-align: justify;\"><span style=\"color: #000000;\">El Servicio Nacional de Contrataci\u00f3n P\u00fablica ratifica su compromiso de transparencia y de combatir frontalmente la corrupci\u00f3n en los procesos de contrataci\u00f3n p\u00fablica. El 30 de marzo de 2017 el Tribunal de Garant\u00edas Penales del&#8230;<\/span><\/p>\n<p style=\"text-align: justify;\"><span style=\"text-decoration: underline; color: #0000ff;\"><em><strong><a style=\"color: #0000ff; text-decoration: underline;\" href=\"http:\/\/portal.compraspublicas.gob.ec\/sercop\/proveedores-honestos-fueron-condecorados-por-su-combate-frontal-a-la-corrupcion-en-la-compra-publica\/\" target=\"_blank\">Proveedores honestos fueron condecorados por su combate frontal a la corrupci\u00f3n en la compra p\u00fablica<\/a><\/strong><\/em><\/span><\/p>\n<p style=\"text-align: justify;\"><span style=\"color: #000000;\">La Revoluci\u00f3n \u00e9tica y transparente es un eje de acci\u00f3n fundamental en la gesti\u00f3n del Servicio Nacional de Contrataci\u00f3n P\u00fablica (SERCOP), que junto a la participaci\u00f3n activa de la ciudadan\u00eda, entidades contratantes y proveedores del Estado \u2026<\/span><\/p>\n<p style=\"text-align: justify;\"><span style=\"text-decoration: underline; color: #0000ff;\"><em><strong><a style=\"color: #0000ff; text-decoration: underline;\" href=\"http:\/\/portal.compraspublicas.gob.ec\/sercop\/sercop-frontal-ante-la-lucha-contra-la-corrupcion\/\" target=\"_blank\">SERCOP frontal ante la lucha contra la corrupci\u00f3n<\/a><\/strong><\/em><\/span><\/p>\n<p style=\"text-align: justify;\"><span style=\"color: #000000;\">El Servicio Nacional de Contrataci\u00f3n P\u00fablica (SERCOP) articul\u00f3 un eje de acci\u00f3n fundamental en su gesti\u00f3n, la revoluci\u00f3n \u00e9tica y transparente, que permiti\u00f3 durante el 2015 y lo que va del 2016, alertar sobre actos re\u00f1idos con la \u00e9tica en la contrataci\u00f3n p\u00fablica. El SERCOP\u2026<\/span><\/p>\n<p style=\"text-align: justify;\"><span style=\"text-decoration: underline; color: #0000ff;\"><em><strong><a style=\"color: #0000ff; text-decoration: underline;\" href=\"http:\/\/portal.compraspublicas.gob.ec\/sercop\/cuatro-personas-sentenciadas-a-prision-por-atentar-contra-la-integridad-de-la-contratacion-publica\/\" target=\"_blank\">Cuatro personas sentenciadas a prisi\u00f3n por atentar contra la integridad de la contrataci\u00f3n p\u00fablica: CERO TOLERANCIA A LA CORRUPCI\u00d3N<\/a><\/strong><\/em><\/span><\/p>\n<p style=\"text-align: justify;\"><span style=\"color: #000000;\">Luego de tres meses de investigaci\u00f3n se dict\u00f3 sentencia en contra de cuatro personas por el delito de asociaci\u00f3n il\u00edcita para cometer actos en contra de la contrataci\u00f3n p\u00fablica. Estas personas estuvieron con prisi\u00f3n preventiva desde\u2026.<\/span><\/p>\n<p style=\"text-align: justify;\"><span style=\"text-decoration: underline; color: #0000ff;\"><em><strong><a style=\"color: #0000ff; text-decoration: underline;\" href=\"http:\/\/portal.compraspublicas.gob.ec\/sercop\/acciones-de-control-en-las-compras-publicas-permitieron-desarticular-organizacion-delictiva\/\" target=\"_blank\">\u00a0Acciones de control en las compras p\u00fablicas permitieron desarticular organizaci\u00f3n delictiva<\/a><\/strong><\/em><\/span><\/p>\n<p style=\"text-align: justify;\"><span style=\"color: #000000;\">El Servicio Nacional de Contrataci\u00f3n P\u00fablica -SERCOP- realiz\u00f3 en mayo de este a\u00f1o una denuncia ante la Fiscal\u00eda General del Estado sobre posibles actos de corrupci\u00f3n, lo que alert\u00f3 y permiti\u00f3 trabajar articuladamente a instituciones como el\u2026<\/span><\/p>\n","protected":false},"excerpt":{"rendered":"<p class=\"excerpt\">La voluntad pol\u00edtica del SERCOP, sus autoridades y equipo de trabajo de profundizar la democracia, la participaci\u00f3n ciudadana y la transparencia, se enmarca en uno de sus ejes de acci\u00f3n en la contrataci\u00f3n p\u00fablica: Revoluci\u00f3n \u00c9tica y Transparente. Todas las acciones encaminadas a recibir, analizar, investigar y sancionar pr\u00e1cticas anticompetitivas y de corrupci\u00f3n, tienen como contraparte el apoyo de los&hellip; <a href=\"https:\/\/portal.compraspublicas.gob.ec\/sercop\/tipos-de-delitos\/\">Read more &rarr;<\/a><\/p>\n","protected":false},"author":1,"featured_media":0,"parent":0,"menu_order":0,"comment_status":"closed","ping_status":"closed","template":"menu_zona_denuncia.php","meta":[],"_links":{"self":[{"href":"https:\/\/portal.compraspublicas.gob.ec\/sercop\/wp-json\/wp\/v2\/pages\/21850"}],"collection":[{"href":"https:\/\/portal.compraspublicas.gob.ec\/sercop\/wp-json\/wp\/v2\/pages"}],"about":[{"href":"https:\/\/portal.compraspublicas.gob.ec\/sercop\/wp-json\/wp\/v2\/types\/page"}],"author":[{"embeddable":true,"href":"https:\/\/portal.compraspublicas.gob.ec\/sercop\/wp-json\/wp\/v2\/users\/1"}],"replies":[{"embeddable":true,"href":"https:\/\/portal.compraspublicas.gob.ec\/sercop\/wp-json\/wp\/v2\/comments?post=21850"}],"version-history":[{"count":0,"href":"https:\/\/portal.compraspublicas.gob.ec\/sercop\/wp-json\/wp\/v2\/pages\/21850\/revisions"}],"wp:attachment":[{"href":"https:\/\/portal.compraspublicas.gob.ec\/sercop\/wp-json\/wp\/v2\/media?parent=21850"}],"curies":[{"name":"wp","href":"https:\/\/api.w.org\/{rel}","templated":true}]}}