{"id":21855,"date":"2017-04-11T18:06:52","date_gmt":"2017-04-11T23:06:52","guid":{"rendered":"http:\/\/portal.compraspublicas.gob.ec\/sercop\/?page_id=21855"},"modified":"2017-05-03T16:54:16","modified_gmt":"2017-05-03T21:54:16","slug":"tipos-de-delitos-2","status":"publish","type":"page","link":"https:\/\/portal.compraspublicas.gob.ec\/sercop\/tipos-de-delitos-2\/","title":{"rendered":"Tipos de delitos"},"content":{"rendered":"<p style=\"text-align: justify;\"><img loading=\"lazy\" class=\" size-full wp-image-24853 aligncenter\" src=\"http:\/\/portal.compraspublicas.gob.ec\/sercop\/wp-content\/uploads\/2017\/04\/banner_tipos_delitios.jpg\" alt=\"banner_tipos_delitios\" width=\"630\" height=\"189\" srcset=\"https:\/\/portal.compraspublicas.gob.ec\/sercop\/wp-content\/uploads\/2017\/04\/banner_tipos_delitios.jpg 630w, https:\/\/portal.compraspublicas.gob.ec\/sercop\/wp-content\/uploads\/2017\/04\/banner_tipos_delitios-300x90.jpg 300w\" sizes=\"(max-width: 630px) 100vw, 630px\" \/><\/p>\n<p style=\"text-align: justify;\"><span style=\"color: #000000;\">Los principales delitos vinculados a la contrataci\u00f3n p\u00fablica est\u00e1n tipificados de acuerdo al C\u00f3digo Org\u00e1nico Integral Penal:<\/span><\/p>\n<ul style=\"text-align: justify;\">\n<li><span style=\"color: #000000;\"><strong>Peculado (Art. 278):<\/strong> servidores p\u00fablicos o personas con potestad estatal que en beneficio propio o de terceros, abusen, se apropien, distraigan o dispongan arbitrariamente de bienes muebles o inmuebles, dineros p\u00fablicos o privados, efectos que los representen, piezas, t\u00edtulos o documentos que est\u00e9n en su poder en virtud o raz\u00f3n de su cargo. Adem\u00e1s, aquellos servidores p\u00fablicos o personas con potestad estatal que en beneficio propio o de terceros, se aprovechen econ\u00f3micamente, de estudios, proyectos, informes, resoluciones y m\u00e1s documentos, calificados de secretos, reservados o de circulaci\u00f3n restringida, que est\u00e9n o hayan estado en su conocimiento o bajo su dependencia en raz\u00f3n o con ocasi\u00f3n del cargo que ejercen o han ejercido.<\/span><\/li>\n<li><span style=\"color: #000000;\"><strong>Enriquecimiento il\u00edcito (Art. 279<\/strong>): servidores p\u00fablicos o personas con potestad estatal que producto de su cargo o funci\u00f3n incrementen su patrimonio o el de terceros injustificadamente a su nombre o a nombre de terceros. El incremento del patrimonio puede ser con cosas, bienes o dinero, as\u00ed como tambi\u00e9n por la cancelaci\u00f3n de deudas o extinci\u00f3n de obligaciones.<\/span><\/li>\n<li><span style=\"color: #000000;\"><strong>Cohecho (Art. 280):<\/strong> servidores p\u00fablicos o personas con potestad estatal que reciban o acepten, por s\u00ed o por otra persona, beneficio econ\u00f3mico indebido o de otra clase para s\u00ed o un tercero con el fin de hacer, omitir, agilitar, retardar o condicionar cuestiones relativas a su cargo o funciones. Adem\u00e1s, las personas que ofrezcan o prometan a un servidor p\u00fablico un beneficio econ\u00f3mico indebido o de otra clase, igual incurrir\u00e1n en el cometimiento del delito.<\/span><\/li>\n<li><span style=\"color: #000000;\"><strong>Concusi\u00f3n (Art. 281):<\/strong> servidores p\u00fablicos o personas con potestad estatal que, abusando de su cargo o funciones, por s\u00ed o por medio de terceros, ordenen o exijan la entrega de derechos, cuotas, contribuciones, rentas, intereses, sueldos o gratificaciones no debidas.<\/span><\/li>\n<li><span style=\"color: #000000;\"><strong>Tr\u00e1fico de Influencias (Art. 285):<\/strong> servidores p\u00fablicos o personas con potestad estatal que abusando de su cargo, funciones o relaci\u00f3n jer\u00e1rquica ejerzan influencia en otro servidor p\u00fablico para obtener un acto o resoluci\u00f3n favorable a sus propios intereses o el de terceros.<\/span><\/li>\n<li><span style=\"color: #000000;\"><strong>Oferta de Realizar Tr\u00e1fico de Influencias (Art. 286):<\/strong> persona que acepte o solicite a terceros, presentes o cualquier otra remuneraci\u00f3n, con el fin de ejercer influencia en otro servidor p\u00fablico para obtener un acto o resoluci\u00f3n favorables a sus propios intereses o el de terceros.<\/span><\/li>\n<li><span style=\"color: #000000;\"><strong>Testaferrismo (Art. 289):<\/strong> persona que consienta en aparentar como suyos bienes muebles, inmuebles, t\u00edtulos, acciones, participaciones, dinero, valores o efectos que lo representen, producto del enriquecimiento il\u00edcito de un servidor o ex servidor p\u00fablico o producto del enriquecimiento privado no justificado.<\/span><\/li>\n<li><span style=\"color: #000000;\"><strong>Enriquecimiento Privado No Justificado (Art. 297):<\/strong> persona que obtenga para s\u00ed o para otra, en forma directa o por terceras personas, incremento patrimonial no justificado mayor a doscientos salarios b\u00e1sicos unificados.<\/span><\/li>\n<\/ul>\n<p style=\"text-align: justify;\"><span style=\"color: #000000;\">Adicionalmente, se han identificado otros delitos vinculados a la contrataci\u00f3n p\u00fablica son:<\/span><\/p>\n<ul>\n<li style=\"text-align: justify;\"><span style=\"color: #000000;\"><strong>Intimidaci\u00f3n (Art. 154):<\/strong> persona que amenace o intimide a otra con causar un da\u00f1o a ella, a su familia, o a otras personas con las que est\u00e9 \u00edntimamente vinculada.<\/span><\/li>\n<li style=\"text-align: justify;\"><span style=\"color: #000000;\"><strong>Extorsi\u00f3n (Art. 185): <\/strong>persona que con el prop\u00f3sito de obtener provecho personal o para un tercero, obligue a otro, con violencia o intimidaci\u00f3n, a realizar u omitir un acto o negocio jur\u00eddico en perjuicio de su patrimonio o el de un tercero.<\/span><\/li>\n<li style=\"text-align: justify;\"><span style=\"color: #000000;\"><strong>Ataque a la integridad de Sistemas inform\u00e1ticos (Art. 232): <\/strong>persona que destruya, da\u00f1e, borre, deteriore, altere, suspenda, trabe, cause mal funcionamiento, comportamiento no deseado o suprima datos inform\u00e1ticos, mensajes de correo electr\u00f3nico, de sistemas de tratamiento de informaci\u00f3n, telem\u00e1tico o de telecomunicaciones a todo o partes de sus componentes l\u00f3gicos.<\/span><\/li>\n<li style=\"text-align: justify;\"><span style=\"color: #000000;\"><strong>Alteraci\u00f3n de evidencias y elementos de prueba (Art. 292): <\/strong>persona o servidor p\u00fablico que altere o destruya vestigios, evidencias materiales u otros elementos de prueba para la investigaci\u00f3n de una infracci\u00f3n.<\/span><\/li>\n<li style=\"text-align: justify;\"><span style=\"color: #000000;\"><strong>Defraudaci\u00f3n tributaria (Art. 298): <\/strong>persona que en beneficio propio o de terceros, simule, oculte, omita, falsee o enga\u00f1e a la Administraci\u00f3n Tributaria (SRI) para dejar de cumplir con sus obligaciones o para dejar de pagar en todo o en parte los tributos realmente debidos.<\/span><\/li>\n<li style=\"text-align: justify;\"><span style=\"color: #000000;\"><strong>Lavado de activos (Art. 317): <\/strong>persona que de forma directa o indirecta oculta el verdadero origen de dineros o productos provenientes de actividades ilegales realizadas dentro o fuera del pa\u00eds, con el fin de integrarlos a la econom\u00eda y darles una apariencia legal.<\/span><\/li>\n<li style=\"text-align: justify;\"><span style=\"color: #000000;\"><strong>Falsificaci\u00f3n de firmas (Art. 327): <\/strong>persona que altere o falsifique la firma de otra en un instrumento p\u00fablico o privado.<\/span><\/li>\n<li style=\"text-align: justify;\"><span style=\"color: #000000;\"><strong>Falsificaci\u00f3n y uso de documento falso (Art. 328): <\/strong>persona que falsifique, destruya o adultere modificando los efectos o sentido de los documentos p\u00fablicos, privados, timbres o sellos nacionales, que demuestran la debida constancia de actos de relevancia jur\u00eddica.<\/span><\/li>\n<li style=\"text-align: justify;\"><span style=\"color: #000000;\"><strong>Destrucci\u00f3n de registros (Art. 347):<\/strong> persona que destruya de cualquier modo, registros aut\u00e9nticos o instrumentos originales de autoridad p\u00fablica o de procesos judiciales.<\/span><\/li>\n<li style=\"text-align: justify;\"><span style=\"color: #000000;\"><strong>Delincuencia organizada (Art. 369): <\/strong>persona que forme un grupo estructurado de dos o m\u00e1s personas que, de forma permanente o reiterada, planifiquen actividades con el prop\u00f3sito de cometer uno o m\u00e1s delitos, que tengan como objetivo final la obtenci\u00f3n de beneficios econ\u00f3micos u otros de orden material. Los delitos por cometer tienen que estar enmarcados en aquellos sancionados con pena privativa de libertad de m\u00e1s de cinco a\u00f1os, tales como el asesinato, violaci\u00f3n, terrorismo.<\/span><\/li>\n<li style=\"text-align: justify;\"><span style=\"color: #000000;\"><strong>Asociaci\u00f3n il\u00edcita (Art. 370): <\/strong>dos o m\u00e1s personas se asocien con el fin de cometer delitos. Los delitos por cometer tienen que estar enmarcados en aquellos sancionados con pena privativa de libertad de tres a cinco a\u00f1os, tales como la falsificaci\u00f3n de documentos privados.<\/span><\/li>\n<\/ul>\n","protected":false},"excerpt":{"rendered":"<p class=\"excerpt\">Los principales delitos vinculados a la contrataci\u00f3n p\u00fablica est\u00e1n tipificados de acuerdo al C\u00f3digo Org\u00e1nico Integral Penal: Peculado (Art. 278): servidores p\u00fablicos o personas con potestad estatal que en beneficio propio o de terceros, abusen, se apropien, distraigan o dispongan arbitrariamente de bienes muebles o inmuebles, dineros p\u00fablicos o privados, efectos que los representen, piezas, t\u00edtulos o documentos que est\u00e9n&hellip; <a href=\"https:\/\/portal.compraspublicas.gob.ec\/sercop\/tipos-de-delitos-2\/\">Read more &rarr;<\/a><\/p>\n","protected":false},"author":1,"featured_media":0,"parent":0,"menu_order":0,"comment_status":"closed","ping_status":"closed","template":"menu_zona_denuncia.php","meta":[],"_links":{"self":[{"href":"https:\/\/portal.compraspublicas.gob.ec\/sercop\/wp-json\/wp\/v2\/pages\/21855"}],"collection":[{"href":"https:\/\/portal.compraspublicas.gob.ec\/sercop\/wp-json\/wp\/v2\/pages"}],"about":[{"href":"https:\/\/portal.compraspublicas.gob.ec\/sercop\/wp-json\/wp\/v2\/types\/page"}],"author":[{"embeddable":true,"href":"https:\/\/portal.compraspublicas.gob.ec\/sercop\/wp-json\/wp\/v2\/users\/1"}],"replies":[{"embeddable":true,"href":"https:\/\/portal.compraspublicas.gob.ec\/sercop\/wp-json\/wp\/v2\/comments?post=21855"}],"version-history":[{"count":0,"href":"https:\/\/portal.compraspublicas.gob.ec\/sercop\/wp-json\/wp\/v2\/pages\/21855\/revisions"}],"wp:attachment":[{"href":"https:\/\/portal.compraspublicas.gob.ec\/sercop\/wp-json\/wp\/v2\/media?parent=21855"}],"curies":[{"name":"wp","href":"https:\/\/api.w.org\/{rel}","templated":true}]}}