{"id":22112,"date":"2017-04-13T09:29:24","date_gmt":"2017-04-13T14:29:24","guid":{"rendered":"http:\/\/portal.compraspublicas.gob.ec\/sercop\/?page_id=22112"},"modified":"2024-11-07T15:24:51","modified_gmt":"2024-11-07T20:24:51","slug":"videos-apertura-de-ofertas","status":"publish","type":"page","link":"https:\/\/portal.compraspublicas.gob.ec\/sercop\/videos-apertura-de-ofertas\/","title":{"rendered":"COMPRAS P\u00daBLICAS TRANSPARENTES EN EL CAT\u00c1LOGO DIN\u00c1MICO INCLUSIVO"},"content":{"rendered":"<p><img loading=\"lazy\" class=\"alignnone wp-image-51875\" src=\"https:\/\/portal.compraspublicas.gob.ec\/sercop\/wp-content\/uploads\/2023\/03\/bn_compras_transparentes_cdi.png\" alt=\"\" width=\"708\" height=\"179\" srcset=\"https:\/\/portal.compraspublicas.gob.ec\/sercop\/wp-content\/uploads\/2023\/03\/bn_compras_transparentes_cdi.png 751w, https:\/\/portal.compraspublicas.gob.ec\/sercop\/wp-content\/uploads\/2023\/03\/bn_compras_transparentes_cdi-300x76.png 300w\" sizes=\"(max-width: 708px) 100vw, 708px\" \/><\/p>\n<p><iframe loading=\"lazy\" title=\"YouTube video player\" src=\"https:\/\/www.youtube.com\/embed\/9u7NMUVZEmk\" width=\"560\" height=\"315\" frameborder=\"0\" allowfullscreen=\"allowfullscreen\"><\/iframe><\/p>\n<p><iframe loading=\"lazy\" title=\"YouTube video player\" src=\"https:\/\/www.youtube.com\/embed\/6DDWlruw2-U\" width=\"560\" height=\"315\" frameborder=\"0\" allowfullscreen=\"allowfullscreen\"><span style=\"display: inline-block; width: 0px; overflow: hidden; line-height: 0;\" data-mce-type=\"bookmark\" class=\"mce_SELRES_start\">\ufeff<\/span><\/iframe><\/p>\n<p><strong>AUDIENCIA P\u00daBLICA DE PREGUNTAS Y ACLARACIONES \u201cSERVICIOS DE LIMPIEZA 2022 \u2013 2025\u201d<\/strong><\/p>\n<p>&nbsp;<\/p>\n<p>&nbsp;<\/p>\n<p><iframe loading=\"lazy\" title=\"YouTube video player\" src=\"https:\/\/www.youtube.com\/embed\/Dglq0b4qaVU\" width=\"560\" height=\"315\" frameborder=\"0\" allowfullscreen=\"allowfullscreen\"><span style=\"display: inline-block; width: 0px; overflow: hidden; line-height: 0;\" data-mce-type=\"bookmark\" class=\"mce_SELRES_start\">\ufeff<\/span><span style=\"display: inline-block; width: 0px; overflow: hidden; line-height: 0;\" data-mce-type=\"bookmark\" class=\"mce_SELRES_start\">\ufeff<\/span><\/iframe><\/p>\n<p><!--\n\n\n<table style=\"height: 995px;\" border=\"0\" width=\"951\" cellspacing=\"0\" cellpadding=\"0\">\n\n\n<tbody>\n\n\n<tr>\n\n\n<td width=\"640\" height=\"206px\">\n\n\n<div style=\"position: relative; height: 0; padding-bottom: 56.25%;\">\n\n\n<div style=\"position: relative; height: 0; padding-bottom: 56.25%;\"><iframe loading=\"lazy\" style=\"position: absolute; width: 366px; height: 206px; left: 0px;\" src=\"https:\/\/www.youtube.com\/embed\/3z6z2NPxMC0?ecver=2\" width=\"480\" height=\"360\" frameborder=\"0\" allowfullscreen=\"allowfullscreen\"><\/iframe><\/div>\n\n\n<\/div>\n\n<\/td>\n\n\n\n\n<td width=\"640\" height=\"206px\"><strong>Transmisi\u00f3n 28 de abril 2017<\/strong>\n\nActas:\n\n<span style=\"color: #0000ff;\"><a style=\"color: #0000ff;\" href=\"https:\/\/portal.compraspublicas.gob.ec\/sercop\/wp-content\/uploads\/2017\/04\/INFORME_NRO_CDI-UIO-0000171_PINTURApdf.pdf\">- INFORME NRO CDI-UIO-0000171 PINTURA<\/a><\/span>\n\n&nbsp;<\/td>\n\n\n<\/tr>\n\n\n\n\n<tr>\n\n\n<td width=\"640\" height=\"206px\">\n\n\n<div style=\"position: relative; height: 0; padding-bottom: 56.25%;\">\n\n\n<div style=\"position: relative; height: 0; padding-bottom: 56.25%;\"><iframe loading=\"lazy\" style=\"position: absolute; width: 366px; height: 206px; left: 0;\" src=\"https:\/\/www.youtube.com\/embed\/zFfTV0CgabE?ecver=2\" width=\"640\" height=\"360\" frameborder=\"0\" allowfullscreen=\"allowfullscreen\"><\/iframe><\/div>\n\n\n<\/div>\n\n<\/td>\n\n\n\n\n<td width=\"640\" height=\"206px\"><strong>Transmisi\u00f3n 25 de abril 2017<\/strong>\n\nActas:\n\n<span style=\"color: #0000ff;\"><a style=\"color: #0000ff;\" href=\"https:\/\/portal.compraspublicas.gob.ec\/sercop\/wp-content\/uploads\/2017\/04\/INFORME_NRO_CDI-UIO-0000127_TEXTIL.pdf\">- INFORME NRO CDI-UIO-0000127 TEXTIL<\/a><\/span>\n\n<span style=\"color: #0000ff;\"><a style=\"color: #0000ff;\" href=\"https:\/\/portal.compraspublicas.gob.ec\/sercop\/wp-content\/uploads\/2017\/04\/INFORME_NRO_CDI-UIO-0000128_TRANSPORTE.pdf\">- INFORME NRO CDI-UIO-0000128 TRANSPORTE<\/a><\/span><\/td>\n\n\n<\/tr>\n\n\n\n\n<tr>\n\n\n<td width=\"640\" height=\"206px\">\n\n\n<div style=\"position: relative; height: 0; padding-bottom: 56.25%;\">\n\n<iframe loading=\"lazy\" style=\"position: absolute; width: 366px; height: 206px; left: 0px;\" src=\"https:\/\/www.youtube.com\/embed\/Fg6i_9wsWlw?ecver=2\" width=\"640\" height=\"360\" frameborder=\"0\" allowfullscreen=\"allowfullscreen\"><\/iframe>\n\n\n<div style=\"position: relative; height: 0; padding-bottom: 56.25%;\"><iframe loading=\"lazy\" style=\"position: absolute; width: 366px; height: 206px; left: 0px;\" src=\"https:\/\/www.youtube.com\/embed\/jhAKApKBI0w?ecver=2\" width=\"640\" height=\"360\" frameborder=\"0\" allowfullscreen=\"allowfullscreen\"><\/iframe><\/div>\n\n\n<\/div>\n\n<\/td>\n\n\n\n\n<td width=\"640\" height=\"206px\"><strong>Transmisi\u00f3n 20 de abril 2017<\/strong>\n\nActas:\n\n&nbsp;\n\n<span style=\"color: #0000ff;\"><a style=\"color: #0000ff;\" href=\"https:\/\/portal.compraspublicas.gob.ec\/sercop\/wp-content\/uploads\/2017\/04\/INFORME_NRO_CDI-UIO-00000120_SERVICIOS_DE_PINTURA.pdf\">-INFORME NRO CDI-UIO-00000120 SERVICIOS DE PINTURA<\/a><\/span>\n\n<span style=\"color: #0000ff;\"><a style=\"color: #0000ff;\" href=\"https:\/\/portal.compraspublicas.gob.ec\/sercop\/wp-content\/uploads\/2017\/04\/INFORME_NRO_CDI-UIO-00000121_SERVICIOS_DE_ALIMENTOS.pdf\">-INFORME NRO CDI-UIO-00000121\u00a0 SERVICIOS DE ALIMENTOS<\/a><\/span>\n\n<span style=\"color: #0000ff;\"><a style=\"color: #0000ff;\" href=\"https:\/\/portal.compraspublicas.gob.ec\/sercop\/wp-content\/uploads\/2017\/04\/INFORME_NRO_CDI-UIO-00000121SERVICIOS_DE_MANTENIMIENTO.pdf\">- INFORME NRO CDI-UIO-00000122 SERVICIOS DE MANTENIMIENTO<\/a><\/span>\n\n<span style=\"color: #0000ff;\"><a style=\"color: #0000ff;\" href=\"https:\/\/portal.compraspublicas.gob.ec\/sercop\/wp-content\/uploads\/2017\/04\/INFORME_NRO_CDI-UIO-00000123_SERVICIOS_DE_LIMPIEZA.pdf\">-INFORME NRO CDI-UIO-00000123\u00a0 SERVICIOS DE LIMPIEZA<\/a><\/span><\/td>\n\n\n<\/tr>\n\n\n\n\n<tr>\n\n\n<td width=\"640\" height=\"206px\">\n\n\n<div style=\"position: relative; height: 0; padding-bottom: 56.25%;\"><iframe loading=\"lazy\" style=\"position: absolute; width: 366px; height: 206px; left: 0px;\" src=\"https:\/\/www.youtube.com\/embed\/Fg6i_9wsWlw?ecver=2\" width=\"640\" height=\"360\" frameborder=\"0\" allowfullscreen=\"allowfullscreen\"><\/iframe><\/div>\n\n<\/td>\n\n\n\n\n<td width=\"640\" height=\"206px\"><strong>Transmisi\u00f3n 18\u00a0 de abril 2017<\/strong>\n\nActas:\n\n&nbsp;\n\n<span style=\"color: #0000ff;\"><a style=\"color: #0000ff;\" href=\"https:\/\/portal.compraspublicas.gob.ec\/sercop\/wp-content\/uploads\/2017\/04\/INFORME_CDI-UIO-000118_MEDICION_Y_CONTROL.pdf\">-INFORME CDI UIO-000118 MEDICION Y CONTROL<\/a><\/span>\n\n<span style=\"color: #0000ff;\"><a style=\"color: #0000ff;\" href=\"https:\/\/portal.compraspublicas.gob.ec\/sercop\/wp-content\/uploads\/2017\/04\/INFORME_CDI-UIO-000119_LIMPIEZA.pdf\">-INFORME CDI-UIO-000119 LIMPIEZA<\/a><\/span><\/td>\n\n\n<\/tr>\n\n\n\n\n<tr>\n\n\n<td height=\"206px\">\n\n\n<div style=\"position: relative; height: 0; padding-bottom: 56.25%;\"><iframe loading=\"lazy\" style=\"position: absolute; width: 366px; height: 206px; left: 0px;\" src=\"https:\/\/www.youtube.com\/embed\/QSgdLkfC7vY?ecver=2\" width=\"640\" height=\"360\" frameborder=\"0\" allowfullscreen=\"allowfullscreen\"><\/iframe><\/div>\n\n<\/td>\n\n\n\n\n<td height=\"206px\"><strong>Transmisi\u00f3n 13\u00a0 de abril 2017<\/strong>\n\nActas:\n\n&nbsp;\n\n<strong class=\"watch-time-text\">\u00a0<\/strong><span style=\"color: #0000ff;\"><a style=\"color: #0000ff;\" href=\"https:\/\/portal.compraspublicas.gob.ec\/sercop\/wp-content\/uploads\/2017\/04\/INFORME-CDI-UIO-000116-PREPARACION-DE-ALIMENTOS.pdf\">-INFORME CDI-UIO-000116 PREPARACION DE ALIMENTOS<\/a><\/span>\n\n&nbsp;\n\n<span style=\"color: #0000ff;\"><a style=\"color: #0000ff;\" href=\"https:\/\/portal.compraspublicas.gob.ec\/sercop\/wp-content\/uploads\/2017\/04\/INFORME-CDI-UIO-000115-SERVICIO-DE-MANTENIMIENTO.pdf\">-INFORME CDI-UIO-000115 SERVICIO DE MANTENIMIENTO<\/a><\/span><\/td>\n\n\n<\/tr>\n\n\n\n\n<tr>\n\n\n<td height=\"206px\">\n\n\n<div style=\"position: relative; height: 0; padding-bottom: 56.25%;\"><iframe loading=\"lazy\" style=\"position: absolute; width: 366px; height: 206px; left: 0px;\" src=\"https:\/\/www.youtube.com\/embed\/x25gMOmCq_4?ecver=2\" width=\"640\" height=\"360\" frameborder=\"0\" allowfullscreen=\"allowfullscreen\"><\/iframe><\/div>\n\n<\/td>\n\n\n\n\n<td height=\"206px\"><strong>Transmisi\u00f3n 11\u00a0 de abril 2017<\/strong>\n\nActas:\n\n&nbsp;\n\n<span style=\"color: #0000ff;\"><a style=\"color: #0000ff;\" href=\"https:\/\/portal.compraspublicas.gob.ec\/sercop\/wp-content\/uploads\/2017\/04\/INFORME-CDI-UIO-000113-MANTENIMINETO.pdf\">-INFORME CDI-UIO-000113 MANTENIMINETO<\/a><\/span><span style=\"color: #0000ff;\"><a style=\"color: #0000ff;\" href=\"https:\/\/portal.compraspublicas.gob.ec\/sercop\/wp-content\/uploads\/2017\/04\/INFORME-CDI-UIO-000112-LIMPIEZA.pdf\">-INFORME CDI-UIO-000112 LIMPIEZA<\/a><\/span><\/td>\n\n\n<\/tr>\n\n\n\n\n<tr>\n\n\n<td height=\"206px\">\n\n\n<div style=\"position: relative; height: 0; padding-bottom: 56.25%;\"><iframe loading=\"lazy\" style=\"position: absolute; width: 366px; height: 206px; left: 0px;\" src=\"https:\/\/www.youtube.com\/embed\/un6Okec1BfA?ecver=2\" width=\"640\" height=\"360\" frameborder=\"0\" allowfullscreen=\"allowfullscreen\"><\/iframe><\/div>\n\n<\/td>\n\n\n\n\n<td height=\"206px\">\u00a0<strong class=\"watch-time-text\"><strong>Transmisi\u00f3n<\/strong>\u00a0 6 abr. 2017<\/strong>Actas:<\/td>\n\n\n<\/tr>\n\n\n<\/tbody>\n\n\n<\/table>\n\n\n--><\/p>\n","protected":false},"excerpt":{"rendered":"<p class=\"excerpt\">\ufeff AUDIENCIA P\u00daBLICA DE PREGUNTAS Y ACLARACIONES \u201cSERVICIOS DE LIMPIEZA 2022 \u2013 2025\u201d &nbsp; &nbsp; \ufeff\ufeff <a href=\"https:\/\/portal.compraspublicas.gob.ec\/sercop\/videos-apertura-de-ofertas\/\">Read more &rarr;<\/a><\/p>\n","protected":false},"author":1,"featured_media":0,"parent":0,"menu_order":0,"comment_status":"closed","ping_status":"closed","template":"menugenerico.php","meta":[],"_links":{"self":[{"href":"https:\/\/portal.compraspublicas.gob.ec\/sercop\/wp-json\/wp\/v2\/pages\/22112"}],"collection":[{"href":"https:\/\/portal.compraspublicas.gob.ec\/sercop\/wp-json\/wp\/v2\/pages"}],"about":[{"href":"https:\/\/portal.compraspublicas.gob.ec\/sercop\/wp-json\/wp\/v2\/types\/page"}],"author":[{"embeddable":true,"href":"https:\/\/portal.compraspublicas.gob.ec\/sercop\/wp-json\/wp\/v2\/users\/1"}],"replies":[{"embeddable":true,"href":"https:\/\/portal.compraspublicas.gob.ec\/sercop\/wp-json\/wp\/v2\/comments?post=22112"}],"version-history":[{"count":12,"href":"https:\/\/portal.compraspublicas.gob.ec\/sercop\/wp-json\/wp\/v2\/pages\/22112\/revisions"}],"predecessor-version":[{"id":59971,"href":"https:\/\/portal.compraspublicas.gob.ec\/sercop\/wp-json\/wp\/v2\/pages\/22112\/revisions\/59971"}],"wp:attachment":[{"href":"https:\/\/portal.compraspublicas.gob.ec\/sercop\/wp-json\/wp\/v2\/media?parent=22112"}],"curies":[{"name":"wp","href":"https:\/\/api.w.org\/{rel}","templated":true}]}}