{"id":24090,"date":"2017-04-26T16:56:51","date_gmt":"2017-04-26T21:56:51","guid":{"rendered":"http:\/\/portal.compraspublicas.gob.ec\/sercop\/?page_id=24090"},"modified":"2017-05-12T17:09:46","modified_gmt":"2017-05-12T22:09:46","slug":"camaras-de-la-eps-como-certificadoras-de-competencias","status":"publish","type":"page","link":"https:\/\/portal.compraspublicas.gob.ec\/sercop\/camaras-de-la-eps-como-certificadoras-de-competencias\/","title":{"rendered":"C\u00e1maras de la EPS como Certificadoras de Competencias"},"content":{"rendered":"<p style=\"text-align: justify;\"><a href=\"http:\/\/portal.compraspublicas.gob.ec\/sercop\/wp-content\/uploads\/2017\/04\/certificacion_pompetencias.jpg\"><img loading=\"lazy\" class=\"aligncenter size-full wp-image-25604\" src=\"http:\/\/portal.compraspublicas.gob.ec\/sercop\/wp-content\/uploads\/2017\/04\/certificacion_pompetencias.jpg\" alt=\"certificacion_pompetencias\" width=\"630\" height=\"225\" srcset=\"https:\/\/portal.compraspublicas.gob.ec\/sercop\/wp-content\/uploads\/2017\/04\/certificacion_pompetencias.jpg 630w, https:\/\/portal.compraspublicas.gob.ec\/sercop\/wp-content\/uploads\/2017\/04\/certificacion_pompetencias-300x107.jpg 300w\" sizes=\"(max-width: 630px) 100vw, 630px\" \/><\/a><\/p>\n<p style=\"text-align: justify;\">Con el apoyo del Servicio Nacional de Contrataci\u00f3n P\u00fablica (SERCOP) y la Secretar\u00eda T\u00e9cnica del Sistema Nacional de Cualificaciones y Capacitaci\u00f3n Profesional (SETEC) las C\u00e1maras de la Econom\u00eda Popular y Solidaria (EPS) de todo el pa\u00eds se convertir\u00e1n en Certificadoras de las competencias con las que cuentan sus asociados para la prestaci\u00f3n de sus servicios y la producci\u00f3n de sus bienes.<\/p>\n<p style=\"text-align: justify;\"><strong>Proceso de certificaci\u00f3n de competencias<\/strong><\/p>\n<p style=\"text-align: justify;\">La certificaci\u00f3n de competencias laborales es el resultado de un proceso de evaluaci\u00f3n integral en el que las personas demuestran su dominio cognitivo, pr\u00e1ctico, e incluso afectivo, sobre el trabajo que realizan, en cada una de sus \u00e1reas.<\/p>\n<p style=\"text-align: justify;\">Las C\u00e1maras de las EPS, como nexo m\u00e1s cercano a las asociaciones, estar\u00e1n facultadas para identificar a las personas que mejor desempe\u00f1o demuestren en sus ocupaciones, independientemente de c\u00f3mo, cu\u00e1ndo y d\u00f3nde adquirieron sus destrezas.<\/p>\n<p style=\"text-align: justify;\">Se convertir\u00e1n, adem\u00e1s, en el lugar propicio en el que las asociaciones y los emprendedores podr\u00e1n encontrar apoyos propicios para su capacitaci\u00f3n, mejor y fortalecimiento, tomando como principio que la certificaci\u00f3n de competencias laborales se convierte en una ventaja.<\/p>\n<p style=\"text-align: justify;\"><strong>Beneficios para las C\u00e1maras de la EPS de constituirse en verificaras de competencias<\/strong><\/p>\n<p style=\"text-align: justify;\">Mayor vinculaci\u00f3n con las asociaciones de EPS en sus localidades<\/p>\n<p style=\"text-align: justify;\">Potencias las capacidades de los emprendedores<\/p>\n<p style=\"text-align: justify;\">Aportar en la formaci\u00f3n y fortalecimiento de los emprendedores de EPS<\/p>\n<p style=\"text-align: justify;\"><strong>Beneficios de la certificaci\u00f3n de competencias para las EPS<\/strong><\/p>\n<p style=\"text-align: justify;\">Entidades contratantes que adquieren bienes y servicios prestados por personal cualificado<\/p>\n<p style=\"text-align: justify;\">Asociaciones de EPS con m\u00e1s oportunidades de contratar con el Estado<\/p>\n<p style=\"text-align: justify;\">Existencia cada vez mayor de proveedores del Estado cualificados para el desempe\u00f1o de sus tareas.<\/p>\n<p style=\"text-align: justify;\"><span style=\"color: #0000ff;\"><a style=\"color: #0000ff;\" href=\"http:\/\/www.cualificaciones.gob.ec\/reconocimiento-de-organismos-evaluadores-de-la-conformidad-oec\/\">M\u00e1s informaci\u00f3n&#8230;<\/a><\/span><\/p>\n<p><iframe loading=\"lazy\" src=\"https:\/\/www.youtube.com\/embed\/U56WAsExGd4\" width=\"560\" height=\"315\" frameborder=\"0\" allowfullscreen=\"allowfullscreen\"><\/iframe><\/p>\n","protected":false},"excerpt":{"rendered":"<p class=\"excerpt\">Con el apoyo del Servicio Nacional de Contrataci\u00f3n P\u00fablica (SERCOP) y la Secretar\u00eda T\u00e9cnica del Sistema Nacional de Cualificaciones y Capacitaci\u00f3n Profesional (SETEC) las C\u00e1maras de la Econom\u00eda Popular y Solidaria (EPS) de todo el pa\u00eds se convertir\u00e1n en Certificadoras de las competencias con las que cuentan sus asociados para la prestaci\u00f3n de sus servicios y la producci\u00f3n de sus&hellip; <a href=\"https:\/\/portal.compraspublicas.gob.ec\/sercop\/camaras-de-la-eps-como-certificadoras-de-competencias\/\">Read more &rarr;<\/a><\/p>\n","protected":false},"author":1,"featured_media":0,"parent":0,"menu_order":0,"comment_status":"closed","ping_status":"closed","template":"menu_eps.php","meta":[],"_links":{"self":[{"href":"https:\/\/portal.compraspublicas.gob.ec\/sercop\/wp-json\/wp\/v2\/pages\/24090"}],"collection":[{"href":"https:\/\/portal.compraspublicas.gob.ec\/sercop\/wp-json\/wp\/v2\/pages"}],"about":[{"href":"https:\/\/portal.compraspublicas.gob.ec\/sercop\/wp-json\/wp\/v2\/types\/page"}],"author":[{"embeddable":true,"href":"https:\/\/portal.compraspublicas.gob.ec\/sercop\/wp-json\/wp\/v2\/users\/1"}],"replies":[{"embeddable":true,"href":"https:\/\/portal.compraspublicas.gob.ec\/sercop\/wp-json\/wp\/v2\/comments?post=24090"}],"version-history":[{"count":0,"href":"https:\/\/portal.compraspublicas.gob.ec\/sercop\/wp-json\/wp\/v2\/pages\/24090\/revisions"}],"wp:attachment":[{"href":"https:\/\/portal.compraspublicas.gob.ec\/sercop\/wp-json\/wp\/v2\/media?parent=24090"}],"curies":[{"name":"wp","href":"https:\/\/api.w.org\/{rel}","templated":true}]}}